{"id":48386,"date":"2024-03-29T11:33:07","date_gmt":"2024-03-29T09:33:07","guid":{"rendered":"https:\/\/ownpowr.com\/?post_type=product&#038;p=48386"},"modified":"2025-01-31T10:47:14","modified_gmt":"2025-01-31T08:47:14","slug":"blauhoff-home-6k-11-4-kwh-3-fase-systeem-slim-line-ip65","status":"publish","type":"product","link":"https:\/\/ownpowr.com\/fr\/product\/blauhoff-home-6k-11-4-kwh-3-fase-systeem-slim-line-ip65\/","title":{"rendered":"Blauhoff Home 6K\/11,4 kWh Syst\u00e8me triphas\u00e9 Slim Line IP65"},"content":{"rendered":"<p>Blauhoff Home 6K\/11.4kWh Syst\u00e8me triphas\u00e9 Slim Line IP65 17 cm mince Outdoor\/Indoor !<\/p>\n<p>Le syst\u00e8me triphas\u00e9 super fin Blauhoff Home 6K\/11kWh, de la marque renomm\u00e9e Blauhoff, offre une solution fiable et efficace pour le stockage de l'\u00e9nergie dans les foyers \u00e0 consommation moyenne. Gr\u00e2ce \u00e0 ce puissant syst\u00e8me, vous pouvez optimiser l'efficacit\u00e9 \u00e9nerg\u00e9tique de votre maison, r\u00e9duire votre d\u00e9pendance au r\u00e9seau et b\u00e9n\u00e9ficier d'une alimentation de secours en cas de coupure de courant. De plus, ce syst\u00e8me est livr\u00e9 avec un assemblage gratuit, garantissant une installation sans souci.<\/p>\n<p>L'onduleur a une longueur de 780 mm et un poids de 33,6 kg. Un c\u00e2ble suppl\u00e9mentaire de 300 mm entre l'onduleur et la batterie vous permet de d\u00e9terminer l'emplacement optimal de votre syst\u00e8me, en garantissant un transfert d'\u00e9nergie efficace et des pertes d'\u00e9nergie minimales.<\/p>\n<p>Le syst\u00e8me de batterie Blauhoff est durable et ultra compact et plat, avec des dimensions de 670 mm x 900 mm x 170 mm et un poids de 90 kg. La batterie a une capacit\u00e9 de 11 kWh, ce qui vous permet de stocker l'\u00e9nergie exc\u00e9dentaire g\u00e9n\u00e9r\u00e9e par vos panneaux solaires ou d'autres sources d'\u00e9nergie. Lorsqu'il n'y a pas de production d'\u00e9nergie, vous pouvez utiliser l'\u00e9nergie stock\u00e9e pour couvrir votre consommation d'\u00e9nergie, r\u00e9duisant ainsi votre d\u00e9pendance vis-\u00e0-vis du r\u00e9seau et vos co\u00fbts \u00e9nerg\u00e9tiques. Tout cela se fait automatiquement dans le cadre d'un contrat d'\u00e9nergie dynamique, comme c'est le cas actuellement. Vous pouvez alors profiter de l'\u00e9lectricit\u00e9 bon march\u00e9 la nuit en hiver et l'utiliser toute la journ\u00e9e et, en \u00e9t\u00e9, utiliser la recharge gratuite l'apr\u00e8s-midi et l'utiliser le soir et recharger la voiture avec le matin ou la nuit.<\/p>\n<p>Le syst\u00e8me triphas\u00e9 Home 6K\/11kWh est recommand\u00e9 pour les m\u00e9nages ayant une consommation annuelle moyenne d'environ 3000 kWh. Avec une puissance de 6 kW, vous pouvez couvrir une grande partie de vos besoins en \u00e9nergie gr\u00e2ce \u00e0 l'\u00e9nergie solaire produite et \u00e0 l'\u00e9nergie stock\u00e9e dans la batterie. En outre, ce syst\u00e8me fournit une alimentation de secours afin que les appareils importants continuent de fonctionner pendant les coupures de courant et que vos activit\u00e9s quotidiennes se poursuivent sans interruption.<\/p>\n<p>Le Blauhoff Home 6K\/11kWh 3 Phase System Slim Line a \u00e9t\u00e9 con\u00e7u dans un souci de flexibilit\u00e9. Il est dot\u00e9 d'un port pour g\u00e9n\u00e9rateur\/\u00e9olienne, ce qui vous permet d'ajouter des sources d'\u00e9nergie suppl\u00e9mentaires et d'accro\u00eetre votre ind\u00e9pendance \u00e9nerg\u00e9tique. Avec une connexion minimale de 3x25A et adapt\u00e9 aux configurations triphas\u00e9es, ce syst\u00e8me est compatible avec la plupart des r\u00e9seaux \u00e9lectriques domestiques.<\/p>\n<p>Avec l'assemblage gratuit, vous pouvez compter sur une installation professionnelle, garantissant que votre syst\u00e8me fonctionne de mani\u00e8re optimale d\u00e8s le premier instant et que vous pouvez profiter d'une exp\u00e9rience sans souci.<\/p>\n<p>Passez \u00e0 une alimentation en \u00e9nergie plus efficace et durable avec le syst\u00e8me triphas\u00e9 Blauhoff Home 6K\/11kWh. Avec un stockage d'\u00e9nergie puissant, une alimentation de secours et une flexibilit\u00e9 des sources d'\u00e9nergie, vous pouvez compter sur une alimentation \u00e9lectrique fiable, r\u00e9aliser des \u00e9conomies et r\u00e9duire votre empreinte carbone. Choisissez le syst\u00e8me Blauhoff et pr\u00e9parez votre maison aux besoins \u00e9nerg\u00e9tiques du futur.<\/p>\n<p>&nbsp;<\/p>\n<p><a href=\"https:\/\/blauhoff.nl\/wp-content\/uploads\/2024\/02\/Datasheet-Blauhoff-RESS-HV-Slim-Line.pdf\" target=\"_blank\" rel=\"noopener\">Fiche technique Blauhoff RESS HV Slim Line<\/a><\/p>\n<p>&nbsp;<\/p>\n<p>&nbsp;<\/p>","protected":false},"excerpt":{"rendered":"<p>Blauhoff Home 6K\/11.4kWh Syst\u00e8me triphas\u00e9 Slim Line IP65 17 cm d'\u00e9paisseur Outdoor\/Indoor ! Le syst\u00e8me triphas\u00e9 super fin Blauhoff Home 6K\/11kWh, de la marque renomm\u00e9e Blauhoff, offre une [...]<\/p>","protected":false},"featured_media":48389,"template":"","meta":{"_seopress_robots_primary_cat":"none","_seopress_titles_title":"Blauhoff Home 6K\/11kWh 3 Phase Slim line","_seopress_titles_desc":"Ease your energy concerns with Blauhoff Home 6K\/11.4kWh 3 Phase System. Amplify your home efficiency, cut costs and boost reliability. Enjoy free assembly for effortless installation.","_seopress_robots_index":"","_kad_blocks_custom_css":"","_kad_blocks_head_custom_js":"","_kad_blocks_body_custom_js":"","_kad_blocks_footer_custom_js":""},"product_cat":[17,19],"product_tag":[],"class_list":{"0":"post-48386","1":"product","2":"type-product","3":"status-publish","4":"has-post-thumbnail","6":"product_cat-home-batteries","7":"product_cat-sets-with-inverters","9":"first","10":"instock","11":"taxable","12":"shipping-taxable","13":"purchasable","14":"product-type-simple"},"taxonomy_info":{"product_cat":[{"value":17,"label":"Home batteries"},{"value":19,"label":"Sets with inverters"}]},"featured_image_src_large":["https:\/\/ownpowr.com\/wp-content\/uploads\/2024\/03\/3-phase-6k-battery-11kwh-480x480-1.png",480,480,false],"author_info":[],"comment_info":"","_links":{"self":[{"href":"https:\/\/ownpowr.com\/fr\/wp-json\/wp\/v2\/product\/48386","targetHints":{"allow":["GET"]}}],"collection":[{"href":"https:\/\/ownpowr.com\/fr\/wp-json\/wp\/v2\/product"}],"about":[{"href":"https:\/\/ownpowr.com\/fr\/wp-json\/wp\/v2\/types\/product"}],"wp:featuredmedia":[{"embeddable":true,"href":"https:\/\/ownpowr.com\/fr\/wp-json\/wp\/v2\/media\/48389"}],"wp:attachment":[{"href":"https:\/\/ownpowr.com\/fr\/wp-json\/wp\/v2\/media?parent=48386"}],"wp:term":[{"taxonomy":"product_cat","embeddable":true,"href":"https:\/\/ownpowr.com\/fr\/wp-json\/wp\/v2\/product_cat?post=48386"},{"taxonomy":"product_tag","embeddable":true,"href":"https:\/\/ownpowr.com\/fr\/wp-json\/wp\/v2\/product_tag?post=48386"}],"curies":[{"name":"wp","href":"https:\/\/api.w.org\/{rel}","templated":true}]}}