{"id":48409,"date":"2024-03-29T14:22:38","date_gmt":"2024-03-29T12:22:38","guid":{"rendered":"https:\/\/ownpowr.com\/?post_type=product&#038;p=48409"},"modified":"2025-01-31T10:27:09","modified_gmt":"2025-01-31T08:27:09","slug":"blauhoff-home-12k-15-2-kwh-3-fase-systeem-slim-line-ip65","status":"publish","type":"product","link":"https:\/\/ownpowr.com\/fr\/product\/blauhoff-home-12k-15-2-kwh-3-fase-systeem-slim-line-ip65\/","title":{"rendered":"Blauhoff Home 12K\/15,2 kWh Syst\u00e8me triphas\u00e9 Slim Line IP65"},"content":{"rendered":"<p>Blauhoff Home 12K\/15.2kWh 3 Phase System Slim Line IP65 17 cm thin Outdoor\/Indoor !<br \/>\nLe syst\u00e8me triphas\u00e9 super fin Blauhoff Home 12K\/15kWh, de la marque renomm\u00e9e Blauhoff, offre une solution fiable et efficace pour le stockage de l'\u00e9nergie dans les foyers de consommation moyenne.Avec ce syst\u00e8me puissant, vous pouvez optimiser l'efficacit\u00e9 \u00e9nerg\u00e9tique de votre maison, r\u00e9duire votre d\u00e9pendance au r\u00e9seau et b\u00e9n\u00e9ficier d'une alimentation de secours en cas de panne de courant.De plus, ce syst\u00e8me est livr\u00e9 avec un assemblage gratuit, assurant une installation sans tracas. Communiquez avec l'\u00e9nergie dynamique selon vos besoins, sans abonnement et toujours avec le libre choix du fournisseur d'\u00e9nergie !<\/p>\n<p>L'onduleur a une longueur de 780 mm et un poids de 33,6 kg. Un c\u00e2ble suppl\u00e9mentaire de 300 mm entre l'onduleur et la batterie vous permet de d\u00e9terminer l'emplacement optimal de votre syst\u00e8me, en garantissant un transfert d'\u00e9nergie efficace et des pertes d'\u00e9nergie minimales.<\/p>\n<p>Le syst\u00e8me de batterie Blauhoff est durable et ultra compact et plat, avec des dimensions de 670 mm x 900 mm x 170 mm et un poids de 90 kg.La batterie a une capacit\u00e9 de 15,2 kWh, ce qui vous permet de stocker l'\u00e9nergie exc\u00e9dentaire g\u00e9n\u00e9r\u00e9e par vos panneaux solaires ou d'autres sources d'\u00e9nergie.Pendant les p\u00e9riodes o\u00f9 il n'y a pas de production d'\u00e9nergie, vous pouvez utiliser l'\u00e9nergie stock\u00e9e pour couvrir votre consommation d'\u00e9nergie, ce qui r\u00e9duit votre d\u00e9pendance \u00e0 l'\u00e9gard du r\u00e9seau et r\u00e9duit encore vos co\u00fbts \u00e9nerg\u00e9tiques.Tout cela se fait automatiquement en conjonction avec un contrat d'\u00e9nergie dynamique tel qu'il existe actuellement. Vous pouvez alors profiter de l'\u00e9lectricit\u00e9 bon march\u00e9 la nuit en hiver et l'utiliser toute la journ\u00e9e et, en \u00e9t\u00e9, utiliser la recharge gratuite l'apr\u00e8s-midi et l'utiliser le soir et recharger la voiture avec le matin ou la nuit.<\/p>\n<p>Le syst\u00e8me triphas\u00e9 Home 12K\/15kWh est recommand\u00e9 pour les m\u00e9nages ayant une consommation annuelle moyenne d'environ 5500 kWh. Avec une puissance de 12 kW, vous pouvez couvrir une grande partie de vos besoins en \u00e9nergie gr\u00e2ce \u00e0 l'\u00e9nergie solaire g\u00e9n\u00e9r\u00e9e et \u00e0 l'\u00e9nergie stock\u00e9e dans la batterie. En outre, ce syst\u00e8me fournit une alimentation de secours, de sorte que les appareils importants continuent de fonctionner pendant les coupures de courant et que vos activit\u00e9s quotidiennes se poursuivent sans interruption.<\/p>\n<p>Le Blauhoff Home 12K\/15kWh 3 Phase System Slim Line a \u00e9t\u00e9 con\u00e7u dans un souci de flexibilit\u00e9. Il est dot\u00e9 d'un port pour g\u00e9n\u00e9rateur\/\u00e9olienne, ce qui vous permet d'ajouter des sources d'\u00e9nergie suppl\u00e9mentaires et d'accro\u00eetre encore votre ind\u00e9pendance \u00e9nerg\u00e9tique. Avec une connexion minimale de 3x25A et adapt\u00e9 aux configurations triphas\u00e9es, ce syst\u00e8me est compatible avec la plupart des r\u00e9seaux \u00e9lectriques domestiques.<br \/>\nAvec l'assemblage gratuit, vous pouvez compter sur une installation professionnelle, garantissant que votre syst\u00e8me fonctionne de mani\u00e8re optimale d\u00e8s le premier instant et que vous pouvez profiter d'une exp\u00e9rience sans souci.<\/p>\n<p>Gr\u00e2ce \u00e0 un puissant stockage d'\u00e9nergie, \u00e0 une alimentation de secours et \u00e0 la flexibilit\u00e9 des sources d'\u00e9nergie, vous pouvez compter sur une alimentation \u00e9lectrique fiable, r\u00e9aliser des \u00e9conomies et r\u00e9duire votre empreinte carbone.<br \/>\nChoisissez Blauhoff et pr\u00e9parez votre maison aux besoins \u00e9nerg\u00e9tiques de demain.<\/p>\n<p><a href=\"https:\/\/blauhoff.nl\/wp-content\/uploads\/2024\/02\/Datasheet-Blauhoff-RESS-HV-Slim-Line.pdf\" target=\"_blank\" rel=\"noopener\">Fiche technique Blauhoff RESS HV Slim Line<\/a><\/p>\n<p>&nbsp;<\/p>","protected":false},"excerpt":{"rendered":"<p>Blauhoff Home 12K\/15.2kWh Syst\u00e8me triphas\u00e9 Slim Line IP65 17 cm d'\u00e9paisseur Outdoor\/Indoor ! Le syst\u00e8me triphas\u00e9 super fin Blauhoff Home 12K\/15kWh, de la marque renomm\u00e9e Blauhoff, offre une [...]<\/p>","protected":false},"featured_media":48412,"template":"","meta":{"_seopress_robots_primary_cat":"none","_seopress_titles_title":"Maximize Energy Efficiency with Blauhoff Slim Line Home System","_seopress_titles_desc":"Increase your home energy efficiency with Blauhoff slim line 12K\/15kWh system. Offers reliable energy storage, emergency power, and simple installation for medium consumption households.","_seopress_robots_index":"","_kad_blocks_custom_css":"","_kad_blocks_head_custom_js":"","_kad_blocks_body_custom_js":"","_kad_blocks_footer_custom_js":""},"product_cat":[17,19],"product_tag":[],"class_list":{"0":"post-48409","1":"product","2":"type-product","3":"status-publish","4":"has-post-thumbnail","6":"product_cat-home-batteries","7":"product_cat-sets-with-inverters","9":"first","10":"instock","11":"taxable","12":"shipping-taxable","13":"purchasable","14":"product-type-simple"},"taxonomy_info":{"product_cat":[{"value":17,"label":"Home batteries"},{"value":19,"label":"Sets with inverters"}]},"featured_image_src_large":["https:\/\/ownpowr.com\/wp-content\/uploads\/2024\/03\/3-phase-12k-battery-15.2kwh-1-480x480-1.png",480,480,false],"author_info":[],"comment_info":"","_links":{"self":[{"href":"https:\/\/ownpowr.com\/fr\/wp-json\/wp\/v2\/product\/48409","targetHints":{"allow":["GET"]}}],"collection":[{"href":"https:\/\/ownpowr.com\/fr\/wp-json\/wp\/v2\/product"}],"about":[{"href":"https:\/\/ownpowr.com\/fr\/wp-json\/wp\/v2\/types\/product"}],"wp:featuredmedia":[{"embeddable":true,"href":"https:\/\/ownpowr.com\/fr\/wp-json\/wp\/v2\/media\/48412"}],"wp:attachment":[{"href":"https:\/\/ownpowr.com\/fr\/wp-json\/wp\/v2\/media?parent=48409"}],"wp:term":[{"taxonomy":"product_cat","embeddable":true,"href":"https:\/\/ownpowr.com\/fr\/wp-json\/wp\/v2\/product_cat?post=48409"},{"taxonomy":"product_tag","embeddable":true,"href":"https:\/\/ownpowr.com\/fr\/wp-json\/wp\/v2\/product_tag?post=48409"}],"curies":[{"name":"wp","href":"https:\/\/api.w.org\/{rel}","templated":true}]}}