{"id":49941,"date":"2024-04-05T08:59:30","date_gmt":"2024-04-05T06:59:30","guid":{"rendered":"https:\/\/ownpowr.com\/?post_type=product&#038;p=49941"},"modified":"2025-03-28T13:11:33","modified_gmt":"2025-03-28T11:11:33","slug":"blauhoff-megapack-container-ess-3-85mwh","status":"publish","type":"product","link":"https:\/\/ownpowr.com\/fr\/product\/blauhoff-megapack-container-ess-3-85mwh\/","title":{"rendered":"Blauhoff MegaPack Container ESS 3,85MWh"},"content":{"rendered":"<p>Blauhoff Megapack Container ESS 3.85 est un syst\u00e8me de batterie cl\u00e9 en main dans un conteneur (prix hors TVA et sans montage).<\/p>\n<p><strong>Co\u00fbt inf\u00e9rieur<\/strong><\/p>\n<p>Facile \u00e0 installer et \u00e0 entretenir<\/p>\n<p>Cellules plus grandes, beaucoup de kWh, donc 50% plus r\u00e9sistantes que les solutions ordinaires et plus compactes<\/p>\n<p><strong>Am\u00e9lioration de l'efficacit\u00e9<\/strong><\/p>\n<p>Sur la base d'une plate-forme de 1500 V, le c\u00f4t\u00e9 CC a un rendement de 93%.<\/p>\n<p>Le conteneur anti-corrosion standard C4H a une dur\u00e9e de vie d'au moins 15 ans.<\/p>\n<p><strong>S\u00fbr<\/strong><\/p>\n<p>L'\u00e9quilibrage multiple garantit la s\u00e9curit\u00e9 et la long\u00e9vit\u00e9 de la batterie.<\/p>\n<p>Les syst\u00e8mes int\u00e9gr\u00e9s d'extinction au gaz et \u00e0 l'eau garantissent la s\u00e9curit\u00e9 dans des conditions extr\u00eames<\/p>\n<p><strong>Intelligent<\/strong><\/p>\n<p>Icloud AI surveillance en temps r\u00e9el<\/p>\n<p><strong>Agr\u00e9ments<\/strong><\/p>\n<p>CE-LVD:EN IEC62477-1, CE-EMC:EN IEC61000-6-2 , EN IEC 61000-6-4, UKCA : EN IEC 62477-1<\/p>\n<p>IEC62619-2022 (s\u00e9curit\u00e9 fonctionnelle IEC UL 60730-1 Annexe H, y compris la cellule)<\/p>\n<p>IEC 63056:2020<\/p>\n<p>NFPA855, Fcc-ID, UL1973:2022, UL9540A Unit\u00e9<\/p>\n<p>VDE4100<\/p>\n<p>&nbsp;<\/p>","protected":false},"excerpt":{"rendered":"<p>Blauhoff Megapack Container ESS 3.85 est un syst\u00e8me de batterie cl\u00e9 en main dans un conteneur (prix hors TVA et sans montage). Co\u00fbt r\u00e9duit Facilit\u00e9 d'installation et faible maintenance Cellules plus grandes, [...]<\/p>","protected":false},"featured_media":214720,"template":"","meta":{"_seopress_robots_primary_cat":"none","_seopress_titles_title":"Blauhoff Megapack ESS 3.85MWh: High-Efficiency, Low-Cost, Battery System","_seopress_titles_desc":"Discover Blauhoff Megapack ESS 3.85 MWh container system - 50% stronger, efficient, safe, and smart with AI monitoring. Easy to install, low maintenance.","_seopress_robots_index":"","_kad_blocks_custom_css":"","_kad_blocks_head_custom_js":"","_kad_blocks_body_custom_js":"","_kad_blocks_footer_custom_js":""},"product_cat":[17],"product_tag":[],"class_list":{"0":"post-49941","1":"product","2":"type-product","3":"status-publish","4":"has-post-thumbnail","6":"product_cat-home-batteries","8":"first","9":"instock","10":"sale","11":"taxable","12":"shipping-taxable","13":"purchasable","14":"product-type-simple"},"taxonomy_info":{"product_cat":[{"value":17,"label":"Home batteries"}]},"featured_image_src_large":["https:\/\/ownpowr.com\/wp-content\/uploads\/2024\/04\/blauhoff-megawatt-420x420-1.jpg",420,420,false],"author_info":[],"comment_info":"","_links":{"self":[{"href":"https:\/\/ownpowr.com\/fr\/wp-json\/wp\/v2\/product\/49941","targetHints":{"allow":["GET"]}}],"collection":[{"href":"https:\/\/ownpowr.com\/fr\/wp-json\/wp\/v2\/product"}],"about":[{"href":"https:\/\/ownpowr.com\/fr\/wp-json\/wp\/v2\/types\/product"}],"wp:featuredmedia":[{"embeddable":true,"href":"https:\/\/ownpowr.com\/fr\/wp-json\/wp\/v2\/media\/214720"}],"wp:attachment":[{"href":"https:\/\/ownpowr.com\/fr\/wp-json\/wp\/v2\/media?parent=49941"}],"wp:term":[{"taxonomy":"product_cat","embeddable":true,"href":"https:\/\/ownpowr.com\/fr\/wp-json\/wp\/v2\/product_cat?post=49941"},{"taxonomy":"product_tag","embeddable":true,"href":"https:\/\/ownpowr.com\/fr\/wp-json\/wp\/v2\/product_tag?post=49941"}],"curies":[{"name":"wp","href":"https:\/\/api.w.org\/{rel}","templated":true}]}}