{"id":506,"date":"2023-10-04T16:37:56","date_gmt":"2023-10-04T14:37:56","guid":{"rendered":"https:\/\/ownpowr.com\/product\/growatt-1ph-hybrid-inverter-sph6000\/"},"modified":"2025-03-27T13:31:36","modified_gmt":"2025-03-27T11:31:36","slug":"growatt-1ph-hybrid-inverter-sph6000","status":"publish","type":"product","link":"https:\/\/ownpowr.com\/fr\/product\/onduleur-hybride-growatt-1ph-sph6000\/","title":{"rendered":"Growatt 1PH onduleur hybride SPH6000 pas pour l'Allemagne"},"content":{"rendered":"<p>L'onduleur hybride Growatt SPH6000 est compatible avec les syst\u00e8mes photovolta\u00efques jusqu'\u00e0 4000Wp. L'onduleur hybride est destin\u00e9 \u00e0 stocker l'\u00e9nergie dans des batteries. Les batteries peuvent \u00eatre command\u00e9es s\u00e9par\u00e9ment et ne sont pas fournies en standard. Avec ce syst\u00e8me pratique, le syst\u00e8me PV n'est pas d\u00e9pendant du r\u00e9seau et peut se d\u00e9brouiller tout seul. Le syst\u00e8me peut fonctionner sans batterie et il est possible de se connecter au r\u00e9seau.<\/p>\n<p>L'onduleur de batterie contient 2 MPPT de sorte qu'un total de 2 branches peuvent \u00eatre connect\u00e9es.<\/p>\n<p><strong>Inverseur silencieux<\/strong><br \/>\nL'onduleur Growatt SPH6000 ne contient ni ventilateur ni transformateur, ce qui le rend tr\u00e8s silencieux. Cet onduleur hybride est donc parfait pour les installations r\u00e9sidentielles. L'onduleur utilise un refroidissement naturel, ce qui lui conf\u00e8re une dur\u00e9e de vie tr\u00e8s longue.<\/p>\n<p><strong>Rendement<\/strong><br \/>\nLe SPH6000 a un taux de rendement maximal de 97,5%, ce qui permet \u00e0 l'onduleur d'atteindre un rendement \u00e9nerg\u00e9tique maximal. Cet onduleur est l'un des plus vendus au monde.<\/p>\n<p><strong>Growatt service en ligne<\/strong><br \/>\nL'onduleur comprend des moyens de contr\u00f4le stables tels que LAN, WiFi ou une combinaison de RF\/UTP (Shinelink). Le Growatt offre un service intelligent en ligne pour r\u00e9soudre les probl\u00e8mes techniques et effectuer les mises \u00e0 jour \u00e0 distance. Cela am\u00e9liore la facilit\u00e9 d'utilisation et l'efficacit\u00e9 de l'onduleur. Ces caract\u00e9ristiques et services font de l'onduleur un meilleur choix pour votre syst\u00e8me photovolta\u00efque.<\/p>\n<p><a href=\"https:\/\/storeyourownpower.com\/wp-content\/uploads\/2022\/11\/Datasheet-Growatt-SPH6000.pdf\" target=\"_blank\" rel=\"noopener\">Fiche technique Growatt SPH6000<\/a><\/p>","protected":false},"excerpt":{"rendered":"<p>L'onduleur hybride Growatt SPH6000 est compatible avec les syst\u00e8mes PV jusqu'\u00e0 4000Wp. L'onduleur hybride est destin\u00e9 \u00e0 stocker l'\u00e9nergie dans des batteries. Les batteries peuvent \u00eatre command\u00e9es s\u00e9par\u00e9ment et [...]<\/p>","protected":false},"featured_media":507,"template":"","meta":{"_seopress_robots_primary_cat":"none","_seopress_titles_title":"Growatt SPH6000 Hybrid Inverter: Efficient and Silent with Battery Compatibility","_seopress_titles_desc":"Maximize your energy yield with this silent, efficient inverter. Connect to the grid or store power in batteries for a self-sufficient system. Enjoy reliable monitoring and remote updates with Growatt's online service.","_seopress_robots_index":"","_kad_blocks_custom_css":"","_kad_blocks_head_custom_js":"","_kad_blocks_body_custom_js":"","_kad_blocks_footer_custom_js":""},"product_cat":[18],"product_tag":[],"class_list":{"0":"post-506","1":"product","2":"type-product","3":"status-publish","4":"has-post-thumbnail","6":"product_cat-hybrid-inverters","8":"first","9":"instock","10":"sale","11":"taxable","12":"shipping-taxable","13":"purchasable","14":"product-type-simple"},"taxonomy_info":{"product_cat":[{"value":18,"label":"Hybrid inverters"}]},"featured_image_src_large":["https:\/\/ownpowr.com\/wp-content\/uploads\/2022\/11\/Growatt_SPH_3000_6000_d63d-1024x1024.webp",1024,1024,true],"author_info":[],"comment_info":"","_links":{"self":[{"href":"https:\/\/ownpowr.com\/fr\/wp-json\/wp\/v2\/product\/506","targetHints":{"allow":["GET"]}}],"collection":[{"href":"https:\/\/ownpowr.com\/fr\/wp-json\/wp\/v2\/product"}],"about":[{"href":"https:\/\/ownpowr.com\/fr\/wp-json\/wp\/v2\/types\/product"}],"wp:featuredmedia":[{"embeddable":true,"href":"https:\/\/ownpowr.com\/fr\/wp-json\/wp\/v2\/media\/507"}],"wp:attachment":[{"href":"https:\/\/ownpowr.com\/fr\/wp-json\/wp\/v2\/media?parent=506"}],"wp:term":[{"taxonomy":"product_cat","embeddable":true,"href":"https:\/\/ownpowr.com\/fr\/wp-json\/wp\/v2\/product_cat?post=506"},{"taxonomy":"product_tag","embeddable":true,"href":"https:\/\/ownpowr.com\/fr\/wp-json\/wp\/v2\/product_tag?post=506"}],"curies":[{"name":"wp","href":"https:\/\/api.w.org\/{rel}","templated":true}]}}