{"id":5369,"date":"2023-11-11T13:42:11","date_gmt":"2023-11-11T11:42:11","guid":{"rendered":"https:\/\/ownpowr.com\/?post_type=product&#038;p=5369"},"modified":"2023-11-26T12:53:31","modified_gmt":"2023-11-26T10:53:31","slug":"home-storage-base-unit-sma","status":"publish","type":"product","link":"https:\/\/ownpowr.com\/fr\/product\/unite-de-base-de-stockage-a-domicile-sma\/","title":{"rendered":"Home Unit\u00e9 de base de stockage SMA"},"content":{"rendered":"<p>Gr\u00e2ce \u00e0 cette unit\u00e9 de base, le nouveau syst\u00e8me de stockage \u00e0 domicile SMA peut \u00eatre install\u00e9 directement sur le sol au lieu du support mural fourni. Une base est n\u00e9cessaire pour chaque tour de batteries.<\/p>","protected":false},"excerpt":{"rendered":"<p>Gr\u00e2ce \u00e0 cette unit\u00e9 de base, le nouveau Home Storage SMA peut \u00eatre install\u00e9 directement sur le sol au lieu du support mural fourni. Une base est n\u00e9cessaire pour [...]<\/p>","protected":false},"featured_media":5372,"template":"","meta":{"_seopress_robots_primary_cat":"none","_seopress_titles_title":"SMA Home Storage Base Unit: Efficient Floor Setup Option","_seopress_titles_desc":"Explore our versatile SMA Home Storage Base Unit. Perfect for setting up your battery tower directly on the floor. Order one base per tower.","_seopress_robots_index":"","_kad_blocks_custom_css":"","_kad_blocks_head_custom_js":"","_kad_blocks_body_custom_js":"","_kad_blocks_footer_custom_js":""},"product_cat":[33],"product_tag":[],"class_list":{"0":"post-5369","1":"product","2":"type-product","3":"status-publish","4":"has-post-thumbnail","6":"product_cat-accessories","8":"first","9":"instock","10":"taxable","11":"shipping-taxable","12":"purchasable","13":"product-type-simple"},"taxonomy_info":{"product_cat":[{"value":33,"label":"Accessories"}]},"featured_image_src_large":["https:\/\/ownpowr.com\/wp-content\/uploads\/2023\/11\/1-0-4-6-1046063107de87f7de55ba3b5f77a69a6d91a95f_det_sba_sma_home_storage_base_unit-png_600x600.png",390,264,false],"author_info":[],"comment_info":"","_links":{"self":[{"href":"https:\/\/ownpowr.com\/fr\/wp-json\/wp\/v2\/product\/5369","targetHints":{"allow":["GET"]}}],"collection":[{"href":"https:\/\/ownpowr.com\/fr\/wp-json\/wp\/v2\/product"}],"about":[{"href":"https:\/\/ownpowr.com\/fr\/wp-json\/wp\/v2\/types\/product"}],"wp:featuredmedia":[{"embeddable":true,"href":"https:\/\/ownpowr.com\/fr\/wp-json\/wp\/v2\/media\/5372"}],"wp:attachment":[{"href":"https:\/\/ownpowr.com\/fr\/wp-json\/wp\/v2\/media?parent=5369"}],"wp:term":[{"taxonomy":"product_cat","embeddable":true,"href":"https:\/\/ownpowr.com\/fr\/wp-json\/wp\/v2\/product_cat?post=5369"},{"taxonomy":"product_tag","embeddable":true,"href":"https:\/\/ownpowr.com\/fr\/wp-json\/wp\/v2\/product_tag?post=5369"}],"curies":[{"name":"wp","href":"https:\/\/api.w.org\/{rel}","templated":true}]}}