{"id":545,"date":"2023-10-04T16:37:39","date_gmt":"2023-10-04T14:37:39","guid":{"rendered":"https:\/\/ownpowr.com\/product\/encharge-3t-35-kwh\/"},"modified":"2025-03-20T13:35:02","modified_gmt":"2025-03-20T11:35:02","slug":"encharge-3t-35-kwh","status":"publish","type":"product","link":"https:\/\/ownpowr.com\/fr\/product\/encharge-3t-35-kwh\/","title":{"rendered":"Enphase Encharge 3T uniquement couvercle"},"content":{"rendered":"<p>Enphase Encharge 3T avec 15 ans de garantie<\/p>\n<p>Remarque importante : la certification de l'installateur est requise ! Veuillez visiter l'Universit\u00e9 Enphase pour obtenir votre certification.<\/p>\n<p>Enphase IQ Battery 3T\/10T Caract\u00e9ristiques :<\/p>\n<ul>\n<li>Syst\u00e8me de batterie CA enti\u00e8rement int\u00e9gr\u00e9 avec micro-onduleurs IQ 8X-BAT int\u00e9gr\u00e9s.<\/li>\n<li>Connexion transparente \u00e0 l'alimentation en courant alternatif d'une installation domestique standard.<\/li>\n<li>Ajustements optimaux du syst\u00e8me en fonction des besoins de l'utilisateur.<\/li>\n<li>Contr\u00f4le et surveillance pratiques par le biais d'une application mobile.<\/li>\n<li>Refroidissement passif (pas de pi\u00e8ces mobiles ni de ventilateurs).<\/li>\n<li>Performance durable avec une garantie de 10 ans.<\/li>\n<\/ul>\n<p>Veuillez noter que la certification de l'installateur est obligatoire pour l'installation de la batterie. Vous pouvez contacter votre gestionnaire de compte Enphase pour obtenir les d\u00e9tails de la certification.<\/p>\n<p>Dispositif requis : Enphase IQ Gateway-S Compt\u00e9.<\/p>\n<p>L'Enphase IQ 3T offre une capacit\u00e9 de stockage totale de 3,5 kWh et comprend quatre micro-onduleurs int\u00e9gr\u00e9s d'une puissance combin\u00e9e de 1,28 kW.<\/p>\n<p>Les installateurs peuvent concevoir des syst\u00e8mes efficaces pour r\u00e9pondre aux besoins \u00e9nerg\u00e9tiques des nouveaux clients et de ceux qui disposent d\u00e9j\u00e0 d'une installation de panneaux solaires.<\/p>\n<p>Le syst\u00e8me de stockage par batterie Encharge 3T comprend des micro-onduleurs Enphase IQ Series et une unit\u00e9 de gestion de la batterie (BMU).<\/p>\n<p>Contenu du paquet :<\/p>\n<ul>\n<li>1x Encharge 3T Base Unit (ENP-B03-T01-INT00-1-2)<\/li>\n<li>1x Kit de couverture Encharge 3T avec accessoires (ENP-B03T-C-0430-O)<\/li>\n<\/ul>\n<p><strong>Plus d'informations :<\/strong><\/p>\n<ul>\n<li><a href=\"https:\/\/storeyourownpower.com\/wp-content\/uploads\/2022\/12\/Datenblatt-German-Encharge-3T.pdf\" target=\"_blank\" rel=\"noopener\">Bulletin d'information allemand Encharge 3T<\/a><\/li>\n<li><a href=\"https:\/\/storeyourownpower.com\/wp-content\/uploads\/2022\/12\/Datasheet-English-Encharge-3T.pdf\" target=\"_blank\" rel=\"noopener\">Fiche technique anglais Encharge 3T<\/a><\/li>\n<li><a href=\"https:\/\/storeyourownpower.com\/wp-content\/uploads\/2022\/12\/Warranty-terms-English-Encharge-3T.pdf\" target=\"_blank\" rel=\"noopener\">Conditions de garantie Anglais Encharge 3T<\/a><\/li>\n<li><a href=\"https:\/\/storeyourownpower.com\/wp-content\/uploads\/2022\/12\/Warranty-terms-German-Encharge-3T.pdf\" target=\"_blank\" rel=\"noopener\">Conditions de garantie German Encharge 3T<\/a><\/li>\n<li><a href=\"https:\/\/storeyourownpower.com\/wp-content\/uploads\/2022\/12\/Mounting-instructions-English-Encharge-3T.pdf\" target=\"_blank\" rel=\"noopener\">Instructions de montage Anglais Encharge 3T<\/a><\/li>\n<\/ul>","protected":false},"excerpt":{"rendered":"<p>15 ans de garantie dans ce prix !<\/p>","protected":false},"featured_media":546,"template":"","meta":{"_seopress_robots_primary_cat":"none","_seopress_titles_title":"Enphase Encharge 3T: Long-lasting battery storage system with integrated microinverters and warranty","_seopress_titles_desc":"Installer certification required! Optimal AC battery system with mobile app control, passive cooling, and 10-year warranty. Get certified at Enphase University.","_seopress_robots_index":"","_kad_blocks_custom_css":"","_kad_blocks_head_custom_js":"","_kad_blocks_body_custom_js":"","_kad_blocks_footer_custom_js":""},"product_cat":[17],"product_tag":[],"class_list":{"0":"post-545","1":"product","2":"type-product","3":"status-publish","4":"has-post-thumbnail","6":"product_cat-home-batteries","8":"first","9":"instock","10":"sale","11":"taxable","12":"shipping-taxable","13":"purchasable","14":"product-type-simple"},"taxonomy_info":{"product_cat":[{"value":17,"label":"Home batteries"}]},"featured_image_src_large":["https:\/\/ownpowr.com\/wp-content\/uploads\/2022\/12\/1-8-2-6-18265324d3fe1b03cc0df847668d9c62cbe673aa_det_bp_ee_encharge_3t-jpg_600x600@2x.jpeg",600,540,false],"author_info":[],"comment_info":"","_links":{"self":[{"href":"https:\/\/ownpowr.com\/fr\/wp-json\/wp\/v2\/product\/545","targetHints":{"allow":["GET"]}}],"collection":[{"href":"https:\/\/ownpowr.com\/fr\/wp-json\/wp\/v2\/product"}],"about":[{"href":"https:\/\/ownpowr.com\/fr\/wp-json\/wp\/v2\/types\/product"}],"wp:featuredmedia":[{"embeddable":true,"href":"https:\/\/ownpowr.com\/fr\/wp-json\/wp\/v2\/media\/546"}],"wp:attachment":[{"href":"https:\/\/ownpowr.com\/fr\/wp-json\/wp\/v2\/media?parent=545"}],"wp:term":[{"taxonomy":"product_cat","embeddable":true,"href":"https:\/\/ownpowr.com\/fr\/wp-json\/wp\/v2\/product_cat?post=545"},{"taxonomy":"product_tag","embeddable":true,"href":"https:\/\/ownpowr.com\/fr\/wp-json\/wp\/v2\/product_tag?post=545"}],"curies":[{"name":"wp","href":"https:\/\/api.w.org\/{rel}","templated":true}]}}