{"id":549,"date":"2022-12-01T12:58:41","date_gmt":"2022-12-01T10:58:41","guid":{"rendered":"https:\/\/ownpowr.com\/product\/sungrow-sh10-0rt-v112\/"},"modified":"2025-03-30T21:03:00","modified_gmt":"2025-03-30T19:03:00","slug":"sungrow-sh10-0rt-v112","status":"publish","type":"product","link":"https:\/\/ownpowr.com\/fr\/product\/sungrow-sh10-0rt-v112\/","title":{"rendered":"Sungrow Onduleur hybride SH10.0RT 10 kW"},"content":{"rendered":"<p>Sungrow SH10.0RT-V112<\/p>\n<p>Application flexible :<\/p>\n<p>- Large plage de tension de la batterie 150-600V<\/p>\n<p>- Prise en charge de la connexion parall\u00e8le avec contr\u00f4le ma\u00eetre-esclave<\/p>\n<p>- Fournit une alimentation 100% pour d\u00e9s\u00e9quilibrer les charges en mode secours<\/p>\n<p>Gestion intelligente :<\/p>\n<p>- Autoconsommation \u00e9lev\u00e9e gr\u00e2ce \u00e0 l'optimisation de l'EMS int\u00e9gr\u00e9<\/p>\n<p>- Contr\u00f4le en ligne gratuit pour am\u00e9liorer la gestion de l'\u00e9nergie pour l'utilisateur final, l'installateur et le d\u00e9taillant<\/p>\n<p>- Mise \u00e0 jour \u00e0 distance du micrologiciel et param\u00e8tres personnalisables<\/p>\n<p>Ind\u00e9pendance \u00e9nerg\u00e9tique :<\/p>\n<p>- Transition transparente vers le mode de secours pour une protection contre les pannes de courant<\/p>\n<p>- Chargement\/d\u00e9chargement rapide pour r\u00e9pondre \u00e0 la demande d'une consommation plus \u00e9lev\u00e9e<\/p>\n<p>Installation facile :<\/p>\n<p>- Connecteurs uniques \u00e0 embo\u00eeter pour une installation rapide<\/p>\n<p>- Mise en service sans contact avec un smartphone<\/p>\n<p>- L\u00e9ger et compact<\/p>\n<p><a href=\"https:\/\/storeyourownpower.com\/wp-content\/uploads\/2022\/12\/Datasheet-English-2.pdf\" target=\"_blank\" rel=\"noopener\">Fiche technique Anglais<\/a><br \/>\n<a href=\"https:\/\/storeyourownpower.com\/wp-content\/uploads\/2022\/12\/Datasheet-German-2.pdf\" target=\"_blank\" rel=\"noopener\">Fiche technique en allemand<\/a><br \/>\n<a href=\"https:\/\/storeyourownpower.com\/wp-content\/uploads\/2022\/11\/DE-FS-SHRT-und-SBR-Unterschiede-und-Kompatibilita\u0308t-Versionen.pdf\" target=\"_blank\" rel=\"noopener\">Diff\u00e9rences et compatibilit\u00e9 des versions SHRT et SBR<\/a><\/p>","protected":false},"excerpt":{"rendered":"<p>Sungrow SH10.0RT-V112 Application flexible : - Large gamme de tension de batterie 150-600V - Supporte la connexion parall\u00e8le avec le contr\u00f4le ma\u00eetre-slave - Fournit la puissance 100% aux charges d\u00e9s\u00e9quilibr\u00e9es en mode de secours Gestion intelligente : - [...]<\/p>","protected":false},"featured_media":550,"template":"","meta":{"_seopress_robots_primary_cat":"none","_seopress_titles_title":"Sungrow SH10.0RT-V112: Flexible Application, Smart Management, Energy Independence, Easy Installation","_seopress_titles_desc":"Discover the Sungrow SH10.0RT-V112 with wide battery voltage range, smart management features, seamless backup mode, and easy installation for energy independence.","_seopress_robots_index":"","_kad_blocks_custom_css":"","_kad_blocks_head_custom_js":"","_kad_blocks_body_custom_js":"","_kad_blocks_footer_custom_js":""},"product_cat":[18],"product_tag":[],"class_list":{"0":"post-549","1":"product","2":"type-product","3":"status-publish","4":"has-post-thumbnail","6":"product_cat-hybrid-inverters","8":"first","9":"outofstock","10":"sale","11":"taxable","12":"shipping-taxable","13":"purchasable","14":"product-type-simple"},"taxonomy_info":{"product_cat":[{"value":18,"label":"Hybrid inverters"}]},"featured_image_src_large":["https:\/\/ownpowr.com\/wp-content\/uploads\/2022\/12\/b-1-1-f-b11f61014011a7497a53e4a35156c0f10529e03c_det_ivh_sung_shx-xrt-jpg_600x600@2x.jpeg",600,540,false],"author_info":[],"comment_info":"","_links":{"self":[{"href":"https:\/\/ownpowr.com\/fr\/wp-json\/wp\/v2\/product\/549","targetHints":{"allow":["GET"]}}],"collection":[{"href":"https:\/\/ownpowr.com\/fr\/wp-json\/wp\/v2\/product"}],"about":[{"href":"https:\/\/ownpowr.com\/fr\/wp-json\/wp\/v2\/types\/product"}],"wp:featuredmedia":[{"embeddable":true,"href":"https:\/\/ownpowr.com\/fr\/wp-json\/wp\/v2\/media\/550"}],"wp:attachment":[{"href":"https:\/\/ownpowr.com\/fr\/wp-json\/wp\/v2\/media?parent=549"}],"wp:term":[{"taxonomy":"product_cat","embeddable":true,"href":"https:\/\/ownpowr.com\/fr\/wp-json\/wp\/v2\/product_cat?post=549"},{"taxonomy":"product_tag","embeddable":true,"href":"https:\/\/ownpowr.com\/fr\/wp-json\/wp\/v2\/product_tag?post=549"}],"curies":[{"name":"wp","href":"https:\/\/api.w.org\/{rel}","templated":true}]}}