{"id":620,"date":"2023-10-04T16:36:05","date_gmt":"2023-10-04T14:36:05","guid":{"rendered":"https:\/\/ownpowr.com\/product\/byd-premium-lvs-pdu-base\/"},"modified":"2025-10-15T14:01:34","modified_gmt":"2025-10-15T12:01:34","slug":"byd-premium-lvs-pdu-base","status":"publish","type":"product","link":"https:\/\/ownpowr.com\/fr\/product\/byd-premium-lvs-pdu-base\/","title":{"rendered":"BYD premium LVS PDU + base"},"content":{"rendered":"<p>BYD Premium LVS Battery Control System with Base (Syst\u00e8me de contr\u00f4le de la batterie LVS Premium avec base)<\/p>\n<p>Le BYD Premium LVS PDU (Power Distribution Unit) avec base est une unit\u00e9 de contr\u00f4le con\u00e7ue pour l'ensemble de batteries LVS. Chaque pile de batteries n\u00e9cessite une PDU pour un fonctionnement optimal.<\/p>\n<p>Caract\u00e9ristiques principales :<\/p>\n<ul>\n<li>Capacit\u00e9 \u00e9volutive de 4 kWh \u00e0 256 kWh<\/li>\n<li>Flexibilit\u00e9 maximale gr\u00e2ce \u00e0 la prise en charge d'un maximum de 64 modules de batterie<\/li>\n<li>Possibilit\u00e9 de connexion en parall\u00e8le<\/li>\n<li>Compatible avec les principaux onduleurs monophas\u00e9s et triphas\u00e9s<\/li>\n<li>Utilise la technologie des batteries au lithium-phosphate de fer (LFP) sans cobalt pour une s\u00e9curit\u00e9 accrue, des cycles de vie plus longs et une puissance sup\u00e9rieure.<\/li>\n<li>Capable de fournir une grande puissance en cas d'urgence et de fonctionner hors r\u00e9seau<\/li>\n<li>La conception brevet\u00e9e de la prise interne \u00e9limine la n\u00e9cessit\u00e9 d'un c\u00e2blage suppl\u00e9mentaire.<\/li>\n<li>Optimisation de l'autoconsommation pour les applications r\u00e9sidentielles et commerciales<\/li>\n<\/ul>\n<p>BO\u00ceTE \u00c0 PILES PREMIUM LVS<\/p>\n<p>Module de 4 kWh Transport et installation simplifi\u00e9s gr\u00e2ce \u00e0 la conception modulaire<\/p>\n<p>La Battery-Box Premium LVS BYD est une batterie polyvalente au phosphate de fer lithi\u00e9 (LFP) con\u00e7ue pour \u00eatre utilis\u00e9e avec un onduleur externe. Chaque Battery-Box Premium LVS comprend de 1 \u00e0 6 modules de batterie empil\u00e9s en parall\u00e8le, offrant des capacit\u00e9s utilisables allant de 4 \u00e0 24,0 kWh dans une seule tour. Les configurations disponibles sont les suivantes :<\/p>\n<ul>\n<li>Bo\u00eetier de batterie LVS 4.0 (4 kWh)<\/li>\n<li>Bo\u00eetier de batterie LVS 8.0 (8 kWh)<\/li>\n<li>Bo\u00eetier de batterie LVS 12.0 (12 kWh)<\/li>\n<li>Bo\u00eetier de batterie LVS 16.0 (16 kWh)<\/li>\n<li>Battery-Box LVS 20.0 (20 kWh - tour simple uniquement)<\/li>\n<li>Battery-Box LVS 24.0 (24 kWh - tour simple uniquement)<\/li>\n<\/ul>\n<p>Pour les besoins de stockage d'\u00e9nergie plus importants, vous pouvez connecter jusqu'\u00e0 16 unit\u00e9s Battery-Box LVS 16.0 en parall\u00e8le, ce qui permet d'obtenir une capacit\u00e9 maximale de 256 kWh. En outre, le syst\u00e8me est \u00e9volutif et permet d'ajouter ult\u00e9rieurement des modules LVS ou des tours parall\u00e8les contenant de 1 \u00e0 4 modules.<\/p>\n<h2><strong style=\"font-size: 16px\">Plus d'informations :<\/strong><\/h2>\n<ul>\n<li><a href=\"https:\/\/storeyourownpower.com\/wp-content\/uploads\/2023\/01\/Datasheet-English-LVS.pdf\" target=\"_blank\" rel=\"noopener\">Fiche technique Anglais LVS<\/a><\/li>\n<li><a href=\"https:\/\/storeyourownpower.com\/wp-content\/uploads\/2023\/01\/Datenblatt-German-LVS.pdf\" target=\"_blank\" rel=\"noopener\">Datenblatt allemand LVS<\/a><\/li>\n<li><a href=\"https:\/\/storeyourownpower.com\/wp-content\/uploads\/2023\/01\/Mounting-instructions-English-LVS.pdf\" target=\"_blank\" rel=\"noopener\">Instructions de montage Anglais LVS<\/a><\/li>\n<li><a href=\"https:\/\/storeyourownpower.com\/wp-content\/uploads\/2023\/01\/Mounting-instructions-German-LVS.pdf\" target=\"_blank\" rel=\"noopener\">Instructions de montage LVS allemand<\/a><\/li>\n<li><a href=\"https:\/\/storeyourownpower.com\/wp-content\/uploads\/2023\/01\/Warranty-terms-English.pdf\" target=\"_blank\" rel=\"noopener\">Conditions de garantie Anglais<\/a><\/li>\n<li><a href=\"https:\/\/storeyourownpower.com\/wp-content\/uploads\/2023\/01\/Warranty-terms-German-LVS.pdf\" target=\"_blank\" rel=\"noopener\">Conditions de garantie LVS allemand<\/a><\/li>\n<\/ul>","protected":false},"excerpt":{"rendered":"<p>BYD Premium LVS Battery Control System with Base Le PDU (Power Distribution Unit) BYD Premium LVS avec base est une unit\u00e9 de contr\u00f4le con\u00e7ue pour l'ensemble de batteries LVS. Chaque pile [...]<\/p>","protected":false},"featured_media":621,"template":"","meta":{"_seopress_robots_primary_cat":"none","_seopress_titles_title":"BYD Premium LVS PDU + base | Maximum Flexibility for any Application","_seopress_titles_desc":"The BYD Battery-Box Premium LVS offers scalable power storage from 4 kWh to 256 kWh with safety, flexibility, and high-powered capabilities for residential and commercial applications.","_seopress_robots_index":"","_kad_blocks_custom_css":"","_kad_blocks_head_custom_js":"","_kad_blocks_body_custom_js":"","_kad_blocks_footer_custom_js":""},"product_cat":[17],"product_tag":[],"class_list":{"0":"post-620","1":"product","2":"type-product","3":"status-publish","4":"has-post-thumbnail","6":"product_cat-home-batteries","8":"first","9":"instock","10":"sale","11":"taxable","12":"shipping-taxable","13":"purchasable","14":"product-type-simple"},"taxonomy_info":{"product_cat":[{"value":17,"label":"Home batteries"}]},"featured_image_src_large":["https:\/\/ownpowr.com\/wp-content\/uploads\/2023\/01\/BYD-LVS-BMU.jpeg",600,540,false],"author_info":[],"comment_info":"","_links":{"self":[{"href":"https:\/\/ownpowr.com\/fr\/wp-json\/wp\/v2\/product\/620","targetHints":{"allow":["GET"]}}],"collection":[{"href":"https:\/\/ownpowr.com\/fr\/wp-json\/wp\/v2\/product"}],"about":[{"href":"https:\/\/ownpowr.com\/fr\/wp-json\/wp\/v2\/types\/product"}],"wp:featuredmedia":[{"embeddable":true,"href":"https:\/\/ownpowr.com\/fr\/wp-json\/wp\/v2\/media\/621"}],"wp:attachment":[{"href":"https:\/\/ownpowr.com\/fr\/wp-json\/wp\/v2\/media?parent=620"}],"wp:term":[{"taxonomy":"product_cat","embeddable":true,"href":"https:\/\/ownpowr.com\/fr\/wp-json\/wp\/v2\/product_cat?post=620"},{"taxonomy":"product_tag","embeddable":true,"href":"https:\/\/ownpowr.com\/fr\/wp-json\/wp\/v2\/product_tag?post=620"}],"curies":[{"name":"wp","href":"https:\/\/api.w.org\/{rel}","templated":true}]}}