{"id":631,"date":"2023-10-05T01:25:09","date_gmt":"2023-10-04T23:25:09","guid":{"rendered":"https:\/\/ownpowr.com\/product\/sofar-solar-hyd-10ktl-3ph\/"},"modified":"2025-03-27T12:59:51","modified_gmt":"2025-03-27T10:59:51","slug":"sofar-solar-hyd-10ktl-3ph","status":"publish","type":"product","link":"https:\/\/ownpowr.com\/fr\/product\/sofar-solar-hyd-10ktl-3ph\/","title":{"rendered":"SofarSolar HYD-10KTL-3PH"},"content":{"rendered":"<p>Notre nouveau venu dans le segment des onduleurs, le fabricant chinois Sofar Solar, lance une gamme compl\u00e8te de produits.<\/p>\n<p>Les onduleurs hybrides de la s\u00e9rie HYD KTL-3PH se distinguent par une large plage de tension pour des g\u00e9n\u00e9rations de modules puissants et jusqu'\u00e0 2 connexions de batterie. La protection int\u00e9gr\u00e9e contre les surtensions AC + DC et la gestion des ombres font \u00e9galement partie de l'\u00e9quipement standard. Avec des classes de puissance de 5 \u00e0 20 kW, vous trouverez toujours celui qui vous convient.<\/p>\n<p>Piles compatibles :<\/p>\n<p>- Pylontech Force H1 14,2 \u00e0 24,86<\/p>\n<p>- Pylontech Force H2 7,1 \u00e0 14,2<\/p>\n<p>- Axitec AXIstorage Li SV1 13,5 \u00e0 23,6<\/p>\n<p>- Axitec AXIstorage Li SV2 6.7 \u00e0 13.5<\/p>\n<p>Avantages du produit :<\/p>\n<p>- Large plage de tension MPPT de 180 \u00e0 960 V<\/p>\n<p>- Protection int\u00e9gr\u00e9e contre les surtensions AC \/ DC type II<\/p>\n<p>- Gestion active de l'ombre<\/p>\n<p>Caract\u00e9ristiques du produit :<\/p>\n<p>- Puissance AC : 5 kW<\/p>\n<p>- Nombre de MPPT : 2<\/p>\n<p>- Phases de connexion : 3<\/p>\n<p>- Interfaces : RS485, WiFi, Bluetooth, Ethernet, 4 x dig.In (FRE)<\/p>\n<p>- Connecteur : MC4<\/p>\n<p>- Classe de protection : IP 65<\/p>\n<p>- Refroidissement : passif<\/p>\n<p>- Dimensions : 571 x 515 x 264 mm (HxLxP) 571 x 515 x 264 mm (HxLxP)<\/p>\n<p>- Poids : 33,0 kg<\/p>\n<p>- Garantie : 5 ans<\/p>\n<p><a href=\"https:\/\/storeyourownpower.com\/wp-content\/uploads\/2023\/02\/Datasheet-German-Sofar.pdf\" target=\"_blank\" rel=\"noopener\">Feuille de caract\u00e9ristiques German Sofar<\/a><\/p>","protected":false},"excerpt":{"rendered":"<p>Notre nouveau venu dans le segment des onduleurs, le fabricant chinois Sofar Solar, lance une gamme compl\u00e8te de produits. Les onduleurs hybrides de la s\u00e9rie HYD KTL-3PH se distinguent par une large tension [...]<\/p>","protected":false},"featured_media":628,"template":"","meta":{"_seopress_robots_primary_cat":"none","_seopress_titles_title":"Sofar Solar HYD 10KTL-3PH","_seopress_titles_desc":"Sofar Solar HYD KTL-3PH series offers a wide voltage range, 2 battery connections, overvoltage protection, shadow management, and more. Find the perfect power class from 5 to 20 kW.","_seopress_robots_index":"","_kad_blocks_custom_css":"","_kad_blocks_head_custom_js":"","_kad_blocks_body_custom_js":"","_kad_blocks_footer_custom_js":""},"product_cat":[18],"product_tag":[],"class_list":{"0":"post-631","1":"product","2":"type-product","3":"status-publish","4":"has-post-thumbnail","6":"product_cat-hybrid-inverters","8":"first","9":"instock","10":"sale","11":"taxable","12":"shipping-taxable","13":"purchasable","14":"product-type-simple"},"taxonomy_info":{"product_cat":[{"value":18,"label":"Hybrid inverters"}]},"featured_image_src_large":["https:\/\/ownpowr.com\/wp-content\/uploads\/2023\/02\/Sofar-inverter.jpeg",672,606,false],"author_info":[],"comment_info":"","_links":{"self":[{"href":"https:\/\/ownpowr.com\/fr\/wp-json\/wp\/v2\/product\/631","targetHints":{"allow":["GET"]}}],"collection":[{"href":"https:\/\/ownpowr.com\/fr\/wp-json\/wp\/v2\/product"}],"about":[{"href":"https:\/\/ownpowr.com\/fr\/wp-json\/wp\/v2\/types\/product"}],"wp:featuredmedia":[{"embeddable":true,"href":"https:\/\/ownpowr.com\/fr\/wp-json\/wp\/v2\/media\/628"}],"wp:attachment":[{"href":"https:\/\/ownpowr.com\/fr\/wp-json\/wp\/v2\/media?parent=631"}],"wp:term":[{"taxonomy":"product_cat","embeddable":true,"href":"https:\/\/ownpowr.com\/fr\/wp-json\/wp\/v2\/product_cat?post=631"},{"taxonomy":"product_tag","embeddable":true,"href":"https:\/\/ownpowr.com\/fr\/wp-json\/wp\/v2\/product_tag?post=631"}],"curies":[{"name":"wp","href":"https:\/\/api.w.org\/{rel}","templated":true}]}}