{"id":652,"date":"2023-10-05T01:03:14","date_gmt":"2023-10-04T23:03:14","guid":{"rendered":"https:\/\/ownpowr.com\/product\/alphaess-smile-b3\/"},"modified":"2025-03-27T13:36:41","modified_gmt":"2025-03-27T11:36:41","slug":"alphaess-smile-b3","status":"publish","type":"product","link":"https:\/\/ownpowr.com\/fr\/product\/alphaess-smile-b3\/","title":{"rendered":"AlphaEss Smile B3"},"content":{"rendered":"<ul>\n<li class=\"l_b6bx1li fl slick-slide\" role=\"option\" data-slick-index=\"5\" aria-hidden=\"true\" aria-describedby=\"slick-slide05\">\n<div class=\"l_b6bx1lis\">\n<div class=\"ys_imgbox_cover\">\n<ul>\n<li id=\"\" class=\"l_b6bx1li fl slick-slide slick-cloned\" data-slick-index=\"6\" aria-hidden=\"true\">\n<div class=\"l_b6bx1lis\">\n<p>Pr\u00e9sentation de la solution de stockage d'\u00e9nergie SMILE-B3<\/p>\n<p>Lib\u00e9rez la puissance d'un stockage d'\u00e9nergie efficace avec le SMILE-B3, un syst\u00e8me robuste con\u00e7u pour s'int\u00e9grer parfaitement \u00e0 votre installation existante. Cette solution de 3 kW offre une capacit\u00e9 allant de 2,9 kWh \u00e0 17,2 kWh, garantissant ainsi la flexibilit\u00e9 n\u00e9cessaire pour r\u00e9pondre \u00e0 vos besoins \u00e9nerg\u00e9tiques.<\/p>\n<p>Caract\u00e9ristiques principales :<\/p>\n<ul>\n<li>Compatibilit\u00e9 d'adaptation<\/li>\n<li>Capacit\u00e9s de couplage en courant alternatif<\/li>\n<li>Batterie int\u00e9gr\u00e9e pour des performances accrues<\/li>\n<li>Conception modulaire pour une extension facile<\/li>\n<li>Installation facile<\/li>\n<li>Surveillance 24\/7 pour la tranquillit\u00e9 d'esprit<\/li>\n<\/ul>\n<p>Sp\u00e9cifications du SMILE-B3-PLUS :<\/p>\n<ul>\n<li>Puissance de sortie max. Puissance de sortie AC : 3 kW<\/li>\n<li>Capacit\u00e9 : 2,9 - 17,2 kWh<\/li>\n<li>Courant de charge\/d\u00e9charge max. Courant de charge\/d\u00e9charge : 60 A<\/li>\n<li>Profondeur de d\u00e9chargement (DoD) : 96%<\/li>\n<li>Dimensions (L x P x H) : 610 x 219 x 650 mm<\/li>\n<li>Temp\u00e9rature de fonctionnement : -10\u00b0C \u00e0 50\u00b0C<\/li>\n<li>Protection IP : IP65 \/ IP21<\/li>\n<li>Garantie : 5 ans de garantie sur le produit, 10 ans de garantie sur les performances<\/li>\n<\/ul>\n<p>Le SMILE-B3 est la solution id\u00e9ale pour les syst\u00e8mes solaires qui n'int\u00e8grent pas de batterie. Il peut \u00eatre associ\u00e9 \u00e0 un maximum de six batteries de 2,9 kWh, augmentant ainsi votre capacit\u00e9 de stockage \u00e0 un niveau impressionnant de 17,2 kWh. Am\u00e9liorez votre stockage d'\u00e9nergie avec le SMILE-B3 et b\u00e9n\u00e9ficiez d'une gestion de l'\u00e9nergie efficace et fiable.<\/p>\n<\/div>\n<\/li>\n<\/ul>\n<\/div>\n<\/div>\n<\/li>\n<\/ul>\n<p><a href=\"https:\/\/storeyourownpower.com\/wp-content\/uploads\/2023\/02\/Datasheet-Smile-B3.pdf\" target=\"_blank\" rel=\"noopener\">Fiche technique Smile B3<\/a><\/p>","protected":false},"excerpt":{"rendered":"<p>&nbsp;<\/p>\n<p>&nbsp;<\/p>","protected":false},"featured_media":653,"template":"","meta":{"_seopress_robots_primary_cat":"none","_seopress_titles_title":"Expand Your Solar Storage: SMILE-B3 3kW Retrofit AC-Coupling with Built-in Battery","_seopress_titles_desc":"Upgrade your existing solar system with SMILE-B3, a modular and easy-to-install solution that maximizes your storage capacity to 17.2kWh.","_seopress_robots_index":"","_kad_blocks_custom_css":"","_kad_blocks_head_custom_js":"","_kad_blocks_body_custom_js":"","_kad_blocks_footer_custom_js":""},"product_cat":[17],"product_tag":[],"class_list":{"0":"post-652","1":"product","2":"type-product","3":"status-publish","4":"has-post-thumbnail","6":"product_cat-home-batteries","8":"first","9":"instock","10":"sale","11":"taxable","12":"shipping-taxable","13":"purchasable","14":"product-type-simple"},"taxonomy_info":{"product_cat":[{"value":17,"label":"Home batteries"}]},"featured_image_src_large":["https:\/\/ownpowr.com\/wp-content\/uploads\/2023\/02\/320_320_Product_logo_storage_system_5d3ab2d32f5cd.png",320,286,false],"author_info":[],"comment_info":"","_links":{"self":[{"href":"https:\/\/ownpowr.com\/fr\/wp-json\/wp\/v2\/product\/652","targetHints":{"allow":["GET"]}}],"collection":[{"href":"https:\/\/ownpowr.com\/fr\/wp-json\/wp\/v2\/product"}],"about":[{"href":"https:\/\/ownpowr.com\/fr\/wp-json\/wp\/v2\/types\/product"}],"wp:featuredmedia":[{"embeddable":true,"href":"https:\/\/ownpowr.com\/fr\/wp-json\/wp\/v2\/media\/653"}],"wp:attachment":[{"href":"https:\/\/ownpowr.com\/fr\/wp-json\/wp\/v2\/media?parent=652"}],"wp:term":[{"taxonomy":"product_cat","embeddable":true,"href":"https:\/\/ownpowr.com\/fr\/wp-json\/wp\/v2\/product_cat?post=652"},{"taxonomy":"product_tag","embeddable":true,"href":"https:\/\/ownpowr.com\/fr\/wp-json\/wp\/v2\/product_tag?post=652"}],"curies":[{"name":"wp","href":"https:\/\/api.w.org\/{rel}","templated":true}]}}