{"id":82534,"date":"2024-05-31T12:02:10","date_gmt":"2024-05-31T10:02:10","guid":{"rendered":"https:\/\/ownpowr.com\/?post_type=product&#038;p=82534"},"modified":"2025-08-25T14:32:05","modified_gmt":"2025-08-25T12:32:05","slug":"blauhoff-maxus-60k-96kwh-energy-storage-cabinet-liquid-cooling-with-ev-charger","status":"publish","type":"product","link":"https:\/\/ownpowr.com\/fr\/product\/blauhoff-maxus-60k-96kwh-energy-storage-cabinet-liquid-cooling-with-ev-charger\/","title":{"rendered":"Blauhoff Maxus 60K\/96KWh Armoire de stockage d'\u00e9nergie Refroidissement liquide avec chargeur EV"},"content":{"rendered":"<p>&nbsp;<\/p>\n<p>L'assemblage est confi\u00e9 \u00e0 votre installateur local avec l'aide de notre personnel technique.<\/p>\n<p>Blauhoff Maxus 96Kwh Armoire de stockage d'\u00e9nergie refroidie par liquide 10 ans de garantie 8000 cycles avec chargeur EV<\/p>\n<p>Possibilit\u00e9 de subvention<\/p>\n<p>Cellules prismatiques pour la plus haute qualit\u00e9 et la plus longue dur\u00e9e de vie, 8000 cycles et 10 ans de garantie sur les cellules sans frais suppl\u00e9mentaires et 5 ans sur l'ensemble.<\/p>\n<p>La plupart des autres fournisseurs proposent des contrats de 3 \u00e0 5 ans pour les cellules enti\u00e8res, puis vous devez payer un suppl\u00e9ment. Cela s'applique \u00e9galement \u00e0 l'EMS de Dijkman que nous utilisons, sans frais mensuels et qui peut fonctionner avec le march\u00e9 des d\u00e9s\u00e9quilibres.<\/p>\n<p>ESS enti\u00e8rement int\u00e9gr\u00e9 pour faciliter le transport et l'exploitation.<\/p>\n<p>La batterie int\u00e9gr\u00e9e avec le chargeur EV et la conception modulaire permettent une installation et une utilisation rapides, avec un maximum de 3 heures de travail.<\/p>\n<p>Blauhoff BLH-96kWh-Maxus, un ESS commercial et industriel tout-en-un avec refroidissement liquide, est int\u00e9gr\u00e9 avec un convertisseur de stockage d'\u00e9nergie, une batterie, un BMS, un EMS, une gestion thermique, une distribution d'\u00e9nergie, une protection contre les incendies, un chargeur Ev, etc.<\/p>\n<p>La conception tout-en-un est facile \u00e0 installer et \u00e0 exploiter, et s'interface avec tous les autres produits Maxus. Elle permet d'\u00e9changer automatiquement des prix d'\u00e9lectricit\u00e9 dynamiques par l'interm\u00e9diaire de divers syst\u00e8mes EMS.<\/p>\n<p>La conception s\u00e9curitaire du syst\u00e8me garantit une meilleure performance de la batterie et une dur\u00e9e de vie plus longue.<br \/>\nvie. Plusieurs ensembles d'armoires peuvent \u00eatre directement connect\u00e9s en parall\u00e8le jusqu'\u00e0 30 unit\u00e9s pour r\u00e9aliser le stockage de l'\u00e9nergie.<br \/>\nl'expansion du syst\u00e8me. Il est tr\u00e8s facilement extensible et portable.<\/p>\n<p>Refroidissement par liquide :<br \/>\nLa d\u00e9rive de temp\u00e9rature des \u00e9l\u00e9ments de batterie<br \/>\ndans l'ensemble du syst\u00e8me est de \u00b11,5\u00b0C en raison de la pr\u00e9sence d'un syst\u00e8me de contr\u00f4le de la qualit\u00e9.<br \/>\nsyst\u00e8me de refroidissement liquide intelligent. Il peut<br \/>\nprolonger la dur\u00e9e de vie du syst\u00e8me jusqu'\u00e0<br \/>\n30%, augmenter l'efficacit\u00e9 du syst\u00e8me \u00e0 long terme<br \/>\njusqu'\u00e0 88,5%.<\/p>\n<p>Extras possibles<\/p>\n<p>Alimentation de secours STS- 2 chargeurs EV 22kw - onduleur hybride pour panneaux connexion ipv AC coupl\u00e9<\/p>\n<p>S\u00fbr<br \/>\nLe syst\u00e8me comporte quatre niveaux de gestion<br \/>\nqui peut fournir des informations pr\u00e9cises sur les<br \/>\nprotection contre les courts-circuits, surintensit\u00e9<br \/>\nprotection contre les surtensions,<br \/>\nprotection contre la soustension, surchauffe<br \/>\nprotection, etc.<\/p>\n<p>Certificats de s\u00e9curit\u00e9 et europ\u00e9ens obligatoires, onduleur et batteries :<\/p>\n<p>EN 50549-1 pour l'onduleur Maxus et s'applique aux unit\u00e9s de production d'\u00e9nergie connect\u00e9es \u00e0 des r\u00e9seaux basse tension et EN 50549-2 s'applique aux unit\u00e9s de production d'\u00e9nergie connect\u00e9es \u00e0 des r\u00e9seaux moyenne tension.<\/p>\n<p><strong>NEN-EN-IEC 62619:2022 - Piles et batteries secondaires contenant des \u00e9lectrolytes alcalins ou d'autres \u00e9lectrolytes non acides - Prescriptions de s\u00e9curit\u00e9 pour les piles et batteries secondaires au lithium destin\u00e9es \u00e0 des applications industrielles<\/strong><\/p>\n<p><strong>NEN-EN-IEC 61000-6-2\u3001EN IEC 61000-6-4<\/strong><\/p>\n<p><strong>UL 9540A:2019 \u00e9dition 4 - Norme relative \u00e0 la m\u00e9thode d'essai pour l'\u00e9valuation de la propagation de l'incendie par emballement thermique dans les syst\u00e8mes de stockage d'\u00e9nergie par batterie<\/strong><\/p>\n<p><strong>UN38.3<\/strong><\/p>\n<p>VDE4100<\/p>","protected":false},"excerpt":{"rendered":"<p>&nbsp; L'assemblage est effectu\u00e9 par votre installateur local avec l'aide de notre personnel technique. Blauhoff Maxus 96Kwh Armoire de stockage d'\u00e9nergie Refroidissement liquide Garantie 10 ans 8000 cycles avec chargeur EV Subvention possible [...]<\/p>","protected":false},"featured_media":82535,"template":"","meta":{"_seopress_robots_primary_cat":"none","_seopress_titles_title":"","_seopress_titles_desc":"","_seopress_robots_index":"","_kad_blocks_custom_css":"","_kad_blocks_head_custom_js":"","_kad_blocks_body_custom_js":"","_kad_blocks_footer_custom_js":""},"product_cat":[17,18,19],"product_tag":[],"class_list":{"0":"post-82534","1":"product","2":"type-product","3":"status-publish","4":"has-post-thumbnail","6":"product_cat-home-batteries","7":"product_cat-hybrid-inverters","8":"product_cat-sets-with-inverters","10":"first","11":"instock","12":"taxable","13":"shipping-taxable","14":"purchasable","15":"product-type-simple"},"taxonomy_info":{"product_cat":[{"value":17,"label":"Home batteries"},{"value":18,"label":"Hybrid inverters"},{"value":19,"label":"Sets with inverters"}]},"featured_image_src_large":["https:\/\/ownpowr.com\/wp-content\/uploads\/2024\/05\/photo-2024-02-21-15-07-10.jpg",800,800,false],"author_info":[],"comment_info":"","_links":{"self":[{"href":"https:\/\/ownpowr.com\/fr\/wp-json\/wp\/v2\/product\/82534","targetHints":{"allow":["GET"]}}],"collection":[{"href":"https:\/\/ownpowr.com\/fr\/wp-json\/wp\/v2\/product"}],"about":[{"href":"https:\/\/ownpowr.com\/fr\/wp-json\/wp\/v2\/types\/product"}],"wp:featuredmedia":[{"embeddable":true,"href":"https:\/\/ownpowr.com\/fr\/wp-json\/wp\/v2\/media\/82535"}],"wp:attachment":[{"href":"https:\/\/ownpowr.com\/fr\/wp-json\/wp\/v2\/media?parent=82534"}],"wp:term":[{"taxonomy":"product_cat","embeddable":true,"href":"https:\/\/ownpowr.com\/fr\/wp-json\/wp\/v2\/product_cat?post=82534"},{"taxonomy":"product_tag","embeddable":true,"href":"https:\/\/ownpowr.com\/fr\/wp-json\/wp\/v2\/product_tag?post=82534"}],"curies":[{"name":"wp","href":"https:\/\/api.w.org\/{rel}","templated":true}]}}