{"id":831,"date":"2023-10-04T16:35:29","date_gmt":"2023-10-04T14:35:29","guid":{"rendered":"https:\/\/ownpowr.com\/product\/blauhoff-bess-all-in-one-10k-10kwh\/"},"modified":"2025-03-27T12:50:48","modified_gmt":"2025-03-27T10:50:48","slug":"k-star-all-in-one-10k-10kwh","status":"publish","type":"product","link":"https:\/\/ownpowr.com\/fr\/product\/blauhoff-bess-all-in-one-10k-10kwh\/","title":{"rendered":"Solution de stockage triphas\u00e9 tout-en-un K-stars 10K\/10kWh"},"content":{"rendered":"<div class=\"proInfos proInfos2 clearfix\">\n<div class=\"left\">\n<p>K-stars Solution de stockage triphas\u00e9 tout-en-un (3 phases)<\/p>\n<p>Principaux avantages<\/p>\n<ul>\n<li>Utilise la batterie LFP haute performance CATL, r\u00e9put\u00e9e pour sa qualit\u00e9 et figurant parmi les meilleurs fournisseurs de cellules.<\/li>\n<li>Capable de g\u00e9rer une entr\u00e9e PV substantielle de 20KW, avec 10KW pour la charge et 10KW pour la sortie AC.<\/li>\n<li>Sa conception modulaire permet d'\u00e9tendre le syst\u00e8me de stockage d'\u00e9nergie gr\u00e2ce \u00e0 plusieurs unit\u00e9s de 5.12KWH.<\/li>\n<li>Fournit une sortie de secours triphas\u00e9e robuste de 10KW, avec un temps de commutation marche\/arr\u00eat du r\u00e9seau inf\u00e9rieur \u00e0 20ms.<\/li>\n<li>Comprend un syst\u00e8me de gestion de l'\u00e9nergie (EMS), ce qui le rend polyvalent pour diverses applications.<\/li>\n<li>Prend en charge un maximum de 4 unit\u00e9s en parall\u00e8le pour une production de secours en mode hors r\u00e9seau.<\/li>\n<li>Conception rationalis\u00e9e tout-en-un pour plus de commodit\u00e9 et d'efficacit\u00e9.<\/li>\n<li>Il pr\u00e9sente un rendement \u00e9lev\u00e9, atteignant 97,6%.<\/li>\n<li>La protection IP65 garantit la durabilit\u00e9 et la r\u00e9sistance de l'appareil.<\/li>\n<li>Fonctionnalit\u00e9 optionnelle de surveillance des cha\u00eenes.<\/li>\n<li>Simplifie les proc\u00e9dures d'installation.<\/li>\n<li>\u00c9quip\u00e9 d'un contr\u00f4leur num\u00e9rique.<\/li>\n<li>Comprend une protection contre les surtensions DC\/AC.<\/li>\n<li>Incorpore un contr\u00f4leur de puissance r\u00e9active.<\/li>\n<\/ul>\n<p>BluE-S- E10KT<\/p>\n<p>2 x 5.1k Pack<\/p>\n<p>1x kit de connexion pour Blue- 2x 5.1 pack<\/p>\n<p>Informations sur la garantie<\/p>\n<ul>\n<li>Il b\u00e9n\u00e9ficie d'une garantie de 10 ans.<\/li>\n<li>Con\u00e7u pour une dur\u00e9e impressionnante de 10 000 cycles.<\/li>\n<\/ul>\n<p>Offre sp\u00e9ciale d'installation<\/p>\n<ul>\n<li>Disponible pour installation aux Pays-Bas \u00e0 un prix sp\u00e9cial de seulement 750 euros !<\/li>\n<\/ul>\n<p><a href=\"https:\/\/ownpowr.com\/wp-content\/uploads\/2023\/10\/datasheet-k-star-blue.pdf\" target=\"_blank\" rel=\"noopener\">Fiche technique K-Star BluE<\/a><\/p>\n<\/div>\n<\/div>\n<div class=\"hotBuy hotBuy2 clearfix\">\n<div class=\"left\">\n<div class=\"a\">\n<p>&nbsp;<\/p>\n<\/div>\n<\/div>\n<\/div>","protected":false},"excerpt":{"rendered":"<p>Blauhoff<\/p>\n<p>Garantie de 10 ans<\/p>\n<p>10000 cycles<\/p>\n<p>80% DOD<\/p>","protected":false},"featured_media":832,"template":"","meta":{"_seopress_robots_primary_cat":"none","_seopress_titles_title":"K-star All-In-One Three Phase Storage Solution | High Performance LFP Battery","_seopress_titles_desc":"Get the K-star All-In-One Three Phase Storage Solution with CATL high performance LFP battery. 20KW PV input, modular design, easy installation, and more.","_seopress_robots_index":"","_kad_blocks_custom_css":"","_kad_blocks_head_custom_js":"","_kad_blocks_body_custom_js":"","_kad_blocks_footer_custom_js":""},"product_cat":[17,19],"product_tag":[],"class_list":{"0":"post-831","1":"product","2":"type-product","3":"status-publish","4":"has-post-thumbnail","6":"product_cat-home-batteries","7":"product_cat-sets-with-inverters","9":"first","10":"instock","11":"sale","12":"taxable","13":"shipping-taxable","14":"purchasable","15":"product-type-simple"},"taxonomy_info":{"product_cat":[{"value":17,"label":"Home batteries"},{"value":19,"label":"Sets with inverters"}]},"featured_image_src_large":["https:\/\/ownpowr.com\/wp-content\/uploads\/2023\/04\/Ontwerp-zonder-titel-1024x1024.png",1024,1024,true],"author_info":[],"comment_info":"","_links":{"self":[{"href":"https:\/\/ownpowr.com\/fr\/wp-json\/wp\/v2\/product\/831","targetHints":{"allow":["GET"]}}],"collection":[{"href":"https:\/\/ownpowr.com\/fr\/wp-json\/wp\/v2\/product"}],"about":[{"href":"https:\/\/ownpowr.com\/fr\/wp-json\/wp\/v2\/types\/product"}],"wp:featuredmedia":[{"embeddable":true,"href":"https:\/\/ownpowr.com\/fr\/wp-json\/wp\/v2\/media\/832"}],"wp:attachment":[{"href":"https:\/\/ownpowr.com\/fr\/wp-json\/wp\/v2\/media?parent=831"}],"wp:term":[{"taxonomy":"product_cat","embeddable":true,"href":"https:\/\/ownpowr.com\/fr\/wp-json\/wp\/v2\/product_cat?post=831"},{"taxonomy":"product_tag","embeddable":true,"href":"https:\/\/ownpowr.com\/fr\/wp-json\/wp\/v2\/product_tag?post=831"}],"curies":[{"name":"wp","href":"https:\/\/api.w.org\/{rel}","templated":true}]}}