{"id":902,"date":"2023-10-04T16:42:22","date_gmt":"2023-10-04T14:42:22","guid":{"rendered":"https:\/\/ownpowr.com\/product\/koyoe-20kw-three-phase-include-wire-wifi-smart-meter\/"},"modified":"2025-03-27T13:38:52","modified_gmt":"2025-03-27T11:38:52","slug":"koyoe-20kw-three-phase-include-wire-wifi-smart-meter","status":"publish","type":"product","link":"https:\/\/ownpowr.com\/fr\/product\/koyoe-20kw-three-phase-include-wire-wifi-smart-meter\/","title":{"rendered":"Onduleur Koyoe 20kw triphas\u00e9, c\u00e2ble, wifi, compteur intelligent inclus"},"content":{"rendered":"<h1>Onduleur Koyoe 20kw triphas\u00e9, c\u00e2ble, wifi, compteur intelligent inclus<\/h1>\n<p>Marque : Koyoe<\/p>\n<p>Code produit \/ SKU : KY-EST20KH<\/p>\n<p>&nbsp;<\/p>\n<h2>Description<\/h2>\n<p><strong>Conception modulaire<\/strong><\/p>\n<p>Conception modulaire, installation superpos\u00e9e, apparence simple, int\u00e9gration du modem domestique ;<\/p>\n<p><strong>Interrupteur Smar<\/strong><\/p>\n<p>Fonctionnement hors r\u00e9seau, prise en charge de l'alimentation \u00e9lectrique de secours et commutation transparente ;<\/p>\n<p><strong>Large plage de tension d'entr\u00e9e<\/strong><\/p>\n<p>Gamme de tension photovolta\u00efque ultra large 120V-500V, batterie et gamme de tension ultra large 85V-450V ;<\/p>\n<p><strong>S\u00fbr et fiable<\/strong><\/p>\n<p>Refroidissement intelligent de l'air, faible augmentation de la temp\u00e9rature. Longue dur\u00e9e de vie, fonctions de protection multiples ;<\/p>\n<p><strong>Intelligent et simple<\/strong><\/p>\n<p>Prise en charge de la conception GPRS\/WIFI\/RS485\/USBLCD, permettant la surveillance \u00e0 distance ;<\/p>\n<p><strong>Rendement \u00e9nerg\u00e9tique \u00e9lev\u00e9<\/strong><\/p>\n<p>Moins de r\u00e9duction de la puissance de sortie \u00e0 haute temp\u00e9rature,<br \/>\navec un rendement am\u00e9lior\u00e9, puissance d'entr\u00e9e PV maximale jusqu'\u00e0<br \/>\n1,3 fois la puissance nominale<\/p>\n<p>&nbsp;<\/p>\n<p>T\u00e9l\u00e9chargements<\/p>\n<p><a href=\"https:\/\/storeyourownpower.com\/wp-content\/uploads\/2023\/05\/Templates_cn_file_Ess-Warranty.pdf\">Garantie_Templates_cn_file_Ess<\/a><\/p>\n<p><a href=\"https:\/\/storeyourownpower.com\/wp-content\/uploads\/2023\/05\/Templates_cn_file_energy_10kw.pdf\">Mod\u00e8les_cn_file_\u00e9nergie_10kw<\/a><\/p>","protected":false},"excerpt":{"rendered":"<p>Koyoe 20kw Inverter Three Phase, include wire, wifi, smart meter Brand : Koyoe Code produit \/ SKU : KY-EST20KH Description Conception modulaire Conception modulaire, installation empil\u00e9e apparence simple de signe, int\u00e9gration [...]<\/p>","protected":false},"featured_media":903,"template":"","meta":{"_seopress_robots_primary_cat":"none","_seopress_titles_title":"Koyoe 20kw Inverter Three Phase - Wire, WiFi, Smart Meter","_seopress_titles_desc":"Introducing the Koyoe 20kw Inverter Three Phase with modular design for simple installation. Enjoy seamless switching and emergency power supply. Wide voltage input range ensures safe operation. Smart air cooling and multiple protection functions guarantee reliability. Remote monitoring and high power efficiency make this inverter a smart choice for your energy needs.","_seopress_robots_index":"","_kad_blocks_custom_css":"","_kad_blocks_head_custom_js":"","_kad_blocks_body_custom_js":"","_kad_blocks_footer_custom_js":""},"product_cat":[18],"product_tag":[],"class_list":{"0":"post-902","1":"product","2":"type-product","3":"status-publish","4":"has-post-thumbnail","6":"product_cat-hybrid-inverters","8":"first","9":"instock","10":"sale","11":"taxable","12":"shipping-taxable","13":"purchasable","14":"product-type-simple"},"taxonomy_info":{"product_cat":[{"value":18,"label":"Hybrid inverters"}]},"featured_image_src_large":["https:\/\/ownpowr.com\/wp-content\/uploads\/2023\/05\/Koyoe-10kW-3-Phase-Hybrid-Inverter1-1024x1024.png",1024,1024,true],"author_info":[],"comment_info":"","_links":{"self":[{"href":"https:\/\/ownpowr.com\/fr\/wp-json\/wp\/v2\/product\/902","targetHints":{"allow":["GET"]}}],"collection":[{"href":"https:\/\/ownpowr.com\/fr\/wp-json\/wp\/v2\/product"}],"about":[{"href":"https:\/\/ownpowr.com\/fr\/wp-json\/wp\/v2\/types\/product"}],"wp:featuredmedia":[{"embeddable":true,"href":"https:\/\/ownpowr.com\/fr\/wp-json\/wp\/v2\/media\/903"}],"wp:attachment":[{"href":"https:\/\/ownpowr.com\/fr\/wp-json\/wp\/v2\/media?parent=902"}],"wp:term":[{"taxonomy":"product_cat","embeddable":true,"href":"https:\/\/ownpowr.com\/fr\/wp-json\/wp\/v2\/product_cat?post=902"},{"taxonomy":"product_tag","embeddable":true,"href":"https:\/\/ownpowr.com\/fr\/wp-json\/wp\/v2\/product_tag?post=902"}],"curies":[{"name":"wp","href":"https:\/\/api.w.org\/{rel}","templated":true}]}}