{"id":917,"date":"2023-10-04T16:42:59","date_gmt":"2023-10-04T14:42:59","guid":{"rendered":"https:\/\/ownpowr.com\/product\/pylontech-force-h1-bmu-base-v2\/"},"modified":"2025-02-20T12:30:23","modified_gmt":"2025-02-20T10:30:23","slug":"pylontech-force-h1-bmu-v2","status":"publish","type":"product","link":"https:\/\/ownpowr.com\/fr\/product\/pylontech-force-h1-bmu-v2\/","title":{"rendered":"Pylontech force H1 BMU base V2"},"content":{"rendered":"<p>Pylontech Force H1 V2 BMU Unit\u00e9 de gestion de la batterie de base<\/p>\n<p>Pylontech Force H1 V2 BMU Base Battery Management Unit sert de lien de communication entre la batterie Force H1 et l'onduleur. Veuillez noter qu'une BMU est n\u00e9cessaire par pile de batteries.<\/p>\n<ul>\n<li>Facilite la communication entre la batterie Force H1 et l'onduleur.<\/li>\n<\/ul>\n<p>Pylontech est sp\u00e9cialis\u00e9e dans la fabrication de batteries haute et basse tension pour des applications r\u00e9sidentielles et commerciales.<\/p>\n<p>Acc\u00e9dez aux documents relatifs aux produits pour plus d'informations.<\/p>\n<ul>\n<li><a title=\"Fiche technique Pylontech Force H1 yoa2dg9dkeusferjubbq doc link\" href=\"https:\/\/res.cloudinary.com\/gpceurope\/image\/upload\/v1620655621\/yoa2dg9dkeusferjubbq.pdf\" target=\"_blank\" rel=\"noopener\">\u00a0Fiche technique Pylontech Force H1<\/a><\/li>\n<li><a title=\"Pylontech Liste des onduleurs compatibles wnvulbkipwxriesvmtmj doc link\" href=\"https:\/\/res.cloudinary.com\/gpceurope\/image\/upload\/v1620655628\/wnvulbkipwxriesvmtmj.pdf\" target=\"_blank\" rel=\"noopener\">\u00a0Liste des onduleurs compatibles Pylontech<\/a><\/li>\n<li><a title=\"Manuel d&#039;installation Pylontech Force H1 ndvnntilslprssd02qcw doc link\" href=\"https:\/\/res.cloudinary.com\/gpceurope\/image\/upload\/v1620655640\/ndvnntilslprssd02qcw.pdf\" target=\"_blank\" rel=\"noopener\">\u00a0Manuel d'installation Pylontech Force H1<\/a><\/li>\n<li><a title=\"Garantie limit\u00e9e quvv15iw5v0lk6cavph9 doc link\" href=\"https:\/\/res.cloudinary.com\/gpceurope\/image\/upload\/v1645348537\/quvv15iw5v0lk6cavph9.pdf\" target=\"_blank\" rel=\"noopener\">\u00a0Garantie limit\u00e9e<\/a><\/li>\n<li><a href=\"https:\/\/storeyourownpower.com\/wp-content\/uploads\/2022\/10\/Datasheet-English-2.pdf\" target=\"_blank\" rel=\"noopener\">Fiche technique Anglais<\/a><\/li>\n<li><a href=\"https:\/\/storeyourownpower.com\/wp-content\/uploads\/2022\/10\/Compatibility-list-English.pdf\" target=\"_blank\" rel=\"noopener\">Liste de compatibilit\u00e9 Anglais<\/a><\/li>\n<li><a href=\"https:\/\/storeyourownpower.com\/wp-content\/uploads\/2022\/10\/Operation-manual-English.pdf\" target=\"_blank\" rel=\"noopener\">Manuel d'utilisation Anglais<\/a><\/li>\n<li><a href=\"https:\/\/storeyourownpower.com\/wp-content\/uploads\/2022\/10\/Consumer-Warranty.pdf\" target=\"_blank\" rel=\"noopener\">Garantie pour les consommateurs<\/a><\/li>\n<\/ul>","protected":false},"excerpt":{"rendered":"<p>Ce module de gestion de base est pr\u00eat pour les onduleurs Kostal ! !!<\/p>","protected":false},"featured_media":425,"template":"","meta":{"_seopress_robots_primary_cat":"none","_seopress_titles_title":"PYLONTECH FORCE H1 V2 BMU Base Battery Management Unit","_seopress_titles_desc":"Communication unit between the Force H1 battery and the inverter. Find product documents, compatibility list, installation manual, and warranty.","_seopress_robots_index":"","_kad_blocks_custom_css":"","_kad_blocks_head_custom_js":"","_kad_blocks_body_custom_js":"","_kad_blocks_footer_custom_js":""},"product_cat":[17],"product_tag":[],"class_list":{"0":"post-917","1":"product","2":"type-product","3":"status-publish","4":"has-post-thumbnail","6":"product_cat-home-batteries","8":"first","9":"instock","10":"sale","11":"taxable","12":"shipping-taxable","13":"purchasable","14":"product-type-simple"},"taxonomy_info":{"product_cat":[{"value":17,"label":"Home batteries"}]},"featured_image_src_large":["https:\/\/ownpowr.com\/wp-content\/uploads\/2023\/05\/IMG_0548.webp",800,408,false],"author_info":[],"comment_info":"","_links":{"self":[{"href":"https:\/\/ownpowr.com\/fr\/wp-json\/wp\/v2\/product\/917","targetHints":{"allow":["GET"]}}],"collection":[{"href":"https:\/\/ownpowr.com\/fr\/wp-json\/wp\/v2\/product"}],"about":[{"href":"https:\/\/ownpowr.com\/fr\/wp-json\/wp\/v2\/types\/product"}],"wp:featuredmedia":[{"embeddable":true,"href":"https:\/\/ownpowr.com\/fr\/wp-json\/wp\/v2\/media\/425"}],"wp:attachment":[{"href":"https:\/\/ownpowr.com\/fr\/wp-json\/wp\/v2\/media?parent=917"}],"wp:term":[{"taxonomy":"product_cat","embeddable":true,"href":"https:\/\/ownpowr.com\/fr\/wp-json\/wp\/v2\/product_cat?post=917"},{"taxonomy":"product_tag","embeddable":true,"href":"https:\/\/ownpowr.com\/fr\/wp-json\/wp\/v2\/product_tag?post=917"}],"curies":[{"name":"wp","href":"https:\/\/api.w.org\/{rel}","templated":true}]}}