{"id":932,"date":"2023-10-04T16:37:39","date_gmt":"2023-10-04T14:37:39","guid":{"rendered":"https:\/\/ownpowr.com\/product\/enphase-encharge-3t-battery-only-15-year-warantee\/"},"modified":"2025-04-02T14:31:50","modified_gmt":"2025-04-02T12:31:50","slug":"enphase-encharge-3t-battery","status":"publish","type":"product","link":"https:\/\/ownpowr.com\/fr\/product\/batterie-enphase-encharge-3t\/","title":{"rendered":"Batterie Enphase Encharge 3T"},"content":{"rendered":"<p>Enphase Encharge 3T avec une garantie de 15 ans<\/p>\n<p>Remarque : la certification de l'installateur est obligatoire ! Visitez l'Universit\u00e9 Enphase pour compl\u00e9ter votre certification.<\/p>\n<p>Enphase IQ Battery 3T\/10T Avantages de l'Enphase IQ 3T et 10T :<\/p>\n<ul>\n<li>Syst\u00e8me de batterie CA enti\u00e8rement int\u00e9gr\u00e9 avec micro-onduleurs IQ 8X-BAT int\u00e9gr\u00e9s<\/li>\n<li>Connexion simple \u00e0 l'alimentation en courant alternatif d'une installation domestique standard<\/li>\n<li>S'adapte pr\u00e9cis\u00e9ment aux circonstances sp\u00e9cifiques de l'utilisateur<\/li>\n<li>Contr\u00f4le et surveillance conviviaux par le biais d'une application mobile<\/li>\n<li>Syst\u00e8me de refroidissement passif (pas de pi\u00e8ces mobiles ni de ventilateurs)<\/li>\n<li>Durabilit\u00e9 exceptionnelle avec une garantie de 10 ans<\/li>\n<li>La certification de l'installateur est obligatoire pour l'installation de la batterie. Contactez votre gestionnaire de compte Enphase pour conna\u00eetre les d\u00e9tails de la certification.<\/li>\n<li>Assurez-vous d'avoir l'Art. 270072 - Enphase - IQ Gateway-S Metered device.<\/li>\n<li>L'Enphase IQ 3T offre une capacit\u00e9 de stockage totale de 3,5 kWh, avec quatre micro-onduleurs int\u00e9gr\u00e9s d'une puissance combin\u00e9e de 1,28 kW.<\/li>\n<li>Les installateurs peuvent facilement adapter la taille du syst\u00e8me pour r\u00e9pondre aux besoins des nouveaux clients et de ceux qui poss\u00e8dent d\u00e9j\u00e0 des panneaux solaires.<\/li>\n<\/ul>\n<p>Syst\u00e8me de stockage de batterie Encharge 3T avec micro-onduleurs Enphase IQ int\u00e9gr\u00e9s et unit\u00e9 de gestion de batterie (BMU).<\/p>\n<p>Cet ensemble comprend :<\/p>\n<ul>\n<li>1x Encharge 3T Base Unit (ENP-B03-T01-INT00-1-2)<\/li>\n<\/ul>\n<p>Profitez de la tranquillit\u00e9 d'esprit offerte par l'Enphase Encharge 3T, qui b\u00e9n\u00e9ficie d'une g\u00e9n\u00e9reuse garantie de 15 ans. Veuillez noter que la certification de l'installateur est requise pour une installation et une configuration correctes.<\/p>\n<p><strong>Plus d'informations :<\/strong><\/p>\n<ul>\n<li><a href=\"https:\/\/storeyourownpower.com\/wp-content\/uploads\/2022\/12\/Datenblatt-German-Encharge-3T.pdf\" target=\"_blank\" rel=\"noopener\">Bulletin d'information allemand Encharge 3T<\/a><\/li>\n<li><a href=\"https:\/\/storeyourownpower.com\/wp-content\/uploads\/2022\/12\/Datasheet-English-Encharge-3T.pdf\" target=\"_blank\" rel=\"noopener\">Fiche technique anglais Encharge 3T<\/a><\/li>\n<li><a href=\"https:\/\/storeyourownpower.com\/wp-content\/uploads\/2022\/12\/Warranty-terms-English-Encharge-3T.pdf\" target=\"_blank\" rel=\"noopener\">Conditions de garantie Anglais Encharge 3T<\/a><\/li>\n<li><a href=\"https:\/\/storeyourownpower.com\/wp-content\/uploads\/2022\/12\/Warranty-terms-German-Encharge-3T.pdf\" target=\"_blank\" rel=\"noopener\">Conditions de garantie German Encharge 3T<\/a><\/li>\n<li><a href=\"https:\/\/storeyourownpower.com\/wp-content\/uploads\/2022\/12\/Mounting-instructions-English-Encharge-3T.pdf\" target=\"_blank\" rel=\"noopener\">Instructions de montage Anglais Encharge 3T<\/a><\/li>\n<\/ul>","protected":false},"excerpt":{"rendered":"<p>15 ans de garantie dans ce prix !<\/p>","protected":false},"featured_media":39969,"template":"","meta":{"_seopress_robots_primary_cat":"none","_seopress_titles_title":"Enphase Encharge 3T: 15-Year Warranty, Installer Certification Required","_seopress_titles_desc":"Discover the advantages of Enphase IQ Battery 3T\/10T, a fully integrated AC battery system that optimally adjusts to your needs. Get certified at Enphase University.","_seopress_robots_index":"","_kad_blocks_custom_css":"","_kad_blocks_head_custom_js":"","_kad_blocks_body_custom_js":"","_kad_blocks_footer_custom_js":""},"product_cat":[17],"product_tag":[],"class_list":{"0":"post-932","1":"product","2":"type-product","3":"status-publish","4":"has-post-thumbnail","6":"product_cat-home-batteries","8":"first","9":"outofstock","10":"sale","11":"taxable","12":"shipping-taxable","13":"purchasable","14":"product-type-simple"},"taxonomy_info":{"product_cat":[{"value":17,"label":"Home batteries"}]},"featured_image_src_large":["https:\/\/ownpowr.com\/wp-content\/uploads\/2023\/10\/enphase-iq-batterij-3t-achterkant-900x900-2.jpeg",658,658,false],"author_info":[],"comment_info":"","_links":{"self":[{"href":"https:\/\/ownpowr.com\/fr\/wp-json\/wp\/v2\/product\/932","targetHints":{"allow":["GET"]}}],"collection":[{"href":"https:\/\/ownpowr.com\/fr\/wp-json\/wp\/v2\/product"}],"about":[{"href":"https:\/\/ownpowr.com\/fr\/wp-json\/wp\/v2\/types\/product"}],"wp:featuredmedia":[{"embeddable":true,"href":"https:\/\/ownpowr.com\/fr\/wp-json\/wp\/v2\/media\/39969"}],"wp:attachment":[{"href":"https:\/\/ownpowr.com\/fr\/wp-json\/wp\/v2\/media?parent=932"}],"wp:term":[{"taxonomy":"product_cat","embeddable":true,"href":"https:\/\/ownpowr.com\/fr\/wp-json\/wp\/v2\/product_cat?post=932"},{"taxonomy":"product_tag","embeddable":true,"href":"https:\/\/ownpowr.com\/fr\/wp-json\/wp\/v2\/product_tag?post=932"}],"curies":[{"name":"wp","href":"https:\/\/api.w.org\/{rel}","templated":true}]}}