{"id":1761,"date":"2023-08-31T23:36:30","date_gmt":"2023-08-31T21:36:30","guid":{"rendered":"https:\/\/ownpowr.com\/?page_id=1761"},"modified":"2023-09-11T14:41:36","modified_gmt":"2023-09-11T12:41:36","slug":"privacy-policy","status":"publish","type":"page","link":"https:\/\/ownpowr.com\/hu\/adatvedelmi-politika\/","title":{"rendered":"Adatv\u00e9delmi szab\u00e1lyzat"},"content":{"rendered":"<p>Az Ownpowr-n\u00e9l, amely a https:\/\/ownpowr.com c\u00edmen \u00e9rhet\u0151 el, az egyik legfontosabb priorit\u00e1sunk a l\u00e1togat\u00f3ink mag\u00e1n\u00e9let\u00e9nek v\u00e9delme. Ez az adatv\u00e9delmi ir\u00e1nyelvek dokumentum tartalmazza az Ownpowr \u00e1ltal gy\u0171jt\u00f6tt \u00e9s r\u00f6gz\u00edtett inform\u00e1ci\u00f3k t\u00edpusait \u00e9s felhaszn\u00e1l\u00e1suk m\u00f3dj\u00e1t.<\/p><p>Ha tov\u00e1bbi k\u00e9rd\u00e9sei vannak, vagy tov\u00e1bbi inform\u00e1ci\u00f3kra van sz\u00fcks\u00e9ge az Adatv\u00e9delmi szab\u00e1lyzatunkkal kapcsolatban, forduljon hozz\u00e1nk bizalommal. Adatv\u00e9delmi szab\u00e1lyzatunk a k\u00f6vetkez\u0151k seg\u00edts\u00e9g\u00e9vel k\u00e9sz\u00fclt <a href=\"https:\/\/www.gdprprivacynotice.com\/\">GDPR Adatv\u00e9delmi szab\u00e1lyzat gener\u00e1tor<\/a><\/p><h3 class=\"wp-block-heading\">\u00c1ltal\u00e1nos adatv\u00e9delmi rendelet (GDPR)<\/h3><p>Mi vagyunk az \u00d6n adatainak adatkezel\u0151je.<\/p><p>A Blauhoff a jelen Adatv\u00e9delmi szab\u00e1lyzatban le\u00edrt szem\u00e9lyes adatok gy\u0171jt\u00e9s\u00e9nek \u00e9s felhaszn\u00e1l\u00e1s\u00e1nak jogalapja az \u00e1ltalunk gy\u0171jt\u00f6tt szem\u00e9lyes adatokt\u00f3l \u00e9s att\u00f3l a konkr\u00e9t kontextust\u00f3l f\u00fcgg, amelyben az adatokat gy\u0171jtj\u00fck:<\/p><ul class=\"wp-block-list\"><li>A Blauhoffnak szerz\u0151d\u00e9st kell k\u00f6tnie \u00d6nnel.<\/li>\n\n<li>\u00d6n enged\u00e9lyt adott a Blauhoffnak erre.<\/li>\n\n<li>Az \u00d6n szem\u00e9lyes adatainak feldolgoz\u00e1sa a Blauhoff jogos \u00e9rdeke<\/li>\n\n<li>Blauhoffnak be kell tartania a t\u00f6rv\u00e9nyt<\/li><\/ul><p>A Blauhoff csak addig \u0151rzi meg az \u00d6n szem\u00e9lyes adatait, am\u00edg az a jelen Adatv\u00e9delmi szab\u00e1lyzatban meghat\u00e1rozott c\u00e9lokra sz\u00fcks\u00e9ges. Az \u00d6n adatait a jogi k\u00f6telezetts\u00e9geinknek val\u00f3 megfelel\u00e9shez, a vit\u00e1k rendez\u00e9s\u00e9hez \u00e9s az ir\u00e1nyelveink \u00e9rv\u00e9nyes\u00edt\u00e9s\u00e9hez sz\u00fcks\u00e9ges m\u00e9rt\u00e9kben \u0151rizz\u00fck meg \u00e9s haszn\u00e1ljuk fel.<\/p><p>Ha \u00d6n az Eur\u00f3pai Gazdas\u00e1gi T\u00e9rs\u00e9g (EGT) lakosa, bizonyos adatv\u00e9delmi jogokkal rendelkezik. Ha t\u00e1j\u00e9koztat\u00e1st szeretne kapni arr\u00f3l, hogy milyen szem\u00e9lyes adatokat t\u00e1rolunk \u00d6nr\u0151l, \u00e9s ha azt szeretn\u00e9, hogy azokat elt\u00e1vol\u00edtsuk a rendszereinkb\u0151l, k\u00e9rj\u00fck, l\u00e9pjen kapcsolatba vel\u00fcnk.<\/p><p>Bizonyos k\u00f6r\u00fclm\u00e9nyek k\u00f6z\u00f6tt az al\u00e1bbi adatv\u00e9delmi jogok illetik meg \u00d6nt:<\/p><ul class=\"wp-block-list\"><li>Az \u00d6nr\u0151l t\u00e1rolt inform\u00e1ci\u00f3khoz val\u00f3 hozz\u00e1f\u00e9r\u00e9s, azok friss\u00edt\u00e9se vagy t\u00f6rl\u00e9se.<\/li>\n\n<li>A helyesb\u00edt\u00e9shez val\u00f3 jog.<\/li>\n\n<li>A tiltakoz\u00e1s joga.<\/li>\n\n<li>A korl\u00e1toz\u00e1s joga.<\/li>\n\n<li>Az adathordozhat\u00f3s\u00e1ghoz val\u00f3 jog<\/li>\n\n<li>A hozz\u00e1j\u00e1rul\u00e1s visszavon\u00e1s\u00e1hoz val\u00f3 jog<\/li><\/ul><h3 class=\"wp-block-heading\">Napl\u00f3f\u00e1jlok<\/h3><p>Az Ownpowr szabv\u00e1nyos elj\u00e1r\u00e1st k\u00f6vet a napl\u00f3f\u00e1jlok haszn\u00e1lat\u00e1ra. Ezek a f\u00e1jlok napl\u00f3zz\u00e1k a l\u00e1togat\u00f3kat, amikor azok weboldalakat l\u00e1togatnak. Ezt minden t\u00e1rhelyszolg\u00e1ltat\u00f3 c\u00e9g megteszi, \u00e9s a t\u00e1rhelyszolg\u00e1ltat\u00e1sok analitik\u00e1j\u00e1nak r\u00e9sze. A napl\u00f3f\u00e1jlok \u00e1ltal gy\u0171jt\u00f6tt inform\u00e1ci\u00f3k k\u00f6z\u00e9 tartoznak az internetprotokoll (IP) c\u00edmek, a b\u00f6ng\u00e9sz\u0151 t\u00edpusa, az internetszolg\u00e1ltat\u00f3 (ISP), a d\u00e1tum \u00e9s az id\u0151b\u00e9lyegz\u0151, a hivatkoz\u00f3\/kil\u00e9p\u0151 oldalak \u00e9s esetleg a kattint\u00e1sok sz\u00e1ma. Ezek nem kapcsol\u00f3dnak semmilyen szem\u00e9lyazonos\u00edt\u00e1sra alkalmas inform\u00e1ci\u00f3hoz. Az inform\u00e1ci\u00f3k c\u00e9lja a trendek elemz\u00e9se, az oldal adminisztr\u00e1ci\u00f3ja, a felhaszn\u00e1l\u00f3k weboldalon val\u00f3 mozg\u00e1s\u00e1nak nyomon k\u00f6vet\u00e9se \u00e9s demogr\u00e1fiai inform\u00e1ci\u00f3k gy\u0171jt\u00e9se.<\/p><h3 class=\"wp-block-heading\">S\u00fctik \u00e9s webjelz\u0151k<\/h3><p>Mint minden m\u00e1s weboldal, az Ownpowr is haszn\u00e1l \"s\u00fctiket\". Ezek a cookie-k arra szolg\u00e1lnak, hogy inform\u00e1ci\u00f3kat t\u00e1roljanak, bele\u00e9rtve a l\u00e1togat\u00f3k preferenci\u00e1it \u00e9s a weboldal azon oldalait, amelyeket a l\u00e1togat\u00f3 felkeresett vagy megl\u00e1togatott. Ezeket az inform\u00e1ci\u00f3kat arra haszn\u00e1ljuk, hogy optimaliz\u00e1ljuk a felhaszn\u00e1l\u00f3k felhaszn\u00e1l\u00f3i \u00e9lm\u00e9ny\u00e9t az\u00e1ltal, hogy a l\u00e1togat\u00f3k b\u00f6ng\u00e9sz\u0151j\u00e9nek t\u00edpusa \u00e9s\/vagy egy\u00e9b inform\u00e1ci\u00f3i alapj\u00e1n testre szabjuk a weboldal tartalm\u00e1t.<\/p><h3 class=\"wp-block-heading\">Adatv\u00e9delmi ir\u00e1nyelvek<\/h3><p>Az Ownpowr egyes hirdet\u00e9si partnereinek adatv\u00e9delmi szab\u00e1lyzat\u00e1t ezen a list\u00e1n tal\u00e1lja.<\/p><p>Harmadik f\u00e9l hirdet\u00e9si szerverek vagy hirdet\u00e9si h\u00e1l\u00f3zatok olyan technol\u00f3gi\u00e1kat haszn\u00e1lnak, mint a cookie-k, JavaScript vagy webjelz\u0151k, amelyeket az Ownpowr weboldalon megjelen\u0151 hirdet\u00e9seikben \u00e9s linkjeikben haszn\u00e1lnak, \u00e9s amelyeket k\u00f6zvetlen\u00fcl a felhaszn\u00e1l\u00f3k b\u00f6ng\u00e9sz\u0151j\u00e9hez k\u00fcldenek. Ilyenkor automatikusan megkapj\u00e1k az \u00d6n IP-c\u00edm\u00e9t. Ezeket a technol\u00f3gi\u00e1kat rekl\u00e1mkamp\u00e1nyaik hat\u00e9konys\u00e1g\u00e1nak m\u00e9r\u00e9s\u00e9re \u00e9s\/vagy az \u00d6n \u00e1ltal megl\u00e1togatott weboldalakon megjelen\u0151 hirdet\u00e9si tartalmak szem\u00e9lyre szab\u00e1s\u00e1ra haszn\u00e1lj\u00e1k.<\/p><p>Vegye figyelembe, hogy az Ownpowr nem rendelkezik hozz\u00e1f\u00e9r\u00e9ssel vagy ellen\u0151rz\u00e9ssel a harmadik f\u00e9l hirdet\u0151k \u00e1ltal haszn\u00e1lt cookie-k felett.<\/p><h3 class=\"wp-block-heading\">Harmadik f\u00e9l adatv\u00e9delmi ir\u00e1nyelvei<\/h3><p>Az Ownpowr adatv\u00e9delmi ir\u00e1nyelvei nem vonatkoznak m\u00e1s hirdet\u0151kre vagy webhelyekre. Ez\u00e9rt azt tan\u00e1csoljuk, hogy a r\u00e9szletesebb inform\u00e1ci\u00f3k\u00e9rt tekintse meg az ilyen harmadik f\u00e9l hirdet\u00e9skiszolg\u00e1l\u00f3k adatv\u00e9delmi szab\u00e1lyzat\u00e1t. Ez tartalmazhatja a gyakorlatukat \u00e9s az egyes lehet\u0151s\u00e9gek letilt\u00e1s\u00e1ra vonatkoz\u00f3 utas\u00edt\u00e1sokat.<\/p><p>A s\u00fctik letilt\u00e1s\u00e1t egy\u00e9ni b\u00f6ng\u00e9sz\u0151je be\u00e1ll\u00edt\u00e1sain kereszt\u00fcl v\u00e1laszthatja. Az egyes webb\u00f6ng\u00e9sz\u0151kkel t\u00f6rt\u00e9n\u0151 cookie-kezel\u00e9ssel kapcsolatos r\u00e9szletesebb inform\u00e1ci\u00f3k a b\u00f6ng\u00e9sz\u0151k megfelel\u0151 weboldalain tal\u00e1lhat\u00f3k.<\/p><h3 class=\"wp-block-heading\">Gyermekinform\u00e1ci\u00f3k<\/h3><p>Kiemelt feladatunk tov\u00e1bb\u00e1 a gyermekek v\u00e9delme az internethaszn\u00e1lat sor\u00e1n. Arra \u00f6szt\u00f6n\u00f6zz\u00fck a sz\u00fcl\u0151ket \u00e9s a gy\u00e1mokat, hogy figyelj\u00e9k, vegyenek r\u00e9szt \u00e9s\/vagy fel\u00fcgyelj\u00e9k \u00e9s ir\u00e1ny\u00edts\u00e1k online tev\u00e9kenys\u00e9g\u00fcket.<\/p><p>Az Ownpowr tudatosan nem gy\u0171jt semmilyen szem\u00e9lyes azonos\u00edthat\u00f3 inform\u00e1ci\u00f3t 13 \u00e9v alatti gyermekekt\u0151l. Ha \u00fagy gondolja, hogy gyermeke ilyen jelleg\u0171 inform\u00e1ci\u00f3kat adott meg a weboldalunkon, javasoljuk, hogy azonnal l\u00e9pjen kapcsolatba vel\u00fcnk, \u00e9s mi mindent megtesz\u00fcnk, hogy azonnal elt\u00e1vol\u00edtsuk az ilyen inform\u00e1ci\u00f3kat a nyilv\u00e1ntart\u00e1sunkb\u00f3l.<\/p><h3 class=\"wp-block-heading\">Kiz\u00e1r\u00f3lag online adatv\u00e9delmi ir\u00e1nyelvek<\/h3><p>Adatv\u00e9delmi szab\u00e1lyzatunk csak az online tev\u00e9kenys\u00e9geinkre vonatkozik, \u00e9s a weboldalunk l\u00e1togat\u00f3ira \u00e9rv\u00e9nyes az Ownpowr-ben megosztott \u00e9s\/vagy gy\u0171jt\u00f6tt inform\u00e1ci\u00f3k tekintet\u00e9ben. Ez a szab\u00e1lyzat nem vonatkozik az offline vagy a weboldalon k\u00edv\u00fcli csatorn\u00e1kon kereszt\u00fcl gy\u0171jt\u00f6tt inform\u00e1ci\u00f3kra.<\/p><h3 class=\"wp-block-heading\">Hozz\u00e1j\u00e1rul\u00e1s<\/h3><p>Weboldalunk haszn\u00e1lat\u00e1val \u00d6n hozz\u00e1j\u00e1rul az Adatv\u00e9delmi szab\u00e1lyzatunkhoz, \u00e9s elfogadja annak felt\u00e9teleit.<\/p>","protected":false},"excerpt":{"rendered":"<p>Az Ownpowr-n\u00e9l, amely a https:\/\/ownpowr.com c\u00edmen \u00e9rhet\u0151 el, az egyik legfontosabb priorit\u00e1sunk a l\u00e1togat\u00f3ink mag\u00e1n\u00e9let\u00e9nek v\u00e9delme. Ez az adatv\u00e9delmi ir\u00e1nyelvek dokumentum tartalmazza az \u00e1ltalunk gy\u0171jt\u00f6tt \u00e9s r\u00f6gz\u00edtett inform\u00e1ci\u00f3k t\u00edpusait [...]<\/p>","protected":false},"author":1,"featured_media":0,"parent":0,"menu_order":0,"comment_status":"closed","ping_status":"closed","template":"","meta":{"_seopress_robots_primary_cat":"","_seopress_titles_title":"","_seopress_titles_desc":"","_seopress_robots_index":"","_kad_blocks_custom_css":"","_kad_blocks_head_custom_js":"","_kad_blocks_body_custom_js":"","_kad_blocks_footer_custom_js":"","footnotes":""},"class_list":["post-1761","page","type-page","status-publish"],"taxonomy_info":[],"featured_image_src_large":false,"author_info":{"display_name":"job-39sj@s9jal019","author_link":"https:\/\/ownpowr.com\/hu\/author\/job-39sjs9jal019\/"},"comment_info":0,"_links":{"self":[{"href":"https:\/\/ownpowr.com\/hu\/wp-json\/wp\/v2\/pages\/1761","targetHints":{"allow":["GET"]}}],"collection":[{"href":"https:\/\/ownpowr.com\/hu\/wp-json\/wp\/v2\/pages"}],"about":[{"href":"https:\/\/ownpowr.com\/hu\/wp-json\/wp\/v2\/types\/page"}],"author":[{"embeddable":true,"href":"https:\/\/ownpowr.com\/hu\/wp-json\/wp\/v2\/users\/1"}],"replies":[{"embeddable":true,"href":"https:\/\/ownpowr.com\/hu\/wp-json\/wp\/v2\/comments?post=1761"}],"version-history":[{"count":0,"href":"https:\/\/ownpowr.com\/hu\/wp-json\/wp\/v2\/pages\/1761\/revisions"}],"wp:attachment":[{"href":"https:\/\/ownpowr.com\/hu\/wp-json\/wp\/v2\/media?parent=1761"}],"curies":[{"name":"wp","href":"https:\/\/api.w.org\/{rel}","templated":true}]}}