{"id":22,"date":"2023-08-25T18:52:26","date_gmt":"2023-08-25T16:52:26","guid":{"rendered":"https:\/\/ownpowr.com\/?page_id=22"},"modified":"2023-09-11T14:43:48","modified_gmt":"2023-09-11T12:43:48","slug":"refund-returns","status":"publish","type":"page","link":"https:\/\/ownpowr.com\/hu\/visszaterites-visszaterites\/","title":{"rendered":"Visszat\u00e9r\u00edt\u00e9si \u00e9s visszat\u00e9r\u00edt\u00e9si politika"},"content":{"rendered":"<p>A term\u00e9kek sz\u00e1ll\u00edt\u00e1si ideje minden egyes term\u00e9kn\u00e9l fel van t\u00fcntetve.<br>A csomagk\u00fcld\u00e9ssel sz\u00e1ll\u00edthat\u00f3 kis anyagokat \u00e1ltal\u00e1ban 1-2 napon bel\u00fcl kisz\u00e1ll\u00edtjuk.<br><br>Ha a s\u00faly vagy a m\u00e9ret nem alkalmas a csomagk\u00fcld\u00e9sre, az anyagokat teheraut\u00f3val sz\u00e1ll\u00edtjuk. El\u0151re egyeztet\u00fcnk \u00d6nnel egy id\u0151pontot, hogy melyik napon veheti \u00e1t az anyagokat.<br><br>A sz\u00e1ll\u00edt\u00e1s napj\u00e1n reggel megkapja a v\u00e1rhat\u00f3 sz\u00e1ll\u00edt\u00e1si id\u0151t, ez egy t\u00e1j\u00e9koztat\u00f3 jelleg\u0171 id\u0151pont.<\/p><h3 class=\"wp-block-heading\"><strong>Sz\u00e1ll\u00edt\u00e1si id\u0151<\/strong><\/h3><ul class=\"wp-block-list\"><li>Csomagpostai anyagok 1-2 nap<\/li>\n\n<li>A panelek \u00e9s a r\u00f6gz\u00edt\u0151anyag 1-4 nap sz\u00e1ll\u00edt\u00e1si k\u00f6lts\u00e9geit a kos\u00e1r tartalm\u00e1nak megfelel\u0151en sz\u00e1moljuk ki. Amikor az \u00f6sszes anyagot a kos\u00e1rba helyezi, l\u00e1thatja, hogy mennyi a sz\u00e1ll\u00edt\u00e1si k\u00f6lts\u00e9g. A t\u00e9nyleges sz\u00e1ll\u00edt\u00e1si k\u00f6lts\u00e9gek l\u00e9nyegesen magasabbak.<\/li><\/ul><ul class=\"wp-block-list\"><li>Postai csomag 23 kg-ig 8,95 \u20ac<\/li>\n\n<li>Csomagk\u00fcld\u00e9s 30 kg-ig 12,50 \u20ac<\/li>\n\n<li>A 25 \u00e9s 85 eur\u00f3 k\u00f6z\u00f6tti teheraut\u00f3s sz\u00e1ll\u00edt\u00e1s a kos\u00e1rban lesz felt\u00fcntetve. <strong>Visszat\u00e9r\u00edt\u00e9s \/ el\u00e1ll\u00e1si jog<\/strong> A megrendel\u00e9st a k\u00e9zhezv\u00e9telt\u0151l sz\u00e1m\u00edtott 14 napon bel\u00fcl indokl\u00e1s n\u00e9lk\u00fcl lemondhatja. Ha \u00d6n szolg\u00e1ltat\u00e1st rendelt, p\u00e9ld\u00e1ul napelem telep\u00edt\u00e9st. Az el\u00e1ll\u00e1si jog a megrendel\u00e9s visszaigazol\u00e1s\u00e1t\u00f3l sz\u00e1m\u00edtott 14 nap eltelt\u00e9vel j\u00e1r le. Az el\u00e1ll\u00e1st k\u00f6vet\u0151en tov\u00e1bbi 14 nap \u00e1ll rendelkez\u00e9s\u00e9re, hogy visszak\u00fcldje a term\u00e9ket. Ekkor j\u00f3v\u00e1\u00edrjuk \u00d6nnek a megrendel\u00e9s teljes \u00f6sszeg\u00e9t, bele\u00e9rtve a sz\u00e1ll\u00edt\u00e1si k\u00f6lts\u00e9get is. Csak az \u00d6n otthon\u00e1t\u00f3l a web\u00e1ruh\u00e1zba t\u00f6rt\u00e9n\u0151 visszak\u00fcld\u00e9s k\u00f6lts\u00e9gei terhelik \u00d6nt. Ha \u00d6n \u00e9l az el\u00e1ll\u00e1si jog\u00e1val, a term\u00e9ket az \u00f6sszes sz\u00e1ll\u00edtott tartoz\u00e9kkal egy\u00fctt, eredeti \u00e1llapot\u00e1ban \u00e9s csomagol\u00e1s\u00e1ban kell visszak\u00fcldeni a v\u00e1llalkoz\u00f3nak. Ha \u00e9lni k\u00edv\u00e1n ezzel a jog\u00e1val, k\u00e9rj\u00fck, l\u00e9pjen kapcsolatba vel\u00fcnk a info@ownpowr.com c\u00edmen. Ezt k\u00f6vet\u0151en a visszak\u00fcld\u00e9sr\u0151l sz\u00f3l\u00f3 \u00e9rtes\u00edt\u00e9st\u0151l sz\u00e1m\u00edtott 14 napon bel\u00fcl visszat\u00e9r\u00edtj\u00fck az esed\u00e9kes rendel\u00e9si \u00f6sszeget, felt\u00e9ve, hogy a term\u00e9ket m\u00e1r rendben megkapta. Visszak\u00fcld\u00e9si c\u00edm:<br>Visszav\u00e1lthat\u00f3 sz\u00e1mla Blauhoff BV, Heemstraweg 123, 6651 KH, Druten<\/li><\/ul><h3 class=\"wp-block-heading\"><strong>Vissza Fizet\u00e9s<\/strong><\/h3><p>Az el\u00e1ll\u00e1si jog gyakorl\u00e1sa ut\u00e1n tizenn\u00e9gy napon bel\u00fcl visszakapja az \u00f6sszes kifizet\u00e9st, bele\u00e9rtve a sz\u00e1ll\u00edt\u00e1si k\u00f6lts\u00e9geket is. A visszak\u00fcld\u00e9s k\u00f6lts\u00e9geit \u00d6n maga viseli.<\/p><h3 class=\"wp-block-heading\"><strong>Az el\u00e1ll\u00e1si jog kiz\u00e1r\u00e1sa<\/strong><\/h3><ul class=\"wp-block-list\"><li>Egyedi vagy \u00f6sszetett term\u00e9kek<\/li>\n\n<li>Tartoz\u00e9kok \u00e9s szerel\u00e9si anyagok.<\/li>\n\n<li>M\u00e1r elv\u00e9gzett telep\u00edt\u00e9si munk\u00e1k<\/li>\n\n<li>V\u00e1llalati \u00fcgyfelek <strong>Gy\u0171jtem\u00e9ny<\/strong> A megrendel\u00e9st el\u0151re leadja webshopunkban, \u00e9s kiv\u00e1lasztja az \u00e1tv\u00e9teli lehet\u0151s\u00e9get. Amint feldolgoztuk a megrendel\u00e9st, kap egy visszaigazol\u00f3 e-mailt. Ebb\u0151l megtudhatja, hogy mikor veheti \u00e1t a rendel\u00e9st. Az \u00e1tv\u00e9tel h\u00e9tf\u0151t\u0151l p\u00e9ntekig 9 \u00e9s 16 \u00f3ra k\u00f6z\u00f6tt lehets\u00e9ges. A webshopban el\u0151re kell fizetnie.<\/li><\/ul>","protected":false},"excerpt":{"rendered":"<p>A term\u00e9kek sz\u00e1ll\u00edt\u00e1si ideje minden egyes term\u00e9kn\u00e9l fel van t\u00fcntetve.A csomagk\u00fcld\u00e9ssel sz\u00e1ll\u00edthat\u00f3 kis anyagokat \u00e1ltal\u00e1ban 1-2 napon bel\u00fcl kisz\u00e1ll\u00edtjuk. Ha a s\u00faly vagy a m\u00e9ret [...]<\/p>","protected":false},"author":1,"featured_media":0,"parent":0,"menu_order":0,"comment_status":"closed","ping_status":"closed","template":"","meta":{"_seopress_robots_primary_cat":"","_seopress_titles_title":"","_seopress_titles_desc":"","_seopress_robots_index":"","_kad_blocks_custom_css":"","_kad_blocks_head_custom_js":"","_kad_blocks_body_custom_js":"","_kad_blocks_footer_custom_js":"","footnotes":""},"class_list":["post-22","page","type-page","status-publish"],"taxonomy_info":[],"featured_image_src_large":false,"author_info":{"display_name":"job-39sj@s9jal019","author_link":"https:\/\/ownpowr.com\/hu\/author\/job-39sjs9jal019\/"},"comment_info":0,"_links":{"self":[{"href":"https:\/\/ownpowr.com\/hu\/wp-json\/wp\/v2\/pages\/22","targetHints":{"allow":["GET"]}}],"collection":[{"href":"https:\/\/ownpowr.com\/hu\/wp-json\/wp\/v2\/pages"}],"about":[{"href":"https:\/\/ownpowr.com\/hu\/wp-json\/wp\/v2\/types\/page"}],"author":[{"embeddable":true,"href":"https:\/\/ownpowr.com\/hu\/wp-json\/wp\/v2\/users\/1"}],"replies":[{"embeddable":true,"href":"https:\/\/ownpowr.com\/hu\/wp-json\/wp\/v2\/comments?post=22"}],"version-history":[{"count":0,"href":"https:\/\/ownpowr.com\/hu\/wp-json\/wp\/v2\/pages\/22\/revisions"}],"wp:attachment":[{"href":"https:\/\/ownpowr.com\/hu\/wp-json\/wp\/v2\/media?parent=22"}],"curies":[{"name":"wp","href":"https:\/\/api.w.org\/{rel}","templated":true}]}}