{"id":1090,"date":"2023-10-04T16:42:23","date_gmt":"2023-10-04T14:42:23","guid":{"rendered":"https:\/\/ownpowr.com\/product\/lg-chem-resu-6-5-prime\/"},"modified":"2025-02-27T12:49:47","modified_gmt":"2025-02-27T10:49:47","slug":"lg-chem-resu-6-5-prime","status":"publish","type":"product","link":"https:\/\/ownpowr.com\/hu\/product\/lg-chem-resu-6-5-prime\/","title":{"rendered":"LG Chem Resu 6.5 PRIME"},"content":{"rendered":"<p>&nbsp;<\/p>\n<p>LG CHEM RESU 6.5 LI-IO 6.5 kWh T\u00e1rol\u00f3 akkumul\u00e1tor<\/p>\n<p>LG Chem ESS Lakoss\u00e1gi energiat\u00e1rol\u00f3 rendszer Kompatibilis a Sunny Island 3.0M, Sunny Island 4.4M, Sunny Island 6.0 H, SolaX, Sungrow, Schneider, Ingeteam, GoodWe, Redback, Victron Energy.<\/p>\n<p>A RESU intelligens energiamegold\u00e1st jelent a h\u00e1ztart\u00e1sok sz\u00e1m\u00e1ra, amely a cs\u00facsid\u0151-menedzsment r\u00e9v\u00e9n hat\u00e9konyan cs\u00f6kkenti a villamosenergia-kiad\u00e1sokat. Fotovoltaikus rendszerekkel p\u00e1ros\u00edtva a RESU optimaliz\u00e1lja a saj\u00e1t termel\u00e9s\u0171 villamos energia felhaszn\u00e1l\u00e1s\u00e1t, ami tov\u00e1bb hozz\u00e1j\u00e1rul a k\u00f6lts\u00e9gmegtakar\u00edt\u00e1shoz. A RESU tov\u00e1bb\u00e1 megb\u00edzhat\u00f3 \u00e1ramforr\u00e1sk\u00e9nt szolg\u00e1l a v\u00e1ratlan \u00e1ramkimarad\u00e1sok idej\u00e9n.<\/p>\n<p>A RESU 6.5 ESS t\u00e1rol\u00f3 m\u0171szaki adatai:<\/p>\n<ul>\n<li>Villanysz\u00e1mla-megtakar\u00edt\u00e1s: Hat\u00e9kony cs\u00facsid\u0151-menedzsment<\/li>\n<li>A PV-rendszerek tiszta energi\u00e1j\u00e1nak hasznos\u00edt\u00e1sa<\/li>\n<li>Megb\u00edzhat\u00f3 t\u00e1pegys\u00e9g<\/li>\n<li>K\u00f6rnyezetbar\u00e1t anyagok<\/li>\n<li>Alacsony karbantart\u00e1s<\/li>\n<\/ul>\n<p>F\u0151bb m\u0171szaki r\u00e9szletek:<\/p>\n<ul>\n<li>Modell: RESU 6.5<\/li>\n<li>Energiakapacit\u00e1s (kWh): 6.5<\/li>\n<li>Fesz\u00fclts\u00e9g (V): 48<\/li>\n<li>Kapacit\u00e1s (Ah): 126<\/li>\n<li>Akkumul\u00e1tor-kezel\u0151 rendszer (BMS): Integr\u00e1lt<\/li>\n<li>S\u00faly (kg): 52<\/li>\n<li>M\u00e9retek (mm): Sz\u00e9less\u00e9g 452, magass\u00e1g 654, m\u00e9lys\u00e9g 120<\/li>\n<\/ul>","protected":false},"excerpt":{"rendered":"<p>&nbsp; LG CHEM RESU 6.5 LI-IO 6.5 kWh akkumul\u00e1tor LG Chem ESS Lakoss\u00e1gi energiat\u00e1rol\u00f3 rendszer Kompatibilis a Sunny Island 3.0M, Sunny Island 4.4M, Sunny Island 6.0 H, SolaX, [...]<\/p>","protected":false},"featured_media":1091,"template":"","meta":{"_seopress_robots_primary_cat":"none","_seopress_titles_title":"LG CHEM RESU 6.5 LI-IO: Smart Energy Solution for Homes","_seopress_titles_desc":"Lower your electricity bill with peak management, enhance self-consumption of self-generated electricity, and enjoy a reliable power source with LG Chem RESU 6.5 ESS storage battery.","_seopress_robots_index":"","_kad_blocks_custom_css":"","_kad_blocks_head_custom_js":"","_kad_blocks_body_custom_js":"","_kad_blocks_footer_custom_js":""},"product_cat":[17],"product_tag":[],"class_list":{"0":"post-1090","1":"product","2":"type-product","3":"status-publish","4":"has-post-thumbnail","6":"product_cat-home-batteries","8":"first","9":"instock","10":"sale","11":"taxable","12":"shipping-taxable","13":"purchasable","14":"product-type-simple"},"taxonomy_info":{"product_cat":[{"value":17,"label":"Home batteries"}]},"featured_image_src_large":["https:\/\/ownpowr.com\/wp-content\/uploads\/2023\/07\/Resu6.5.jpeg",600,540,false],"author_info":[],"comment_info":"","_links":{"self":[{"href":"https:\/\/ownpowr.com\/hu\/wp-json\/wp\/v2\/product\/1090","targetHints":{"allow":["GET"]}}],"collection":[{"href":"https:\/\/ownpowr.com\/hu\/wp-json\/wp\/v2\/product"}],"about":[{"href":"https:\/\/ownpowr.com\/hu\/wp-json\/wp\/v2\/types\/product"}],"wp:featuredmedia":[{"embeddable":true,"href":"https:\/\/ownpowr.com\/hu\/wp-json\/wp\/v2\/media\/1091"}],"wp:attachment":[{"href":"https:\/\/ownpowr.com\/hu\/wp-json\/wp\/v2\/media?parent=1090"}],"wp:term":[{"taxonomy":"product_cat","embeddable":true,"href":"https:\/\/ownpowr.com\/hu\/wp-json\/wp\/v2\/product_cat?post=1090"},{"taxonomy":"product_tag","embeddable":true,"href":"https:\/\/ownpowr.com\/hu\/wp-json\/wp\/v2\/product_tag?post=1090"}],"curies":[{"name":"wp","href":"https:\/\/api.w.org\/{rel}","templated":true}]}}