{"id":119,"date":"2022-11-11T09:25:43","date_gmt":"2022-11-11T07:25:43","guid":{"rendered":"https:\/\/ownpowr.com\/product\/sungrow-sbr096-battery-blue\/"},"modified":"2025-03-27T13:29:55","modified_gmt":"2025-03-27T11:29:55","slug":"sungrow-sbr096-battery-blue","status":"publish","type":"product","link":"https:\/\/ownpowr.com\/hu\/product\/sungrow-sbr096-akkumulator-kek\/","title":{"rendered":"Sungrow SBR 9,6kWh SBR096"},"content":{"rendered":"<p>Sungrow SBR 9,6kWh SBR096 V2 k\u00e9k LFP akkumul\u00e1tor + tartoz\u00e9kok<\/p>\n<p>Ez az Sungrow otthoni akkumul\u00e1tork\u00e9szlet a k\u00f6vetkez\u0151ket tartalmazza:<br \/>\n3x Sungrow SBR pr\u00e9mium akkumul\u00e1tor modul 3,2 kWh<br \/>\n1x Sungrow pr\u00e9mium akkumul\u00e1tor-kezel\u0151 rendszer + tartoz\u00e9kok<\/p>\n<p>- Akkumul\u00e1tor t\u00edpusa: LiFePO4 prizmatikus cella<br \/>\n- N\u00e9vleges teljes\u00edtm\u00e9ny: 9,6 kWh<br \/>\n- Energia (felhaszn\u00e1lhat\u00f3): 9,6 kWh<br \/>\n- N\u00e9vleges fesz\u00fclts\u00e9g: 192 V<br \/>\n- \u00dczemi fesz\u00fclts\u00e9g: 150 - 219 V<br \/>\n- N\u00e9vleges egyen\u00e1ram\u00fa teljes\u00edtm\u00e9ny: 5,76 kW<br \/>\n- Maxim\u00e1lis t\u00f6lt\u00e9si\/kis\u00fct\u00e9si teljes\u00edtm\u00e9ny: 6,57 kW<br \/>\n- Maxim\u00e1lis t\u00f6lt\u00e9si\/kis\u00fcl\u00e9si \u00e1ram (folyamatos): 30 A<br \/>\n- Maxim\u00e1lis t\u00f6lt\u00e9si\/kis\u00fcl\u00e9si \u00e1ram (10s impulzus): 42 A<br \/>\n- Ki\u00fcr\u00edt\u00e9si m\u00e9lys\u00e9g: 100%<br \/>\n- R\u00f6vidz\u00e1rlati \u00e1ram: 1700 A<br \/>\n- Megjelen\u00edt\u00e9s: \u00e1llapotjelz\u0151<br \/>\n- Kommunik\u00e1ci\u00f3s interf\u00e9sz: CAN<br \/>\n- Telep\u00edt\u00e9s helye: Helysz\u00edn: Belt\u00e9ri \/ k\u00fclt\u00e9ri<br \/>\n- Szerel\u00e9si m\u00f3dszer: \u00c1llv\u00e1ny<br \/>\n- M\u0171k\u00f6d\u00e9si h\u0151m\u00e9rs\u00e9klet-tartom\u00e1ny: 50 \u2103 \/ kis\u00fct\u00e9s: -30-50 \u2103<br \/>\n- V\u00e9delmi besorol\u00e1s: IP55<br \/>\n- Megengedett relat\u00edv p\u00e1ratartalom: 0%-95% (nem kondenz\u00e1l\u00f3d\u00f3)<br \/>\n- Maxim\u00e1lis magass\u00e1g haszn\u00e1lat k\u00f6zben: 2000 m<br \/>\n- H\u0171t\u00e9si m\u00f3dszer: term\u00e9szetes konvekci\u00f3<br \/>\n- Tan\u00fas\u00edtv\u00e1nyok: 62040, UN38.3, VDE 2510-50<br \/>\n- Alkalmazkod\u00e1s a b\u0151v\u00edt\u00e9shez: (tov\u00e1bbi csatlakoz\u00f3doboz sz\u00fcks\u00e9ges, de jelenleg nem \u00e1ll rendelkez\u00e9sre)<\/p>\n<p><a href=\"https:\/\/storeyourownpower.com\/wp-content\/uploads\/2022\/08\/Datasheet-German-2.pdf\" target=\"_blank\" rel=\"noopener\">Adatlap n\u00e9met<\/a><br \/>\n<a href=\"https:\/\/storeyourownpower.com\/wp-content\/uploads\/2022\/08\/Datasheets-English.pdf\" target=\"_blank\" rel=\"noopener\">Adatlapok angol<\/a><br \/>\n<a href=\"https:\/\/storeyourownpower.com\/wp-content\/uploads\/2022\/08\/Mounting-instructions-English-2.pdf\" target=\"_blank\" rel=\"noopener\">\u00d6sszeszerel\u00e9si \u00fatmutat\u00f3 angol<\/a><br \/>\n<a href=\"https:\/\/storeyourownpower.com\/wp-content\/uploads\/2022\/08\/Mounting-instructions-German-2.pdf\" target=\"_blank\" rel=\"noopener\">\u00d6sszeszerel\u00e9si \u00fatmutat\u00f3 n\u00e9met<\/a><br \/>\n<a href=\"https:\/\/storeyourownpower.com\/wp-content\/uploads\/2022\/08\/Warranty-terms-English-2.pdf\" target=\"_blank\" rel=\"noopener\">J\u00f3t\u00e1ll\u00e1si felt\u00e9telek angol<\/a><br \/>\n<a href=\"https:\/\/storeyourownpower.com\/wp-content\/uploads\/2022\/08\/Warranty-terms-German-1.pdf\" target=\"_blank\" rel=\"noopener\">J\u00f3t\u00e1ll\u00e1si felt\u00e9telek n\u00e9met<\/a><\/p>","protected":false},"excerpt":{"rendered":"<p>Sungrow SBR 9,6kWh SBR096 V2 k\u00e9k LFP akkumul\u00e1tor + tartoz\u00e9k Ez az Sungrow otthoni akkumul\u00e1tor k\u00e9szlet a k\u00f6vetkez\u0151ket tartalmazza: 3x Sungrow SBR pr\u00e9mium akkumul\u00e1tor modul 3,2 kWh 1x Sungrow pr\u00e9mium [...]<\/p>","protected":false},"featured_media":120,"template":"","meta":{"_seopress_robots_primary_cat":"none","_seopress_titles_title":"","_seopress_titles_desc":"","_seopress_robots_index":"","_kad_blocks_custom_css":"","_kad_blocks_head_custom_js":"","_kad_blocks_body_custom_js":"","_kad_blocks_footer_custom_js":""},"product_cat":[17],"product_tag":[],"class_list":{"0":"post-119","1":"product","2":"type-product","3":"status-publish","4":"has-post-thumbnail","6":"product_cat-home-batteries","8":"first","9":"instock","10":"sale","11":"taxable","12":"shipping-taxable","13":"purchasable","14":"product-type-simple"},"taxonomy_info":{"product_cat":[{"value":17,"label":"Home batteries"}]},"featured_image_src_large":["https:\/\/ownpowr.com\/wp-content\/uploads\/2022\/11\/Screenshot-2022-06-22-at-16.19.50.jpg",982,810,false],"author_info":[],"comment_info":"","_links":{"self":[{"href":"https:\/\/ownpowr.com\/hu\/wp-json\/wp\/v2\/product\/119","targetHints":{"allow":["GET"]}}],"collection":[{"href":"https:\/\/ownpowr.com\/hu\/wp-json\/wp\/v2\/product"}],"about":[{"href":"https:\/\/ownpowr.com\/hu\/wp-json\/wp\/v2\/types\/product"}],"wp:featuredmedia":[{"embeddable":true,"href":"https:\/\/ownpowr.com\/hu\/wp-json\/wp\/v2\/media\/120"}],"wp:attachment":[{"href":"https:\/\/ownpowr.com\/hu\/wp-json\/wp\/v2\/media?parent=119"}],"wp:term":[{"taxonomy":"product_cat","embeddable":true,"href":"https:\/\/ownpowr.com\/hu\/wp-json\/wp\/v2\/product_cat?post=119"},{"taxonomy":"product_tag","embeddable":true,"href":"https:\/\/ownpowr.com\/hu\/wp-json\/wp\/v2\/product_tag?post=119"}],"curies":[{"name":"wp","href":"https:\/\/api.w.org\/{rel}","templated":true}]}}