{"id":133,"date":"2023-10-04T16:35:56","date_gmt":"2023-10-04T14:35:56","guid":{"rendered":"https:\/\/ownpowr.com\/product\/byd-b-box-premium-lvs-20-0\/"},"modified":"2025-10-15T14:03:08","modified_gmt":"2025-10-15T12:03:08","slug":"byd-b-box-premium-lvs-20-0","status":"publish","type":"product","link":"https:\/\/ownpowr.com\/hu\/product\/byd-b-box-premium-lvs-20-0\/","title":{"rendered":"BYD Battery-Box premium LVS 20.0 kWh Sz\u00e1ll\u00edt\u00e1s december fele\/v\u00e9ge"},"content":{"rendered":"<p>BYD B-Box pr\u00e9mium LVS 20.0<\/p>\n<p>VIGY\u00c1ZAT:<br \/>\nVesz\u00e9lyes anyag az UN 3480 szerint \/ 9. sz\u00e1ll\u00edt\u00e1si vesz\u00e9lyess\u00e9gi oszt\u00e1ly \/ II. csomagol\u00e1si csoport<\/p>\n<p>Inform\u00e1ci\u00f3<\/p>\n<p>- felhaszn\u00e1lhat\u00f3 kapacit\u00e1s: 20.00 kWh<br \/>\n- n\u00e9vleges fesz\u00fclts\u00e9g: 51,2 V<br \/>\n- Max. Kimeneti \u00e1ram: 250A<br \/>\n- Cs\u00facs kimeneti \u00e1ram: 360A, 5s<br \/>\n- M\u0171k\u00f6d\u00e9si fesz\u00fclts\u00e9gtartom\u00e1ny: 40-57.6 V<br \/>\n- k\u00f6rnyezeti h\u0151m\u00e9rs\u00e9klet: -10 \u00b0C \u00e9s +50 \u00b0C k\u00f6z\u00f6tt<br \/>\n- interf\u00e9szek: CAN\/RS485<br \/>\n- oda-vissza energiahat\u00e9konys\u00e1g: &gt;= 95%<br \/>\n- tan\u00fas\u00edt\u00e1s: CE \/ CEC \/ UN38.3<br \/>\n- IP v\u00e9delmi oszt\u00e1ly: IP55<br \/>\n- Alkalmaz\u00e1sok: A k\u00e9szlet tartalmazza: ON Grid \/ ON Grid + Backup \/ OFF Grid:<br \/>\n5x BYD B-BOX PREMIUM LVS akkumul\u00e1tor modul<br \/>\n1x BYD LV PDU + alapegys\u00e9g<br \/>\n1x BYD LV akkumul\u00e1tor-kezel\u0151 egys\u00e9g (\u00daJ)<\/p>\n<p><strong>Tov\u00e1bbi inform\u00e1ci\u00f3:<\/strong><\/p>\n<div class=\"product--description\">\n<ul>\n<li><a href=\"https:\/\/storeyourownpower.com\/wp-content\/uploads\/2023\/01\/Datasheet-English-LVS.pdf\" target=\"_blank\" rel=\"noopener\">Adatlap angol LVS<\/a><\/li>\n<li><a href=\"https:\/\/storeyourownpower.com\/wp-content\/uploads\/2023\/01\/Datenblatt-German-LVS.pdf\" target=\"_blank\" rel=\"noopener\">Datenblatt n\u00e9met LVS<\/a><\/li>\n<li><a href=\"https:\/\/storeyourownpower.com\/wp-content\/uploads\/2023\/01\/Mounting-instructions-English-LVS.pdf\" target=\"_blank\" rel=\"noopener\">Szerel\u00e9si \u00fatmutat\u00f3 angol LVS<\/a><\/li>\n<li><a href=\"https:\/\/storeyourownpower.com\/wp-content\/uploads\/2023\/01\/Mounting-instructions-German-LVS.pdf\" target=\"_blank\" rel=\"noopener\">Szerel\u00e9si \u00fatmutat\u00f3 N\u00e9met LVS<\/a><\/li>\n<li><a href=\"https:\/\/storeyourownpower.com\/wp-content\/uploads\/2023\/01\/Warranty-terms-English.pdf\" target=\"_blank\" rel=\"noopener\">Garanci\u00e1lis felt\u00e9telek angol<\/a><\/li>\n<li><a href=\"https:\/\/storeyourownpower.com\/wp-content\/uploads\/2023\/01\/Warranty-terms-German-LVS.pdf\" target=\"_blank\" rel=\"noopener\">J\u00f3t\u00e1ll\u00e1si felt\u00e9telek N\u00e9met LVS<\/a><\/li>\n<\/ul>\n<\/div>","protected":false},"excerpt":{"rendered":"<p>BYD B-Box premium LVS 20.0 VIGY\u00c1ZAT: Vesz\u00e9lyes anyag az UN 3480 szerint \/ 9. sz\u00e1ll\u00edt\u00e1si vesz\u00e9lyess\u00e9gi oszt\u00e1ly \/ II. csomagol\u00e1si csoport Inform\u00e1ci\u00f3k - hasznos kapacit\u00e1s: 20,00 kWh - n\u00e9vleges fesz\u00fclts\u00e9g: [...]<\/p>","protected":false},"featured_media":134,"template":"","meta":{"_seopress_robots_primary_cat":"none","_seopress_titles_title":"BYD B-Box premium LVS 20.0| 20.00 kWh Capacity | UN3480","_seopress_titles_desc":"Discover the BYD B-Box Premium LVS 20.0, a powerful and reliable energy storage solution that meets international safety standards. Suitable for on-grid, off-grid, and backup applications. Get detailed product specifications and warranty terms.","_seopress_robots_index":"","_kad_blocks_custom_css":"","_kad_blocks_head_custom_js":"","_kad_blocks_body_custom_js":"","_kad_blocks_footer_custom_js":""},"product_cat":[17],"product_tag":[],"class_list":{"0":"post-133","1":"product","2":"type-product","3":"status-publish","4":"has-post-thumbnail","6":"product_cat-home-batteries","8":"first","9":"onbackorder","10":"sale","11":"taxable","12":"shipping-taxable","13":"purchasable","14":"product-type-simple"},"taxonomy_info":{"product_cat":[{"value":17,"label":"Home batteries"}]},"featured_image_src_large":["https:\/\/ownpowr.com\/wp-content\/uploads\/2022\/11\/d-252F2-252F0-252Fa-252Fd20a2cfaad23d109f3a7d952df7502cd73ef3be0_det_sb_byd_b_box_lvs_20-0.jpeg",640,540,false],"author_info":[],"comment_info":"","_links":{"self":[{"href":"https:\/\/ownpowr.com\/hu\/wp-json\/wp\/v2\/product\/133","targetHints":{"allow":["GET"]}}],"collection":[{"href":"https:\/\/ownpowr.com\/hu\/wp-json\/wp\/v2\/product"}],"about":[{"href":"https:\/\/ownpowr.com\/hu\/wp-json\/wp\/v2\/types\/product"}],"wp:featuredmedia":[{"embeddable":true,"href":"https:\/\/ownpowr.com\/hu\/wp-json\/wp\/v2\/media\/134"}],"wp:attachment":[{"href":"https:\/\/ownpowr.com\/hu\/wp-json\/wp\/v2\/media?parent=133"}],"wp:term":[{"taxonomy":"product_cat","embeddable":true,"href":"https:\/\/ownpowr.com\/hu\/wp-json\/wp\/v2\/product_cat?post=133"},{"taxonomy":"product_tag","embeddable":true,"href":"https:\/\/ownpowr.com\/hu\/wp-json\/wp\/v2\/product_tag?post=133"}],"curies":[{"name":"wp","href":"https:\/\/api.w.org\/{rel}","templated":true}]}}