{"id":139,"date":"2023-10-04T16:36:02","date_gmt":"2023-10-04T14:36:02","guid":{"rendered":"https:\/\/ownpowr.com\/product\/byd-b-box-premium-lvs-4-0\/"},"modified":"2025-10-15T14:02:31","modified_gmt":"2025-10-15T12:02:31","slug":"byd-b-box-premium-lvs-4-0","status":"publish","type":"product","link":"https:\/\/ownpowr.com\/hu\/product\/byd-b-box-premium-lvs-4-0\/","title":{"rendered":"BYD Battery-Box premium LVS 4.0 kWh Sz\u00e1ll\u00edt\u00e1s december fele\/v\u00e9ge"},"content":{"rendered":"<p>BYD B-Box pr\u00e9mium LVS 4.0<\/p>\n<p>Inform\u00e1ci\u00f3k:<br \/>\n- felhaszn\u00e1lhat\u00f3 kapacit\u00e1s: 4.00 kWh<br \/>\n- n\u00e9vleges fesz\u00fclts\u00e9g: 51,2 V<br \/>\n- Max. Kimeneti \u00e1ram: 65A<br \/>\n- Cs\u00facs kimeneti \u00e1ram: 90A, 5s<br \/>\n- M\u0171k\u00f6d\u00e9si fesz\u00fclts\u00e9gtartom\u00e1ny: 40-57.6 V<br \/>\n- k\u00f6rnyezeti h\u0151m\u00e9rs\u00e9klet: -10 \u00b0C \u00e9s +50 \u00b0C k\u00f6z\u00f6tt<br \/>\n- interf\u00e9szek: CAN\/RS485<br \/>\n- oda-vissza energiahat\u00e9konys\u00e1g: &gt;= 95%<br \/>\n- tan\u00fas\u00edt\u00e1s: CE \/ CEC \/ UN38.3<br \/>\n- IP v\u00e9delmi oszt\u00e1ly: IP55<br \/>\n- Alkalmaz\u00e1sok: ON Grid \/ ON Grid + tartal\u00e9k \/ OFF Grid<br \/>\n- Mindig b\u0151v\u00edthet\u0151 \/ ak\u00e1r 16 LVS 16.0 p\u00e1rhuzamosan \/ 256 kWh haszn\u00e1lhat\u00f3<\/p>\n<p>A k\u00e9szlet tartalmazza:<br \/>\n1x BYD B-BOX PREMIUM LVS akkumul\u00e1tormodul<br \/>\n1x BYD LV PDU + alapegys\u00e9g<br \/>\n1x BYD LV akkumul\u00e1tor-kezel\u0151 egys\u00e9g \u00daJ<\/p>\n<p><strong>Tov\u00e1bbi inform\u00e1ci\u00f3:<\/strong><\/p>\n<ul>\n<li><a href=\"https:\/\/storeyourownpower.com\/wp-content\/uploads\/2023\/01\/Datasheet-English-LVS.pdf\" target=\"_blank\" rel=\"noopener\">Adatlap angol LVS<\/a><\/li>\n<li><a href=\"https:\/\/storeyourownpower.com\/wp-content\/uploads\/2023\/01\/Datenblatt-German-LVS.pdf\" target=\"_blank\" rel=\"noopener\">Datenblatt n\u00e9met LVS<\/a><\/li>\n<li><a href=\"https:\/\/storeyourownpower.com\/wp-content\/uploads\/2023\/01\/Mounting-instructions-English-LVS.pdf\" target=\"_blank\" rel=\"noopener\">Szerel\u00e9si \u00fatmutat\u00f3 angol LVS<\/a><\/li>\n<li><a href=\"https:\/\/storeyourownpower.com\/wp-content\/uploads\/2023\/01\/Mounting-instructions-German-LVS.pdf\" target=\"_blank\" rel=\"noopener\">Szerel\u00e9si \u00fatmutat\u00f3 N\u00e9met LVS<\/a><\/li>\n<li><a href=\"https:\/\/storeyourownpower.com\/wp-content\/uploads\/2023\/01\/Warranty-terms-English.pdf\" target=\"_blank\" rel=\"noopener\">Garanci\u00e1lis felt\u00e9telek angol<\/a><\/li>\n<li><a href=\"https:\/\/storeyourownpower.com\/wp-content\/uploads\/2023\/01\/Warranty-terms-German-LVS.pdf\" target=\"_blank\" rel=\"noopener\">J\u00f3t\u00e1ll\u00e1si felt\u00e9telek N\u00e9met LVS<\/a><\/li>\n<\/ul>","protected":false},"excerpt":{"rendered":"<p>BYD B-Box premium LVS 4.0 Inform\u00e1ci\u00f3k: - hasznos kapacit\u00e1s: 4,00 kWh - n\u00e9vleges fesz\u00fclts\u00e9g: 51,2 V - Max. Kimeneti \u00e1ram: 65A - Kimeneti cs\u00facs\u00e1ram: 90A, 5s - \u00dczemi fesz\u00fclts\u00e9g [...]<\/p>","protected":false},"featured_media":140,"template":"","meta":{"_seopress_robots_primary_cat":"none","_seopress_titles_title":"BYD B-Box Premium LVS 4.0: High Capacity and Efficiency Battery for Grid Backup and Off-Grid Applications","_seopress_titles_desc":"Discover the BYD B-Box Premium LVS 4.0 with 4.00 kWh usable capacity, 65A output current, and IP55 protection class. Perfect for ON Grid, OFF Grid, and backup applications. Expandable up to 16 LVS 16.0 modules. Learn more!","_seopress_robots_index":"","_kad_blocks_custom_css":"","_kad_blocks_head_custom_js":"","_kad_blocks_body_custom_js":"","_kad_blocks_footer_custom_js":""},"product_cat":[17],"product_tag":[],"class_list":{"0":"post-139","1":"product","2":"type-product","3":"status-publish","4":"has-post-thumbnail","6":"product_cat-home-batteries","8":"first","9":"onbackorder","10":"sale","11":"taxable","12":"shipping-taxable","13":"purchasable","14":"product-type-simple"},"taxonomy_info":{"product_cat":[{"value":17,"label":"Home batteries"}]},"featured_image_src_large":["https:\/\/ownpowr.com\/wp-content\/uploads\/2022\/11\/e-252Fb-252F8-252F6-252Feb86ead2797e066c0412db7296196f199394b37d_det_sb_byd_b_box_lvs_4-0.jpeg",640,540,false],"author_info":[],"comment_info":"","_links":{"self":[{"href":"https:\/\/ownpowr.com\/hu\/wp-json\/wp\/v2\/product\/139","targetHints":{"allow":["GET"]}}],"collection":[{"href":"https:\/\/ownpowr.com\/hu\/wp-json\/wp\/v2\/product"}],"about":[{"href":"https:\/\/ownpowr.com\/hu\/wp-json\/wp\/v2\/types\/product"}],"wp:featuredmedia":[{"embeddable":true,"href":"https:\/\/ownpowr.com\/hu\/wp-json\/wp\/v2\/media\/140"}],"wp:attachment":[{"href":"https:\/\/ownpowr.com\/hu\/wp-json\/wp\/v2\/media?parent=139"}],"wp:term":[{"taxonomy":"product_cat","embeddable":true,"href":"https:\/\/ownpowr.com\/hu\/wp-json\/wp\/v2\/product_cat?post=139"},{"taxonomy":"product_tag","embeddable":true,"href":"https:\/\/ownpowr.com\/hu\/wp-json\/wp\/v2\/product_tag?post=139"}],"curies":[{"name":"wp","href":"https:\/\/api.w.org\/{rel}","templated":true}]}}