{"id":144,"date":"2023-10-04T16:36:02","date_gmt":"2023-10-04T14:36:02","guid":{"rendered":"https:\/\/ownpowr.com\/product\/byd-b-box-premium-lvs-8-0\/"},"modified":"2025-10-15T14:02:38","modified_gmt":"2025-10-15T12:02:38","slug":"byd-b-box-premium-lvs-8-0","status":"publish","type":"product","link":"https:\/\/ownpowr.com\/hu\/product\/byd-b-box-premium-lvs-8-0\/","title":{"rendered":"BYD Battery-Box premium LVS 8.0 kWh Sz\u00e1ll\u00edt\u00e1s december fele\/v\u00e9ge"},"content":{"rendered":"<p><strong>BYD<\/strong> A Battery-Box Premium LVS 8.0 a k\u00f6vetkez\u0151ket tartalmazza;<\/p>\n<p>a\u00a0<strong>BYD<\/strong>\u00a0BMU akkumul\u00e1tor-kezel\u0151 egys\u00e9g, egy\u00a0<strong>BYD<\/strong>\u00a0PDU teljes\u00edtm\u00e9nyeloszt\u00f3 egys\u00e9g \u00e9s 2 LVS 4,0 kWh kapacit\u00e1s\u00fa akkumul\u00e1tor modul p\u00e1rhuzamosan. Lehet\u0151s\u00e9g van arra, hogy k\u00e9s\u0151bb tov\u00e1bbi 4 tov\u00e1bbi LVS modul p\u00e1rhuzamos hozz\u00e1ad\u00e1s\u00e1val b\u0151v\u00edts\u00e9k ezt a stacket, \u00edgy ak\u00e1r 24 kWh hasznos kapacit\u00e1s \u00e9rhet\u0151 el.<\/p>\n<p>Ezenk\u00edv\u00fcl ak\u00e1r 16 azonos Battery-Box Premium LVS 16 kWh-s akkumul\u00e1torcsomag k\u00f6zvetlen p\u00e1rhuzamos \u00f6sszekapcsol\u00e1s\u00e1val 256 kWh maxim\u00e1lis kapacit\u00e1s \u00e9rhet\u0151 el.<\/p>\n<p>VIGY\u00c1ZAT:<br \/>\nVesz\u00e9lyes anyag az UN 3480 szerint \/ 9. sz\u00e1ll\u00edt\u00e1si vesz\u00e9lyess\u00e9gi oszt\u00e1ly \/ II. csomagol\u00e1si csoport<\/p>\n<p>&nbsp;<\/p>\n<p><strong>\u2714 K\u00e9pes a nagy teljes\u00edtm\u00e9ny\u0171 v\u00e9szhelyzeti biztons\u00e1gi ment\u00e9sre \u00e9s a h\u00e1l\u00f3zaton k\u00edv\u00fcli funkcionalit\u00e1sra<\/strong><\/p>\n<p><strong>\u2714 Legnagyobb hat\u00e9konys\u00e1g a val\u00f3di alacsony fesz\u00fclts\u00e9g\u0171 p\u00e1rhuzamos csatlakoz\u00e1snak k\u00f6sz\u00f6nhet\u0151en<\/strong><\/p>\n<p><strong>\u2714 Sz\u00fcl\u0151i modul\u00e1ris csatlakoz\u00f3s kialak\u00edt\u00e1s - nincs bels\u0151 k\u00e1belez\u00e9s - maxim\u00e1lis rugalmass\u00e1g \u00e9s k\u00f6nny\u0171 haszn\u00e1lat<\/strong><\/p>\n<p><strong>\u2714 Kobaltmentes l\u00edtiumvas-foszf\u00e1t (LFP) akkumul\u00e1tor - maxim\u00e1lis biztons\u00e1g, \u00e9lettartam \u00e9s teljes\u00edtm\u00e9ny<\/strong><\/p>\n<p><strong>\u2714 Kompatibilis a vezet\u0151 1 vagy 3 f\u00e1zis\u00fa alacsony fesz\u00fclts\u00e9g\u0171 akkumul\u00e1tor inverterekkel<\/strong><\/p>\n<p>&nbsp;<\/p>\n<p>- felhaszn\u00e1lhat\u00f3 kapacit\u00e1s: 8.00 kWh<br \/>\n- n\u00e9vleges fesz\u00fclts\u00e9g: 51,2 V<br \/>\n- Max. Kimeneti \u00e1ram: 130A<br \/>\n- Kimeneti cs\u00facs\u00e1ram: 180A, 5s<br \/>\n- M\u0171k\u00f6d\u00e9si fesz\u00fclts\u00e9gtartom\u00e1ny: 40-57.6 V<br \/>\n- k\u00f6rnyezeti h\u0151m\u00e9rs\u00e9klet: -10 \u00b0C \u00e9s +50 \u00b0C k\u00f6z\u00f6tt<br \/>\n- interf\u00e9szek: CAN\/RS485<br \/>\n- energiahat\u00e9konys\u00e1gi k\u00f6rutaz\u00e1s: &gt;= 95%<br \/>\n- tan\u00fas\u00edt\u00e1s: CE \/ CEC \/ UN38.3<br \/>\n- IP v\u00e9delmi oszt\u00e1ly: IP55<br \/>\n- Alkalmaz\u00e1sok: ON Grid \/ ON Grid + tartal\u00e9k \/ OFF Grid<br \/>\n- Mindig b\u0151v\u00edthet\u0151 \/ ak\u00e1r 16 LVS 16.0 p\u00e1rhuzamosan \/ 256 kWh felhaszn\u00e1lhat\u00f3A k\u00e9szlet tartalmazza:<br \/>\n2x 12910053-00 (BYD B-BOX PREMIUM LVS akkumul\u00e1tor modul)<br \/>\n1x 12940054-00 (BYD LV PDU + b\u00e1zis)<br \/>\n1x 13172499-00 (BYD LV akkumul\u00e1tor-kezel\u0151 egys\u00e9g \u00daJ)<\/p>\n<div><\/div>\n<div class=\"product--description\">\n<p><strong>Tov\u00e1bbi inform\u00e1ci\u00f3:<\/strong><\/p>\n<ul>\n<li><a href=\"https:\/\/storeyourownpower.com\/wp-content\/uploads\/2023\/01\/Datasheet-English-LVS.pdf\" target=\"_blank\" rel=\"noopener\">Adatlap angol LVS<\/a><\/li>\n<li><a href=\"https:\/\/storeyourownpower.com\/wp-content\/uploads\/2023\/01\/Datenblatt-German-LVS.pdf\" target=\"_blank\" rel=\"noopener\">Datenblatt n\u00e9met LVS<\/a><\/li>\n<li><a href=\"https:\/\/storeyourownpower.com\/wp-content\/uploads\/2023\/01\/Mounting-instructions-English-LVS.pdf\" target=\"_blank\" rel=\"noopener\">Szerel\u00e9si \u00fatmutat\u00f3 angol LVS<\/a><\/li>\n<li><a href=\"https:\/\/storeyourownpower.com\/wp-content\/uploads\/2023\/01\/Mounting-instructions-German-LVS.pdf\" target=\"_blank\" rel=\"noopener\">Szerel\u00e9si \u00fatmutat\u00f3 N\u00e9met LVS<\/a><\/li>\n<li><a href=\"https:\/\/storeyourownpower.com\/wp-content\/uploads\/2023\/01\/Warranty-terms-English.pdf\" target=\"_blank\" rel=\"noopener\">Garanci\u00e1lis felt\u00e9telek angol<\/a><\/li>\n<li><a href=\"https:\/\/storeyourownpower.com\/wp-content\/uploads\/2023\/01\/Warranty-terms-German-LVS.pdf\" target=\"_blank\" rel=\"noopener\">J\u00f3t\u00e1ll\u00e1si felt\u00e9telek N\u00e9met LVS<\/a><\/li>\n<\/ul>\n<\/div>","protected":false},"excerpt":{"rendered":"<p>Az BYD Battery-Box Premium LVS 8.0 a k\u00f6vetkez\u0151kb\u0151l \u00e1ll: BYD BMU akkumul\u00e1tor-kezel\u0151 egys\u00e9g, BYD PDU \u00e1rameloszt\u00f3 egys\u00e9g \u00e9s 2 LVS 4,0 kWh kapacit\u00e1s\u00fa akkumul\u00e1tor modul p\u00e1rhuzamosan. A sk\u00e1l\u00e1z\u00e1s lehet\u0151s\u00e9ge ak\u00e1r [...]<\/p>","protected":false},"featured_media":145,"template":"","meta":{"_seopress_robots_primary_cat":"none","_seopress_titles_title":"BYD Battery-Box Premium LVS 8.0: High-Powered Emergency-Backup and Off-Grid functionality, Maximum Safety, and Expandable Capacity","_seopress_titles_desc":"Discover the scalable BYD Battery-Box Premium LVS 8.0 with efficient Low-Voltage parallel connection and maximum safety. Compatible with leading battery inverters.","_seopress_robots_index":"","_kad_blocks_custom_css":"","_kad_blocks_head_custom_js":"","_kad_blocks_body_custom_js":"","_kad_blocks_footer_custom_js":""},"product_cat":[17],"product_tag":[],"class_list":{"0":"post-144","1":"product","2":"type-product","3":"status-publish","4":"has-post-thumbnail","6":"product_cat-home-batteries","8":"first","9":"onbackorder","10":"sale","11":"taxable","12":"shipping-taxable","13":"purchasable","14":"product-type-simple"},"taxonomy_info":{"product_cat":[{"value":17,"label":"Home batteries"}]},"featured_image_src_large":["https:\/\/ownpowr.com\/wp-content\/uploads\/2022\/11\/c-252F5-252F6-252Fe-252Fc56e658a81cc0b440f8fe33cc4f1ab6a9dd62f03_det_sb_byd_b_box_lvs_8-0.jpeg",640,540,false],"author_info":[],"comment_info":"","_links":{"self":[{"href":"https:\/\/ownpowr.com\/hu\/wp-json\/wp\/v2\/product\/144","targetHints":{"allow":["GET"]}}],"collection":[{"href":"https:\/\/ownpowr.com\/hu\/wp-json\/wp\/v2\/product"}],"about":[{"href":"https:\/\/ownpowr.com\/hu\/wp-json\/wp\/v2\/types\/product"}],"wp:featuredmedia":[{"embeddable":true,"href":"https:\/\/ownpowr.com\/hu\/wp-json\/wp\/v2\/media\/145"}],"wp:attachment":[{"href":"https:\/\/ownpowr.com\/hu\/wp-json\/wp\/v2\/media?parent=144"}],"wp:term":[{"taxonomy":"product_cat","embeddable":true,"href":"https:\/\/ownpowr.com\/hu\/wp-json\/wp\/v2\/product_cat?post=144"},{"taxonomy":"product_tag","embeddable":true,"href":"https:\/\/ownpowr.com\/hu\/wp-json\/wp\/v2\/product_tag?post=144"}],"curies":[{"name":"wp","href":"https:\/\/api.w.org\/{rel}","templated":true}]}}