{"id":185455,"date":"2025-01-30T09:44:03","date_gmt":"2025-01-30T07:44:03","guid":{"rendered":"https:\/\/ownpowr.com\/?post_type=product&#038;p=185455"},"modified":"2025-01-30T09:44:03","modified_gmt":"2025-01-30T07:44:03","slug":"blauhoff-maxus-storage-only-385kwh-liquid-cooled-energy-storage-cabinet-10y-warantee-8000-cycles","status":"publish","type":"product","link":"https:\/\/ownpowr.com\/hu\/product\/blauhoff-maxus-storage-only-385kwh-folyadekhuteses-energiatarolo-szekreny-10-ev-garancia-8000-ciklusra\/","title":{"rendered":"Blauhoff Maxus Csak t\u00e1rol\u00e1s 385kWh Folyad\u00e9kh\u0171t\u00e9ses energiat\u00e1rol\u00f3 szekr\u00e9ny 10 \u00e9v garancia 8000 ciklusok"},"content":{"rendered":"<p>FIGYELEM !<\/p>\n<p>Az integr\u00e1ci\u00f3 \u00e9s a bonyolults\u00e1g miatt ez az \u00e1r az \u00c1FA n\u00e9lk\u00fcli, \u00f6sszeszerel\u00e9s n\u00e9lk\u00fcli, \u00fczleti telep\u00edt\u0151i \u00e1rak.<\/p>\n<p>A szerel\u00e9st az \u00d6n helyi szerel\u0151je v\u00e9gzi m\u0171szaki munkat\u00e1rsunk seg\u00edts\u00e9g\u00e9vel.<\/p>\n<p>Blauhoff Maxus Csak t\u00e1rol\u00e1s 385Kwh energiat\u00e1rol\u00f3 szekr\u00e9ny Folyad\u00e9kh\u0171t\u00e9s 10 \u00e9v garancia 8000 ciklusok<\/p>\n<p>T\u00e1mogat\u00e1s lehets\u00e9ges https:\/\/blauhoff.nl\/subsidies-thuisbatterij-voor-bedrijven\/<\/p>\n<p>Prizmatikus cell\u00e1k a legmagasabb min\u0151s\u00e9g \u00e9s a leghosszabb \u00e9lettartam \u00e9rdek\u00e9ben , 8000 ciklus \u00e9s 10 \u00e9v garancia a cell\u00e1kra k\u00fcl\u00f6n k\u00f6lts\u00e9g n\u00e9lk\u00fcl \u00e9s 5 \u00e9v az eg\u00e9szre.<\/p>\n<p>A legt\u00f6bb m\u00e1s besz\u00e1ll\u00edt\u00f3 3-5 \u00e9v az eg\u00e9sz \u00e9s a sejtek, \u00e9s ut\u00e1na kell fizetni extra !<\/p>\n<p>Teljesen integr\u00e1lt ESS a k\u00f6nny\u0171 sz\u00e1ll\u00edt\u00e1s \u00e9s \u00fczemeltet\u00e9s \u00e9rdek\u00e9ben. Sz\u00e1mos nagy m\u00e1rk\u00e1j\u00fa inverterhez (somotec) igaz\u00edthat\u00f3 \u00e9s kompakt akkumul\u00e1tort\u00e1rol\u00f3k\u00e9nt haszn\u00e1lhat\u00f3.<\/p>\n<p>Az integr\u00e1lt \u00e9s modul\u00e1ris kialak\u00edt\u00e1snak k\u00f6sz\u00f6nhet\u0151en gyorsan fel\u00e1ll\u00edthat\u00f3 \u00e9s haszn\u00e1lhat\u00f3, max. 3 \u00f3ra munka.<\/p>\n<p>Blauhoff BLH-385kWh-Maxus, egy ipari ESS t\u00e1rol\u00f3szekr\u00e9ny folyad\u00e9kh\u0171t\u00e9ssel, integr\u00e1lt , akkumul\u00e1tor, BMS, h\u0151kezel\u00e9s, energiaeloszt\u00e1s, t\u0171zv\u00e9delem stb.<\/p>\n<p>Biztons\u00e1gi kialak\u00edt\u00e1sa jobb akkumul\u00e1torteljes\u00edtm\u00e9nyt \u00e9s hosszabb \u00e9lettartamot biztos\u00edt.<br \/>\n\u00e9let. T\u00f6bb szekr\u00e9nyk\u00e9szlet k\u00f6zvetlen\u00fcl p\u00e1rhuzamos\u00edthat\u00f3 ak\u00e1r 30 egys\u00e9gig az energiat\u00e1rol\u00e1s el\u00e9r\u00e9se \u00e9rdek\u00e9ben.<br \/>\nrendszerb\u0151v\u00edt\u00e9s. Nagyon k\u00f6nnyen sk\u00e1l\u00e1zhat\u00f3 \u00e9s hordozhat\u00f3.<\/p>\n<p>Foly\u00e9kony h\u0171t\u00e9s :<br \/>\nAz akkumul\u00e1torcell\u00e1k h\u0151m\u00e9rs\u00e9kleti sodr\u00f3d\u00e1sa<br \/>\naz eg\u00e9sz rendszerben \u00b11,5\u00b0C-on bel\u00fcl van, k\u00f6sz\u00f6nhet\u0151en a<br \/>\nintelligens folyad\u00e9kh\u0171t\u00e9si rendszer. K\u00e9pes<br \/>\nmeghosszabb\u00edtja a rendszer \u00e9lettartam\u00e1t ak\u00e1r<br \/>\n30%, n\u00f6veli a rendszer hossz\u00fa t\u00e1v\u00fa hat\u00e9konys\u00e1g\u00e1t<br \/>\n88,5%-ig.<\/p>\n<p>Biztons\u00e1gos<br \/>\nA rendszernek n\u00e9gy ir\u00e1ny\u00edt\u00e1si szintje van<br \/>\nstrukt\u00fara, amely pontos<br \/>\nr\u00f6vidz\u00e1rlatv\u00e9delem, t\u00fal\u00e1ramv\u00e9delem<br \/>\nv\u00e9delem, t\u00falfesz\u00fclts\u00e9g elleni v\u00e9delem<br \/>\nfesz\u00fclts\u00e9g alatti v\u00e9delem, t\u00falmeleged\u00e9s elleni v\u00e9delem<br \/>\nv\u00e9delem stb.<\/p>\n<p><strong>NEN-EN-IEC 62619:2022 - L\u00fagos vagy m\u00e1s nem savas elektrolitot tartalmaz\u00f3 m\u00e1sodlagos cell\u00e1k \u00e9s elemek - Ipari felhaszn\u00e1l\u00e1sra sz\u00e1nt m\u00e1sodlagos l\u00edtiumcell\u00e1k \u00e9s -elemek biztons\u00e1gi k\u00f6vetelm\u00e9nyei<\/strong><\/p>\n<p><strong>NEN-EN-IEC 61000-6-2\u3001EN IEC 61000-6-4<\/strong><\/p>\n<p><strong>UL 9540A:2019 4. kiad\u00e1s - Szabv\u00e1ny vizsg\u00e1lati m\u00f3dszer az akkumul\u00e1toros energiat\u00e1rol\u00f3 rendszerek termikus sz\u00f6k\u00e9si t\u0171zterjed\u00e9s\u00e9nek \u00e9rt\u00e9kel\u00e9s\u00e9hez<\/strong><\/p>\n<p><strong>UN38.3<\/strong><strong>s<\/strong><\/p>","protected":false},"excerpt":{"rendered":"<p>FIGYELEM ! Az integr\u00e1ci\u00f3 \u00e9s a bonyolults\u00e1g miatt ez az \u00e1r \u00fczleti szerel\u0151i \u00e1rak \u00c1FA n\u00e9lk\u00fcl \u00e9s \u00f6sszeszerel\u00e9s n\u00e9lk\u00fcl A szerel\u00e9st az \u00d6n helyi szerel\u0151je v\u00e9gzi a m\u0171szaki szakembereink seg\u00edts\u00e9g\u00e9vel [...]<\/p>","protected":false},"featured_media":185452,"template":"","meta":{"_seopress_robots_primary_cat":"none","_seopress_titles_title":"","_seopress_titles_desc":"","_seopress_robots_index":"","_kad_blocks_custom_css":"","_kad_blocks_head_custom_js":"","_kad_blocks_body_custom_js":"","_kad_blocks_footer_custom_js":""},"product_cat":[17],"product_tag":[],"class_list":{"0":"post-185455","1":"product","2":"type-product","3":"status-publish","4":"has-post-thumbnail","6":"product_cat-home-batteries","8":"first","9":"instock","10":"sale","11":"taxable","12":"shipping-taxable","13":"purchasable","14":"product-type-simple"},"taxonomy_info":{"product_cat":[{"value":17,"label":"Home batteries"}]},"featured_image_src_large":["https:\/\/ownpowr.com\/wp-content\/uploads\/2024\/10\/maxus-.png",300,300,false],"author_info":[],"comment_info":"","_links":{"self":[{"href":"https:\/\/ownpowr.com\/hu\/wp-json\/wp\/v2\/product\/185455","targetHints":{"allow":["GET"]}}],"collection":[{"href":"https:\/\/ownpowr.com\/hu\/wp-json\/wp\/v2\/product"}],"about":[{"href":"https:\/\/ownpowr.com\/hu\/wp-json\/wp\/v2\/types\/product"}],"wp:featuredmedia":[{"embeddable":true,"href":"https:\/\/ownpowr.com\/hu\/wp-json\/wp\/v2\/media\/185452"}],"wp:attachment":[{"href":"https:\/\/ownpowr.com\/hu\/wp-json\/wp\/v2\/media?parent=185455"}],"wp:term":[{"taxonomy":"product_cat","embeddable":true,"href":"https:\/\/ownpowr.com\/hu\/wp-json\/wp\/v2\/product_cat?post=185455"},{"taxonomy":"product_tag","embeddable":true,"href":"https:\/\/ownpowr.com\/hu\/wp-json\/wp\/v2\/product_tag?post=185455"}],"curies":[{"name":"wp","href":"https:\/\/api.w.org\/{rel}","templated":true}]}}