{"id":187381,"date":"2024-10-23T14:13:01","date_gmt":"2024-10-23T12:13:01","guid":{"rendered":"https:\/\/ownpowr.com\/?post_type=product&#038;p=187381"},"modified":"2025-01-30T09:48:43","modified_gmt":"2025-01-30T07:48:43","slug":"blauhoff-40k-120kwh-hv-3-powerpack","status":"publish","type":"product","link":"https:\/\/ownpowr.com\/hu\/product\/blauhoff-40k-120kwh-hv-3-teljesitmenycsomag\/","title":{"rendered":"Blauhoff 40K\/120kWh HV 3 f\u00e1zis\u00fa rendszer Powerpack IP55 100aH 1C t\u00f6lt\u00e9s\/kis\u00fct\u00e9s"},"content":{"rendered":"<p>Blauhoff Home 40K\/120 kWh HV 3 f\u00e1zis\u00fa rendszer Kobaltmentes Powerpack IP55 k\u00fclt\u00e9ri\/k\u00fclt\u00e9ri\/kobaltmentes 100aH 1C<\/p>\n<p>A neves Blauhoff m\u00e1rka szuper robusztus \u00e9s k\u00f6nnyen b\u0151v\u00edthet\u0151 Blauhoff Home BLH-40k\/120 kWh 3 f\u00e1zis\u00fa rendszere megb\u00edzhat\u00f3 \u00e9s hat\u00e9kony energiat\u00e1rol\u00e1si megold\u00e1st k\u00edn\u00e1l a nagyobb fogyaszt\u00e1s\u00fa h\u00e1ztart\u00e1sok sz\u00e1m\u00e1ra. Ezzel a nagy teljes\u00edtm\u00e9ny\u0171 rendszerrel optimaliz\u00e1lhatja otthona energiahat\u00e9konys\u00e1g\u00e1t, cs\u00f6kkentheti a h\u00e1l\u00f3zatt\u00f3l val\u00f3 f\u00fcgg\u0151s\u00e9g\u00e9t, \u00e9s \u00e1ramkimarad\u00e1s eset\u00e9n v\u00e9szhelyzeti \u00e1ramell\u00e1t\u00e1s el\u0151nyeit \u00e9lvezheti. R\u00e1ad\u00e1sul ez a rendszer ingyenes \u00f6sszeszerel\u00e9ssel j\u00e1r, \u00edgy biztos\u00edtva a probl\u00e9mamentes telep\u00edt\u00e9st. Kommunik\u00e1l a dinamikus energi\u00e1val sz\u00fcks\u00e9g szerint el\u0151fizet\u00e9s n\u00e9lk\u00fcl \u00e9s mindig szabadon v\u00e1laszthat\u00f3 energiaszolg\u00e1ltat\u00f3val !<\/p>\n<p>Az inverter hossza 780 mm, s\u00falya 33,6 kg. Az inverter \u00e9s az akkumul\u00e1tor k\u00f6z\u00f6tti tov\u00e1bbi 300 mm-es k\u00e1bel lehet\u0151v\u00e9 teszi a rendszer optim\u00e1lis elhelyez\u00e9s\u00e9nek meghat\u00e1roz\u00e1s\u00e1t, biztos\u00edtva a hat\u00e9kony energia\u00e1tvitelt \u00e9s a minim\u00e1lis energiavesztes\u00e9get.<\/p>\n<p>Az Blauhoff akkumul\u00e1torrendszer tart\u00f3s, kobaltmentes, kompakt \u00e9s lapos, modulonk\u00e9nt 734 mm x 400 mm-es m\u00e9retekkel \u00e9s 1340 kg t\u00f6meggel. Az akkumul\u00e1tor kapacit\u00e1sa 120 kWh, \u00edgy lehet\u0151v\u00e9 teszi a napelemek vagy m\u00e1s energiaforr\u00e1sok \u00e1ltal termelt felesleges energia t\u00e1rol\u00e1s\u00e1t. Azokban az id\u0151szakokban, amikor nincs energiatermel\u00e9s, a t\u00e1rolt energi\u00e1t felhaszn\u00e1lhatja az energiafogyaszt\u00e1s fedez\u00e9s\u00e9re, cs\u00f6kkentve ezzel a h\u00e1l\u00f3zatt\u00f3l val\u00f3 f\u00fcgg\u0151s\u00e9g\u00e9t \u00e9s tov\u00e1bb cs\u00f6kkentve energiak\u00f6lts\u00e9geit. Mindez a dinamikus energiaszerz\u0151d\u00e9ssel egy\u00fctt automatikusan m\u0171k\u00f6dik, mint jelen. \u00cdgy t\u00e9len \u00e9jszaka kihaszn\u00e1lhatja az olcs\u00f3 energi\u00e1t, \u00e9s eg\u00e9sz nap haszn\u00e1lhatja, ny\u00e1ron pedig d\u00e9lut\u00e1n ingyenesen t\u00f6lthet, \u00e9s este haszn\u00e1lhatja, reggel vagy este pedig t\u00f6ltheti vele az aut\u00f3t.<\/p>\n<p>Speci\u00e1lisan k\u00e9sz\u00fclt t\u00f6lt\u00e9s\/kis\u00fcl\u00e9s 1C (100aH), \u00edgy vill\u00e1mgyorsan t\u00f6lthet \u00e9s kis\u00fcthet. 8000 ciklus 10 \u00e9v garancia &amp; UL9540A tan\u00fas\u00edt\u00e1s, a legmagasabb el\u00e9rhet\u0151 \u00e9s t\u0171zbiztos kateg\u00f3ria!<\/p>\n<p>Mindig ingyenes Blauhoff Smartlanhub, bele\u00e9rtve az alkalmaz\u00e1st \u00e9s a hardvert, \u00edgy automatikusan \u00e9s el\u0151fizet\u00e9si d\u00edj n\u00e9lk\u00fcl, dinamikusan kereskedhet, \u00e9s saj\u00e1t energiaszolg\u00e1ltat\u00f3j\u00e1t ir\u00e1ny\u00edthatja. Naponta v\u00e1lthat a legel\u0151ny\u00f6sebb szolg\u00e1ltat\u00f3ra. A Homeautomation \u00e9s a Homey Pro otthoni domotik\u00e1val is kompatibilis.<\/p>\n<p>A Home BLH-40k\/120 kWh 3 f\u00e1zis\u00fa rendszer olyan h\u00e1ztart\u00e1sok sz\u00e1m\u00e1ra aj\u00e1nlott, amelyek \u00e1tlagos \u00e9ves fogyaszt\u00e1sa k\u00f6r\u00fclbel\u00fcl 43800 kWh. A 40 kW teljes\u00edtm\u00e9ny\u0171 rendszerrel a megtermelt napenergi\u00e1b\u00f3l \u00e9s az akkumul\u00e1torban t\u00e1rolt energi\u00e1b\u00f3l fedezheti energiasz\u00fcks\u00e9glete jelent\u0151s r\u00e9sz\u00e9t. Ezenk\u00edv\u00fcl ez a rendszer v\u00e9szhelyzeti \u00e1ramell\u00e1t\u00e1st is biztos\u00edt, \u00edgy a fontos eszk\u00f6z\u00f6k \u00e1ramsz\u00fcnet idej\u00e9n is tov\u00e1bb m\u0171k\u00f6dnek, \u00e9s a napi rutinjai zavartalanul folytat\u00f3dhatnak. A rendszer 600 kWh-ra is b\u0151v\u00edthet\u0151.<\/p>\n<p>Az Blauhoff Home BLH-40k\/120 kWh 3 f\u00e1zis\u00fa rendszer Powerpack a rugalmass\u00e1g jegy\u00e9ben k\u00e9sz\u00fclt. Rendelkezik egy gener\u00e1tor\/sz\u00e9lmalom csatlakoz\u00f3val, amely lehet\u0151v\u00e9 teszi tov\u00e1bbi \u00e1ramforr\u00e1sok hozz\u00e1ad\u00e1s\u00e1t \u00e9s az energiaf\u00fcggetlens\u00e9g tov\u00e1bbi n\u00f6vel\u00e9s\u00e9t. A legal\u00e1bb 3x63A csatlakoz\u00f3val \u00e9s a 3 f\u00e1zis\u00fa konfigur\u00e1ci\u00f3khoz alkalmas, ez a rendszer kompatibilis a legt\u00f6bb h\u00e1ztart\u00e1si elektromos h\u00e1l\u00f3zattal.<\/p>\n<p>Az ingyenes \u00f6sszeszerel\u00e9snek k\u00f6sz\u00f6nhet\u0151en sz\u00e1m\u00edthat a professzion\u00e1lis telep\u00edt\u00e9sre, ami biztos\u00edtja, hogy a rendszer az els\u0151 pillanatt\u00f3l kezdve optim\u00e1lisan m\u0171k\u00f6dj\u00f6n, \u00e9s \u00d6n gondtalanul \u00e9lvezhesse az \u00e9lm\u00e9nyt.<\/p>\n<p>V\u00e1ltson hat\u00e9konyabb \u00e9s fenntarthat\u00f3bb energiaell\u00e1t\u00e1sra az Blauhoff Home BLH-40k\/120kWh 3 f\u00e1zis\u00fa rendszerrel. A nagy teljes\u00edtm\u00e9ny\u0171 energiat\u00e1rol\u00f3, a v\u00e9szhelyzeti \u00e1ramell\u00e1t\u00e1s \u00e9s az energiaforr\u00e1sok rugalmass\u00e1ga r\u00e9v\u00e9n megb\u00edzhat\u00f3 \u00e1ramell\u00e1t\u00e1sra sz\u00e1m\u00edthat, k\u00f6lts\u00e9gmegtakar\u00edt\u00e1st realiz\u00e1lhat \u00e9s cs\u00f6kkentheti sz\u00e9n-dioxid-kibocs\u00e1t\u00e1s\u00e1t. V\u00e1lassza az Blauhoff-t, \u00e9s k\u00e9sz\u00edtse fel otthon\u00e1t a j\u00f6v\u0151 energiaig\u00e9nyeire.<\/p>\n<p><a href=\"https:\/\/blauhoff.nl\/wp-content\/uploads\/2024\/10\/Blauhoff-Power-Pack-HV-V1.4-1.pdf\" target=\"_blank\" rel=\"noopener\">Blauhoff t\u00e1pegys\u00e9g HV V1.4 (1)<\/a><\/p>","protected":false},"excerpt":{"rendered":"<p>Blauhoff Home 40K\/120 kWh HV 3 f\u00e1zis\u00fa rendszer Kobaltmentes Powerpack IP55 k\u00fclt\u00e9ri\/benti\/kobaltmentes 100aH 1C A szuper robusztus \u00e9s k\u00f6nnyen b\u0151v\u00edthet\u0151 Blauhoff Home BLH-40k\/120 kWh 3 f\u00e1zis\u00fa rendszer, a [...]<\/p>","protected":false},"featured_media":187386,"template":"","meta":{"_seopress_robots_primary_cat":"none","_seopress_titles_title":"","_seopress_titles_desc":"","_seopress_robots_index":"","_kad_blocks_custom_css":"","_kad_blocks_head_custom_js":"","_kad_blocks_body_custom_js":"","_kad_blocks_footer_custom_js":""},"product_cat":[17,19],"product_tag":[],"class_list":{"0":"post-187381","1":"product","2":"type-product","3":"status-publish","4":"has-post-thumbnail","6":"product_cat-home-batteries","7":"product_cat-sets-with-inverters","9":"first","10":"instock","11":"taxable","12":"shipping-taxable","13":"purchasable","14":"product-type-simple"},"taxonomy_info":{"product_cat":[{"value":17,"label":"Home batteries"},{"value":19,"label":"Sets with inverters"}]},"featured_image_src_large":["https:\/\/ownpowr.com\/wp-content\/uploads\/2024\/10\/bh3_40k_120kwh-300x300-1.png",300,300,false],"author_info":[],"comment_info":"","_links":{"self":[{"href":"https:\/\/ownpowr.com\/hu\/wp-json\/wp\/v2\/product\/187381","targetHints":{"allow":["GET"]}}],"collection":[{"href":"https:\/\/ownpowr.com\/hu\/wp-json\/wp\/v2\/product"}],"about":[{"href":"https:\/\/ownpowr.com\/hu\/wp-json\/wp\/v2\/types\/product"}],"wp:featuredmedia":[{"embeddable":true,"href":"https:\/\/ownpowr.com\/hu\/wp-json\/wp\/v2\/media\/187386"}],"wp:attachment":[{"href":"https:\/\/ownpowr.com\/hu\/wp-json\/wp\/v2\/media?parent=187381"}],"wp:term":[{"taxonomy":"product_cat","embeddable":true,"href":"https:\/\/ownpowr.com\/hu\/wp-json\/wp\/v2\/product_cat?post=187381"},{"taxonomy":"product_tag","embeddable":true,"href":"https:\/\/ownpowr.com\/hu\/wp-json\/wp\/v2\/product_tag?post=187381"}],"curies":[{"name":"wp","href":"https:\/\/api.w.org\/{rel}","templated":true}]}}