{"id":187742,"date":"2024-10-25T09:11:12","date_gmt":"2024-10-25T07:11:12","guid":{"rendered":"https:\/\/ownpowr.com\/?post_type=product&#038;p=187742"},"modified":"2025-01-30T09:53:51","modified_gmt":"2025-01-30T07:53:51","slug":"blauhoff-25k-80kwh-hv-3-phase-system-powerpack-ip55-100ah-1c-charge-discharge","status":"publish","type":"product","link":"https:\/\/ownpowr.com\/hu\/product\/blauhoff-25k-80kwh-hv-3-fazisu-rendszer-powerpack-ip55-100ah-1c-toltes-kisules\/","title":{"rendered":"Blauhoff 25K\/80kWh HV 3 f\u00e1zis\u00fa rendszer Powerpack IP55 100aH 1C t\u00f6lt\u00e9s\/kis\u00fct\u00e9s"},"content":{"rendered":"<h2>Blauhoff Home 25K\/80 kWh HV 3 Fase systeem Cobalt vrij Powerpack IP55 Outdoor\/Indoor\/Cobalt vrij 100aH 1C<\/h2>\n<p>Az Blauhoff Home BLH-25k\/80 kWh 3 f\u00e1zis\u00fa, szuper robusztus \u00e9s j\u00f3l haszn\u00e1lhat\u00f3 Blauhoff Home BLH-25k\/80 kWh 3 f\u00e1zis\u00fa rendszer, az Blauhoff jelz\u00e9s\u0171, nagy teljes\u00edtm\u00e9ny\u0171 \u00e9s hat\u00e9kony energiafelhaszn\u00e1l\u00e1st biztos\u00edt a h\u00e1ztart\u00e1sokban, nagyobb energiaig\u00e9ny mellett. Ezzel a hat\u00e9kony rendszerrel optimaliz\u00e1lhatja a h\u00e1za energiahat\u00e9konys\u00e1g\u00e1t, cs\u00f6kkentheti az elektromos h\u00e1l\u00f3zat hat\u00e9konys\u00e1g\u00e1t, \u00e9s profit\u00e1lhat az energiahat\u00e9konys\u00e1g javul\u00e1s\u00e1b\u00f3l a szobah\u0151m\u00e9rs\u00e9klet n\u00f6veked\u00e9se eset\u00e9n. Ezenfel\u00fcl ez a rendszer ingyenes mont\u00e1zzsal van ell\u00e1tva, ami egy z\u00f6kken\u0151mentes telep\u00edt\u00e9st tesz lehet\u0151v\u00e9. Communiceert met dynamische stroom als nodig zonder abonnement en altijd vrije keuze in energie leverancier !<\/p>\n<p>Az el\u0151kocsi hossza 780 mm \u00e9s s\u00falya 33,6 kg. Egy 300 mm-es extra k\u00e1bel seg\u00edts\u00e9g\u00e9vel a k\u00e9sz\u00fcl\u00e9k \u00e9s az akkumul\u00e1tor k\u00f6z\u00f6tt optim\u00e1lis elhelyez\u00e9st biztos\u00edthat a rendszer\u00e9hez, ami hat\u00e9kony energia\u00e1tvitelt \u00e9s minim\u00e1lis energiavesztes\u00e9get eredm\u00e9nyez.<\/p>\n<p>Az Blauhoff akkumul\u00e1torrendszer nagym\u00e9ret\u0171, kobaltv\u00f6r\u00f6s, kompakt \u00e9s t\u00f6m\u00f6r, modulonk\u00e9nt 734 mm x 400 mm-es m\u00e9retekkel \u00e9s 906 kg-os t\u00f6meggel. Az akkumul\u00e1tor kapacit\u00e1sa 80 kWh, amivel a t\u00falt\u00f6lt\u00f6tt energi\u00e1t fel lehet t\u00f6lteni, amelyet a konnektorok vagy m\u00e1s energiaforr\u00e1sok seg\u00edts\u00e9g\u00e9vel lehet felhaszn\u00e1lni. Abban a pillanatban, amikor nincs energiatermel\u00e9s, akkor az energiatermel\u00e9sre haszn\u00e1lt energi\u00e1t kell felhaszn\u00e1lni, hogy az energiaell\u00e1t\u00e1s cs\u00f6kkenjen, \u00e9s \u00edgy az elektromos h\u00e1l\u00f3zat \u00e9s az energiak\u00f6lts\u00e9gek m\u00e9g ink\u00e1bb cs\u00f6kkenjenek. Mindez automatikusan, a dinamikus energiaszerz\u0151d\u00e9ssel kombin\u00e1lva is lehets\u00e9ges. U kunt dan in de winter profiteren van goedkope stroom in de nacht and die de hele day gebruiken and in de zomer gratis laden in de middag en s'avonds gebruiken and in de morgen of in de nacht de auto ermee opladen.<\/p>\n<p><strong>Speci\u00e1lis t\u00f6lt\u00e9s\/kis\u00fct\u00e9s 1C (100aH), amely lehet\u0151v\u00e9 teszi a gyors t\u00f6lt\u00e9st \u00e9s felt\u00f6lt\u00e9st. 8000 ciklus 10 \u00e9v garancia \u00e9s UL9540A tan\u00fas\u00edt\u00e1s, a leghosszabb \u00e9s legbiztons\u00e1gosabb kateg\u00f3ria!<\/strong><\/p>\n<p><strong>Az ingyenes Blauhoff Smartlanhub alkalmaz\u00e1ssal \u00e9s hardverrel egy\u00fctt, amely automatikusan \u00e9s a csatlakoz\u00e1si k\u00f6lts\u00e9gek f\u00fcggv\u00e9ny\u00e9ben dinamikusan kezelheti \u00e9s saj\u00e1t maga kezelheti az energiakapcsol\u00f3j\u00e1t.  U kunt dagelijks can wisselen naar de voordeligste leverancier. Mindig kompatibilis a Homeautomation \u00e9s a Homey Pro domotica rendszerekkel.<\/strong><\/p>\n<p>A Home BLH-25k\/80 kWh 3 f\u00e1zis\u00fa rendszer olyan h\u00e1ztart\u00e1sok sz\u00e1m\u00e1ra k\u00e9sz\u00fclt, amelyeknek az \u00e9ves fogyaszt\u00e1sa t\u00f6bb mint 29200 kWh. Egy 25 kW-os teljes\u00edtm\u00e9ny\u0171 k\u00e9sz\u00fcl\u00e9kkel egy nagyobb mennyis\u00e9g\u0171 energi\u00e1t haszn\u00e1lhat fel, az akkumul\u00e1torban l\u00e9v\u0151 energi\u00e1t \u00e9s az opgewekte zonne-energi\u00e1t figyelembe v\u00e9ve. Ezen t\u00falmen\u0151en ez a rendszer nem okoz gondot, hogy a megfelel\u0151 k\u00e9sz\u00fcl\u00e9kek az \u00fczemid\u0151 alatt m\u0171k\u00f6djenek, \u00e9s a napi rutinok beindulhassanak. A rendszer jelenleg max. 600 kWh-ra \u00e1ll\u00edthat\u00f3.<\/p>\n<p>Az Blauhoff Home BLH-25k\/80 kWh 3 Fase Systeem Powerpack rugalmasan haszn\u00e1lhat\u00f3. Het beschikt over een generators\/windmolen poort, waardoor u de mogelijkheid heeft om extra energiebronnen toe te voegen en uw energieonafhankelijkheid verder te vergroten. A 3x25A minim\u00e1lis \u00e1ramell\u00e1t\u00e1ssal \u00e9s 3-f\u00e1zis\u00fa konfigur\u00e1ci\u00f3ra kialak\u00edtva ez a rendszer kompatibilis a leggyakrabban haszn\u00e1lt elektromos h\u00e1l\u00f3zatokkal.<\/p>\n<p>Az ingyenes mont\u00e1zsnak k\u00f6sz\u00f6nhet\u0151en professzion\u00e1lis telep\u00edt\u00e9sre van sz\u00fcks\u00e9ge, hogy a rendszere a legv\u00e9gs\u0151 pillanatt\u00f3l kezdve optim\u00e1lisan m\u0171k\u00f6dj\u00f6n, \u00e9s \u00d6n egy z\u00f6kken\u0151mentes karbantart\u00e1st \u00e9lvezhessen.<\/p>\n<p>Tegyen l\u00e9p\u00e9st a hat\u00e9konyabb \u00e9s energiatakar\u00e9kosabb energiaell\u00e1t\u00e1s fel\u00e9 az Blauhoff Home BLH-25k\/80kWh 3 f\u00e1zis\u00fa rendszerrel. Met krachtige energieopslag, noodstroomvoorziening en flexibiliteit in energiebronnen kunt u vertrouwen op een betrouwbare stroomvoorziening, kostenbesparingen realiseren and uw \u00f6kologische voetafdruk verkleinen. Kies for Blauhoff and maak uw woning klaar for de energiebehoeften van de toekomst.<\/p>\n<p><a href=\"https:\/\/blauhoff.nl\/wp-content\/uploads\/2024\/10\/Blauhoff-Power-Pack-HV-V1.4-1.pdf\" target=\"_blank\" rel=\"noopener\">Blauhoff t\u00e1pegys\u00e9g HV V1.4 (1)<\/a><\/p>","protected":false},"excerpt":{"rendered":"<p>Blauhoff Home 25K\/80 kWh HV 3 Fase systeem Cobalt vrij Powerpack IP55 Outdoor\/Indoor\/Cobalt vrij 100aH 1C Het super robuste en makkelijk uitbreidbare Blauhoff Home BLH-25k\/80 kWh 3 Fase Systeem, van [...]<\/p>","protected":false},"featured_media":187745,"template":"","meta":{"_seopress_robots_primary_cat":"none","_seopress_titles_title":"","_seopress_titles_desc":"","_seopress_robots_index":"","_kad_blocks_custom_css":"","_kad_blocks_head_custom_js":"","_kad_blocks_body_custom_js":"","_kad_blocks_footer_custom_js":""},"product_cat":[17,19],"product_tag":[],"class_list":{"0":"post-187742","1":"product","2":"type-product","3":"status-publish","4":"has-post-thumbnail","6":"product_cat-home-batteries","7":"product_cat-sets-with-inverters","9":"first","10":"instock","11":"taxable","12":"shipping-taxable","13":"purchasable","14":"product-type-simple"},"taxonomy_info":{"product_cat":[{"value":17,"label":"Home batteries"},{"value":19,"label":"Sets with inverters"}]},"featured_image_src_large":["https:\/\/ownpowr.com\/wp-content\/uploads\/2024\/10\/bh3-25k-80kwh-300x300-1.png",300,300,false],"author_info":[],"comment_info":"","_links":{"self":[{"href":"https:\/\/ownpowr.com\/hu\/wp-json\/wp\/v2\/product\/187742","targetHints":{"allow":["GET"]}}],"collection":[{"href":"https:\/\/ownpowr.com\/hu\/wp-json\/wp\/v2\/product"}],"about":[{"href":"https:\/\/ownpowr.com\/hu\/wp-json\/wp\/v2\/types\/product"}],"wp:featuredmedia":[{"embeddable":true,"href":"https:\/\/ownpowr.com\/hu\/wp-json\/wp\/v2\/media\/187745"}],"wp:attachment":[{"href":"https:\/\/ownpowr.com\/hu\/wp-json\/wp\/v2\/media?parent=187742"}],"wp:term":[{"taxonomy":"product_cat","embeddable":true,"href":"https:\/\/ownpowr.com\/hu\/wp-json\/wp\/v2\/product_cat?post=187742"},{"taxonomy":"product_tag","embeddable":true,"href":"https:\/\/ownpowr.com\/hu\/wp-json\/wp\/v2\/product_tag?post=187742"}],"curies":[{"name":"wp","href":"https:\/\/api.w.org\/{rel}","templated":true}]}}