{"id":197485,"date":"2024-12-13T11:46:01","date_gmt":"2024-12-13T09:46:01","guid":{"rendered":"https:\/\/ownpowr.com\/?post_type=product&#038;p=197485"},"modified":"2025-01-30T09:45:04","modified_gmt":"2025-01-30T07:45:04","slug":"blh-electric-generator-on-trailer-with-various-connections-50k-100kwh-and-solar-panels","status":"publish","type":"product","link":"https:\/\/ownpowr.com\/hu\/product\/blh-elektromos-generator-potkocsin-kulonbozo-csatlakozasokkal-50k-100kwh-es-napelemek\/","title":{"rendered":"BLH Elektromos gener\u00e1tor p\u00f3tkocsin, k\u00fcl\u00f6nb\u00f6z\u0151 csatlakoz\u00f3kkal 50K\/100kWh \u00e9s napelemek"},"content":{"rendered":"<p>Elektromos gener\u00e1tor vagy hibrid gener\u00e1tor dupla tengelyen, napelemekkel b\u0151v\u00edthet\u0151.<br \/>\nMobil akkumul\u00e1tor LFP akkumul\u00e1torokkal 10 \u00e9v garancia \u00e9s 6000 ciklus!<\/p>\n<p>Bemeneti kapacit\u00e1s 400V\/32A\/63A<br \/>\nT\u00f6lt\u00e9si id\u0151 2-5 \u00f3ra<br \/>\nKimenet 230V\/16A<br \/>\nKimenet 400V\/32A<br \/>\nKimenet 400V\/63A<\/p>\n<p>Mobil ess minden rugalmas haszn\u00e1latra, dinamikus \u00e1rfolyamokkal m\u0171k\u00f6dik, \u00e9s k\u00f6zvetlen\u00fcl csatlakoztathatja a napelemeket.<br \/>\nAlkalmas \u00e9p\u00edtkez\u00e9sekhez, esem\u00e9nyekhez, v\u00e9szhelyzeti \u00e1ramell\u00e1t\u00e1shoz stb.<\/p>\n<div dir=\"ltr\"><a href=\"https:\/\/blauhoff.nl\/wp-content\/uploads\/2024\/02\/Blauhoff-Elektrische-Generator-Datasheet.pdf\">Adatlap<\/a><\/div>","protected":false},"excerpt":{"rendered":"<p>Elektromos gener\u00e1tor vagy hibrid gener\u00e1tor dupla tengelyen, napelemekkel b\u0151v\u00edthet\u0151. Mobil akkumul\u00e1tor LFP akkumul\u00e1torokkal 10 \u00e9v garancia \u00e9s 6000 ciklus! Bemeneti kapacit\u00e1s 400V\/32A\/63A T\u00f6lt\u00e9si id\u0151 2-5 \u00f3ra [...]<\/p>","protected":false},"featured_media":197490,"template":"","meta":{"_seopress_robots_primary_cat":"none","_seopress_titles_title":"","_seopress_titles_desc":"","_seopress_robots_index":"","_kad_blocks_custom_css":"","_kad_blocks_head_custom_js":"","_kad_blocks_body_custom_js":"","_kad_blocks_footer_custom_js":""},"product_cat":[17],"product_tag":[],"class_list":{"0":"post-197485","1":"product","2":"type-product","3":"status-publish","4":"has-post-thumbnail","6":"product_cat-home-batteries","8":"first","9":"instock","10":"taxable","11":"shipping-taxable","12":"purchasable","13":"product-type-simple"},"taxonomy_info":{"product_cat":[{"value":17,"label":"Home batteries"}]},"featured_image_src_large":["https:\/\/ownpowr.com\/wp-content\/uploads\/2024\/12\/electrische-generator-300x300-1.jpg",300,300,false],"author_info":[],"comment_info":"","_links":{"self":[{"href":"https:\/\/ownpowr.com\/hu\/wp-json\/wp\/v2\/product\/197485","targetHints":{"allow":["GET"]}}],"collection":[{"href":"https:\/\/ownpowr.com\/hu\/wp-json\/wp\/v2\/product"}],"about":[{"href":"https:\/\/ownpowr.com\/hu\/wp-json\/wp\/v2\/types\/product"}],"wp:featuredmedia":[{"embeddable":true,"href":"https:\/\/ownpowr.com\/hu\/wp-json\/wp\/v2\/media\/197490"}],"wp:attachment":[{"href":"https:\/\/ownpowr.com\/hu\/wp-json\/wp\/v2\/media?parent=197485"}],"wp:term":[{"taxonomy":"product_cat","embeddable":true,"href":"https:\/\/ownpowr.com\/hu\/wp-json\/wp\/v2\/product_cat?post=197485"},{"taxonomy":"product_tag","embeddable":true,"href":"https:\/\/ownpowr.com\/hu\/wp-json\/wp\/v2\/product_tag?post=197485"}],"curies":[{"name":"wp","href":"https:\/\/api.w.org\/{rel}","templated":true}]}}