{"id":205857,"date":"2025-01-30T13:37:19","date_gmt":"2025-01-30T11:37:19","guid":{"rendered":"https:\/\/ownpowr.com\/?post_type=product&#038;p=205857"},"modified":"2025-01-31T10:08:34","modified_gmt":"2025-01-31T08:08:34","slug":"blauhoff-25k-50kwh-hv-3-phase-system-powerpack-ip55-100ah-1c-charge-discharge","status":"publish","type":"product","link":"https:\/\/ownpowr.com\/hu\/product\/blauhoff-25k-50kwh-hv-3-fazisu-rendszer-powerpack-ip55-100ah-1c-toltes-kisules\/","title":{"rendered":"Blauhoff 25K\/50kWh HV 3 f\u00e1zis\u00fa rendszer Powerpack IP55 100aH 1C t\u00f6lt\u00e9s\/kis\u00fct\u00e9s"},"content":{"rendered":"<p>Blauhoff Home 25K\/50 kWh HV 3 f\u00e1zis\u00fa rendszer Kobaltmentes Powerpack IP55 k\u00fclt\u00e9ri\/k\u00fclt\u00e9ri\/kobaltmentes 100aH 1C<\/p>\n<p>A neves Blauhoff m\u00e1rka szuper robusztus \u00e9s k\u00f6nnyen b\u0151v\u00edthet\u0151 Blauhoff Home BLH-25k\/50 kWh 3 f\u00e1zis\u00fa rendszere megb\u00edzhat\u00f3 \u00e9s hat\u00e9kony energiat\u00e1rol\u00e1si megold\u00e1st k\u00edn\u00e1l a nagyobb fogyaszt\u00e1s\u00fa h\u00e1ztart\u00e1sok sz\u00e1m\u00e1ra. Ezzel a nagy teljes\u00edtm\u00e9ny\u0171 rendszerrel optimaliz\u00e1lhatja otthona energiahat\u00e9konys\u00e1g\u00e1t, cs\u00f6kkentheti a h\u00e1l\u00f3zatt\u00f3l val\u00f3 f\u00fcgg\u0151s\u00e9g\u00e9t, \u00e9s \u00e1ramkimarad\u00e1s eset\u00e9n v\u00e9szhelyzeti \u00e1ramell\u00e1t\u00e1s el\u0151nyeit \u00e9lvezheti. R\u00e1ad\u00e1sul ez a rendszer ingyenes \u00f6sszeszerel\u00e9ssel j\u00e1r, \u00edgy biztos\u00edtva a probl\u00e9mamentes telep\u00edt\u00e9st. Sz\u00fcks\u00e9g szerint kommunik\u00e1l a dinamikus energi\u00e1val el\u0151fizet\u00e9s n\u00e9lk\u00fcl \u00e9s mindig szabadon v\u00e1laszthat\u00f3 energiaszolg\u00e1ltat\u00f3val!<\/p>\n<p>Az inverter hossza 780 mm, t\u00f6mege 33,6 kg. Az inverter \u00e9s az akkumul\u00e1tor k\u00f6z\u00f6tti tov\u00e1bbi 300 mm-es k\u00e1bel seg\u00edts\u00e9g\u00e9vel meghat\u00e1rozhatja a rendszer optim\u00e1lis elhelyez\u00e9s\u00e9t, \u00edgy biztos\u00edtva a hat\u00e9kony energia\u00e1tvitelt \u00e9s a minim\u00e1lis energiavesztes\u00e9get.<\/p>\n<p>A Home BLH-25k\/50 kWh 3 f\u00e1zis\u00fa rendszer olyan h\u00e1ztart\u00e1sok sz\u00e1m\u00e1ra aj\u00e1nlott, amelyek \u00e1tlagos \u00e9ves fogyaszt\u00e1sa k\u00f6r\u00fclbel\u00fcl 18250 kWh. A 25 kW teljes\u00edtm\u00e9ny\u0171 rendszerrel a megtermelt napenergia \u00e9s az akkumul\u00e1torban t\u00e1rolt energia felhaszn\u00e1l\u00e1s\u00e1val az energiasz\u00fcks\u00e9glet jelent\u0151s r\u00e9sz\u00e9t fedezheti. Ezenk\u00edv\u00fcl ez a rendszer v\u00e9szhelyzeti \u00e1ramell\u00e1t\u00e1st is biztos\u00edt, \u00edgy a fontos eszk\u00f6z\u00f6k \u00e1ramsz\u00fcnet idej\u00e9n is tov\u00e1bb m\u0171k\u00f6dnek, \u00e9s a napi rutinjai zavartalanul folytat\u00f3dhatnak. A rendszer 600 kWh-ra is b\u0151v\u00edthet\u0151.<\/p>\n<p>Az Blauhoff Home BLH-25k\/50 kWh 3 f\u00e1zis\u00fa rendszer Powerpack a rugalmass\u00e1g jegy\u00e9ben k\u00e9sz\u00fclt. Rendelkezik egy gener\u00e1tor\/sz\u00e9lmalom csatlakoz\u00f3val, amely lehet\u0151v\u00e9 teszi tov\u00e1bbi \u00e1ramforr\u00e1sok hozz\u00e1ad\u00e1s\u00e1t \u00e9s az energiaf\u00fcggetlens\u00e9g tov\u00e1bbi n\u00f6vel\u00e9s\u00e9t. A legal\u00e1bb 3x25A csatlakoz\u00f3val \u00e9s a 3 f\u00e1zis\u00fa konfigur\u00e1ci\u00f3khoz alkalmas, ez a rendszer kompatibilis a legt\u00f6bb h\u00e1ztart\u00e1si elektromos h\u00e1l\u00f3zattal.<\/p>\n<p>Az ingyenes \u00f6sszeszerel\u00e9snek k\u00f6sz\u00f6nhet\u0151en sz\u00e1m\u00edthat a szakszer\u0171 telep\u00edt\u00e9sre, amely biztos\u00edtja, hogy a rendszer az els\u0151 pillanatt\u00f3l kezdve optim\u00e1lisan m\u0171k\u00f6dj\u00f6n, \u00e9s \u00d6n gondtalanul \u00e9lvezheti a rendszert.<\/p>\n<p>V\u00e1ltson hat\u00e9konyabb \u00e9s fenntarthat\u00f3bb energiaell\u00e1t\u00e1sra az Blauhoff Home BLH-25k\/50 kWh 3 f\u00e1zis\u00fa rendszerrel. A nagy teljes\u00edtm\u00e9ny\u0171 energiat\u00e1rol\u00e1ssal, a tartal\u00e9k energi\u00e1val \u00e9s az energiaforr\u00e1sok rugalmass\u00e1g\u00e1val megb\u00edzhat\u00f3 \u00e1ramell\u00e1t\u00e1sra sz\u00e1m\u00edthat, k\u00f6lts\u00e9gmegtakar\u00edt\u00e1st \u00e9rhet el, \u00e9s cs\u00f6kkentheti sz\u00e9nl\u00e1bnyom\u00e1t. V\u00e1lassza az Blauhoff-t, \u00e9s k\u00e9sz\u00edtse fel otthon\u00e1t a j\u00f6v\u0151 energiaig\u00e9nyeire.<\/p>\n<p>Tov\u00e1bbi opci\u00f3k\u00e9nt f\u0171t\u00e9ssel is kaphat\u00f3 hideg helyis\u00e9gekben vagy k\u00fclt\u00e9ren t\u00f6rt\u00e9n\u0151 felszerel\u00e9shez !<\/p>\n<p><a href=\"https:\/\/blauhoff.nl\/wp-content\/uploads\/2024\/10\/Blauhoff-Power-Pack-HV-V1.4-1.pdf\" target=\"_blank\" rel=\"noopener\">Blauhoff t\u00e1pegys\u00e9g HV V1.4 (1)<\/a><\/p>\n<div style=\"width: 640px;\" class=\"wp-video\"><video class=\"wp-video-shortcode\" id=\"video-205857-1\" width=\"640\" height=\"360\" preload=\"metadata\" controls=\"controls\"><source type=\"video\/mp4\" src=\"https:\/\/blauhoff.nl\/wp-content\/uploads\/2024\/12\/Blauhoff-PowerPack-Series.mp4?_=1\" \/><a href=\"https:\/\/blauhoff.nl\/wp-content\/uploads\/2024\/12\/Blauhoff-PowerPack-Series.mp4\">https:\/\/blauhoff.nl\/wp-content\/uploads\/2024\/12\/Blauhoff-PowerPack-Series.mp4<\/a><\/video><\/div>","protected":false},"excerpt":{"rendered":"<p>Blauhoff Home 25K\/50 kWh HV 3 f\u00e1zis\u00fa rendszer Kobaltmentes Powerpack IP55 k\u00fclt\u00e9ri\/k\u00fclt\u00e9ri\/kobaltmentes 100aH 1C A szuper robusztus \u00e9s k\u00f6nnyen b\u0151v\u00edthet\u0151 Blauhoff Home BLH-25k\/50 kWh 3 f\u00e1zis\u00fa rendszer, a h\u00edres [...]<\/p>","protected":false},"featured_media":205860,"template":"","meta":{"_seopress_robots_primary_cat":"none","_seopress_titles_title":"","_seopress_titles_desc":"","_seopress_robots_index":"","_kad_blocks_custom_css":"","_kad_blocks_head_custom_js":"","_kad_blocks_body_custom_js":"","_kad_blocks_footer_custom_js":""},"product_cat":[17,19],"product_tag":[],"class_list":{"0":"post-205857","1":"product","2":"type-product","3":"status-publish","4":"has-post-thumbnail","6":"product_cat-home-batteries","7":"product_cat-sets-with-inverters","9":"first","10":"instock","11":"taxable","12":"shipping-taxable","13":"purchasable","14":"product-type-simple"},"taxonomy_info":{"product_cat":[{"value":17,"label":"Home batteries"},{"value":19,"label":"Sets with inverters"}]},"featured_image_src_large":["https:\/\/ownpowr.com\/wp-content\/uploads\/2025\/01\/bh3_12k_50kwh-480x480-2.png",480,480,false],"author_info":[],"comment_info":"","_links":{"self":[{"href":"https:\/\/ownpowr.com\/hu\/wp-json\/wp\/v2\/product\/205857","targetHints":{"allow":["GET"]}}],"collection":[{"href":"https:\/\/ownpowr.com\/hu\/wp-json\/wp\/v2\/product"}],"about":[{"href":"https:\/\/ownpowr.com\/hu\/wp-json\/wp\/v2\/types\/product"}],"wp:featuredmedia":[{"embeddable":true,"href":"https:\/\/ownpowr.com\/hu\/wp-json\/wp\/v2\/media\/205860"}],"wp:attachment":[{"href":"https:\/\/ownpowr.com\/hu\/wp-json\/wp\/v2\/media?parent=205857"}],"wp:term":[{"taxonomy":"product_cat","embeddable":true,"href":"https:\/\/ownpowr.com\/hu\/wp-json\/wp\/v2\/product_cat?post=205857"},{"taxonomy":"product_tag","embeddable":true,"href":"https:\/\/ownpowr.com\/hu\/wp-json\/wp\/v2\/product_tag?post=205857"}],"curies":[{"name":"wp","href":"https:\/\/api.w.org\/{rel}","templated":true}]}}