{"id":206767,"date":"2025-02-07T13:24:22","date_gmt":"2025-02-07T11:24:22","guid":{"rendered":"https:\/\/ownpowr.com\/?post_type=product&#038;p=206767"},"modified":"2025-02-07T13:55:51","modified_gmt":"2025-02-07T11:55:51","slug":"blauhoff-5k-20-kwh-lv-3-phase-system-powerpack-ip55-100ah-1c-charge-discharge","status":"publish","type":"product","link":"https:\/\/ownpowr.com\/hu\/product\/blauhoff-5k-20-kwh-lv-3-fazisu-rendszer-powerpack-ip55-100ah-1c-toltes-kisutes\/","title":{"rendered":"Blauhoff 5K\/20 kWh LV 1 f\u00e1zis\u00fa rendszer Powerpack IP55 100aH 1C t\u00f6lt\u00e9s\/kis\u00fct\u00e9s"},"content":{"rendered":"<p><strong>Blauhoff Otthon 5K\/20 kWh LV 1 f\u00e1zis\u00fa rendszer Kobaltmentes Powerpack IP55 k\u00fclt\u00e9ri\/k\u00fclt\u00e9ri\/kobaltmentes 100aH 1C<\/strong><\/p>\n<p>A neves m\u00e1rk\u00e1t\u00f3l sz\u00e1rmaz\u00f3, szuper robusztus \u00e9s k\u00f6nnyen b\u0151v\u00edthet\u0151 Blauhoff Home BLH-5k\/20 kWh 1 f\u00e1zis\u00fa rendszer megb\u00edzhat\u00f3 \u00e9s hat\u00e9kony megold\u00e1st k\u00edn\u00e1l a nagyobb fogyaszt\u00e1s\u00fa h\u00e1ztart\u00e1sok energiat\u00e1rol\u00e1s\u00e1ra. Ezzel a nagy teljes\u00edtm\u00e9ny\u0171 rendszerrel optimaliz\u00e1lhatja otthona energiahat\u00e9konys\u00e1g\u00e1t, cs\u00f6kkentheti az elektromos h\u00e1l\u00f3zatt\u00f3l val\u00f3 f\u00fcgg\u0151s\u00e9g\u00e9t, \u00e9s \u00e1ramkimarad\u00e1s eset\u00e9n v\u00e9szhelyzeti \u00e1ramell\u00e1t\u00e1s el\u0151nyeit \u00e9lvezheti. R\u00e1ad\u00e1sul ezt a rendszert ingyenes telep\u00edt\u00e9ssel sz\u00e1ll\u00edtjuk, ami gondtalan telep\u00edt\u00e9st biztos\u00edt. Kommunik\u00e1l a dinamikus energi\u00e1val sz\u00fcks\u00e9g szerint el\u0151fizet\u00e9s n\u00e9lk\u00fcl \u00e9s mindig szabadon v\u00e1laszthat\u00f3 energiaszolg\u00e1ltat\u00f3val!<\/p>\n<p>Az inverter hossza 780 mm, s\u00falya 33,6 kg. Az inverter \u00e9s az akkumul\u00e1tor k\u00f6z\u00f6tti tov\u00e1bbi 300 mm-es k\u00e1bellel meghat\u00e1rozhatja a rendszer optim\u00e1lis elhelyez\u00e9s\u00e9t, ami hat\u00e9kony energia\u00e1tvitelt \u00e9s minim\u00e1lis energiavesztes\u00e9get biztos\u00edt.<\/p>\n<p>Az Blauhoff akkumul\u00e1tor-rendszer fenntarthat\u00f3, kobaltmentes, kompakt \u00e9s lapos, modulonk\u00e9nt 734 mm x 400 mm-es m\u00e9retekkel \u00e9s 248 kg t\u00f6meggel. Az akkumul\u00e1tor kapacit\u00e1sa 20 kWh, \u00edgy lehet\u0151v\u00e9 teszi a napelemek vagy m\u00e1s energiaforr\u00e1sok \u00e1ltal termelt felesleges energia t\u00e1rol\u00e1s\u00e1t. Azokban az id\u0151szakokban, amikor nincs energiatermel\u00e9s, a t\u00e1rolt energi\u00e1t felhaszn\u00e1lhatja az energiafogyaszt\u00e1s fedez\u00e9s\u00e9re, \u00edgy kev\u00e9sb\u00e9 f\u00fcgg az elektromos h\u00e1l\u00f3zatt\u00f3l, \u00e9s tov\u00e1bb cs\u00f6kkentheti energiak\u00f6lts\u00e9geit. Mindez automatikusan t\u00f6rt\u00e9nik egy dinamikus energiaszerz\u0151d\u00e9ssel kombin\u00e1lva, ha rendelkez\u00e9sre \u00e1ll. \u00cdgy t\u00e9len \u00e9jszaka olcs\u00f3 \u00e1ramot haszn\u00e1lhat, \u00e9s eg\u00e9sz nap haszn\u00e1lhatja, ny\u00e1ron pedig d\u00e9lut\u00e1n \u00e9s este ingyenesen t\u00f6lthet, \u00e9s reggel vagy \u00e9jszaka az aut\u00f3 felt\u00f6lt\u00e9s\u00e9re haszn\u00e1lhatja.<\/p>\n<p><strong>Speci\u00e1lisan k\u00e9sz\u00fclt t\u00f6lt\u00e9s\/kis\u00fct\u00e9s 1C (100aH), \u00edgy rendk\u00edv\u00fcl gyorsan t\u00f6lthet \u00e9s kis\u00fcthet. 8000 ciklus 10 \u00e9v garancia &amp; UL9540A tan\u00fas\u00edt\u00e1s, a legmagasabb el\u00e9rhet\u0151 \u00e9s t\u0171zbiztos kateg\u00f3ria!<\/strong><\/p>\n<p><strong>Mindig ingyenes Blauhoff Smartlanhub alkalmaz\u00e1ssal \u00e9s hardverrel egy\u00fctt, \u00edgy \u00d6n automatikusan \u00e9s el\u0151fizet\u00e9si k\u00f6lts\u00e9gek n\u00e9lk\u00fcl, dinamikusan cselekedhet, \u00e9s saj\u00e1t maga ir\u00e1ny\u00edthatja energiaszolg\u00e1ltat\u00f3j\u00e1t. Naponta v\u00e1lthat a legel\u0151ny\u00f6sebb szolg\u00e1ltat\u00f3ra. A Homeautomation \u00e9s a Homey Pro otthoni automatiz\u00e1l\u00e1ssal is kompatibilis.<\/strong><\/p>\n<p>Az otthoni BLH-5k\/20 kWh 1 f\u00e1zis\u00fa rendszer olyan h\u00e1ztart\u00e1sok sz\u00e1m\u00e1ra aj\u00e1nlott, amelyek \u00e1tlagos \u00e9ves fogyaszt\u00e1sa k\u00f6r\u00fclbel\u00fcl 7300 kWh. Az 5 kW-os kapacit\u00e1ssal a megtermelt napenergia \u00e9s az akkumul\u00e1torban t\u00e1rolt energia seg\u00edts\u00e9g\u00e9vel fedezheti energiasz\u00fcks\u00e9glete jelent\u0151s r\u00e9sz\u00e9t. Emellett ez a rendszer v\u00e9szhelyzeti \u00e1ramell\u00e1t\u00e1st is biztos\u00edt, \u00edgy a fontos eszk\u00f6z\u00f6k \u00e1ramkimarad\u00e1s eset\u00e9n is tov\u00e1bb m\u0171k\u00f6dnek, \u00e9s a napi rutinjai zavartalanul folytat\u00f3dhatnak. A rendszer max. 600 kWh-ra is b\u0151v\u00edthet\u0151.<\/p>\n<p>Az Blauhoff Home BLH-5k\/20 kWh 1 f\u00e1zis\u00fa rendszer t\u00e1pegys\u00e9get a rugalmass\u00e1g jegy\u00e9ben tervezt\u00e9k. Gener\u00e1tor\/sz\u00e9lmalom csatlakoz\u00f3val rendelkezik, ami lehet\u0151s\u00e9get ad tov\u00e1bbi energiaforr\u00e1sok hozz\u00e1ad\u00e1s\u00e1ra \u00e9s az energiaf\u00fcggetlens\u00e9g tov\u00e1bbi n\u00f6vel\u00e9s\u00e9re. A legal\u00e1bb 3x25A csatlakoz\u00f3val \u00e9s az 1-f\u00e1zis\u00fa konfigur\u00e1ci\u00f3khoz alkalmas, ez a rendszer kompatibilis a legt\u00f6bb h\u00e1ztart\u00e1si elektromos h\u00e1l\u00f3zattal.<\/p>\n<p>Az ingyenes telep\u00edt\u00e9snek k\u00f6sz\u00f6nhet\u0151en sz\u00e1m\u00edthat a professzion\u00e1lis telep\u00edt\u00e9sre, amely biztos\u00edtja, hogy rendszere az els\u0151 pillanatt\u00f3l kezdve optim\u00e1lisan m\u0171k\u00f6dj\u00f6n, \u00e9s \u00d6n gondtalanul \u00e9lvezhesse az \u00e9lm\u00e9nyt.<\/p>\n<p>V\u00e1ltson hat\u00e9konyabb \u00e9s fenntarthat\u00f3bb energiaell\u00e1t\u00e1sra az Blauhoff Home BLH-5k\/20kWh 1 f\u00e1zis\u00fa rendszerrel. A nagy teljes\u00edtm\u00e9ny\u0171 energiat\u00e1rol\u00e1s, a v\u00e9szhelyzeti \u00e1ramell\u00e1t\u00e1s \u00e9s az energiaforr\u00e1sok rugalmass\u00e1ga r\u00e9v\u00e9n megb\u00edzhat\u00f3 \u00e1ramell\u00e1t\u00e1sra sz\u00e1m\u00edthat, k\u00f6lts\u00e9gmegtakar\u00edt\u00e1st realiz\u00e1lhat \u00e9s cs\u00f6kkentheti \u00f6kol\u00f3giai l\u00e1bnyom\u00e1t. V\u00e1lassza az Blauhoff-t, \u00e9s k\u00e9sz\u00edtse fel otthon\u00e1t a j\u00f6v\u0151 energiaig\u00e9nyeire.<\/p>\n<p><strong>Extra opci\u00f3k\u00e9nt f\u0171t\u00e9ssel is kaphat\u00f3 hideg helyis\u00e9gekbe vagy k\u00fclt\u00e9rre t\u00f6rt\u00e9n\u0151 telep\u00edt\u00e9shez!<\/strong><\/p>\n<p><a href=\"https:\/\/blauhoff.nl\/wp-content\/uploads\/2024\/07\/Blauhoff-Power-Pack-LV-V1.3.pdf\" target=\"_blank\" rel=\"noopener\">Blauhoff t\u00e1pegys\u00e9g LV V1.3<\/a><\/p>\n<div style=\"width: 640px;\" class=\"wp-video\"><video class=\"wp-video-shortcode\" id=\"video-206767-1\" width=\"640\" height=\"360\" preload=\"metadata\" controls=\"controls\"><source type=\"video\/mp4\" src=\"https:\/\/blauhoff.nl\/wp-content\/uploads\/2024\/12\/Blauhoff-PowerPack-Series.mp4?_=1\" \/><a href=\"https:\/\/blauhoff.nl\/wp-content\/uploads\/2024\/12\/Blauhoff-PowerPack-Series.mp4\">https:\/\/blauhoff.nl\/wp-content\/uploads\/2024\/12\/Blauhoff-PowerPack-Series.mp4<\/a><\/video><\/div>\n<p>&nbsp;<\/p>","protected":false},"excerpt":{"rendered":"<p>Blauhoff Home 5K\/20 kWh LV 1 f\u00e1zis\u00fa rendszer Kobaltmentes Powerpack IP55 k\u00fclt\u00e9ri\/benti\/kobaltmentes 100aH 1C A szuper robusztus \u00e9s k\u00f6nnyen b\u0151v\u00edthet\u0151 Blauhoff Home BLH-5k\/20 kWh 1 f\u00e1zis\u00fa rendszer, a [...]<\/p>","protected":false},"featured_media":206778,"template":"","meta":{"_seopress_robots_primary_cat":"none","_seopress_titles_title":"","_seopress_titles_desc":"","_seopress_robots_index":"","_kad_blocks_custom_css":"","_kad_blocks_head_custom_js":"","_kad_blocks_body_custom_js":"","_kad_blocks_footer_custom_js":""},"product_cat":[17,19],"product_tag":[],"class_list":{"0":"post-206767","1":"product","2":"type-product","3":"status-publish","4":"has-post-thumbnail","6":"product_cat-home-batteries","7":"product_cat-sets-with-inverters","9":"first","10":"instock","11":"taxable","12":"shipping-taxable","13":"purchasable","14":"product-type-simple"},"taxonomy_info":{"product_cat":[{"value":17,"label":"Home batteries"},{"value":19,"label":"Sets with inverters"}]},"featured_image_src_large":["https:\/\/ownpowr.com\/wp-content\/uploads\/2025\/02\/bh3_5k_20kwh-1.png",480,480,false],"author_info":[],"comment_info":"","_links":{"self":[{"href":"https:\/\/ownpowr.com\/hu\/wp-json\/wp\/v2\/product\/206767","targetHints":{"allow":["GET"]}}],"collection":[{"href":"https:\/\/ownpowr.com\/hu\/wp-json\/wp\/v2\/product"}],"about":[{"href":"https:\/\/ownpowr.com\/hu\/wp-json\/wp\/v2\/types\/product"}],"wp:featuredmedia":[{"embeddable":true,"href":"https:\/\/ownpowr.com\/hu\/wp-json\/wp\/v2\/media\/206778"}],"wp:attachment":[{"href":"https:\/\/ownpowr.com\/hu\/wp-json\/wp\/v2\/media?parent=206767"}],"wp:term":[{"taxonomy":"product_cat","embeddable":true,"href":"https:\/\/ownpowr.com\/hu\/wp-json\/wp\/v2\/product_cat?post=206767"},{"taxonomy":"product_tag","embeddable":true,"href":"https:\/\/ownpowr.com\/hu\/wp-json\/wp\/v2\/product_tag?post=206767"}],"curies":[{"name":"wp","href":"https:\/\/api.w.org\/{rel}","templated":true}]}}