{"id":206803,"date":"2025-02-07T15:58:34","date_gmt":"2025-02-07T13:58:34","guid":{"rendered":"https:\/\/ownpowr.com\/?post_type=product&#038;p=206803"},"modified":"2025-02-14T16:28:57","modified_gmt":"2025-02-14T14:28:57","slug":"blauhoff-home-8k-20kwh-3-phase-system","status":"publish","type":"product","link":"https:\/\/ownpowr.com\/hu\/product\/blauhoff-home-8k-20kwh-3-fazisu-rendszer\/","title":{"rendered":"Blauhoff Home 8K\/20kWh 1 vagy 3 f\u00e1zis\u00fa rendszer"},"content":{"rendered":"<p>Blauhoff Home 8K\/20kWh f\u00e1zis\u00fa rendszer<\/p>\n<p>Az Blauhoff Home 8K\/20kWh f\u00e1zis\u00fa rendszer a megb\u00edzhat\u00f3 m\u00e1rk\u00e1t\u00f3l, az Blauhoff-t\u0151l, fejlett megold\u00e1st k\u00edn\u00e1l az otthoni energiat\u00e1rol\u00e1shoz. Ezt a rendszert kifejezetten a jelent\u0151s fogyaszt\u00e1s\u00fa h\u00e1ztart\u00e1sok energiaig\u00e9ny\u00e9nek kiel\u00e9g\u00edt\u00e9s\u00e9re tervezt\u00e9k. Ezzel a nagy teljes\u00edtm\u00e9ny\u0171 rendszerrel optimaliz\u00e1lhatja energiafogyaszt\u00e1s\u00e1nak hat\u00e9konys\u00e1g\u00e1t, cs\u00f6kkentheti a h\u00e1l\u00f3zatt\u00f3l val\u00f3 f\u00fcgg\u0151s\u00e9g\u00e9t, s\u0151t, \u00e1ramkimarad\u00e1s eset\u00e9n m\u00e9g v\u00e9szhelyzeti \u00e1ramell\u00e1t\u00e1st is ig\u00e9nybe vehet. R\u00e1ad\u00e1sul ez a rendszer ingyenes telep\u00edt\u00e9ssel j\u00e1r, \u00edgy a telep\u00edt\u00e9s egyszer\u0171 \u00e9s probl\u00e9mamentes.<\/p>\n<p>Az inverter 580 mm hossz\u00fa \u00e9s 33,6 kg s\u00faly\u00fa. Az inverter \u00e9s az akkumul\u00e1tor k\u00f6z\u00f6tti tov\u00e1bbi 300 mm-es k\u00e1bel seg\u00edts\u00e9g\u00e9vel meghat\u00e1rozhatja a rendszer optim\u00e1lis elhelyez\u00e9s\u00e9t, biztos\u00edtva a hat\u00e9kony energia\u00e1tvitelt \u00e9s a minim\u00e1lis energiavesztes\u00e9get.<\/p>\n<p>Az Blauhoff akkumul\u00e1torrendszer robusztus \u00e9s tart\u00f3s, m\u00e9rete 580mm x 387mm x 1300mm, s\u00falya 180kg. Az akkumul\u00e1tor leny\u0171g\u00f6z\u0151, 20 kWh kapacit\u00e1ssal rendelkezik, \u00edgy lehet\u0151v\u00e9 teszi a napelemek \u00e1ltal termelt t\u00f6bbletenergia t\u00e1rol\u00e1s\u00e1t. Amikor nincs napf\u00e9ny, ezt a t\u00e1rolt energi\u00e1t felhaszn\u00e1lhatja az energiafogyaszt\u00e1s fedez\u00e9s\u00e9re, cs\u00f6kkentve ezzel a h\u00e1l\u00f3zatt\u00f3l val\u00f3 f\u00fcgg\u0151s\u00e9get \u00e9s tov\u00e1bb cs\u00f6kkentve az energiak\u00f6lts\u00e9geket.<\/p>\n<p>Az Blauhoff Home 8K\/20kWh f\u00e1zis\u00fa rendszer olyan h\u00e1ztart\u00e1sok sz\u00e1m\u00e1ra aj\u00e1nlott, amelyek \u00e1tlagos \u00e9ves fogyaszt\u00e1sa k\u00f6r\u00fclbel\u00fcl 7000 kWh. A 8 kW-os kapacit\u00e1ssal a megtermelt napenergi\u00e1b\u00f3l \u00e9s az akkumul\u00e1torban t\u00e1rolt energi\u00e1b\u00f3l fedezheti energiasz\u00fcks\u00e9glete jelent\u0151s r\u00e9sz\u00e9t. Ezenk\u00edv\u00fcl ez a rendszer v\u00e9szhelyzeti \u00e1ramell\u00e1t\u00e1st biztos\u00edt, \u00edgy \u00e1ramkimarad\u00e1s eset\u00e9n tov\u00e1bbra is haszn\u00e1lhatja a fontos k\u00e9sz\u00fcl\u00e9keket, biztos\u00edtva ezzel az \u00d6n k\u00e9nyelm\u00e9t \u00e9s nyugalm\u00e1t.<\/p>\n<p>Az Blauhoff Home 8K\/20kWh f\u00e1zis\u00fa rendszert a rugalmass\u00e1g jegy\u00e9ben tervezt\u00e9k. Rendelkezik egy gener\u00e1tor\/sz\u00e9lmalom csatlakoz\u00f3val, amely lehet\u0151s\u00e9get biztos\u00edt tov\u00e1bbi energiaforr\u00e1sok hozz\u00e1ad\u00e1s\u00e1ra \u00e9s az energiaf\u00fcggetlens\u00e9g tov\u00e1bbi n\u00f6vel\u00e9s\u00e9re. A legal\u00e1bb 1x40A csatlakoz\u00e1ssal \u00e9s 1-f\u00e1zis\u00fa konfigur\u00e1ci\u00f3khoz alkalmas, ez a rendszer kompatibilis a legt\u00f6bb hazai villamosenergia-h\u00e1l\u00f3zattal.<\/p>\n<p>Az ingyenes telep\u00edt\u00e9snek k\u00f6sz\u00f6nhet\u0151en sz\u00e1m\u00edthat a szakszer\u0171 telep\u00edt\u00e9sre, ami id\u0151t \u00e9s energi\u00e1t takar\u00edt meg \u00d6nnek, \u00e9s biztos\u00edtja, hogy rendszere az els\u0151 pillanatt\u00f3l kezdve optim\u00e1lisan m\u0171k\u00f6dj\u00f6n.<\/p>\n<p>V\u00e1ltson hat\u00e9konyabb \u00e9s fenntarthat\u00f3bb energiaell\u00e1t\u00e1sra az Blauhoff Home 8K\/20kWh f\u00e1zis\u00fa rendszerrel. A nagy teljes\u00edtm\u00e9ny\u0171 energiat\u00e1rol\u00e1s, a v\u00e9szhelyzeti \u00e1ramell\u00e1t\u00e1s \u00e9s az energiaforr\u00e1sok rugalmass\u00e1ga r\u00e9v\u00e9n megb\u00edzhat\u00f3 \u00e9s k\u00f6lts\u00e9ghat\u00e9kony energiagazd\u00e1lkod\u00e1st \u00e9lvezhet otthon\u00e1ban. V\u00e1lassza az Blauhoff-t, \u00e9s k\u00e9sz\u00edtse fel otthon\u00e1t a j\u00f6v\u0151 energiaig\u00e9nyeire.<\/p>\n<p><strong>Az Blauhoff Home 8K\/20 kWh 1 f\u00e1zis\u00fa rendszer is el\u00e9rhet\u0151 k\u00e9r\u00e9sre!<\/strong><\/p>","protected":false},"excerpt":{"rendered":"<p>Blauhoff Home 8K\/20kWh f\u00e1zis\u00fa rendszer Az Blauhoff Home 8K\/20kWh f\u00e1zis\u00fa rendszer a megb\u00edzhat\u00f3 m\u00e1rk\u00e1t\u00f3l, az Blauhoff-t\u0151l, fejlett megold\u00e1st k\u00edn\u00e1l az otthoni energiat\u00e1rol\u00e1shoz. Ezt a rendszert kifejezetten \u00fagy tervezt\u00e9k, hogy megfeleljen [...]<\/p>","protected":false},"featured_media":206806,"template":"","meta":{"_seopress_robots_primary_cat":"none","_seopress_titles_title":"","_seopress_titles_desc":"","_seopress_robots_index":"","_kad_blocks_custom_css":"","_kad_blocks_head_custom_js":"","_kad_blocks_body_custom_js":"","_kad_blocks_footer_custom_js":""},"product_cat":[17,19],"product_tag":[],"class_list":{"0":"post-206803","1":"product","2":"type-product","3":"status-publish","4":"has-post-thumbnail","6":"product_cat-home-batteries","7":"product_cat-sets-with-inverters","9":"first","10":"instock","11":"taxable","12":"shipping-taxable","13":"purchasable","14":"product-type-simple"},"taxonomy_info":{"product_cat":[{"value":17,"label":"Home batteries"},{"value":19,"label":"Sets with inverters"}]},"featured_image_src_large":["https:\/\/ownpowr.com\/wp-content\/uploads\/2025\/02\/blh_8k_20kwh.jpg",480,480,false],"author_info":[],"comment_info":"","_links":{"self":[{"href":"https:\/\/ownpowr.com\/hu\/wp-json\/wp\/v2\/product\/206803","targetHints":{"allow":["GET"]}}],"collection":[{"href":"https:\/\/ownpowr.com\/hu\/wp-json\/wp\/v2\/product"}],"about":[{"href":"https:\/\/ownpowr.com\/hu\/wp-json\/wp\/v2\/types\/product"}],"wp:featuredmedia":[{"embeddable":true,"href":"https:\/\/ownpowr.com\/hu\/wp-json\/wp\/v2\/media\/206806"}],"wp:attachment":[{"href":"https:\/\/ownpowr.com\/hu\/wp-json\/wp\/v2\/media?parent=206803"}],"wp:term":[{"taxonomy":"product_cat","embeddable":true,"href":"https:\/\/ownpowr.com\/hu\/wp-json\/wp\/v2\/product_cat?post=206803"},{"taxonomy":"product_tag","embeddable":true,"href":"https:\/\/ownpowr.com\/hu\/wp-json\/wp\/v2\/product_tag?post=206803"}],"curies":[{"name":"wp","href":"https:\/\/api.w.org\/{rel}","templated":true}]}}