{"id":207770,"date":"2025-02-14T12:09:30","date_gmt":"2025-02-14T10:09:30","guid":{"rendered":"https:\/\/ownpowr.com\/?post_type=product&#038;p=207770"},"modified":"2025-02-14T12:10:25","modified_gmt":"2025-02-14T10:10:25","slug":"blauhoff-home-3-6k-10kwh-1-phase-system","status":"publish","type":"product","link":"https:\/\/ownpowr.com\/hu\/product\/blauhoff-home-3-6k-10kwh-1-fazisu-rendszer\/","title":{"rendered":"Blauhoff Home 3.6K\/10kWh 1 f\u00e1zis\u00fa rendszer"},"content":{"rendered":"<p>Blauhoff Home 3.6K\/10kWh 1 f\u00e1zis\u00fa rendszer<\/p>\n<p>Az Blauhoff Home 3,6K\/10kWh 1 f\u00e1zis\u00fa rendszer egy forradalmi energiat\u00e1rol\u00f3 rendszer, amelyet a modern h\u00e1ztart\u00e1sok ig\u00e9nyeinek kiel\u00e9g\u00edt\u00e9s\u00e9re terveztek. Fejlett technol\u00f3gi\u00e1ival \u00e9s leny\u0171g\u00f6z\u0151 kapacit\u00e1s\u00e1val ez a rendszer megb\u00edzhat\u00f3 \u00e9s hat\u00e9kony megold\u00e1st k\u00edn\u00e1l az energiafogyaszt\u00e1s kezel\u00e9s\u00e9re.<\/p>\n<p>Ez a rendszer kifejezetten 3650 kWh \u00e1tlagos \u00e9ves fogyaszt\u00e1sra aj\u00e1nlott, \u00edgy a legt\u00f6bb h\u00e1ztart\u00e1s sz\u00e1m\u00e1ra t\u00f6k\u00e9letes. Ak\u00e1r elektromos k\u00e9sz\u00fcl\u00e9keit szeretn\u00e9 m\u0171k\u00f6dtetni, ak\u00e1r napenergi\u00e1val szeretn\u00e9 ell\u00e1tni otthon\u00e1t, ak\u00e1r energiafogyaszt\u00e1s\u00e1t szeretn\u00e9 optimaliz\u00e1lni, az Blauhoff Home rendszert az \u00d6n ig\u00e9nyeinek megfelel\u0151en tervezt\u00e9k.<\/p>\n<p>A nagyvonal\u00fa 10 kWh kapacit\u00e1ssal ez a rendszer b\u0151s\u00e9ges t\u00e1rol\u00e1st biztos\u00edt a napelemek vagy m\u00e1s meg\u00fajul\u00f3 forr\u00e1sok \u00e1ltal termelt t\u00f6bbletenergia sz\u00e1m\u00e1ra. Ez azt jelenti, hogy akkor t\u00e1rolhatja \u00e9s haszn\u00e1lhatja az energi\u00e1t, amikor csak sz\u00fcks\u00e9ge van r\u00e1, m\u00e9g cs\u00facsid\u0151ben is, vagy amikor nincs k\u00fcls\u0151 \u00e1ramforr\u00e1s. R\u00e1ad\u00e1sul a rendszer v\u00e9szhelyzeti \u00e1ramell\u00e1t\u00e1si funkci\u00f3val is rendelkezik, \u00edgy m\u00e9g \u00e1ramkimarad\u00e1s eset\u00e9n is mindig van \u00e1ram.<\/p>\n<p>Az Blauhoff Home rendszer egyik figyelemre m\u00e9lt\u00f3 jellemz\u0151je a gener\u00e1torokkal \u00e9s sz\u00e9lturbina-portokkal val\u00f3 kompatibilit\u00e1s. Ez lehet\u0151v\u00e9 teszi a k\u00fcl\u00f6nb\u00f6z\u0151 meg\u00fajul\u00f3 energiaforr\u00e1sok integr\u00e1l\u00e1s\u00e1t \u00e9s a sz\u00e9nl\u00e1bnyom tov\u00e1bbi cs\u00f6kkent\u00e9s\u00e9t. Profit\u00e1lhat a z\u00f6ld energiatermel\u00e9s el\u0151nyeib\u0151l, \u00e9s fenntarthat\u00f3bb\u00e1 teheti \u00e1ramfogyaszt\u00e1s\u00e1t.<\/p>\n<p>A 3,6 kW teljes\u00edtm\u00e9ny\u0171 Blauhoff Home rendszer elegend\u0151 energi\u00e1t biztos\u00edt a mindennapi ig\u00e9nyekhez. Ak\u00e1r a vil\u00e1g\u00edt\u00e1st, a h\u0171t\u0151szekr\u00e9nyt, a l\u00e9gkondicion\u00e1l\u00f3t vagy m\u00e1s elektromos k\u00e9sz\u00fcl\u00e9keket szeretne csatlakoztatni, ez a rendszer megb\u00edzhat\u00f3 teljes\u00edtm\u00e9nyt ny\u00fajt, \u00e9s biztos\u00edtja, hogy soha ne maradjon \u00e1ram n\u00e9lk\u00fcl.<\/p>\n<p>Az Blauhoff Home 3,6K\/10 kWh 1 f\u00e1zis\u00fa rendszer telep\u00edt\u00e9se egyszer\u0171, \u00e9s csak 1x25A minim\u00e1lis csatlakoz\u00e1st ig\u00e9nyel. R\u00e1ad\u00e1sul a rendszer ingyenes telep\u00edt\u00e9ssel j\u00e1r, \u00edgy \u00d6n azonnal \u00e9lvezheti az \u00faj energiamegold\u00e1s el\u0151nyeit.<\/p>\n<p>V\u00e1lassza az Blauhoff Home 3,6K\/10 kWh 1 f\u00e1zis\u00fa rendszert, \u00e9s fedezze fel az energiafogyaszt\u00e1s kezel\u00e9s\u00e9nek fejlett \u00e9s megb\u00edzhat\u00f3 m\u00f3dj\u00e1t. \u00c9lvezze a szabads\u00e1got, hogy saj\u00e1t energi\u00e1t termeljen, t\u00e1roljon \u00e9s haszn\u00e1ljon, mik\u00f6zben megtakar\u00edtja energiak\u00f6lts\u00e9geit \u00e9s hozz\u00e1j\u00e1rul egy fenntarthat\u00f3bb j\u00f6v\u0151h\u00f6z. Az Blauhoff Home rendszerrel \u00d6n ir\u00e1ny\u00edtja energi\u00e1j\u00e1t.<\/p>","protected":false},"excerpt":{"rendered":"<p>Blauhoff Home 3,6K\/10kWh 1 f\u00e1zis\u00fa rendszer Az Blauhoff Home 3,6K\/10kWh 1 f\u00e1zis\u00fa rendszer egy forradalmi energiat\u00e1rol\u00f3 rendszer, amelyet a modern h\u00e1ztart\u00e1sok ig\u00e9nyeinek kiel\u00e9g\u00edt\u00e9s\u00e9re terveztek. A fejlett technol\u00f3gi\u00e1kkal [...]<\/p>","protected":false},"featured_media":207773,"template":"","meta":{"_seopress_robots_primary_cat":"none","_seopress_titles_title":"","_seopress_titles_desc":"","_seopress_robots_index":"","_kad_blocks_custom_css":"","_kad_blocks_head_custom_js":"","_kad_blocks_body_custom_js":"","_kad_blocks_footer_custom_js":""},"product_cat":[17,19],"product_tag":[],"class_list":{"0":"post-207770","1":"product","2":"type-product","3":"status-publish","4":"has-post-thumbnail","6":"product_cat-home-batteries","7":"product_cat-sets-with-inverters","9":"first","10":"instock","11":"taxable","12":"shipping-taxable","13":"purchasable","14":"product-type-simple"},"taxonomy_info":{"product_cat":[{"value":17,"label":"Home batteries"},{"value":19,"label":"Sets with inverters"}]},"featured_image_src_large":["https:\/\/ownpowr.com\/wp-content\/uploads\/2025\/02\/blh_1_phase_36_10.jpg",600,600,false],"author_info":[],"comment_info":"","_links":{"self":[{"href":"https:\/\/ownpowr.com\/hu\/wp-json\/wp\/v2\/product\/207770","targetHints":{"allow":["GET"]}}],"collection":[{"href":"https:\/\/ownpowr.com\/hu\/wp-json\/wp\/v2\/product"}],"about":[{"href":"https:\/\/ownpowr.com\/hu\/wp-json\/wp\/v2\/types\/product"}],"wp:featuredmedia":[{"embeddable":true,"href":"https:\/\/ownpowr.com\/hu\/wp-json\/wp\/v2\/media\/207773"}],"wp:attachment":[{"href":"https:\/\/ownpowr.com\/hu\/wp-json\/wp\/v2\/media?parent=207770"}],"wp:term":[{"taxonomy":"product_cat","embeddable":true,"href":"https:\/\/ownpowr.com\/hu\/wp-json\/wp\/v2\/product_cat?post=207770"},{"taxonomy":"product_tag","embeddable":true,"href":"https:\/\/ownpowr.com\/hu\/wp-json\/wp\/v2\/product_tag?post=207770"}],"curies":[{"name":"wp","href":"https:\/\/api.w.org\/{rel}","templated":true}]}}