{"id":207863,"date":"2025-02-14T16:12:44","date_gmt":"2025-02-14T14:12:44","guid":{"rendered":"https:\/\/ownpowr.com\/?post_type=product&#038;p=207863"},"modified":"2025-02-14T16:12:45","modified_gmt":"2025-02-14T14:12:45","slug":"blauhoff-home-10k-20kwh-3-phase-system-hv-lv","status":"publish","type":"product","link":"https:\/\/ownpowr.com\/hu\/product\/blauhoff-home-10k-20kwh-3-fazisu-rendszer-hv-lv\/","title":{"rendered":"Blauhoff Home 10K\/20kWh 3 f\u00e1zis\u00fa rendszer HV\/LV"},"content":{"rendered":"<p>Blauhoff Otthoni 10K\/20kWh f\u00e1zis\u00fa rendszer<\/p>\n<p>Az Blauhoff Home 10K\/20kWh f\u00e1zis\u00fa rendszer a neves m\u00e1rk\u00e1t\u00f3l, az Blauhoff-t\u0151l, er\u0151teljes \u00e9s megb\u00edzhat\u00f3 megold\u00e1st k\u00edn\u00e1l a jelent\u0151s fogyaszt\u00e1s\u00fa h\u00e1ztart\u00e1sok energiat\u00e1rol\u00e1s\u00e1ra. Ezzel a fejlett rendszerrel optimaliz\u00e1lhatja energiagazd\u00e1lkod\u00e1s\u00e1t, cs\u00f6kkentheti a h\u00e1l\u00f3zatt\u00f3l val\u00f3 f\u00fcgg\u0151s\u00e9g\u00e9t, \u00e9s \u00e1ramkimarad\u00e1s eset\u00e9n v\u00e9szhelyzeti \u00e1ramell\u00e1t\u00e1s el\u0151nyeit \u00e9lvezheti. R\u00e1ad\u00e1sul ez a rendszer ingyenes telep\u00edt\u00e9ssel j\u00e1r, \u00edgy a telep\u00edt\u00e9s egyszer\u0171 \u00e9s probl\u00e9mamentes.<\/p>\n<p>Az inverter hossza 699,3 mm, s\u00falya 33,6 kg. Az inverter \u00e9s az akkumul\u00e1tor k\u00f6z\u00f6tti tov\u00e1bbi 300 mm-es k\u00e1bel seg\u00edts\u00e9g\u00e9vel meghat\u00e1rozhatja a rendszer optim\u00e1lis elhelyez\u00e9s\u00e9t, biztos\u00edtva a hat\u00e9kony energia\u00e1tvitelt \u00e9s a minim\u00e1lis energiavesztes\u00e9get.<\/p>\n<p>Az Blauhoff akkumul\u00e1torrendszer tart\u00f3s \u00e9s robusztus, m\u00e9retei 586 mm x 387 mm x 1300 mm, s\u00falya pedig 180 kg. Az akkumul\u00e1tor leny\u0171g\u00f6z\u0151, 20 kWh kapacit\u00e1ssal rendelkezik, \u00edgy lehet\u0151v\u00e9 teszi a napelemek vagy m\u00e1s energiaforr\u00e1sok \u00e1ltal termelt felesleges energia t\u00e1rol\u00e1s\u00e1t. Amikor nincs energiatermel\u00e9s, a t\u00e1rolt energi\u00e1t felhaszn\u00e1lhatja az energiafogyaszt\u00e1s fedez\u00e9s\u00e9re, \u00edgy kev\u00e9sb\u00e9 f\u00fcgg az elektromos h\u00e1l\u00f3zatt\u00f3l, \u00e9s tov\u00e1bb cs\u00f6kkentheti energiak\u00f6lts\u00e9geit.<\/p>\n<p>Az Blauhoff Home 10K\/20kWh f\u00e1zis\u00fa rendszer olyan h\u00e1ztart\u00e1sok sz\u00e1m\u00e1ra aj\u00e1nlott, amelyek \u00e1tlagos \u00e9ves fogyaszt\u00e1sa k\u00f6r\u00fclbel\u00fcl 7300 kWh. A 10 kW-os kapacit\u00e1ssal a megtermelt napenergi\u00e1b\u00f3l \u00e9s az akkumul\u00e1torban t\u00e1rolt energi\u00e1b\u00f3l fedezheti energiasz\u00fcks\u00e9glet\u00e9nek nagy r\u00e9sz\u00e9t. Ezenk\u00edv\u00fcl ez a rendszer v\u00e9szhelyzeti \u00e1ramell\u00e1t\u00e1st is biztos\u00edt, \u00edgy a fontos eszk\u00f6z\u00f6k \u00e1ramkimarad\u00e1s eset\u00e9n is tov\u00e1bb m\u0171k\u00f6dnek, \u00e9s a napi rutinjai zavartalanul folytat\u00f3dhatnak.<\/p>\n<p>Az Blauhoff Home 10K\/20kWh f\u00e1zis\u00fa rendszert a rugalmass\u00e1g jegy\u00e9ben tervezt\u00e9k. Gener\u00e1tor\/sz\u00e9lturbina csatlakoz\u00f3val rendelkezik, ami lehet\u0151s\u00e9get ad tov\u00e1bbi energiaforr\u00e1sok hozz\u00e1ad\u00e1s\u00e1ra \u00e9s az energiaf\u00fcggetlens\u00e9g tov\u00e1bbi n\u00f6vel\u00e9s\u00e9re. A legal\u00e1bb 3x25A csatlakoztat\u00e1ssal \u00e9s a f\u00e1ziskonfigur\u00e1ci\u00f3kra alkalmas, ez a rendszer kompatibilis a legt\u00f6bb h\u00e1ztart\u00e1si elektromos h\u00e1l\u00f3zattal.<\/p>\n<p>Az ingyenes telep\u00edt\u00e9snek k\u00f6sz\u00f6nhet\u0151en sz\u00e1m\u00edthat a professzion\u00e1lis telep\u00edt\u00e9sre, amely biztos\u00edtja, hogy rendszere az els\u0151 pillanatt\u00f3l kezdve optim\u00e1lisan m\u0171k\u00f6dj\u00f6n, \u00e9s \u00d6n gondtalanul \u00e9lvezhesse az \u00e9lm\u00e9nyt.<\/p>\n<p>V\u00e1ltson hat\u00e9konyabb \u00e9s fenntarthat\u00f3bb energiaell\u00e1t\u00e1sra az Blauhoff Home 10K\/20kWh f\u00e1zis\u00fa rendszerrel. A nagy teljes\u00edtm\u00e9ny\u0171 energiat\u00e1rol\u00e1s, a v\u00e9szhelyzeti \u00e1ramell\u00e1t\u00e1s \u00e9s az energiaforr\u00e1sok rugalmass\u00e1ga r\u00e9v\u00e9n megb\u00edzhat\u00f3 \u00e1ramell\u00e1t\u00e1sra t\u00e1maszkodhat, k\u00f6lts\u00e9gmegtakar\u00edt\u00e1st realiz\u00e1lhat \u00e9s cs\u00f6kkentheti sz\u00e9nl\u00e1bnyom\u00e1t. V\u00e1lassza az Blauhoff-t, \u00e9s k\u00e9sz\u00edtse fel otthon\u00e1t a j\u00f6v\u0151 energiasz\u00fcks\u00e9gleteire.<\/p>\n<p><strong>Az \u00e1r elt\u00e9r a HV \u00e9s a LV k\u00f6z\u00f6tt!<\/strong><\/p>","protected":false},"excerpt":{"rendered":"<p>Blauhoff Home 10K\/20kWh f\u00e1zis\u00fa rendszer Az Blauhoff Home 10K\/20kWh f\u00e1zis\u00fa rendszer a neves m\u00e1rk\u00e1t\u00f3l, az Blauhoff-t\u0151l, er\u0151teljes \u00e9s megb\u00edzhat\u00f3 megold\u00e1st k\u00edn\u00e1l a jelent\u0151s fogyaszt\u00e1s\u00fa h\u00e1ztart\u00e1sok energiat\u00e1rol\u00e1s\u00e1ra. [...]<\/p>","protected":false},"featured_media":207866,"template":"","meta":{"_seopress_robots_primary_cat":"","_seopress_titles_title":"","_seopress_titles_desc":"","_seopress_robots_index":"","_kad_blocks_custom_css":"","_kad_blocks_head_custom_js":"","_kad_blocks_body_custom_js":"","_kad_blocks_footer_custom_js":""},"product_cat":[17,19],"product_tag":[],"class_list":{"0":"post-207863","1":"product","2":"type-product","3":"status-publish","4":"has-post-thumbnail","6":"product_cat-home-batteries","7":"product_cat-sets-with-inverters","9":"first","10":"instock","11":"taxable","12":"shipping-taxable","13":"purchasable","14":"product-type-simple"},"taxonomy_info":{"product_cat":[{"value":17,"label":"Home batteries"},{"value":19,"label":"Sets with inverters"}]},"featured_image_src_large":["https:\/\/ownpowr.com\/wp-content\/uploads\/2025\/02\/blh_5100_10k_20kwh-600x600-1.jpg",600,600,false],"author_info":[],"comment_info":"","_links":{"self":[{"href":"https:\/\/ownpowr.com\/hu\/wp-json\/wp\/v2\/product\/207863","targetHints":{"allow":["GET"]}}],"collection":[{"href":"https:\/\/ownpowr.com\/hu\/wp-json\/wp\/v2\/product"}],"about":[{"href":"https:\/\/ownpowr.com\/hu\/wp-json\/wp\/v2\/types\/product"}],"wp:featuredmedia":[{"embeddable":true,"href":"https:\/\/ownpowr.com\/hu\/wp-json\/wp\/v2\/media\/207866"}],"wp:attachment":[{"href":"https:\/\/ownpowr.com\/hu\/wp-json\/wp\/v2\/media?parent=207863"}],"wp:term":[{"taxonomy":"product_cat","embeddable":true,"href":"https:\/\/ownpowr.com\/hu\/wp-json\/wp\/v2\/product_cat?post=207863"},{"taxonomy":"product_tag","embeddable":true,"href":"https:\/\/ownpowr.com\/hu\/wp-json\/wp\/v2\/product_tag?post=207863"}],"curies":[{"name":"wp","href":"https:\/\/api.w.org\/{rel}","templated":true}]}}