{"id":207867,"date":"2025-02-14T16:18:18","date_gmt":"2025-02-14T14:18:18","guid":{"rendered":"https:\/\/ownpowr.com\/?post_type=product&#038;p=207867"},"modified":"2025-02-14T16:18:19","modified_gmt":"2025-02-14T14:18:19","slug":"blauhoff-home-5k-20-kwh-1-phase-system-lv","status":"publish","type":"product","link":"https:\/\/ownpowr.com\/hu\/product\/blauhoff-home-5k-20-kwh-1-fazisu-rendszer-lv\/","title":{"rendered":"Blauhoff Otthon 5K\/20 kWh 1 f\u00e1zis\u00fa rendszer LV"},"content":{"rendered":"<p>Blauhoff Otthoni 5K\/20 kWh 1 f\u00e1zis\u00fa rendszer<\/p>\n<p>Az Blauhoff Home 5K\/20 kWh 1 f\u00e1zis\u00fa rendszer egy kompakt \u00e9s hat\u00e9kony energiat\u00e1rol\u00f3 rendszer, amelyet a h\u00e1ztart\u00e1sok \u00e9s kisv\u00e1llalkoz\u00e1sok energiaig\u00e9nyeinek kiel\u00e9g\u00edt\u00e9s\u00e9re terveztek. A 7300 kWh aj\u00e1nlott \u00e9ves \u00e1tlagfogyaszt\u00e1ssal ez a rendszer fenntarthat\u00f3 \u00e9s megb\u00edzhat\u00f3 megold\u00e1st k\u00edn\u00e1l a saj\u00e1t energia el\u0151\u00e1ll\u00edt\u00e1s\u00e1ra, t\u00e1rol\u00e1s\u00e1ra \u00e9s felhaszn\u00e1l\u00e1s\u00e1ra.<\/p>\n<p>A 20 kWh kapacit\u00e1s\u00fa rendszer elegend\u0151 t\u00e1rol\u00f3helyet k\u00edn\u00e1l a napk\u00f6zben termelt napenergia t\u00e1rol\u00e1s\u00e1hoz, \u00e9s esti \u00e9s \u00e9jszakai felhaszn\u00e1l\u00e1s\u00e1hoz. Ez lehet\u0151v\u00e9 teszi, hogy cs\u00f6kkentse az elektromos h\u00e1l\u00f3zatt\u00f3l val\u00f3 f\u00fcgg\u0151s\u00e9g\u00e9t, \u00e9s cs\u00f6kkentse az energiak\u00f6lts\u00e9geit. Ezenk\u00edv\u00fcl a rendszer v\u00e9szhelyzeti t\u00e1pell\u00e1t\u00e1ssal is fel van szerelve, \u00edgy \u00e1ramkimarad\u00e1sok eset\u00e9n tov\u00e1bbra is \u00e9lvezheti az \u00e1ramell\u00e1t\u00e1st.<\/p>\n<p>Az Blauhoff Home a kompatibilit\u00e1s szem el\u0151tt tart\u00e1s\u00e1val k\u00e9sz\u00fclt. A rendszer gener\u00e1torral \u00e9s sz\u00e9lturbina-porttal van felszerelve, \u00edgy lehet\u0151s\u00e9ge van alternat\u00edv energiaforr\u00e1sok integr\u00e1l\u00e1s\u00e1ra \u00e9s m\u00e9g t\u00f6bb z\u00f6ld energia el\u0151\u00e1ll\u00edt\u00e1s\u00e1ra. Ez rugalmass\u00e1got biztos\u00edt \u00d6nnek az energiatermel\u00e9s tov\u00e1bbi diverzifik\u00e1l\u00e1s\u00e1hoz \u00e9s a sz\u00e9n-dioxid-kibocs\u00e1t\u00e1s cs\u00f6kkent\u00e9s\u00e9hez.<\/p>\n<p>Az Blauhoff Home 5 kW-os teljes\u00edtm\u00e9ny\u00e9vel az alkalmaz\u00e1sok sz\u00e9les k\u00f6r\u00e9re alkalmas. Ak\u00e1r elektromos k\u00e9sz\u00fcl\u00e9keket szeretne ell\u00e1tni otthon\u00e1ban, ak\u00e1r energi\u00e1ra van sz\u00fcks\u00e9ge a kisipari tev\u00e9kenys\u00e9g\u00e9hez, ez a rendszer megfelel az \u00d6n ig\u00e9nyeinek. A rendszer 1-f\u00e1zis\u00fa csatlakoz\u00e1ssal m\u0171k\u00f6dik, minim\u00e1lisan 1x40A-ig\u00e9nnyel, \u00edgy alkalmas h\u00e1ztart\u00e1si alkalmaz\u00e1sokhoz.<\/p>\n<p>Az Blauhoff Home 5K\/20 kWh 1 f\u00e1zis\u00fa rendszert az egyszer\u0171 haszn\u00e1lat \u00e9s a megb\u00edzhat\u00f3s\u00e1g szem el\u0151tt tart\u00e1s\u00e1val tervezt\u00e9k. Az inverter kompakt m\u00e9rete \u00e9s k\u00f6nny\u0171 s\u00falya lehet\u0151v\u00e9 teszi az egyszer\u0171 telep\u00edt\u00e9st, m\u00edg a robusztus akkumul\u00e1torrendszer tart\u00f3ss\u00e1got \u00e9s hossz\u00fa t\u00e1v\u00fa teljes\u00edtm\u00e9nyt biztos\u00edt.<\/p>\n<p>V\u00e1lassza az Blauhoff Home 5K\/20 kWh 1 f\u00e1zis\u00fa rendszert, \u00e9s \u00e9lvezze a megb\u00edzhat\u00f3 \u00e9s hat\u00e9kony megold\u00e1st energiaig\u00e9nye kiel\u00e9g\u00edt\u00e9s\u00e9re. Ez a rendszer lehet\u0151v\u00e9 teszi, hogy \u00e9lvezze a z\u00f6ld energia el\u0151nyeit, cs\u00f6kkentse energiasz\u00e1ml\u00e1it \u00e9s hozz\u00e1j\u00e1ruljon a fenntarthat\u00f3 j\u00f6v\u0151h\u00f6z. B\u00edzzon az Blauhoff-ben a kiv\u00e1l\u00f3 min\u0151s\u00e9g\u0171 energiat\u00e1rol\u00e1si megold\u00e1sok\u00e9rt, amelyek megfelelnek az \u00d6n ig\u00e9nyeinek \u00e9s nyugalmat biztos\u00edtanak.<\/p>","protected":false},"excerpt":{"rendered":"<p>Blauhoff Home 5K\/20 kWh 1 f\u00e1zis\u00fa rendszer Az Blauhoff Home 5K\/20 kWh 1 f\u00e1zis\u00fa rendszer egy kompakt \u00e9s hat\u00e9kony energiat\u00e1rol\u00f3 rendszer, amelyet [...]<\/p>","protected":false},"featured_media":207870,"template":"","meta":{"_seopress_robots_primary_cat":"","_seopress_titles_title":"","_seopress_titles_desc":"","_seopress_robots_index":"","_kad_blocks_custom_css":"","_kad_blocks_head_custom_js":"","_kad_blocks_body_custom_js":"","_kad_blocks_footer_custom_js":""},"product_cat":[17,19],"product_tag":[],"class_list":{"0":"post-207867","1":"product","2":"type-product","3":"status-publish","4":"has-post-thumbnail","6":"product_cat-home-batteries","7":"product_cat-sets-with-inverters","9":"first","10":"instock","11":"taxable","12":"shipping-taxable","13":"purchasable","14":"product-type-simple"},"taxonomy_info":{"product_cat":[{"value":17,"label":"Home batteries"},{"value":19,"label":"Sets with inverters"}]},"featured_image_src_large":["https:\/\/ownpowr.com\/wp-content\/uploads\/2025\/02\/blh_5k_20kwh.jpg",480,480,false],"author_info":[],"comment_info":"","_links":{"self":[{"href":"https:\/\/ownpowr.com\/hu\/wp-json\/wp\/v2\/product\/207867","targetHints":{"allow":["GET"]}}],"collection":[{"href":"https:\/\/ownpowr.com\/hu\/wp-json\/wp\/v2\/product"}],"about":[{"href":"https:\/\/ownpowr.com\/hu\/wp-json\/wp\/v2\/types\/product"}],"wp:featuredmedia":[{"embeddable":true,"href":"https:\/\/ownpowr.com\/hu\/wp-json\/wp\/v2\/media\/207870"}],"wp:attachment":[{"href":"https:\/\/ownpowr.com\/hu\/wp-json\/wp\/v2\/media?parent=207867"}],"wp:term":[{"taxonomy":"product_cat","embeddable":true,"href":"https:\/\/ownpowr.com\/hu\/wp-json\/wp\/v2\/product_cat?post=207867"},{"taxonomy":"product_tag","embeddable":true,"href":"https:\/\/ownpowr.com\/hu\/wp-json\/wp\/v2\/product_tag?post=207867"}],"curies":[{"name":"wp","href":"https:\/\/api.w.org\/{rel}","templated":true}]}}