{"id":208743,"date":"2025-02-20T09:41:35","date_gmt":"2025-02-20T07:41:35","guid":{"rendered":"https:\/\/ownpowr.com\/?post_type=product&#038;p=208743"},"modified":"2025-08-25T14:41:27","modified_gmt":"2025-08-25T12:41:27","slug":"new-blauhoff-maxus-all-in-one-125k-289-kwh-energy-storage-cabinet-liquid-cooled","status":"publish","type":"product","link":"https:\/\/ownpowr.com\/hu\/product\/uj-blauhoff-maxus-all-in-one-125k-289-kwh-energiatarolo-szekreny-folyadekhutessel\/","title":{"rendered":"\u00daj! Blauhoff Maxus All in One 125K\/289 kWh energiat\u00e1rol\u00f3 szekr\u00e9ny Folyad\u00e9kh\u0171t\u00e9ses energiat\u00e1rol\u00f3szekr\u00e9ny"},"content":{"rendered":"<p>\u00daj Blauhoff Maxus 125K\/289kWh All In One energiat\u00e1rol\u00f3 szekr\u00e9ny 10 \u00e9v garancia 8000 ciklus<\/p>\n<p>Minden Blauhoff akkumul\u00e1tor rendszerre 10 \u00e9v garancia vonatkozik a cell\u00e1kra \u00e9s 5 \u00e9v garancia az inverterre, minden tov\u00e1bbi n\u00e9lk\u00fcl!<\/p>\n<p>A legt\u00f6bb m\u00e1s m\u00e1rka eset\u00e9ben ez nem \u00edgy van, \u00e9s a garancia csak 3-5 \u00e9vre korl\u00e1toz\u00f3dik!<\/p>\n<p>Prizmatikus cell\u00e1k a legmagasabb min\u0151s\u00e9g \u00e9s a leghosszabb \u00e9lettartam \u00e9rdek\u00e9ben, 8000 ciklus \u00e9s 10 \u00e9v garancia a cell\u00e1kra tov\u00e1bbi k\u00f6lts\u00e9gek n\u00e9lk\u00fcl, valamint 5 \u00e9v garancia az eg\u00e9szre.<\/p>\n<p>A BLH-125K\/258KwH-Maxus sorozat, egy folyad\u00e9kh\u0171t\u00e9ses all-in-one kereskedelmi \u00e9s ipari ESS, a k\u00f6vetkez\u0151kb\u0151l \u00e1ll<br \/>\nintegr\u00e1lt energiat\u00e1rol\u00f3 inverterrel, akkumul\u00e1torral, BMS-sel, EMS-szel, h\u0151kezel\u00e9ssel,<br \/>\nenergiaeloszt\u00e1s, t\u0171zv\u00e9delem stb. Az all-in-one kialak\u00edt\u00e1s k\u00f6nnyen telep\u00edthet\u0151 \u00e9s<br \/>\nO&amp;M. Ek\u00f6zben a rendszer biztons\u00e1gi kialak\u00edt\u00e1sa jobb akkumul\u00e1torteljes\u00edtm\u00e9nyt biztos\u00edt.<br \/>\n\u00e9s hosszabb \u00e9lettartam. T\u00f6bb szekr\u00e9nyk\u00e9szlet k\u00f6zvetlen\u00fcl p\u00e1rhuzamosan csatlakoztathat\u00f3, ak\u00e1r 30 darabig is, hogy megval\u00f3suljon<br \/>\naz energiat\u00e1rol\u00f3 rendszer b\u0151v\u00edt\u00e9se.<\/p>\n<p>Gazdas\u00e1gos:<\/p>\n<p>Magasan integr\u00e1lt ESS az egyszer\u0171<br \/>\nsz\u00e1ll\u00edt\u00e1s \u00e9s \u00fczemeltet\u00e9s. A<br \/>\naz integr\u00e1lt tervez\u00e9s biztos\u00edtja, hogy az oldal<br \/>\ngyorsan fel\u00e1ll\u00edthat\u00f3 \u00e9s haszn\u00e1lhat\u00f3.<\/p>\n<p>Biztons\u00e1gi ment\u00e9s funkci\u00f3<\/p>\n<p>Peakshave funkci\u00f3<\/p>\n<p>PV funkci\u00f3<\/p>\n<p>Foly\u00e9kony h\u0171t\u00e9s:<\/p>\n<p>A h\u0151m\u00e9rs\u00e9klet-elt\u00e9r\u00e9s<br \/>\nakkumul\u00e1tor cell\u00e1k az eg\u00e9sz<br \/>\nrendszer 3\u00b0C-on bel\u00fcl van, k\u00f6sz\u00f6nhet\u0151en a<br \/>\naz intelligens folyad\u00e9kh\u0171t\u00e9si rendszer.<br \/>\nEz kiterjesztheti a<br \/>\naz akkumul\u00e1torcell\u00e1k \u00e9lettartama ak\u00e1r 20%.<\/p>\n<p>Biztons\u00e1gos:<\/p>\n<p>A rendszer n\u00e9gyszint\u0171<br \/>\nir\u00e1ny\u00edt\u00e1si strukt\u00fara, amely<br \/>\npontosan szab\u00e1lyozza a r\u00f6vidz\u00e1rlat-, t\u00fal\u00e1ram-, t\u00falfesz\u00fclts\u00e9g-, alulfesz\u00fclts\u00e9g-, t\u00falmeleged\u00e9s- \u00e9s t\u00falmeleged\u00e9sv\u00e9delmet.<br \/>\nv\u00e9delem stb.<\/p>\n<p>VDE4100<\/p>\n<p>IEC62619<\/p>\n<p>IEC61000<\/p>\n<p>UL9540A<\/p>\n<p>EN50549<\/p>\n<p><a href=\"https:\/\/blauhoff.nl\/wp-content\/uploads\/2025\/02\/NL-BLH-Maxus-125kW289kWh-Flyer-18-1-2025.pdf.pdf\" target=\"_blank\" rel=\"noopener\">NL BLH Maxus 125kW289kWh Sz\u00f3r\u00f3lap 18-1-2025.pdf<\/a><\/p>\n<p><iframe title=\"Blauhoff ESS All in one\" width=\"1140\" height=\"641\" src=\"https:\/\/www.youtube.com\/embed\/4ygzOwu-j7I?feature=oembed\" frameborder=\"0\" allow=\"accelerometer; autoplay; clipboard-write; encrypted-media; gyroscope; picture-in-picture; web-share\" referrerpolicy=\"strict-origin-when-cross-origin\" allowfullscreen><\/iframe><\/p>\n<p>&nbsp;<\/p>\n<p>&nbsp;<\/p>","protected":false},"excerpt":{"rendered":"<p>\u00daj Blauhoff Maxus 125K\/289kWh All In One energiat\u00e1rol\u00f3 szekr\u00e9ny 10 \u00e9v garancia 8000 ciklus Minden Blauhoff akkumul\u00e1tor rendszer 10 \u00e9v garanci\u00e1t v\u00e1llal a cell\u00e1kra \u00e9s 5 \u00e9v garanci\u00e1t [...]<\/p>","protected":false},"featured_media":185452,"template":"","meta":{"_seopress_robots_primary_cat":"none","_seopress_titles_title":"","_seopress_titles_desc":"","_seopress_robots_index":"","_kad_blocks_custom_css":"","_kad_blocks_head_custom_js":"","_kad_blocks_body_custom_js":"","_kad_blocks_footer_custom_js":""},"product_cat":[17,19],"product_tag":[],"class_list":{"0":"post-208743","1":"product","2":"type-product","3":"status-publish","4":"has-post-thumbnail","6":"product_cat-home-batteries","7":"product_cat-sets-with-inverters","9":"first","10":"instock","11":"taxable","12":"shipping-taxable","13":"purchasable","14":"product-type-simple"},"taxonomy_info":{"product_cat":[{"value":17,"label":"Home batteries"},{"value":19,"label":"Sets with inverters"}]},"featured_image_src_large":["https:\/\/ownpowr.com\/wp-content\/uploads\/2024\/10\/maxus-.png",300,300,false],"author_info":[],"comment_info":"","_links":{"self":[{"href":"https:\/\/ownpowr.com\/hu\/wp-json\/wp\/v2\/product\/208743","targetHints":{"allow":["GET"]}}],"collection":[{"href":"https:\/\/ownpowr.com\/hu\/wp-json\/wp\/v2\/product"}],"about":[{"href":"https:\/\/ownpowr.com\/hu\/wp-json\/wp\/v2\/types\/product"}],"wp:featuredmedia":[{"embeddable":true,"href":"https:\/\/ownpowr.com\/hu\/wp-json\/wp\/v2\/media\/185452"}],"wp:attachment":[{"href":"https:\/\/ownpowr.com\/hu\/wp-json\/wp\/v2\/media?parent=208743"}],"wp:term":[{"taxonomy":"product_cat","embeddable":true,"href":"https:\/\/ownpowr.com\/hu\/wp-json\/wp\/v2\/product_cat?post=208743"},{"taxonomy":"product_tag","embeddable":true,"href":"https:\/\/ownpowr.com\/hu\/wp-json\/wp\/v2\/product_tag?post=208743"}],"curies":[{"name":"wp","href":"https:\/\/api.w.org\/{rel}","templated":true}]}}