{"id":221355,"date":"2025-04-17T14:50:19","date_gmt":"2025-04-17T12:50:19","guid":{"rendered":"https:\/\/ownpowr.com\/?post_type=product&#038;p=221355"},"modified":"2025-04-17T14:52:56","modified_gmt":"2025-04-17T12:52:56","slug":"afore-15k-hybrid-three-phase-inverter","status":"publish","type":"product","link":"https:\/\/ownpowr.com\/hu\/product\/15k-hibrid-haromfazisu-inverter\/","title":{"rendered":"Afore 15K hibrid h\u00e1romf\u00e1zis\u00fa inverter"},"content":{"rendered":"<p>AF15K-THP hibrid inverter, 2 MPPT, h\u00e1romf\u00e1zis\u00fa, n\u00e9vleges kimeneti teljes\u00edtm\u00e9ny 15 kW<br \/>\nAz Afore AF15K-THP egy h\u00e1romf\u00e1zis\u00fa hibrid inverter 15 kW kimen\u0151 teljes\u00edtm\u00e9nnyel. A nagyfesz\u00fclts\u00e9g\u0171 akkumul\u00e1torral egy\u00fctt \u00f6n\u00e1ll\u00f3 rendszerk\u00e9nt \/ h\u00e1l\u00f3zaton k\u00edv\u00fcli rendszerk\u00e9nt vagy \u00e1rammentes rendszerk\u00e9nt haszn\u00e1lhat\u00f3. K\u00e9t MPPT trackerrel \u00e9s k\u00e9t fotovoltaikus modulsztring csatlakoztat\u00e1si lehet\u0151s\u00e9g\u00e9vel rendelkezik. T\u00f6bbf\u00e9le MPPT-fesz\u00fclts\u00e9g is rendelkez\u00e9sre \u00e1ll.<\/p>\n<p>Kiemelt inform\u00e1ci\u00f3k<br \/>\nModern design<br \/>\nFel\u00fcgyelet a Wi-Fi fel\u00fcgyelet alatt<br \/>\nMagasabb hat\u00e9konys\u00e1g 97,5%<br \/>\nNem el\u00e9rhet\u0151<br \/>\n2 MPPT egy sztringgel<br \/>\nK\u00f6nny\u0171 \u00e9s gyors telep\u00edt\u00e9s<br \/>\nKompakt m\u00e9ret (370 x 598,5 x 1,92 mm)<br \/>\nKompatibilis az akkumul\u00e1tor jav\u00edt\u00e1s\u00e1val<br \/>\nAlkalmas akkumul\u00e1tort\u00edpusokhoz: .<\/p>\n<p>Specifik\u00e1ci\u00f3<br \/>\nT\u00e9tel le\u00edr\u00e1sa: AF15K-THP hibrid inverter, 2 MPPT, h\u00e1romf\u00e1zis\u00fa, n\u00e9vleges kimeneti teljes\u00edtm\u00e9ny 15 kW<\/p>\n<p>AC kimeneti adatok<br \/>\nN\u00e9vleges teljes\u00edtm\u00e9ny: 15 kW<br \/>\nMaxim\u00e1lis l\u00e1tsz\u00f3lagos kimen\u0151 teljes\u00edtm\u00e9ny: 16,5 kVA<br \/>\nV\u00e1ltakoz\u00f3 fesz\u00fclts\u00e9g: 3P\/N\/PE 400 V<br \/>\nAC frekvencia: 50 Hz \/ 60 Hz<br \/>\nV\u00e1ltakoz\u00f3 \u00e1ram: 21,8 A<br \/>\nMax. AC \u00e1ram: 27 A<\/p>\n<p>PV string bemeneti adatok<br \/>\nMax. DC bemeneti teljes\u00edtm\u00e9ny: 22,5 kW<br \/>\nMax. DC bemeneti fesz\u00fclts\u00e9g: 1000 V<br \/>\nMax. DC bemeneti \u00e1ram: 2 x 18,5 A<br \/>\nInd\u00edt\u00e1si fesz\u00fclts\u00e9g: 160 V<br \/>\nMPPT fesz\u00fclts\u00e9gtartom\u00e1ny: 500-850 V<br \/>\nMax. r\u00f6vid t\u00e1v\u00fa teljes\u00edtm\u00e9ny: 2 x 25 A<br \/>\nMPPT-k\u00f6vet\u0151k sz\u00e1ma\/sz\u00e1lak sz\u00e1ma: 2\/2<\/p>\n<p>Akkumul\u00e1tor bemeneti adatok<br \/>\nAkkumul\u00e1tor t\u00edpusa: N\u00e1trium-klorid akkumul\u00e1tor: l\u00edtium-ion \/ \u00f3lom-sav \/ n\u00e1trium-klorid<br \/>\nN\u00e9vleges fesz\u00fclts\u00e9g: 500 V<br \/>\nFesz\u00fclts\u00e9gtartom\u00e1ny: 80-600 V<br \/>\nMaxim\u00e1lis t\u00f6lt\u00e9si \u00e1ram: 30 A<br \/>\nMax. kis\u00fct\u00e9si \u00e1ram: 30 A<\/p>\n<p>\u00c1ltal\u00e1nos<br \/>\nMaxim\u00e1lis hat\u00e1sfok: 98,3%<br \/>\nAz EU hat\u00e9konys\u00e1gi r\u00e1t\u00e1ja: TP67T<br \/>\nKommunik\u00e1ci\u00f3: kijelz\u0151, LED, RS485, CAN, Wi-Fi, GPRS, 4G<br \/>\nV\u00e9delmi oszt\u00e1ly: IP66<br \/>\nH\u0171t\u00e9s: h\u0171t\u00e9s: Intelligens ventil\u00e1tor<br \/>\nTopol\u00f3gia: Transzform\u00e1tor n\u00e9lk\u00fcli<br \/>\nM\u00e9retek (sz\u00e9less\u00e9g x magass\u00e1g x m\u00e9lys\u00e9g): x 598,5 x 192 mm: 370 x 598,5 x 192 mm<br \/>\nS\u00faly: 22 kg<\/p>\n<p>A k\u00f6vetkez\u0151kb\u0151l \u00e1ll:<br \/>\n1 x Afore hibrid inverter AF15K-THP<br \/>\n1 x tartoz\u00e9k k\u00e9szlet<\/p>","protected":false},"excerpt":{"rendered":"<p>AF15K-THP hibrid inverter, 2 MPPT, h\u00e1romf\u00e1zis\u00fa, n\u00e9vleges kimeneti teljes\u00edtm\u00e9ny 15 kW Az Afore AF15K-THP egy h\u00e1romf\u00e1zis\u00fa hibrid inverter 15 kW kimeneti teljes\u00edtm\u00e9nnyel. Nagyfesz\u00fclts\u00e9g\u0171 akkumul\u00e1torral, [...]<\/p>","protected":false},"featured_media":221359,"template":"","meta":{"_seopress_robots_primary_cat":"none","_seopress_titles_title":"","_seopress_titles_desc":"","_seopress_robots_index":"","_kad_blocks_custom_css":"","_kad_blocks_head_custom_js":"","_kad_blocks_body_custom_js":"","_kad_blocks_footer_custom_js":""},"product_cat":[18],"product_tag":[],"class_list":{"0":"post-221355","1":"product","2":"type-product","3":"status-publish","4":"has-post-thumbnail","6":"product_cat-hybrid-inverters","8":"first","9":"instock","10":"taxable","11":"shipping-taxable","12":"purchasable","13":"product-type-simple"},"taxonomy_info":{"product_cat":[{"value":18,"label":"Hybrid inverters"}]},"featured_image_src_large":["https:\/\/ownpowr.com\/wp-content\/uploads\/2025\/04\/afore-hybrid-three-phase-inverter.png",640,640,false],"author_info":[],"comment_info":"","_links":{"self":[{"href":"https:\/\/ownpowr.com\/hu\/wp-json\/wp\/v2\/product\/221355","targetHints":{"allow":["GET"]}}],"collection":[{"href":"https:\/\/ownpowr.com\/hu\/wp-json\/wp\/v2\/product"}],"about":[{"href":"https:\/\/ownpowr.com\/hu\/wp-json\/wp\/v2\/types\/product"}],"wp:featuredmedia":[{"embeddable":true,"href":"https:\/\/ownpowr.com\/hu\/wp-json\/wp\/v2\/media\/221359"}],"wp:attachment":[{"href":"https:\/\/ownpowr.com\/hu\/wp-json\/wp\/v2\/media?parent=221355"}],"wp:term":[{"taxonomy":"product_cat","embeddable":true,"href":"https:\/\/ownpowr.com\/hu\/wp-json\/wp\/v2\/product_cat?post=221355"},{"taxonomy":"product_tag","embeddable":true,"href":"https:\/\/ownpowr.com\/hu\/wp-json\/wp\/v2\/product_tag?post=221355"}],"curies":[{"name":"wp","href":"https:\/\/api.w.org\/{rel}","templated":true}]}}