{"id":221364,"date":"2025-04-17T15:19:16","date_gmt":"2025-04-17T13:19:16","guid":{"rendered":"https:\/\/ownpowr.com\/?post_type=product&#038;p=221364"},"modified":"2025-04-17T15:19:17","modified_gmt":"2025-04-17T13:19:17","slug":"afore-30kw-hybrid-three-phase-inverter","status":"publish","type":"product","link":"https:\/\/ownpowr.com\/hu\/product\/elott-30kw-hibrid-haromfazisu-inverter\/","title":{"rendered":"Afore 30kw hibrid h\u00e1romf\u00e1zis\u00fa inverter"},"content":{"rendered":"<p>AF30K-TH hibrid inverter, 2 MPPT, h\u00e1romf\u00e1zis\u00fa, n\u00e9vleges kimeneti teljes\u00edtm\u00e9ny 30,000W<br \/>\nAz Afore AF30K-TH egy h\u00e1romf\u00e1zis\u00fa hibrid inverter 30 kW kimeneti teljes\u00edtm\u00e9nnyel. A nagyfesz\u00fclts\u00e9g\u0171 akkumul\u00e1torral az inverter \u00f6n\u00e1ll\u00f3 rendszerk\u00e9nt\/off-gridk\u00e9nt \u00e9s v\u00e9szhelyzeti \u00e1ramforr\u00e1sk\u00e9nt is haszn\u00e1lhat\u00f3. K\u00e9t MPPT-k\u00f6vet\u0151t tartalmaz, \u00e9s t\u00f6bb fotovoltaikus modulsztring csatlakoztat\u00e1s\u00e1ra is k\u00e9pes. Sz\u00e9les MPPT-fesz\u00fclts\u00e9gtartom\u00e1nyt k\u00edn\u00e1l.<\/p>\n<p>Kiemelt inform\u00e1ci\u00f3k<br \/>\nModern design<br \/>\nMonitoring WiFi-n kereszt\u00fcl<br \/>\nMagas hat\u00e9konys\u00e1g 97,8%<br \/>\nV\u00e9szhelyzeti \u00e1ramell\u00e1t\u00e1si k\u00e9pess\u00e9g<br \/>\n2 MPPT 2 sz\u00e1lank\u00e9nt 2 sztringgel<br \/>\nEgyszer\u0171 \u00e9s gyors telep\u00edt\u00e9s<br \/>\nKompakt m\u00e9retek (558 x 535 x 260 mm)<br \/>\nKompatibilis sz\u00e1mos akkumul\u00e1torgy\u00e1rt\u00f3val<br \/>\nAlkalmas akkumul\u00e1tort\u00edpusokhoz: .<br \/>\nM\u0171szaki adatok<br \/>\nT\u00e9tel neve: AF30K-TH hibrid inverter, 2 MPPT, h\u00e1romf\u00e1zis\u00fa, n\u00e9vleges kimeneti teljes\u00edtm\u00e9ny 30 000 W<br \/>\nAC kimeneti adatok<br \/>\nN\u00e9vleges kimeneti teljes\u00edtm\u00e9ny: 30,000 W<br \/>\nMaxim\u00e1lis l\u00e1tsz\u00f3lagos kimeneti teljes\u00edtm\u00e9ny: 33 000 VA<br \/>\nV\u00e1ltakoz\u00f3 fesz\u00fclts\u00e9g: 3\/N\/PE 400 V<br \/>\nAC frekvencia: 50 Hz \/ 60 Hz<br \/>\nN\u00e9vleges v\u00e1ltakoz\u00f3 \u00e1ram: 43,5 A<br \/>\nMax. AC \u00e1ram: 48,0 A<br \/>\nPV string bemeneti adatok<br \/>\nMax. DC bemeneti teljes\u00edtm\u00e9ny: 45 kW<br \/>\nMax. DC bemeneti fesz\u00fclts\u00e9g: 1000V<br \/>\nMax. DC bemeneti \u00e1ram: 2 x 40A<br \/>\nInd\u00edt\u00e1si fesz\u00fclts\u00e9g: 160V<br \/>\nMPPT fesz\u00fclts\u00e9gtartom\u00e1ny: 150-850V<br \/>\nMax. r\u00f6vidz\u00e1rlati \u00e1ram: 2 x 60A<br \/>\nAz MPP-k\u00f6vet\u0151k sz\u00e1ma\/h\u00farok sz\u00e1ma: 2\/4<br \/>\nAkkumul\u00e1tor bemeneti adatok<br \/>\nAkkumul\u00e1tor t\u00edpusa: L\u00edtium-ion<br \/>\nN\u00e9vleges fesz\u00fclts\u00e9g: 500V<br \/>\nMax. t\u00f6lt\u00e9si fesz\u00fclts\u00e9g: 150-800V<br \/>\nMax. t\u00f6lt\u00e9si \u00e1ram: 60A<br \/>\nMax. kis\u00fct\u00e9si \u00e1ram: 60A<br \/>\n\u00c1ltal\u00e1nos<br \/>\nMaxim\u00e1lis hat\u00e1sfok: 98,5%<br \/>\nEU hat\u00e1sfok: 98.1%<br \/>\nKommunik\u00e1ci\u00f3: kijelz\u0151, LED, RS485, CAN, Wi-Fi, GRPS, 4G<br \/>\nV\u00e9delmi oszt\u00e1ly: IP65<br \/>\nTopol\u00f3gia: Transzform\u00e1tor n\u00e9lk\u00fcli<br \/>\nM\u00e9retek (sz\u00e9less\u00e9g x magass\u00e1g x m\u00e9lys\u00e9g): Hossz\u00fas\u00e1g: 558x535x260mm<br \/>\nS\u00faly: 36kg<br \/>\nSz\u00e1ll\u00edt\u00e1si terjedelem<br \/>\n1 x Afore hibrid inverter AF30K-TH<br \/>\n1 x tartoz\u00e9k k\u00e9szlet<\/p>","protected":false},"excerpt":{"rendered":"<p>AF30K-TH hibrid inverter, 2 MPPT, h\u00e1romf\u00e1zis\u00fa, n\u00e9vleges kimeneti teljes\u00edtm\u00e9ny 30,000W Az Afore AF30K-TH egy h\u00e1romf\u00e1zis\u00fa hibrid inverter 30 kW kimeneti teljes\u00edtm\u00e9nnyel. Egy nagyfesz\u00fclts\u00e9g\u0171 akkumul\u00e1torral az inverter [...]<\/p>","protected":false},"featured_media":221359,"template":"","meta":{"_seopress_robots_primary_cat":"none","_seopress_titles_title":"","_seopress_titles_desc":"","_seopress_robots_index":"","_kad_blocks_custom_css":"","_kad_blocks_head_custom_js":"","_kad_blocks_body_custom_js":"","_kad_blocks_footer_custom_js":""},"product_cat":[18],"product_tag":[],"class_list":{"0":"post-221364","1":"product","2":"type-product","3":"status-publish","4":"has-post-thumbnail","6":"product_cat-hybrid-inverters","8":"first","9":"instock","10":"taxable","11":"shipping-taxable","12":"purchasable","13":"product-type-simple"},"taxonomy_info":{"product_cat":[{"value":18,"label":"Hybrid inverters"}]},"featured_image_src_large":["https:\/\/ownpowr.com\/wp-content\/uploads\/2025\/04\/afore-hybrid-three-phase-inverter.png",640,640,false],"author_info":[],"comment_info":"","_links":{"self":[{"href":"https:\/\/ownpowr.com\/hu\/wp-json\/wp\/v2\/product\/221364","targetHints":{"allow":["GET"]}}],"collection":[{"href":"https:\/\/ownpowr.com\/hu\/wp-json\/wp\/v2\/product"}],"about":[{"href":"https:\/\/ownpowr.com\/hu\/wp-json\/wp\/v2\/types\/product"}],"wp:featuredmedia":[{"embeddable":true,"href":"https:\/\/ownpowr.com\/hu\/wp-json\/wp\/v2\/media\/221359"}],"wp:attachment":[{"href":"https:\/\/ownpowr.com\/hu\/wp-json\/wp\/v2\/media?parent=221364"}],"wp:term":[{"taxonomy":"product_cat","embeddable":true,"href":"https:\/\/ownpowr.com\/hu\/wp-json\/wp\/v2\/product_cat?post=221364"},{"taxonomy":"product_tag","embeddable":true,"href":"https:\/\/ownpowr.com\/hu\/wp-json\/wp\/v2\/product_tag?post=221364"}],"curies":[{"name":"wp","href":"https:\/\/api.w.org\/{rel}","templated":true}]}}