{"id":265,"date":"2023-10-04T16:43:01","date_gmt":"2023-10-04T14:43:01","guid":{"rendered":"https:\/\/ownpowr.com\/product\/pylontech-force-l1-14-21\/"},"modified":"2025-12-30T14:50:46","modified_gmt":"2025-12-30T12:50:46","slug":"pylontech-force-l1-14-21","status":"publish","type":"product","link":"https:\/\/ownpowr.com\/hu\/product\/pylontech-force-l1-14-21\/","title":{"rendered":"Pylontech er\u0151 L1 14.21"},"content":{"rendered":"<p>Az Pylontech Force L1 14.21 egy Pylontech BMU akkumul\u00e1tor-kezel\u0151 egys\u00e9gb\u0151l \u00e9s 4 Force L1 3,55 kWh kapacit\u00e1s\u00fa akkumul\u00e1tor modulb\u00f3l \u00e1ll.<\/p>\n<p>K\u00e9s\u0151bb ak\u00e1r 3 tov\u00e1bbi Force L1 modul hozz\u00e1ad\u00e1s\u00e1val is b\u0151v\u00edthet\u0151<\/p>\n<div class=\"row\">\n<div class=\"col-lg-6\">\n<h3><strong>Pylontech Force L1 14.21 - Alacsony fesz\u00fclts\u00e9g\u0171<\/strong><\/h3>\n<p>A <b>Er\u0151 L1<\/b> a leg\u00fajabb HESS akkumul\u00e1tor-rendszer, amelyet a <strong>Pylontech<\/strong>. A \"hossz\u00fa \u00e9lettartam\" jelleg, a legnagyobb energia- \u00e9s teljes\u00edtm\u00e9nys\u0171r\u0171s\u00e9g az ipar\u00e1gban, a divatos design, a k\u00f6nny\u0171 telep\u00edt\u00e9s \u00e9s b\u0151v\u00edt\u00e9s, mind a v\u00e9gfelhaszn\u00e1l\u00f3k val\u00f3s ig\u00e9nyeit \u00e9s a leger\u0151sebb m\u0171szaki k\u00e9pess\u00e9g\u00e9t t\u00fckr\u00f6zik. <strong>Pylontech<\/strong>.<\/p>\n<p><strong>PylontechForceL1<\/strong>A 14.21. t\u00e9tel a k\u00f6vetkez\u0151kb\u0151l \u00e1ll <strong>Pylontech<\/strong> BMU akkumul\u00e1tor-kezel\u0151 egys\u00e9g \u00e9s 4 Force L1 3,55 kWh kapacit\u00e1s\u00fa akkumul\u00e1tor modul. K\u00e9s\u0151bb ak\u00e1r 3 tov\u00e1bbi Force L1 modul p\u00e1rhuzamos hozz\u00e1ad\u00e1s\u00e1val b\u0151v\u00edthet\u0151, \u00edgy ak\u00e1r 24,86 kWh hasznos teljes\u00edtm\u00e9nyt is el\u00e9rhet.<\/p>\n<p><strong>A vertik\u00e1lis ipari integr\u00e1ci\u00f3 t\u00f6bb mint 6000 ciklust biztos\u00edt a 90% DoD-vel<\/strong><\/p>\n<p><strong>A modul\u00e1ris fel\u00e9p\u00edt\u00e9s lehet\u0151v\u00e9 teszi a v\u00e9gfelhaszn\u00e1l\u00f3k sz\u00e1m\u00e1ra a kapacit\u00e1s megv\u00e1laszt\u00e1s\u00e1t<\/strong><\/p>\n<p><strong>Kompatibilis a legt\u00f6bb kaphat\u00f3 hibrid inverterrel<\/strong><\/p>\n<p><strong>A gyorscsatlakoz\u00f3 minimaliz\u00e1lja a telep\u00edt\u00e9si id\u0151t \u00e9s k\u00f6lts\u00e9geket<\/strong><\/p>\n<p><strong>Gy\u00f6ny\u00f6r\u0171 design - belt\u00e9ri \u00e9s k\u00fclt\u00e9ri telep\u00edt\u00e9sen t\u00fal<\/strong><\/p>\n<\/div>\n<\/div>","protected":false},"excerpt":{"rendered":"<p>Az Pylontech Force L1 14.21 egy Pylontech BMU akkumul\u00e1tor-kezel\u0151 egys\u00e9gb\u0151l \u00e9s 4 darab Force L1 3,55 kWh kapacit\u00e1s\u00fa akkumul\u00e1tor modulb\u00f3l \u00e1ll. A k\u00e9s\u0151bbiekben tov\u00e1bbi 3 darab Force [...]<\/p>","protected":false},"featured_media":266,"template":"","meta":{"_seopress_robots_primary_cat":"none","_seopress_titles_title":"","_seopress_titles_desc":"","_seopress_robots_index":"","_kad_blocks_custom_css":"","_kad_blocks_head_custom_js":"","_kad_blocks_body_custom_js":"","_kad_blocks_footer_custom_js":""},"product_cat":[17],"product_tag":[],"class_list":{"0":"post-265","1":"product","2":"type-product","3":"status-publish","4":"has-post-thumbnail","6":"product_cat-home-batteries","8":"first","9":"outofstock","10":"sale","11":"taxable","12":"shipping-taxable","13":"purchasable","14":"product-type-simple"},"taxonomy_info":{"product_cat":[{"value":17,"label":"Home batteries"}]},"featured_image_src_large":["https:\/\/ownpowr.com\/wp-content\/uploads\/2022\/11\/SAM7623-0.jpeg",600,661,false],"author_info":[],"comment_info":"","_links":{"self":[{"href":"https:\/\/ownpowr.com\/hu\/wp-json\/wp\/v2\/product\/265","targetHints":{"allow":["GET"]}}],"collection":[{"href":"https:\/\/ownpowr.com\/hu\/wp-json\/wp\/v2\/product"}],"about":[{"href":"https:\/\/ownpowr.com\/hu\/wp-json\/wp\/v2\/types\/product"}],"wp:featuredmedia":[{"embeddable":true,"href":"https:\/\/ownpowr.com\/hu\/wp-json\/wp\/v2\/media\/266"}],"wp:attachment":[{"href":"https:\/\/ownpowr.com\/hu\/wp-json\/wp\/v2\/media?parent=265"}],"wp:term":[{"taxonomy":"product_cat","embeddable":true,"href":"https:\/\/ownpowr.com\/hu\/wp-json\/wp\/v2\/product_cat?post=265"},{"taxonomy":"product_tag","embeddable":true,"href":"https:\/\/ownpowr.com\/hu\/wp-json\/wp\/v2\/product_tag?post=265"}],"curies":[{"name":"wp","href":"https:\/\/api.w.org\/{rel}","templated":true}]}}