{"id":286,"date":"2023-10-05T01:24:51","date_gmt":"2023-10-04T23:24:51","guid":{"rendered":"https:\/\/ownpowr.com\/product\/pylontech-force-l1-3-55\/"},"modified":"2025-10-15T13:54:02","modified_gmt":"2025-10-15T11:54:02","slug":"pylontech-force-l1-3-55","status":"publish","type":"product","link":"https:\/\/ownpowr.com\/hu\/product\/pylontech-force-l1-3-55\/","title":{"rendered":"Pylontech er\u0151 L1 3.55"},"content":{"rendered":"<h2><strong>Az Pylontech Force L1 3,55 kWh l\u00edtium akkumul\u00e1tor modul 2 \u00e9s 7 modul k\u00f6z\u00f6tti egym\u00e1sra helyezhet\u0151 akkumul\u00e1tor rendszert alkot k\u00fcls\u0151 BMS-szel.<\/strong><\/h2>\n<p>Az Pylontech Force L1 3.55 egy Pylontech BMU akkumul\u00e1tor-kezel\u0151 egys\u00e9gb\u0151l \u00e9s 1 Force L1 3,55 kWh kapacit\u00e1s\u00fa akkumul\u00e1tor modulb\u00f3l \u00e1ll. Lehet\u0151s\u00e9g a b\u0151v\u00edt\u00e9sre ak\u00e1r 6 tov\u00e1bbi Force L1 modul k\u00e9s\u0151bbi hozz\u00e1ad\u00e1s\u00e1val.<\/p>\n<p>&nbsp;<\/p>\n<div class=\"row\">\n<div class=\"col-lg-6\">\n<h3><strong>Pylontech Er\u0151 L1 3.55 <\/strong><strong>- Alacsony fesz\u00fclts\u00e9g<\/strong><\/h3>\n<p>A Force L1 az Pylontech \u00e1ltal sz\u00e1ll\u00edtott leg\u00fajabb HESS akkumul\u00e1tor-rendszer. A \"hossz\u00fa \u00e9lettartam\u00fa\" jelleg, az ipar\u00e1g legnagyobb energia- \u00e9s teljes\u00edtm\u00e9nys\u0171r\u0171s\u00e9ge, a divatos diz\u00e1jn, a k\u00f6nny\u0171 telep\u00edt\u00e9s \u00e9s b\u0151v\u00edt\u00e9s mind a v\u00e9gfelhaszn\u00e1l\u00f3k val\u00f3s ig\u00e9nyeit \u00e9s az Pylontech leger\u0151sebb m\u0171szaki k\u00e9pess\u00e9geit t\u00fckr\u00f6zik.<\/p>\n<p><strong>PylontechForceL1<\/strong>3.55 a k\u00f6vetkez\u0151kb\u0151l \u00e1ll <strong>Pylontech<\/strong> BMU akkumul\u00e1tor-kezel\u0151 egys\u00e9g \u00e9s 1 Force L1 3,55 kWh kapacit\u00e1s\u00fa akkumul\u00e1tor modul. Lehet\u0151s\u00e9g a b\u0151v\u00edt\u00e9sre, ha k\u00e9s\u0151bb tov\u00e1bbi 6 Force L1 modult adunk hozz\u00e1 p\u00e1rhuzamosan ehhez a halmazhoz, \u00edgy ak\u00e1r 24,86 kWh hasznos teljes\u00edtm\u00e9nyt is el\u00e9rhet\u00fcnk.<\/p>\n<p><strong>A vertik\u00e1lis ipari integr\u00e1ci\u00f3 t\u00f6bb mint 6000 ciklust biztos\u00edt a 90% DoD-vel<\/strong><\/p>\n<p><strong>A modul\u00e1ris fel\u00e9p\u00edt\u00e9s lehet\u0151v\u00e9 teszi a v\u00e9gfelhaszn\u00e1l\u00f3k sz\u00e1m\u00e1ra a kapacit\u00e1s megv\u00e1laszt\u00e1s\u00e1t<\/strong><\/p>\n<p><strong>Kompatibilis a legt\u00f6bb kaphat\u00f3 hibrid inverterrel<\/strong><\/p>\n<p><strong>A gyorscsatlakoz\u00e1s minimaliz\u00e1lja a telep\u00edt\u00e9si id\u0151t \u00e9s k\u00f6lts\u00e9geket<\/strong><\/p>\n<p><strong>Gy\u00f6ny\u00f6r\u0171 design - belt\u00e9ren \u00e9s k\u00fclt\u00e9ren egyar\u00e1nt haszn\u00e1lhat\u00f3<\/strong><\/p>\n<div id=\"ProductInfoTabs\" class=\"ui-tabs ui-widget ui-widget-content ui-corner-all epProductInfoTabs ep-js\" data-js=\"\">\n<div id=\"tab-product-description\" class=\"ui-tabs-panel ui-widget-content ui-corner-bottom\" role=\"tabpanel\" aria-labelledby=\"ui-id-1\" aria-hidden=\"false\">\n<div class=\"description\">\n<p>&nbsp;<\/p>\n<p>Az Pylontech Force L1 l\u00edtium akkumul\u00e1tor modul arra szolg\u00e1l, hogy egy Pylontech egym\u00e1sra helyezhet\u0151 akkumul\u00e1tor rendszerrel rendelkezzen 2 \u00e9s 7 modul k\u00f6z\u00f6tt, k\u00fcls\u0151 BMS-szel, \u00edgy k\u00fcl\u00f6nb\u00f6z\u0151 konfigur\u00e1ci\u00f3s rendszerekhez igaz\u00edthat\u00f3. N\u00e9vleges kapacit\u00e1sa 3,55 kWh, \u00e9s kobaltmentes l\u00edtium-ferrofoszf\u00e1tb\u00f3l k\u00e9sz\u00fcl.<\/p>\n<p>A HESS (otthoni energiat\u00e1rol\u00f3 rendszer) leg\u00fajabb v\u00e1ltozata, amely a modul\u00e1ris kialak\u00edt\u00e1s koncepci\u00f3j\u00e1t \u00f6r\u00f6kli, k\u00f6nny\u0171 telep\u00edt\u00e9ssel, egyszer\u0171 csatlakoz\u00f3kkal \u00e9s k\u00fclt\u00e9ri kompatibilit\u00e1ssal kombin\u00e1lva.<\/p>\n<p>Ez a HESS (otthoni energiat\u00e1rol\u00f3 rendszer) leg\u00fajabb v\u00e1ltozata, amely a modul\u00e1ris kialak\u00edt\u00e1s koncepci\u00f3j\u00e1t \u00f6r\u00f6kli, k\u00f6nny\u0171 telep\u00edt\u00e9ssel, egyszer\u0171 csatlakoz\u00f3kkal \u00e9s k\u00fclt\u00e9ri kompatibilit\u00e1ssal kombin\u00e1lva.<\/p>\n<p>Ezt a t\u00e1rol\u00f3rendszert an\u00e9lk\u00fcl lehet telep\u00edteni, hogy az akkumul\u00e1torok k\u00f6z\u00f6tt k\u00e1beleket kellene csatlakoztatni, \u00e9s egym\u00e1sra helyezhet\u0151, ami megk\u00f6nny\u00edti \u00e9s felgyors\u00edtja a telep\u00edt\u00e9st. Ez az \u00faj Pylontech megold\u00e1s a kisfesz\u00fclts\u00e9g\u0171 lakoss\u00e1gi szektor sz\u00e1m\u00e1ra az L sorozat, amely a Force L1 \u00e9s L2 modelleket foglalja mag\u00e1ban.<\/p>\n<p>Ezek a term\u00e9kek t\u00f6bb, 2 \u00e9s 7 k\u00f6z\u00f6tti, egym\u00e1sra helyezhet\u0151 akkumul\u00e1torb\u00f3l \u00e1llnak, k\u00fcls\u0151 BMS-szel, \u00edgy alkalmazkodnak a k\u00fcl\u00f6nb\u00f6z\u0151 konfigur\u00e1ci\u00f3s rendszerekhez.<\/p>\n<p>K\u00fcl\u00f6n\u00f6sen alkalmas kis helyen, korl\u00e1tozott helyig\u00e9ny\u0171, valamint nagy teljes\u00edtm\u00e9ny\u0171 \u00e9s hossz\u00fa \u00e9lettartam\u00fa berendez\u00e9sekhez. Ezt a modult egy FC0048M-100 BMS-szel egy\u00fctt kell telep\u00edteni, amelynek n\u00e9vleges fesz\u00fclts\u00e9ge 48V \u00e9s kapacit\u00e1sa 47Ah. Ezek a rendszerek emellett \u00f6sszesen 60A t\u00f6lt\u00e9si \u00e9s kis\u00fct\u00e9si \u00e1rammal \u00e9s IP55 v\u00e9detts\u00e9ggel rendelkeznek.<\/p>\n<p>A rendszer egyszer\u0171s\u00e9ge \u00e9s egym\u00e1sra helyezhet\u0151s\u00e9ge rendk\u00edv\u00fcl rugalmass\u00e1 teszi, \u00e9s id\u0151vel nagyon k\u00f6nnyen b\u0151v\u00edthet\u0151. Egy m\u00e1sik fontos szempont k\u00e9ts\u00e9gtelen\u00fcl a 90% eset\u00e9ben a kis\u00fcl\u00e9si m\u00e9lys\u00e9g. Emellett a k\u00e9sz\u00fcl\u00e9kek k\u00fcl\u00f6nb\u00f6z\u0151 t\u00edpus\u00fa inverterekkel kombin\u00e1lhat\u00f3k, ak\u00e1r a be\u00e9p\u00edtett EPS funkci\u00f3val is.<\/p>\n<p>F\u0151 jellemz\u0151i k\u00f6z\u00e9 tartozik a maxim\u00e1lis rugalmass\u00e1got biztos\u00edt\u00f3 modul\u00e1ris fel\u00e9p\u00edt\u00e9s, a hosszabb \u00e9lettartamot \u00e9s nagyobb biztons\u00e1got lehet\u0151v\u00e9 tev\u0151 bels\u0151 LFP-cella, a gyors csatlakoz\u00e1sok a telep\u00edt\u00e9si id\u0151 megtakar\u00edt\u00e1sa \u00e9rdek\u00e9ben, valamint az inverterekkel legsz\u00e9lesebb k\u00f6r\u0171 kompatibilit\u00e1st biztos\u00edt\u00f3, bev\u00e1lt BMS.<\/p>\n<p>Az akkumul\u00e1torra 3 \u00e9v t\u00f6rv\u00e9nyes \u00e9s 10 \u00e9v gy\u00e1rt\u00f3i garancia vonatkozik.<\/p>\n<p>&nbsp;<\/p>\n<h3><strong>Az Pylontech Force L1 l\u00edtium akkumul\u00e1tor modul m\u0171szaki adatai<\/strong><\/h3>\n<p>- Akkumul\u00e1tor kapacit\u00e1s: 3,55 kWh<br \/>\n- Fesz\u00fclts\u00e9gtartom\u00e1ny: 44.5 -54h<br \/>\n- Hasznos kapacit\u00e1s: 4600W<br \/>\n- V\u00e9delmi fokozat: IP55<br \/>\n- Kommunik\u00e1ci\u00f3s port: RS485<br \/>\n- Garancia: 10 \u00e9v (a gy\u00e1rt\u00f3 k\u00f6vetelm\u00e9nyeinek megfelel\u0151en).<\/p>\n<\/div>\n<\/div>\n<\/div>\n<\/div>\n<\/div>","protected":false},"excerpt":{"rendered":"<p>Az Pylontech Force L1 3,55 kWh l\u00edtium akkumul\u00e1tor modul 2 \u00e9s 7 modul k\u00f6z\u00f6tti egym\u00e1sra helyezhet\u0151 akkumul\u00e1tor rendszert alkot k\u00fcls\u0151 BMS-szel. Az Pylontech Force L1 3.55 egy Pylontech BMU-b\u00f3l \u00e1ll [...]<\/p>","protected":false},"featured_media":287,"template":"","meta":{"_seopress_robots_primary_cat":"none","_seopress_titles_title":"","_seopress_titles_desc":"","_seopress_robots_index":"","_kad_blocks_custom_css":"","_kad_blocks_head_custom_js":"","_kad_blocks_body_custom_js":"","_kad_blocks_footer_custom_js":""},"product_cat":[17],"product_tag":[],"class_list":{"0":"post-286","1":"product","2":"type-product","3":"status-publish","4":"has-post-thumbnail","6":"product_cat-home-batteries","8":"first","9":"outofstock","10":"sale","11":"taxable","12":"shipping-taxable","13":"purchasable","14":"product-type-simple"},"taxonomy_info":{"product_cat":[{"value":17,"label":"Home batteries"}]},"featured_image_src_large":["https:\/\/ownpowr.com\/wp-content\/uploads\/2022\/11\/Schermafbeelding-2022-10-15-om-12.07.40.png",822,504,false],"author_info":[],"comment_info":"","_links":{"self":[{"href":"https:\/\/ownpowr.com\/hu\/wp-json\/wp\/v2\/product\/286","targetHints":{"allow":["GET"]}}],"collection":[{"href":"https:\/\/ownpowr.com\/hu\/wp-json\/wp\/v2\/product"}],"about":[{"href":"https:\/\/ownpowr.com\/hu\/wp-json\/wp\/v2\/types\/product"}],"wp:featuredmedia":[{"embeddable":true,"href":"https:\/\/ownpowr.com\/hu\/wp-json\/wp\/v2\/media\/287"}],"wp:attachment":[{"href":"https:\/\/ownpowr.com\/hu\/wp-json\/wp\/v2\/media?parent=286"}],"wp:term":[{"taxonomy":"product_cat","embeddable":true,"href":"https:\/\/ownpowr.com\/hu\/wp-json\/wp\/v2\/product_cat?post=286"},{"taxonomy":"product_tag","embeddable":true,"href":"https:\/\/ownpowr.com\/hu\/wp-json\/wp\/v2\/product_tag?post=286"}],"curies":[{"name":"wp","href":"https:\/\/api.w.org\/{rel}","templated":true}]}}