{"id":369,"date":"2023-10-04T16:37:59","date_gmt":"2023-10-04T14:37:59","guid":{"rendered":"https:\/\/ownpowr.com\/product\/growatt-ark-bms-bdc-95045-a1-xh\/"},"modified":"2025-02-27T13:45:29","modified_gmt":"2025-02-27T11:45:29","slug":"growatt-ark-bms-bdc-95045-a1-xh","status":"publish","type":"product","link":"https:\/\/ownpowr.com\/hu\/product\/growatt-ark-bms-bdc-95045-a1-xh\/","title":{"rendered":"Growatt BMS DC 95045-A1"},"content":{"rendered":"<p>Akkumul\u00e1tor-kezel\u0151 rendszer az Growatt ARK 2.5 nagyfesz\u00fclts\u00e9g\u0171 akkumul\u00e1torokhoz XH sorozathoz<\/p>\n<ul>\n<li>XH inverterekkel kompatibilis rendszer.<\/li>\n<li>Rugalmas kapacit\u00e1si lehet\u0151s\u00e9gek, 5,12 kWh \u00e9s 17,92 kWh k\u00f6z\u00f6tt<\/li>\n<li>A kobaltmentes LiFePO4 akkumul\u00e1tor kiv\u00e1l\u00f3 biztons\u00e1ga<\/li>\n<li>K\u00f6nny\u0171 telep\u00edt\u00e9s a modul\u00e1ris \u00e9s egym\u00e1sra helyezhet\u0151 kialak\u00edt\u00e1ssal<\/li>\n<li>Hossz\u00fa \u00e9lettartam, 10 \u00e9v garancia<\/li>\n<li>T\u00e1voli firmware friss\u00edt\u00e9s<\/li>\n<\/ul>\n<p><a href=\"https:\/\/storeyourownpower.com\/wp-content\/uploads\/2022\/11\/Datasheet_Growatt-ARK-2.5-HV-High-Voltage-battery-BMS_2021_ENG.pdf\" target=\"_blank\" rel=\"noopener\">Adatlap angol<\/a><\/p>","protected":false},"excerpt":{"rendered":"<p>Akkumul\u00e1tor-kezel\u0151 rendszer Growatt ARK 2.5 nagyfesz\u00fclts\u00e9g\u0171 akkumul\u00e1torokhoz XH sorozat Kompatibilis rendszer XH inverterekkel. Rugalmas kapacit\u00e1si lehet\u0151s\u00e9gek, 5,12kWh-t\u00f3l 17,92kWh-ig Kiv\u00e1l\u00f3 biztons\u00e1g a kobaltmentes LiFePO4 akkumul\u00e1torral Egyszer\u0171 [...]<\/p>","protected":false},"featured_media":370,"template":"","meta":{"_seopress_robots_primary_cat":"none","_seopress_titles_title":"Battery Management System for Growatt ARK 2.5 High Voltage Batteries XH Series | Compatible with XH Inverters","_seopress_titles_desc":"Flexible capacity options, cobalt-free LiFePO4 battery for excellent safety. Easy installation, long service life, and remote firmware upgrade. Get the datasheet now!","_seopress_robots_index":"","_kad_blocks_custom_css":"","_kad_blocks_head_custom_js":"","_kad_blocks_body_custom_js":"","_kad_blocks_footer_custom_js":""},"product_cat":[17],"product_tag":[],"class_list":{"0":"post-369","1":"product","2":"type-product","3":"status-publish","4":"has-post-thumbnail","6":"product_cat-home-batteries","8":"first","9":"instock","10":"sale","11":"taxable","12":"shipping-taxable","13":"purchasable","14":"product-type-simple"},"taxonomy_info":{"product_cat":[{"value":17,"label":"Home batteries"}]},"featured_image_src_large":["https:\/\/ownpowr.com\/wp-content\/uploads\/2022\/11\/growatt_ark_2.5h_a_bms_bdc_95045_a1_high_voltage_6777-1024x1024.png",1024,1024,true],"author_info":[],"comment_info":"","_links":{"self":[{"href":"https:\/\/ownpowr.com\/hu\/wp-json\/wp\/v2\/product\/369","targetHints":{"allow":["GET"]}}],"collection":[{"href":"https:\/\/ownpowr.com\/hu\/wp-json\/wp\/v2\/product"}],"about":[{"href":"https:\/\/ownpowr.com\/hu\/wp-json\/wp\/v2\/types\/product"}],"wp:featuredmedia":[{"embeddable":true,"href":"https:\/\/ownpowr.com\/hu\/wp-json\/wp\/v2\/media\/370"}],"wp:attachment":[{"href":"https:\/\/ownpowr.com\/hu\/wp-json\/wp\/v2\/media?parent=369"}],"wp:term":[{"taxonomy":"product_cat","embeddable":true,"href":"https:\/\/ownpowr.com\/hu\/wp-json\/wp\/v2\/product_cat?post=369"},{"taxonomy":"product_tag","embeddable":true,"href":"https:\/\/ownpowr.com\/hu\/wp-json\/wp\/v2\/product_tag?post=369"}],"curies":[{"name":"wp","href":"https:\/\/api.w.org\/{rel}","templated":true}]}}