{"id":3719,"date":"2023-10-19T17:21:57","date_gmt":"2023-10-19T15:21:57","guid":{"rendered":"https:\/\/ownpowr.com\/?post_type=product&#038;p=3719"},"modified":"2025-08-25T14:40:54","modified_gmt":"2025-08-25T12:40:54","slug":"blauhoff-maxus-100k-258kwh-all-in-one-8000-cycles-10-year-warantee","status":"publish","type":"product","link":"https:\/\/ownpowr.com\/hu\/product\/blauhoff-maxus-100k-258kwh-all-in-one-8000-ciklus-10-ev-garancia\/","title":{"rendered":"Blauhoff Maxus 125K\/258kWh All in One energiat\u00e1rol\u00f3 szekr\u00e9ny"},"content":{"rendered":"<h3>Blauhoff Maxus 125K\/258kWh All In One energiat\u00e1rol\u00f3 szekr\u00e9ny 10 \u00e9v garancia 8000 ciklusra<\/h3>\n<p><strong>Minden Blauhoff akkumul\u00e1tor rendszerre 10 \u00e9v garancia vonatkozik a cell\u00e1kra \u00e9s 5 \u00e9v garancia az inverterre, mindenf\u00e9le tov\u00e1bbi fizet\u00e9s n\u00e9lk\u00fcl!<\/strong><\/p>\n<p><strong>A legt\u00f6bb m\u00e1s m\u00e1rka eset\u00e9ben ez nem \u00edgy van, \u00e9s a garancia csak 3-5 \u00e9vre korl\u00e1toz\u00f3dik!<\/strong><\/p>\n<p><strong>Prizmatikus cell\u00e1k a legmagasabb min\u0151s\u00e9g \u00e9s a leghosszabb \u00e9lettartam \u00e9rdek\u00e9ben, 8000 ciklus \u00e9s 10 \u00e9v garancia a cell\u00e1kra tov\u00e1bbi k\u00f6lts\u00e9g n\u00e9lk\u00fcl, valamint 5 \u00e9v garancia az eg\u00e9szre.<\/strong><\/p>\n<p>&nbsp;<\/p>\n<p>A BLH-125K\/258KwH-Maxus sorozat, egy folyad\u00e9kh\u0171t\u00e9ses all-in-one kereskedelmi \u00e9s ipari ESS, a k\u00f6vetkez\u0151kb\u0151l \u00e1ll<br \/>\nintegr\u00e1lt energiat\u00e1rol\u00f3 \u00e1talak\u00edt\u00f3val, akkumul\u00e1torral, BMS-sel, EMS-szel, h\u0151kezel\u00e9ssel,<br \/>\nenergiaeloszt\u00e1s, t\u0171zv\u00e9delem stb. Az all-in-one kialak\u00edt\u00e1s k\u00f6nny\u0171 telep\u00edt\u00e9st \u00e9s<br \/>\nO&amp;M. Ek\u00f6zben a rendszer biztons\u00e1gi kialak\u00edt\u00e1sa jobb akkumul\u00e1torteljes\u00edtm\u00e9nyt biztos\u00edt.<br \/>\n\u00e9s hosszabb \u00e9lettartam. T\u00f6bb szekr\u00e9nyk\u00e9szlet k\u00f6zvetlen\u00fcl p\u00e1rhuzamosan csatlakoztathat\u00f3, ak\u00e1r 30 darabig is.<br \/>\nmegval\u00f3s\u00edtja az energiat\u00e1rol\u00f3 rendszer b\u0151v\u00edt\u00e9s\u00e9t.<\/p>\n<h4>Gazdas\u00e1gos:<\/h4>\n<p>Magasan integr\u00e1lt ESS az egyszer\u0171<br \/>\nsz\u00e1ll\u00edt\u00e1s \u00e9s \u00fczemeltet\u00e9s. A<br \/>\naz integr\u00e1lt tervez\u00e9s lehet\u0151v\u00e9 teszi, hogy az oldal<br \/>\ngyorsan be\u00e1ll\u00edthat\u00f3 \u00e9s haszn\u00e1lhat\u00f3.<\/p>\n<p>Biztons\u00e1gi ment\u00e9s funkci\u00f3<\/p>\n<p>Peakshave funkci\u00f3<\/p>\n<p>PV funkci\u00f3<\/p>\n<h4>Foly\u00e9kony h\u0171t\u00e9s:<\/h4>\n<p>A h\u0151m\u00e9rs\u00e9klet-elt\u00e9r\u00e9s<br \/>\nakkumul\u00e1tor cell\u00e1k az eg\u00e9sz<br \/>\nrendszer 3\u00b0C-on bel\u00fcl van, a<br \/>\nintelligens folyad\u00e9kh\u0171t\u00e9si rendszer.<br \/>\nEz meghosszabb\u00edthatja az \u00e9lettartam\u00e1t a<br \/>\nAkkumul\u00e1torcell\u00e1k 20%-ig.<\/p>\n<h4>Biztons\u00e1gos:<\/h4>\n<p>A rendszernek n\u00e9gy szintje van<br \/>\nir\u00e1ny\u00edt\u00e1si strukt\u00fara, amely<br \/>\npontosan tud r\u00f6vid<br \/>\n\u00e1ramk\u00f6rv\u00e9delem, t\u00fal\u00e1ram<br \/>\nv\u00e9delem, t\u00falfesz\u00fclts\u00e9g<br \/>\nv\u00e9delem, fesz\u00fclts\u00e9g alatt<br \/>\nv\u00e9delem, t\u00falmeleged\u00e9s<br \/>\nv\u00e9delem stb.<\/p>\n<p>VDE4100<\/p>\n<p>IEC62619<\/p>\n<p>IEC61000<\/p>\n<p>UL9540A<\/p>\n<p>EN50549<\/p>\n<h4>Adatlap :<\/h4>\n<p><a href=\"https:\/\/ownpowr.com\/wp-content\/uploads\/2023\/10\/blauhoff_sd-125-258_energy_storage_cabinet.pdf\">Blauhoff_SD-125-258_Energy_Storage_Cabinet<\/a><\/p>\n<p><iframe title=\"Blauhoff ESS All in one\" width=\"1140\" height=\"641\" src=\"https:\/\/www.youtube.com\/embed\/4ygzOwu-j7I?feature=oembed\" frameborder=\"0\" allow=\"accelerometer; autoplay; clipboard-write; encrypted-media; gyroscope; picture-in-picture; web-share\" referrerpolicy=\"strict-origin-when-cross-origin\" allowfullscreen><\/iframe><\/p>","protected":false},"excerpt":{"rendered":"<p><a href=\"https:\/\/ownpowr.com\/wp-content\/uploads\/2023\/10\/blauhoff_sd-125-258_energy_storage_cabinet.pdf\">Blauhoff_SD-125-258_Energy_Storage_Cabinet<\/a><\/p>\n<p>Figyelem, az \u00e1r \u00c1FA \u00e9s telep\u00edt\u00e9s n\u00e9lk\u00fcl \u00e9rtend\u0151.<\/p>","protected":false},"featured_media":3781,"template":"","meta":{"_seopress_robots_primary_cat":"none","_seopress_titles_title":"Blauhoff Maxus 100K\/258kWh All In One Energy Storage System","_seopress_titles_desc":"Get this Energy Storage System for commercial and industrial use with liquid cooling, easy installation, and outstanding safety features","_seopress_robots_index":"","_kad_blocks_custom_css":"","_kad_blocks_head_custom_js":"","_kad_blocks_body_custom_js":"","_kad_blocks_footer_custom_js":""},"product_cat":[17,19],"product_tag":[],"class_list":{"0":"post-3719","1":"product","2":"type-product","3":"status-publish","4":"has-post-thumbnail","6":"product_cat-home-batteries","7":"product_cat-sets-with-inverters","9":"first","10":"instock","11":"sale","12":"taxable","13":"shipping-taxable","14":"purchasable","15":"product-type-simple"},"taxonomy_info":{"product_cat":[{"value":17,"label":"Home batteries"},{"value":19,"label":"Sets with inverters"}]},"featured_image_src_large":["https:\/\/ownpowr.com\/wp-content\/uploads\/2023\/10\/platte-tekst-toevoegen-1-2-1024x1024.png",1024,1024,true],"author_info":[],"comment_info":"","_links":{"self":[{"href":"https:\/\/ownpowr.com\/hu\/wp-json\/wp\/v2\/product\/3719","targetHints":{"allow":["GET"]}}],"collection":[{"href":"https:\/\/ownpowr.com\/hu\/wp-json\/wp\/v2\/product"}],"about":[{"href":"https:\/\/ownpowr.com\/hu\/wp-json\/wp\/v2\/types\/product"}],"wp:featuredmedia":[{"embeddable":true,"href":"https:\/\/ownpowr.com\/hu\/wp-json\/wp\/v2\/media\/3781"}],"wp:attachment":[{"href":"https:\/\/ownpowr.com\/hu\/wp-json\/wp\/v2\/media?parent=3719"}],"wp:term":[{"taxonomy":"product_cat","embeddable":true,"href":"https:\/\/ownpowr.com\/hu\/wp-json\/wp\/v2\/product_cat?post=3719"},{"taxonomy":"product_tag","embeddable":true,"href":"https:\/\/ownpowr.com\/hu\/wp-json\/wp\/v2\/product_tag?post=3719"}],"curies":[{"name":"wp","href":"https:\/\/api.w.org\/{rel}","templated":true}]}}