{"id":4033,"date":"2025-01-30T09:44:02","date_gmt":"2025-01-30T07:44:02","guid":{"rendered":"https:\/\/ownpowr.com\/?post_type=product&#038;p=4033"},"modified":"2025-08-25T15:02:32","modified_gmt":"2025-08-25T13:02:32","slug":"blauhoff-maxus-all-in-one-375k-774kwh-energy-storage-cabinet-liquid-cooled","status":"publish","type":"product","link":"https:\/\/ownpowr.com\/hu\/product\/blauhoff-maxus-all-in-one-375k-774kwh-energiatarolo-szekreny-folyadekhutessel\/","title":{"rendered":"Blauhoff Maxus All in One 375K\/867kWh energiat\u00e1rol\u00f3 szekr\u00e9ny Folyad\u00e9kh\u0171t\u00e9ses energiat\u00e1rol\u00f3 szekr\u00e9ny"},"content":{"rendered":"<p><strong>Minden Blauhoff akkumul\u00e1tor rendszerre 10 \u00e9v garancia vonatkozik a cell\u00e1kra \u00e9s 5 \u00e9v garancia az inverterre, mindenf\u00e9le tov\u00e1bbi fizet\u00e9s n\u00e9lk\u00fcl!<\/strong><\/p>\n<p><strong>A legt\u00f6bb m\u00e1s m\u00e1rka eset\u00e9ben ez nem \u00edgy van, \u00e9s a garancia csak 3-5 \u00e9vre korl\u00e1toz\u00f3dik!<\/strong><\/p>\n<p><strong>Prizmatikus cell\u00e1k a legmagasabb min\u0151s\u00e9g \u00e9s a leghosszabb \u00e9lettartam \u00e9rdek\u00e9ben, 8000 ciklus \u00e9s 10 \u00e9v garancia a cell\u00e1kra tov\u00e1bbi k\u00f6lts\u00e9g n\u00e9lk\u00fcl, valamint 5 \u00e9v garancia az eg\u00e9szre.<\/strong><\/p>\n<p>&nbsp;<\/p>\n<p>Blauhoff Maxus All in One 375K-867kWh = 2 mWh Folyad\u00e9kh\u0171t\u00e9s 10 \u00e9v garancia 8000 ciklusok<\/p>\n<p>Prizmatikus cell\u00e1k a legmagasabb min\u0151s\u00e9g \u00e9s a leghosszabb \u00e9lettartam \u00e9rdek\u00e9ben, 8000 ciklust biztos\u00edtanak<\/p>\n<p>Teljesen integr\u00e1lt ESS a k\u00f6nny\u0171 sz\u00e1ll\u00edt\u00e1s \u00e9s \u00fczemeltet\u00e9s \u00e9rdek\u00e9ben.<\/p>\n<p>Az integr\u00e1lt \u00e9s modul\u00e1ris fel\u00e9p\u00edt\u00e9snek k\u00f6sz\u00f6nhet\u0151en gyorsan fel\u00e1ll\u00edthat\u00f3 \u00e9s haszn\u00e1lhat\u00f3, egys\u00e9genk\u00e9nt 2-3 \u00f3ra munkaid\u0151vel.<\/p>\n<p>Blauhoff BLH-100K-2064kWh-Maxus, egy minden egyben kereskedelmi \u00e9s ipari ESS folyad\u00e9kh\u0171t\u00e9ssel, integr\u00e1lt energiat\u00e1rol\u00f3 \u00e1talak\u00edt\u00f3val, akkumul\u00e1torral, BMS-sel, EMS-sel, h\u0151kezel\u00e9ssel, energiaeloszt\u00e1ssal, t\u0171zv\u00e9delemmel stb.<\/p>\n<p>Ebben az esetben 8 db.<\/p>\n<p>Az all-in-one kialak\u00edt\u00e1s k\u00f6nnyen telep\u00edthet\u0151 \u00e9s \u00fczemeltethet\u0151, valamint biztons\u00e1gi ment\u00e9si funkci\u00f3val \u00e9s PV funkci\u00f3val felszerelt.<\/p>\n<p>A rendszer biztons\u00e1gi kialak\u00edt\u00e1sa jobb akkumul\u00e1torteljes\u00edtm\u00e9nyt \u00e9s hosszabb \u00e9lettartamot biztos\u00edt.<br \/>\n\u00e9let. T\u00f6bb szekr\u00e9nyk\u00e9szlet k\u00f6zvetlen\u00fcl p\u00e1rhuzamosan csatlakoztathat\u00f3, ak\u00e1r 30 darabig, az energiat\u00e1rol\u00e1s megval\u00f3s\u00edt\u00e1sa \u00e9rdek\u00e9ben.<br \/>\nrendszerb\u0151v\u00edt\u00e9s. Szuper egyszer\u0171en sk\u00e1l\u00e1zhat\u00f3 \u00e9s hordozhat\u00f3.<\/p>\n<p>Foly\u00e9kony h\u0171t\u00e9s :<br \/>\nAz akkumul\u00e1torcell\u00e1k h\u0151m\u00e9rs\u00e9kleti sodr\u00f3d\u00e1sa<br \/>\naz eg\u00e9sz rendszerben \u00b11,5\u00b0C-on bel\u00fcl van, ami a<br \/>\nintelligens folyad\u00e9kh\u0171t\u00e9si rendszer. K\u00e9pes<br \/>\nmeghosszabb\u00edtja a rendszer \u00e9lettartam\u00e1t ak\u00e1r<br \/>\n30%, n\u00f6veli a rendszer hossz\u00fa t\u00e1v\u00fa hat\u00e9konys\u00e1g\u00e1t<br \/>\n88,5%-ig.<\/p>\n<p>Biztons\u00e1gos<br \/>\nA rendszernek n\u00e9gy ir\u00e1ny\u00edt\u00e1si szintje van<br \/>\nstrukt\u00fara, amely pontos<br \/>\nr\u00f6vidz\u00e1rlatv\u00e9delem, t\u00fal\u00e1ramv\u00e9delem<br \/>\nv\u00e9delem, t\u00falfesz\u00fclts\u00e9g elleni v\u00e9delem,<br \/>\nfesz\u00fclts\u00e9g alatti v\u00e9delem, t\u00falmeleged\u00e9s elleni v\u00e9delem<br \/>\nv\u00e9delem stb.<\/p>\n<p>VDE4100<\/p>\n<p>IEC62619<\/p>\n<p>IEC61000<\/p>\n<p>UL9540A<\/p>\n<p>EN50549<\/p>\n<h3><span style=\"font-size: 16px\">Adatlap :<\/span><\/h3>\n<p><a href=\"https:\/\/blauhoff.nl\/wp-content\/uploads\/2023\/10\/Blauhoff_SD-125-258_Energy_Storage_Cabinet.pdf\" target=\"_blank\" rel=\"noopener\">Blauhoff_SD-125-258_Energy_Storage_Cabinet<\/a><\/p>\n<p>FIGYELEM !<\/p>\n<p>Az integr\u00e1ci\u00f3 \u00e9s a bonyolults\u00e1g miatt ez az \u00e1r \u00e1fa \u00e9s \u00f6sszeszerel\u00e9s n\u00e9lk\u00fcl \u00e9rtend\u0151.<\/p>\n<p>Az \u00f6sszeszerel\u00e9st a helyi szerel\u0151 v\u00e9gzi m\u0171szaki szem\u00e9lyzet\u00fcnk seg\u00edts\u00e9g\u00e9vel.<\/p>\n<p><iframe title=\"Blauhoff ESS All in one\" width=\"1140\" height=\"641\" src=\"https:\/\/www.youtube.com\/embed\/4ygzOwu-j7I?feature=oembed\" frameborder=\"0\" allow=\"accelerometer; autoplay; clipboard-write; encrypted-media; gyroscope; picture-in-picture; web-share\" referrerpolicy=\"strict-origin-when-cross-origin\" allowfullscreen><\/iframe><\/p>","protected":false},"excerpt":{"rendered":"<p>Minden Blauhoff akkumul\u00e1tor-rendszerre 10 \u00e9v garancia vonatkozik a cell\u00e1kra \u00e9s 5 \u00e9v garancia az inverterre, mindenf\u00e9le tov\u00e1bbi fizet\u00e9s n\u00e9lk\u00fcl! Ez nem \u00edgy van [...]<\/p>","protected":false},"featured_media":4028,"template":"","meta":{"_seopress_robots_primary_cat":"none","_seopress_titles_title":"Blauhoff Maxus All in One 375K\/867kWh Energy Storage Cabinet Liquid cooled","_seopress_titles_desc":"Looking for a game-changer? Check out our groundbreaking product that will transform the way you live. Get ready to experience a whole new level of innovation!","_seopress_robots_index":"","_kad_blocks_custom_css":"","_kad_blocks_head_custom_js":"","_kad_blocks_body_custom_js":"","_kad_blocks_footer_custom_js":""},"product_cat":[17,19],"product_tag":[],"class_list":{"0":"post-4033","1":"product","2":"type-product","3":"status-publish","4":"has-post-thumbnail","6":"product_cat-home-batteries","7":"product_cat-sets-with-inverters","9":"first","10":"instock","11":"taxable","12":"shipping-taxable","13":"purchasable","14":"product-type-simple"},"taxonomy_info":{"product_cat":[{"value":17,"label":"Home batteries"},{"value":19,"label":"Sets with inverters"}]},"featured_image_src_large":["https:\/\/ownpowr.com\/wp-content\/uploads\/2023\/10\/blauhoff-maxus.png",300,300,false],"author_info":[],"comment_info":"","_links":{"self":[{"href":"https:\/\/ownpowr.com\/hu\/wp-json\/wp\/v2\/product\/4033","targetHints":{"allow":["GET"]}}],"collection":[{"href":"https:\/\/ownpowr.com\/hu\/wp-json\/wp\/v2\/product"}],"about":[{"href":"https:\/\/ownpowr.com\/hu\/wp-json\/wp\/v2\/types\/product"}],"wp:featuredmedia":[{"embeddable":true,"href":"https:\/\/ownpowr.com\/hu\/wp-json\/wp\/v2\/media\/4028"}],"wp:attachment":[{"href":"https:\/\/ownpowr.com\/hu\/wp-json\/wp\/v2\/media?parent=4033"}],"wp:term":[{"taxonomy":"product_cat","embeddable":true,"href":"https:\/\/ownpowr.com\/hu\/wp-json\/wp\/v2\/product_cat?post=4033"},{"taxonomy":"product_tag","embeddable":true,"href":"https:\/\/ownpowr.com\/hu\/wp-json\/wp\/v2\/product_tag?post=4033"}],"curies":[{"name":"wp","href":"https:\/\/api.w.org\/{rel}","templated":true}]}}