{"id":405,"date":"2023-10-05T01:24:56","date_gmt":"2023-10-04T23:24:56","guid":{"rendered":"https:\/\/ownpowr.com\/product\/pytes-e-box-48100r\/"},"modified":"2024-10-16T15:58:23","modified_gmt":"2024-10-16T13:58:23","slug":"pytes-e-box-48100r","status":"publish","type":"product","link":"https:\/\/ownpowr.com\/hu\/product\/pytes-e-box-48100r\/","title":{"rendered":"PYTES E-BOX 48100R"},"content":{"rendered":"<p>Az Pytes otthoni akkumul\u00e1tor a napelemekkel egy\u00fctt az \u00faj gener\u00e1ci\u00f3s LFP l\u00edtium akkumul\u00e1tor az otthoni energiat\u00e1rol\u00e1shoz.<\/p>\n<p>Ez az otthoni akkumul\u00e1tor egy biztons\u00e1gos, j\u00f3l megtervezett \u00e9s nagy teljes\u00edtm\u00e9ny\u0171 szabv\u00e1nyos LFP akkumul\u00e1tor az \u00d6n otthon\u00e1ba vagy v\u00e1llalkoz\u00e1s\u00e1ba.<br \/>\nAz akkumul\u00e1tor kompakt \u00e9s modul\u00e1ris, \u00e9s alkalmas a napelemekhez, kompakt, k\u00f6nnyen telep\u00edthet\u0151, karbantart\u00e1smentes, \u00e9s p\u00e1rhuzamosan szerelve egy energiat\u00e1rol\u00f3 rendszer \u00e9p\u00edt\u0151elemek\u00e9nt haszn\u00e1lhat\u00f3. Sz\u00e9les k\u00f6rben haszn\u00e1lj\u00e1k a h\u00e1ztart\u00e1sokban energiat\u00e1rol\u00e1sra, vagy a<br \/>\nkis kereskedelmi \u00e9s ipari energiat\u00e1rol\u00f3 rendszerek, p\u00e9ld\u00e1ul t\u00e1vk\u00f6zl\u00e9si \u00e1llom\u00e1sok.<\/p>\n<p>A p\u00e1rhuzamosan szerelhet\u0151 maxim\u00e1lis \u00e9rt\u00e9kek 8 * 5.12kwh = 40.96 kwh, \u00e9s egy HUB hozz\u00e1ad\u00e1s\u00e1val 56 * 5.12 kwh = 280 KwH.<\/p>\n<p>A PYTES E-BOX 48100R otthoni akkumul\u00e1tor jellemz\u0151i:<\/p>\n<ol>\n<li><strong>Leny\u0171g\u00f6z\u0151 10 \u00e9v garancia:<\/strong> Erre az otthoni akkumul\u00e1torra hossz\u00fa t\u00e1von is sz\u00e1m\u00edthat, mivel 10 \u00e9v garanci\u00e1t biztos\u00edtunk r\u00e1.<\/li>\n<li><strong>Intelligens energiagazd\u00e1lkod\u00e1s:<\/strong> A PYTES E-BOX 48100R lehet\u0151v\u00e9 teszi az energiasz\u00fcks\u00e9gletek teljes \u00f6nmenedzsel\u00e9s\u00e9t. Hat\u00e9konyan t\u00e1rolja a napelemek \u00e1ltal termelt t\u00f6bbletenergi\u00e1t a folyamat szoros m\u00e9r\u00e9s\u00e9vel, nyomon k\u00f6vet\u00e9s\u00e9vel \u00e9s ir\u00e1ny\u00edt\u00e1s\u00e1val. A rendszer \u00e9lettartam\u00e1t optimaliz\u00e1l\u00f3 intelligens algoritmusoknak k\u00f6sz\u00f6nhet\u0151en az energia azonnal rendelkez\u00e9sre \u00e1ll, amikor a legnagyobb sz\u00fcks\u00e9ge van r\u00e1.<\/li>\n<li><strong>Tartal\u00e9k- \u00e9s v\u00e9szhelyzeti \u00e1ramell\u00e1t\u00e1s:<\/strong> Nyugodt lehet abban a tudatban, hogy ez az otthoni akkumul\u00e1tor megb\u00edzhat\u00f3 tartal\u00e9k- \u00e9s v\u00e9szhelyzeti \u00e1ramell\u00e1t\u00e1st biztos\u00edt, ha a h\u00e1l\u00f3zat meghib\u00e1sodik, vagy t\u00f6bb mint 6000 cikluson megy kereszt\u00fcl, biztos\u00edtva ezzel a hossz\u00fa \u00e9lettartamot \u00e9s a biztons\u00e1got.<\/li>\n<li><strong>Sz\u00e9les k\u00f6r\u0171 kompatibilit\u00e1s:<\/strong> A PYTES E-BOX 48100R otthoni akkumul\u00e1tort a sz\u00e9les k\u00f6r\u0171 kompatibilit\u00e1s szem el\u0151tt tart\u00e1s\u00e1val tervezt\u00e9k, \u00edgy z\u00f6kken\u0151mentesen illeszkedik a k\u00fcl\u00f6nb\u00f6z\u0151 be\u00e1ll\u00edt\u00e1sokhoz.<\/li>\n<li><strong>Energiasz\u00e1mla-megtakar\u00edt\u00e1s:<\/strong> A cs\u00facsid\u0151n k\u00edv\u00fcl az otthoni akkumul\u00e1tor egy inverter seg\u00edts\u00e9g\u00e9vel intelligensen t\u00f6lt\u0151dik, \u00e9s cs\u00facsid\u0151ben kis\u00fcl. Ez a strat\u00e9gia id\u0151vel az energiasz\u00e1mla jelent\u0151s cs\u00f6kken\u00e9s\u00e9hez vezet.<\/li>\n<\/ol>\n<p>M\u0171szaki specifik\u00e1ci\u00f3k:<\/p>\n<ul>\n<li><strong>Modell:<\/strong> 48100R<\/li>\n<li><strong>Akkumul\u00e1tor k\u00e9mia:<\/strong> L\u00edtium vas-foszf\u00e1t (LFP)<\/li>\n<li><strong>N\u00e9vleges fesz\u00fclts\u00e9g:<\/strong> 51.2V<\/li>\n<li><strong>Fesz\u00fclts\u00e9gtartom\u00e1ny:<\/strong> 47.5V-57.6V<\/li>\n<li><strong>N\u00e9vleges kapacit\u00e1s:<\/strong> 100Ah<\/li>\n<li><strong>N\u00e9vleges energia:<\/strong> 5.12kWh<\/li>\n<li><strong>Egys\u00e9g m\u00e9retei:<\/strong> L440mm x B620mm x H117mm (2,6U)<\/li>\n<li><strong>Egys\u00e9gs\u00faly:<\/strong> 51kg<\/li>\n<li><strong>Standard t\u00f6lt\u00e9si \u00e1ram:<\/strong> 50A<\/li>\n<li><strong>Maxim\u00e1lis t\u00f6lt\u00e9si \u00e1ram:<\/strong> 50A<\/li>\n<li><strong>Szabv\u00e1nyos kis\u00fcl\u00e9si \u00e1ram:<\/strong> 50A<\/li>\n<li><strong>Maxim\u00e1lis kis\u00fcl\u00e9si sebess\u00e9g:<\/strong> 50A<\/li>\n<li><strong>Hat\u00e9konys\u00e1g oda-vissza:<\/strong> \u226595%<\/li>\n<li><strong>Kommunik\u00e1ci\u00f3s protokollok:<\/strong> RS232, RS485, CAN<\/li>\n<li><strong>Ciklus \u00e9lettartam:<\/strong> \u22656000 ciklus<\/li>\n<li><strong>Napt\u00e1ri \u00e9let:<\/strong> \u226510 \u00e9v<\/li>\n<li><strong>\u00dczemi h\u0151m\u00e9rs\u00e9klet:<\/strong> -10\u00b0C \u00e9s 50\u00b0C k\u00f6z\u00f6tt<\/li>\n<li><strong>Csatlakoz\u00e1si st\u00edlus:<\/strong> P\u00e1rhuzamos<\/li>\n<li><strong>T\u00e1rol\u00e1si h\u0151m\u00e9rs\u00e9klet:<\/strong> 1 h\u00f3napon bel\u00fcl: 1-3 h\u00f3napon bel\u00fcl: -20\u00b0C-55\u00b0C, 1-3 h\u00f3nap: -20\u00b0C-55\u00b0C: 35\u00b0C-ig, 3-12 h\u00f3napig: 20\u00b0C \u00e9s 25\u00b0C k\u00f6z\u00f6tt<\/li>\n<li><strong>Vez\u00e9rl\u0151pult:<\/strong> Az egyszer\u0171 telep\u00edt\u00e9si lehet\u0151s\u00e9gek k\u00f6z\u00e9 tartozik az egyedi falra szerel\u00e9s a mell\u00e9kelt konzolok seg\u00edts\u00e9g\u00e9vel, vagy a st\u00edlusos p\u00e1ros\u00edt\u00e1s az eleg\u00e1ns homebox-szal.<\/li>\n<\/ul>","protected":false},"excerpt":{"rendered":"<p>Az Pytes otthoni akkumul\u00e1tor a napelemekkel egy\u00fctt az \u00faj gener\u00e1ci\u00f3s LFP l\u00edtium akkumul\u00e1tor az otthoni energiat\u00e1rol\u00e1shoz. Ez az otthoni akkumul\u00e1tor egy biztons\u00e1gos, j\u00f3l megtervezett \u00e9s nagy teljes\u00edtm\u00e9ny\u0171 szabv\u00e1nyos [...]<\/p>","protected":false},"featured_media":406,"template":"","meta":{"_seopress_robots_primary_cat":"none","_seopress_titles_title":"The Pytes Home Battery: A Safe, Powerful LFP Lithium Battery for Solar Panels","_seopress_titles_desc":"Experience complete energy self-management with this compact, easy-to-install home battery. Store excess energy, reduce bills, and enjoy a 10-year warranty!","_seopress_robots_index":"","_kad_blocks_custom_css":"","_kad_blocks_head_custom_js":"","_kad_blocks_body_custom_js":"","_kad_blocks_footer_custom_js":""},"product_cat":[17],"product_tag":[],"class_list":{"0":"post-405","1":"product","2":"type-product","3":"status-publish","4":"has-post-thumbnail","6":"product_cat-home-batteries","8":"first","9":"instock","10":"sale","11":"taxable","12":"shipping-taxable","13":"purchasable","14":"product-type-simple"},"taxonomy_info":{"product_cat":[{"value":17,"label":"Home batteries"}]},"featured_image_src_large":["https:\/\/ownpowr.com\/wp-content\/uploads\/2022\/11\/48100R\u8be6\u60c5-920x640_08-420x420-1.jpeg",420,420,false],"author_info":[],"comment_info":"","_links":{"self":[{"href":"https:\/\/ownpowr.com\/hu\/wp-json\/wp\/v2\/product\/405","targetHints":{"allow":["GET"]}}],"collection":[{"href":"https:\/\/ownpowr.com\/hu\/wp-json\/wp\/v2\/product"}],"about":[{"href":"https:\/\/ownpowr.com\/hu\/wp-json\/wp\/v2\/types\/product"}],"wp:featuredmedia":[{"embeddable":true,"href":"https:\/\/ownpowr.com\/hu\/wp-json\/wp\/v2\/media\/406"}],"wp:attachment":[{"href":"https:\/\/ownpowr.com\/hu\/wp-json\/wp\/v2\/media?parent=405"}],"wp:term":[{"taxonomy":"product_cat","embeddable":true,"href":"https:\/\/ownpowr.com\/hu\/wp-json\/wp\/v2\/product_cat?post=405"},{"taxonomy":"product_tag","embeddable":true,"href":"https:\/\/ownpowr.com\/hu\/wp-json\/wp\/v2\/product_tag?post=405"}],"curies":[{"name":"wp","href":"https:\/\/api.w.org\/{rel}","templated":true}]}}