{"id":4066,"date":"2023-10-27T15:05:46","date_gmt":"2023-10-27T13:05:46","guid":{"rendered":"https:\/\/ownpowr.com\/?post_type=product&#038;p=4066"},"modified":"2025-02-27T12:52:29","modified_gmt":"2025-02-27T10:52:29","slug":"deye-micro-inverter-sun600","status":"publish","type":"product","link":"https:\/\/ownpowr.com\/hu\/product\/deye-micro-inverter-sun600-csak-dobozonkent-4-db\/","title":{"rendered":"Deye mikro-inverter-SUN600"},"content":{"rendered":"<div class=\"left column\">\n<h1>DEYE SUN600\/800\/1000G3-US-220\/EU-230 |600-1000W| Egyf\u00e1zis\u00fa | 2 MPPT | Mikro-inverter | Gyors le\u00e1ll\u00edt\u00e1s | Gyors kikapcsol\u00e1s<\/h1>\n<p>Magasabb hozam \/ Biztons\u00e1gos \/ intelligens \/ felhaszn\u00e1l\u00f3bar\u00e1t<\/p>\n<div class=\"text\">\n<p>A SUN 600\/800\/1000G3 egy \u00faj gener\u00e1ci\u00f3s, h\u00e1l\u00f3zatra k\u00f6t\u00f6tt mikroinverter, amely intelligens h\u00e1l\u00f3zati \u00e9s fel\u00fcgyeleti rendszerrel rendelkezik a maxim\u00e1lis hat\u00e9konys\u00e1g biztos\u00edt\u00e1sa \u00e9rdek\u00e9ben. A SUN 600\/800\/1000G3 optimaliz\u00e1lva van a mai nagy teljes\u00edtm\u00e9ny\u0171 PV-modulok hat\u00e9kony befogad\u00e1s\u00e1ra, ak\u00e1r 500 W-os kimeneti teljes\u00edtm\u00e9nnyel \u00e9s kett\u0151s MPPT-vel. Emellett t\u00e1mogatja a gyors le\u00e1ll\u00edt\u00e1si alkalmaz\u00e1st, biztos\u00edtva a beruh\u00e1z\u00e1s biztons\u00e1g\u00e1t.<\/p>\n<\/div>\n<\/div>\n<div class=\"prodet-2\">\n<div class=\"ui container\">\n<div class=\"box grid-box\">\n<div class=\"right column\">\n<h2 class=\"titleBig\">T\u00e1voli le\u00e1ll\u00edt\u00e1si funkci\u00f3<\/h2>\n<h4>Intelligens fel\u00fcgyeleti platform<\/h4>\n<p>Az intelligens fel\u00fcgyeleti platformnak k\u00f6sz\u00f6nhet\u0151en az Deye teljes sorozat\u00fa inverter term\u00e9kek t\u00e1mogatj\u00e1k a t\u00e1voli le\u00e1ll\u00edt\u00e1st, ha baleset t\u00f6rt\u00e9nik.A param\u00e9terek be\u00e1ll\u00edt\u00e1sa \u00e9s az FW friss\u00edt\u00e9se t\u00e1volr\u00f3l, ami megk\u00f6nny\u00edti a PV-er\u0151m\u0171 \u00fczemeltet\u00e9s\u00e9t \u00e9s karbantart\u00e1s\u00e1t.<\/p>\n<\/div>\n<\/div>\n<\/div>\n<\/div>\n<div class=\"prodet-3\">\n<div class=\"ui container\">\n<div class=\"box grid-box\">\n<div class=\"left column\">\n<div class=\"slick-list draggable\">\n<div class=\"slick-track\">\n<div class=\"slick-slide slick-cloned\" data-slick-index=\"-2\" aria-hidden=\"true\">\n<ul>\n<li>Modulszint\u0171 fel\u00fcgyelet, biztons\u00e1gosabb \u00e9s intelligensebb<\/li>\n<li>Max. DC bemeneti \u00e1ram 13A, 500W-os PV modulhoz igaz\u00edtva<\/li>\n<li>Gyors le\u00e1ll\u00edt\u00e1si funkci\u00f3<\/li>\n<li>IP67 v\u00e9delmi fokozat, 10 \u00e9v garancia<\/li>\n<li>PLC, Zigbee vagy WIFI kommunik\u00e1ci\u00f3<\/li>\n<li>2 MPP k\u00f6vet\u0151, modul szint\u0171 fel\u00fcgyelet<\/li>\n<\/ul>\n<\/div>\n<div class=\"slick-slide slick-cloned\" data-slick-index=\"-1\" aria-hidden=\"true\">\n<div id=\"av_articleherstbezeichnung\">\n<h1 class=\"av_fontnormal\">DEYE SUN600<\/h1>\n<\/div>\n<div id=\"av_articletext\" class=\"clearfix\"><span class=\"artbesch\">Kis inverter nagy teljes\u00edtm\u00e9ny\u0171<br \/>\nIntelligens mikro-inverter az otthoni h\u00e1l\u00f3zatba val\u00f3 bet\u00e1pl\u00e1l\u00e1shoz. Ez az inverter k\u00f6nnyen be\u00e1ll\u00edthat\u00f3 \u00e9s konfigur\u00e1lhat\u00f3. Szinte minden gy\u00e1rt\u00f3 napelempaneljei felszerelhet\u0151k. Ide\u00e1lis kis napelemes rendszerekhez, pl. erk\u00e9lyeken, kertes h\u00e1zakon, gar\u00e1zsokban vagy \u00e1rny\u00e9kos ter\u00fcleteken.<\/span><b>Sz\u00e1ll\u00edt\u00e1s jelenleg Betteri csatlakoz\u00f3 \u00e9s kupak n\u00e9lk\u00fcl! K\u00e9rj\u00fck, rendelje meg k\u00f6zvetlen\u00fcl<\/b><\/p>\n<ul type=\"disc\">\n<li>Interf\u00e9szek: WiFi<\/li>\n<li>kompakt kialak\u00edt\u00e1s<\/li>\n<li>K\u00fclt\u00e9ri felszerel\u00e9s, k\u00f6zvetlen\u00fcl a napelemmodulra<\/li>\n<li>H\u0171t\u00e9s konvekci\u00f3val<\/li>\n<li>Maxim\u00e1lis teljes\u00edtm\u00e9nypont k\u00f6vet\u00e9s (MPPT)<\/li>\n<li>gyors ind\u00edt\u00e1si funkci\u00f3 ak\u00e1r 12 m\u00e1sodpercig<\/li>\n<li>biztons\u00e1gos a gyors kikapcsol\u00e1si funkci\u00f3nak k\u00f6sz\u00f6nhet\u0151en<\/li>\n<li>F\u00f6ldz\u00e1rlat-ellen\u0151rz\u00e9s<\/li>\n<li>H\u00e1l\u00f3zati fel\u00fcgyelet<\/li>\n<li>marad\u00f3\u00e1ram-ellen\u0151rz\u00e9s<\/li>\n<li>V\u00e9delmi oszt\u00e1ly IP 67<\/li>\n<\/ul>\n<p>&nbsp;<\/p>\n<p><b>Intelligens fel\u00fcgyelet:<\/b><br \/>\nNyomon k\u00f6vetheti sikereit b\u00e1rmikor! A be\u00e9p\u00edtett WLAN-interf\u00e9sz lehet\u0151v\u00e9 teszi, hogy ezt az invertert integr\u00e1lja h\u00e1l\u00f3zat\u00e1ba.<br \/>\nA SOLARMAN alkalmaz\u00e1son kereszt\u00fcl t\u00f6rt\u00e9n\u0151 hozz\u00e1f\u00e9r\u00e9s okostelefonj\u00e1val vagy t\u00e1blag\u00e9p\u00e9vel lehets\u00e9ges. Ezenk\u00edv\u00fcl b\u00f6ng\u00e9sz\u0151alap\u00fa hozz\u00e1f\u00e9r\u00e9s is lehets\u00e9ges a v\u00e9gk\u00e9sz\u00fcl\u00e9k\u00e9vel.<\/p>\n<p><b>MPPT k\u00f6vet\u00e9s:<\/b><br \/>\nMaxim\u00e1lis hozam b\u00e1rmilyen id\u0151j\u00e1r\u00e1si k\u00f6r\u00fclm\u00e9nyek k\u00f6z\u00f6tt. Ak\u00e1r rossz id\u0151j\u00e1r\u00e1s, ak\u00e1r r\u00e9szlegesen \u00e1rny\u00e9kos, a modern technol\u00f3gia \u00e9s az inverter leg\u00fajabb string technol\u00f3gi\u00e1ja optim\u00e1lis hozamot biztos\u00edt.<\/p>\n<p><b>K\u00f6nnyen b\u0151v\u00edthet\u0151:<\/b><br \/>\nAz ezzel a mikroinverterrel ell\u00e1tott rendszer b\u00e1rmikor b\u0151v\u00edthet\u0151 tov\u00e1bbi mikroinverterekkel. A tov\u00e1bbi invertert egyszer\u0171en a Betteri csatlakoz\u00f3val kell a megl\u00e9v\u0151 mikroinverterhez csatlakoztatni.<\/p>\n<p><b>A VDE szerint tan\u00fas\u00edtva:<\/b><br \/>\nA mikroinverter a VDE-AR-N-4105:2018 szabv\u00e1ny szerint tan\u00fas\u00edtott, \u00e9s N\u00e9metorsz\u00e1gban is \u00fczemeltethet\u0151. NA v\u00e9delemmel rendelkezik, a h\u00e1l\u00f3zatr\u00f3l val\u00f3 lev\u00e1laszt\u00e1skor azonnal kikapcsol.<\/p>\n<p><b>WLAN:<\/b><br \/>\nA mikroinverterbe WLAN-modul van be\u00e9p\u00edtve. Ez azt jelenti, hogy a kapcsolat l\u00e9trehoz\u00e1s\u00e1hoz nincs sz\u00fcks\u00e9g tov\u00e1bbi hardverre. A SOLARMAN alkalmaz\u00e1ssal \u00e9l\u0151ben k\u00f6vetheti a hozamokat, \u00e9s grafikusan megjelen\u00edtheti \u00e9s elemezheti azokat. Az Deye inverter WLAN-jelszava \"12345678\", amelyet a Solarman alkalmaz\u00e1sba val\u00f3 integr\u00e1l\u00e1s sor\u00e1n egyszer kell megadni. Az energiam\u00e9r\u00e9shez nincs sz\u00fcks\u00e9g tov\u00e1bbi eszk\u00f6z\u00f6kre!<\/p>\n<p><b>Szerel\u00e9s:<\/b><br \/>\nAz inverter IP 67-es v\u00e9detts\u00e9ggel rendelkezik, rendk\u00edv\u00fcl strapab\u00edr\u00f3 \u00e9s tart\u00f3s. Az invertert egyszer\u0171en a szabadban kell felszerelni a napelemmodulj\u00e1val egy\u00fctt.<\/p>\n<p><b>AC csatlakoz\u00e1s:<\/b><br \/>\nA h\u00e1zi h\u00e1l\u00f3zathoz val\u00f3 csatlakoz\u00e1shoz a k\u00e9sz\u00fcl\u00e9k oldal\u00e1n egy Betteri dug\u00f3 tal\u00e1lhat\u00f3, amely szabadon \u00f6sszeszerelhet\u0151.<\/p>\n<p><b>DC bemenet - napelemes oldal:<\/b><br \/>\nBemeneti teljes\u00edtm\u00e9ny: 210 Watt - 400 Watt<br \/>\nMax. Bemeneti fesz\u00fclts\u00e9g: 60 V DC<br \/>\nMax. Bemeneti \u00e1ram: 16 A<br \/>\nMPP vez\u00e9rl\u00e9s: Igen<br \/>\nDC csatlakoz\u00e1sok: Igen<br \/>\nCsatlakoz\u00e1s: MC4<\/p>\n<p><b>AC kimenet - H\u00e1l\u00f3zati kimenet:<\/b><br \/>\nN\u00e9vleges teljes\u00edtm\u00e9ny: 600 watt (230 V\/50 Hz)<br \/>\nN\u00e9vleges kimeneti fesz\u00fclts\u00e9g: 230 V<br \/>\nKimeneti \u00e1ram: max. 2.9 A<br \/>\nCsatlakoz\u00e1s: Kapcsolat: Betteri<\/p>\n<p><b>Eszk\u00f6z:<\/b><br \/>\nM\u00e9retek (magass\u00e1g x sz\u00e9less\u00e9g x m\u00e9lys\u00e9g): 229 x 212 x 40 mm<br \/>\nS\u00faly: 3,5 kg<br \/>\n\u00c9jszakai fogyaszt\u00e1s: mW: &lt; 50 mW<\/p>\n<p><b>Sz\u00e1ll\u00edt\u00e1si terjedelem:<\/b><br \/>\n1x SUN600<br \/>\n1x WLAN antenna<br \/>\n1x k\u00e9zik\u00f6nyv (angol)<\/p>\n<p><b>Fontos:<\/b><br \/>\nA t\u00e1pvezet\u00e9kek\/h\u00e1zcsatlakoz\u00f3 vezet\u00e9kek konfigur\u00e1l\u00e1s\u00e1hoz, adapt\u00e1l\u00e1s\u00e1hoz javasoljuk, hogy mindig forduljon szakk\u00e9pzett szakemberhez. A reichelt elektronik GmbH &amp; Co. KG semmilyen felel\u0151ss\u00e9get nem v\u00e1llal. K\u00e9rj\u00fck, hogy v\u00e1s\u00e1rl\u00e1s \u00e9s csatlakoztat\u00e1s el\u0151tt t\u00e1j\u00e9koz\u00f3djon.<\/p>\n<div id=\"clipvideo\"><strong>Tov\u00e1bbi inform\u00e1ci\u00f3:<\/strong><\/div>\n<div><a href=\"https:\/\/storeyourownpower.com\/wp-content\/uploads\/2022\/12\/Datasheet-English-microinverter.pdf\" target=\"_blank\" rel=\"noopener\">Adatlap angol microinverter<\/a><\/div>\n<div><a href=\"https:\/\/storeyourownpower.com\/wp-content\/uploads\/2022\/12\/User-Manual-Deye-microinverter.pdf\" target=\"_blank\" rel=\"noopener\">Felhaszn\u00e1l\u00f3i k\u00e9zik\u00f6nyv Deye mikroinverter<\/a><\/div>\n<\/div>\n<\/div>\n<\/div>\n<\/div>\n<\/div>\n<\/div>\n<\/div>\n<\/div>","protected":false},"excerpt":{"rendered":"<p>DEYE SUN600\/800\/1000G3-US-220\/EU-230 |600-1000W| Egyf\u00e1zis\u00fa | 2 MPPT | Mikro-inverter | Gyors le\u00e1ll\u00edt\u00e1s Nagyobb hozam \/ Biztons\u00e1gos \/ intelligens \/ felhaszn\u00e1l\u00f3bar\u00e1t A SUN 600\/800\/1000G3 egy \u00faj gener\u00e1ci\u00f3s, h\u00e1l\u00f3zatra kapcsolt mikro-inverter, [...]<\/p>","protected":false},"featured_media":4069,"template":"","meta":{"_seopress_robots_primary_cat":"none","_seopress_titles_title":"DEYE SUN600\/800\/1000G3-US-220\/EU-230 |600-1000W| Single Phase | 2 MPPT | Micro-Inverter | Rapid Shutdown","_seopress_titles_desc":"Get the DEYE SUN600\/800\/1000G3 microinverter for maximum efficiency and safe solar energy production. Supports rapid shutdown and smart monitoring.","_seopress_robots_index":"","_kad_blocks_custom_css":"","_kad_blocks_head_custom_js":"","_kad_blocks_body_custom_js":"","_kad_blocks_footer_custom_js":""},"product_cat":[18],"product_tag":[],"class_list":{"0":"post-4066","1":"product","2":"type-product","3":"status-publish","4":"has-post-thumbnail","6":"product_cat-hybrid-inverters","8":"first","9":"instock","10":"sale","11":"taxable","12":"shipping-taxable","13":"purchasable","14":"product-type-simple"},"taxonomy_info":{"product_cat":[{"value":18,"label":"Hybrid inverters"}]},"featured_image_src_large":["https:\/\/ownpowr.com\/wp-content\/uploads\/2023\/10\/deye-microinveretr.webp",420,420,false],"author_info":[],"comment_info":"","_links":{"self":[{"href":"https:\/\/ownpowr.com\/hu\/wp-json\/wp\/v2\/product\/4066","targetHints":{"allow":["GET"]}}],"collection":[{"href":"https:\/\/ownpowr.com\/hu\/wp-json\/wp\/v2\/product"}],"about":[{"href":"https:\/\/ownpowr.com\/hu\/wp-json\/wp\/v2\/types\/product"}],"wp:featuredmedia":[{"embeddable":true,"href":"https:\/\/ownpowr.com\/hu\/wp-json\/wp\/v2\/media\/4069"}],"wp:attachment":[{"href":"https:\/\/ownpowr.com\/hu\/wp-json\/wp\/v2\/media?parent=4066"}],"wp:term":[{"taxonomy":"product_cat","embeddable":true,"href":"https:\/\/ownpowr.com\/hu\/wp-json\/wp\/v2\/product_cat?post=4066"},{"taxonomy":"product_tag","embeddable":true,"href":"https:\/\/ownpowr.com\/hu\/wp-json\/wp\/v2\/product_tag?post=4066"}],"curies":[{"name":"wp","href":"https:\/\/api.w.org\/{rel}","templated":true}]}}