{"id":418,"date":"2023-10-04T16:42:57","date_gmt":"2023-10-04T14:42:57","guid":{"rendered":"https:\/\/ownpowr.com\/product\/pylontech-force-h1-21-31\/"},"modified":"2025-06-03T11:10:17","modified_gmt":"2025-06-03T09:10:17","slug":"pylontech-force-h1-21-31","status":"publish","type":"product","link":"https:\/\/ownpowr.com\/hu\/product\/pylontech-force-h1-21-31\/","title":{"rendered":"Pylontech Force H1 21.31 V2"},"content":{"rendered":"<p>Bemutatjuk az Pylontech Force H1 21,31 kWh nagyfesz\u00fclts\u00e9g\u0171 akkumul\u00e1tor-modult:<\/p>\n<p><strong>Kulcsfontoss\u00e1g\u00fa jellemz\u0151k:<\/strong><\/p>\n<ul>\n<li><strong>Akkumul\u00e1tor-konfigur\u00e1ci\u00f3:<\/strong> 6 x Force H1 3,55 kWh modul + 1 x BMU Force H1 b\u00e1zis<\/li>\n<li><strong>Teljes felhaszn\u00e1lhat\u00f3 kapacit\u00e1s:<\/strong> 21,31 kWh<\/li>\n<li><strong>Vertik\u00e1lis ipari integr\u00e1ci\u00f3:<\/strong> T\u00f6bb mint 6000 ciklust biztos\u00edt a 90% t\u00f6lt\u00e9si m\u00e9lys\u00e9ggel (DoD), ami hossz\u00fa \u00e9lettartamot biztos\u00edt.<\/li>\n<li><strong>Modul\u00e1ris kialak\u00edt\u00e1s:<\/strong> Lehet\u0151v\u00e9 teszi a v\u00e9gfelhaszn\u00e1l\u00f3k sz\u00e1m\u00e1ra, hogy kiv\u00e1lassz\u00e1k a k\u00edv\u00e1nt kapacit\u00e1st, \u00edgy rugalmasan sk\u00e1l\u00e1zhat\u00f3.<\/li>\n<li><strong>Kompatibilit\u00e1s:<\/strong> Kompatibilis a legt\u00f6bb kaphat\u00f3 hibrid inverterrel, \u00edgy z\u00f6kken\u0151mentesen integr\u00e1lhat\u00f3 a megl\u00e9v\u0151 rendszerekbe.<\/li>\n<li><strong>R\u00f6vidz\u00e1ras telep\u00edt\u00e9s:<\/strong> Minimaliz\u00e1lja a telep\u00edt\u00e9si id\u0151t \u00e9s k\u00f6lts\u00e9geket, \u00e9sszer\u0171s\u00edtve a telep\u00edt\u00e9si folyamatot.<\/li>\n<li><strong>Sokoldal\u00fa kialak\u00edt\u00e1s:<\/strong> Belt\u00e9ri \u00e9s k\u00fclt\u00e9ri telep\u00edt\u00e9sre egyar\u00e1nt alkalmas, rugalmas elhelyez\u00e9st biztos\u00edt.<\/li>\n<\/ul>\n<p><strong>Term\u00e9k le\u00edr\u00e1sa: A term\u00e9k le\u00edr\u00e1sa: A term\u00e9k le\u00edr\u00e1sa: A term\u00e9k le\u00edr\u00e1sa: A term\u00e9k le\u00edr\u00e1sa:<\/strong><\/p>\n<p>Az Pylontech Force H1 a leg\u00fajabb nagy energiat\u00e1rol\u00f3 rendszer (HESS) akkumul\u00e1tormodul, amelyet a v\u00e9gfelhaszn\u00e1l\u00f3k v\u00e1ltoz\u00f3 ig\u00e9nyeinek kiel\u00e9g\u00edt\u00e9s\u00e9re terveztek. Sz\u00e1mos olyan kulcsfontoss\u00e1g\u00fa tulajdons\u00e1ggal rendelkezik, amelyek megk\u00fcl\u00f6nb\u00f6ztetik a t\u00f6bbit\u0151l:<\/p>\n<ul>\n<li><strong>Hossz\u00fa \u00e9lettartam:<\/strong> A \"hossz\u00fa \u00e9lettartam\" jelleg biztos\u00edtja a rendszer tart\u00f3ss\u00e1g\u00e1t, \u00edgy megb\u00edzhat\u00f3 v\u00e1laszt\u00e1s a hossz\u00fa t\u00e1v\u00fa energiat\u00e1rol\u00e1si ig\u00e9nyek kiel\u00e9g\u00edt\u00e9s\u00e9re.<\/li>\n<li><strong>Nagy energia- \u00e9s teljes\u00edtm\u00e9nys\u0171r\u0171s\u00e9g:<\/strong> A Force H1 az ipar\u00e1g legnagyobb energia- \u00e9s teljes\u00edtm\u00e9nys\u0171r\u0171s\u00e9g\u00e9vel b\u00fcszk\u00e9lkedhet, maximaliz\u00e1lva az energiat\u00e1rol\u00e1si kapacit\u00e1st kompakt kialak\u00edt\u00e1sban.<\/li>\n<li><strong>K\u00f6nny\u0171 telep\u00edt\u00e9s:<\/strong> A rendszert \u00fagy tervezt\u00e9k, hogy k\u00f6nnyen telep\u00edthet\u0151 \u00e9s b\u0151v\u00edthet\u0151 legyen, ami leegyszer\u0171s\u00edti a v\u00e9gfelhaszn\u00e1l\u00f3k sz\u00e1m\u00e1ra a be\u00e1ll\u00edt\u00e1si folyamatot.<\/li>\n<li><strong>Sk\u00e1l\u00e1zhat\u00f3s\u00e1g:<\/strong> A felhaszn\u00e1l\u00f3k ak\u00e1r 2 Force H1 akkumul\u00e1tor-modullal is kezdhetnek, \u00e9s k\u00e9s\u0151bb tov\u00e1bbi modulokkal b\u0151v\u00edthetik, \u00edgy a v\u00e1ltoz\u00f3 energiaig\u00e9nyeknek megfelel\u0151en sk\u00e1l\u00e1zhat\u00f3v\u00e1 v\u00e1lnak.<\/li>\n<li><strong>Gy\u00e1rt\u00f3i garancia:<\/strong> A term\u00e9kre 10 \u00e9v gy\u00e1rt\u00f3i garancia vonatkozik, amely biztos\u00edtja a nyugalmat \u00e9s a term\u00e9k megb\u00edzhat\u00f3s\u00e1g\u00e1t. A garancia aktiv\u00e1l\u00e1s\u00e1hoz regisztr\u00e1ci\u00f3 sz\u00fcks\u00e9ges, a r\u00e9szletek a gy\u00e1rt\u00f3 weboldal\u00e1n tal\u00e1lhat\u00f3k.<\/li>\n<\/ul>\n<p>Az Pylontech Force H1 ide\u00e1lis v\u00e1laszt\u00e1s a lakoss\u00e1gi \u00e9s kereskedelmi energiat\u00e1rol\u00e1si megold\u00e1sokhoz. Sokoldal\u00fa kialak\u00edt\u00e1sa, nagy teljes\u00edtm\u00e9nye \u00e9s sk\u00e1l\u00e1zhat\u00f3s\u00e1ga r\u00e9v\u00e9n \u00e9rt\u00e9kes kieg\u00e9sz\u00edt\u0151je b\u00e1rmely energiagazd\u00e1lkod\u00e1si rendszernek. Ak\u00e1r a tartal\u00e9k energiaell\u00e1t\u00e1sr\u00f3l van sz\u00f3 kies\u00e9sek idej\u00e9n, ak\u00e1r az energiafogyaszt\u00e1s optimaliz\u00e1l\u00e1s\u00e1r\u00f3l, a Force H1 megb\u00edzhat\u00f3 \u00e9s hat\u00e9kony energiat\u00e1rol\u00e1si megold\u00e1st ny\u00fajt.<\/p>\n<p><a href=\"https:\/\/storeyourownpower.com\/wp-content\/uploads\/2022\/10\/Datasheet-English-2.pdf\" target=\"_blank\" rel=\"noopener\">Adatlap angol<\/a><br \/>\n<a href=\"https:\/\/storeyourownpower.com\/wp-content\/uploads\/2022\/10\/Compatibility-list-English.pdf\" target=\"_blank\" rel=\"noopener\">Kompatibilit\u00e1si lista angol<\/a><br \/>\n<a href=\"https:\/\/storeyourownpower.com\/wp-content\/uploads\/2022\/10\/Operation-manual-English.pdf\" target=\"_blank\" rel=\"noopener\">Haszn\u00e1lati \u00fatmutat\u00f3 angol<\/a><br \/>\n<a href=\"https:\/\/storeyourownpower.com\/wp-content\/uploads\/2022\/10\/Consumer-Warranty.pdf\" target=\"_blank\" rel=\"noopener\">Fogyaszt\u00f3i garancia<\/a><\/p>","protected":false},"excerpt":{"rendered":"<p>Bemutatjuk az Pylontech Force H1 21,31 kWh nagyfesz\u00fclts\u00e9g\u0171 akkumul\u00e1tor-modult: F\u0151bb jellemz\u0151k: Akkumul\u00e1tor-konfigur\u00e1ci\u00f3: Force H1 3,55 kWh + 1 x BMU Force H1 Base \u00d6sszesen [...]<\/p>","protected":false},"featured_media":419,"template":"","meta":{"_seopress_robots_primary_cat":"none","_seopress_titles_title":"Pylontech Force H1 21.31kWh Battery Module - High Voltage","_seopress_titles_desc":"The latest HESS battery system with long life, highest energy density, easy installation, and compatibility with most hybrid inverters.","_seopress_robots_index":"","_kad_blocks_custom_css":"","_kad_blocks_head_custom_js":"","_kad_blocks_body_custom_js":"","_kad_blocks_footer_custom_js":""},"product_cat":[17],"product_tag":[],"class_list":{"0":"post-418","1":"product","2":"type-product","3":"status-publish","4":"has-post-thumbnail","6":"product_cat-home-batteries","8":"first","9":"instock","10":"sale","11":"taxable","12":"shipping-taxable","13":"purchasable","14":"product-type-simple"},"taxonomy_info":{"product_cat":[{"value":17,"label":"Home batteries"}]},"featured_image_src_large":["https:\/\/ownpowr.com\/wp-content\/uploads\/2022\/11\/Pylontech-Force-H1-10501-img-1.jpg",553,371,false],"author_info":[],"comment_info":"","_links":{"self":[{"href":"https:\/\/ownpowr.com\/hu\/wp-json\/wp\/v2\/product\/418","targetHints":{"allow":["GET"]}}],"collection":[{"href":"https:\/\/ownpowr.com\/hu\/wp-json\/wp\/v2\/product"}],"about":[{"href":"https:\/\/ownpowr.com\/hu\/wp-json\/wp\/v2\/types\/product"}],"wp:featuredmedia":[{"embeddable":true,"href":"https:\/\/ownpowr.com\/hu\/wp-json\/wp\/v2\/media\/419"}],"wp:attachment":[{"href":"https:\/\/ownpowr.com\/hu\/wp-json\/wp\/v2\/media?parent=418"}],"wp:term":[{"taxonomy":"product_cat","embeddable":true,"href":"https:\/\/ownpowr.com\/hu\/wp-json\/wp\/v2\/product_cat?post=418"},{"taxonomy":"product_tag","embeddable":true,"href":"https:\/\/ownpowr.com\/hu\/wp-json\/wp\/v2\/product_tag?post=418"}],"curies":[{"name":"wp","href":"https:\/\/api.w.org\/{rel}","templated":true}]}}