{"id":429,"date":"2023-10-04T16:42:58","date_gmt":"2023-10-04T14:42:58","guid":{"rendered":"https:\/\/ownpowr.com\/product\/pylontech-force-h1-3-55kwh-battery\/"},"modified":"2025-03-27T12:51:37","modified_gmt":"2025-03-27T10:51:37","slug":"pylontech-force-h1-3-55kwh-battery","status":"publish","type":"product","link":"https:\/\/ownpowr.com\/hu\/product\/pylontech-force-h1-3-55kwh-akkumulator\/","title":{"rendered":"Pylontech force H1 3,55 kWh akkumul\u00e1tor V2"},"content":{"rendered":"<h3>Pylontech Force H1 3.55kWh akkumul\u00e1tor modul - nagyfesz\u00fclts\u00e9g\u0171<\/h3>\n<p>A Force H1 az Pylontech \u00e1ltal sz\u00e1ll\u00edtott leg\u00fajabb HESS akkumul\u00e1tor-rendszer. A \"hossz\u00fa \u00e9lettartam\u00fa\" jelleg, az ipar\u00e1g legnagyobb energia- \u00e9s teljes\u00edtm\u00e9nys\u0171r\u0171s\u00e9ge, a divatos diz\u00e1jn, a k\u00f6nny\u0171 telep\u00edt\u00e9s \u00e9s b\u0151v\u00edt\u00e9s mind a v\u00e9gfelhaszn\u00e1l\u00f3k val\u00f3s ig\u00e9nyeit \u00e9s az Pylontech leger\u0151sebb m\u0171szaki k\u00e9pess\u00e9geit t\u00fckr\u00f6zik.<\/p>\n<p>Pylontech Force H1 3,55 kWh akkumul\u00e1tor modul 1 Force H1 stack \u00f6ssze\u00e1ll\u00edt\u00e1s\u00e1hoz 2-7 Force H1 akkumul\u00e1tor modulb\u00f3l sorozatban, 7,1-24,86 kWh hasznos kapacit\u00e1s el\u00e9r\u00e9se \u00e9rdek\u00e9ben. A Force H1 modulok k\u00e9s\u0151bbi hozz\u00e1ad\u00e1s\u00e1val n\u00f6velhet\u0151.<\/p>\n<p>\u2714 A vertik\u00e1lis ipari integr\u00e1ci\u00f3 t\u00f6bb mint 6000 ciklust biztos\u00edt a 90% DoD-vel<\/p>\n<p>\u2714 A modul\u00e1ris kialak\u00edt\u00e1s lehet\u0151v\u00e9 teszi a v\u00e9gfelhaszn\u00e1l\u00f3k sz\u00e1m\u00e1ra a kapacit\u00e1s kiv\u00e1laszt\u00e1s\u00e1t<\/p>\n<p>\u2714 Kompatibilis a legt\u00f6bb el\u00e9rhet\u0151 hibrid inverterrel<\/p>\n<p>\u2714 A gyorscsatlakoz\u00e1s minimaliz\u00e1lja a telep\u00edt\u00e9si id\u0151t \u00e9s k\u00f6lts\u00e9geket<\/p>\n<p>\u2714 Sz\u00e9p kialak\u00edt\u00e1s - belt\u00e9ri \u00e9s k\u00fclt\u00e9ri telep\u00edt\u00e9sre egyar\u00e1nt alkalmas<\/p>\n<p>*10 \u00e9v gy\u00e1rt\u00f3i garancia a sikeres regisztr\u00e1ci\u00f3 ut\u00e1n a k\u00f6vetkez\u0151 c\u00edmen <a href=\"http:\/\/en.pylontech.com.cn\/service\/support\">http:\/\/en.pylontech.com.cn\/service\/support<\/a> \u00e9s a term\u00e9khez kapcsol\u00f3d\u00f3 \"Korl\u00e1tozott j\u00f3t\u00e1ll\u00e1s\" dokumentumban meghat\u00e1rozott felt\u00e9telek szerint.<\/p>\n<p><a href=\"https:\/\/storeyourownpower.com\/wp-content\/uploads\/2022\/10\/Datasheet-English-2.pdf\" target=\"_blank\" rel=\"noopener\">Adatlap angol<\/a><br \/>\n<a href=\"https:\/\/storeyourownpower.com\/wp-content\/uploads\/2022\/10\/Compatibility-list-English.pdf\" target=\"_blank\" rel=\"noopener\">Kompatibilit\u00e1si lista angol<\/a><br \/>\n<a href=\"https:\/\/storeyourownpower.com\/wp-content\/uploads\/2022\/10\/Operation-manual-English.pdf\" target=\"_blank\" rel=\"noopener\">Haszn\u00e1lati \u00fatmutat\u00f3 angol<\/a><br \/>\n<a href=\"https:\/\/storeyourownpower.com\/wp-content\/uploads\/2022\/10\/Consumer-Warranty.pdf\" target=\"_blank\" rel=\"noopener\">Fogyaszt\u00f3i garancia<\/a><\/p>","protected":false},"excerpt":{"rendered":"<p>Pylontech Force H1 3,55 kWh akkumul\u00e1tor modul - nagyfesz\u00fclts\u00e9g Az Force H1 az Pylontech \u00e1ltal sz\u00e1ll\u00edtott leg\u00fajabb HESS akkumul\u00e1tor rendszer. A \"hossz\u00fa \u00e9lettartam\" jelleg, a legmagasabb energia \u00e9s teljes\u00edtm\u00e9ny [...]<\/p>","protected":false},"featured_media":430,"template":"","meta":{"_seopress_robots_primary_cat":"none","_seopress_titles_title":"Pylontech Force H1 3.55kWh Battery Module - High Voltage","_seopress_titles_desc":"The latest HESS battery system with industry-leading features. Easily expandable, high energy density, and compatible with most hybrid inverters. 10-year warranty.","_seopress_robots_index":"","_kad_blocks_custom_css":"","_kad_blocks_head_custom_js":"","_kad_blocks_body_custom_js":"","_kad_blocks_footer_custom_js":""},"product_cat":[17],"product_tag":[],"class_list":{"0":"post-429","1":"product","2":"type-product","3":"status-publish","4":"has-post-thumbnail","6":"product_cat-home-batteries","8":"first","9":"instock","10":"sale","11":"taxable","12":"shipping-taxable","13":"purchasable","14":"product-type-simple"},"taxonomy_info":{"product_cat":[{"value":17,"label":"Home batteries"}]},"featured_image_src_large":["https:\/\/ownpowr.com\/wp-content\/uploads\/2022\/11\/Pylontech-Force-H1-3.55kWh-Battery-Module-10484-img.png",553,347,false],"author_info":[],"comment_info":"","_links":{"self":[{"href":"https:\/\/ownpowr.com\/hu\/wp-json\/wp\/v2\/product\/429","targetHints":{"allow":["GET"]}}],"collection":[{"href":"https:\/\/ownpowr.com\/hu\/wp-json\/wp\/v2\/product"}],"about":[{"href":"https:\/\/ownpowr.com\/hu\/wp-json\/wp\/v2\/types\/product"}],"wp:featuredmedia":[{"embeddable":true,"href":"https:\/\/ownpowr.com\/hu\/wp-json\/wp\/v2\/media\/430"}],"wp:attachment":[{"href":"https:\/\/ownpowr.com\/hu\/wp-json\/wp\/v2\/media?parent=429"}],"wp:term":[{"taxonomy":"product_cat","embeddable":true,"href":"https:\/\/ownpowr.com\/hu\/wp-json\/wp\/v2\/product_cat?post=429"},{"taxonomy":"product_tag","embeddable":true,"href":"https:\/\/ownpowr.com\/hu\/wp-json\/wp\/v2\/product_tag?post=429"}],"curies":[{"name":"wp","href":"https:\/\/api.w.org\/{rel}","templated":true}]}}