{"id":431,"date":"2022-11-11T10:28:23","date_gmt":"2022-11-11T08:28:23","guid":{"rendered":"https:\/\/ownpowr.com\/product\/solax-t-bat-h-5-8-master-pack-v2\/"},"modified":"2025-09-02T09:26:49","modified_gmt":"2025-09-02T07:26:49","slug":"solax-t-bat-h-5-8-master-pack-v2","status":"publish","type":"product","link":"https:\/\/ownpowr.com\/hu\/product\/solax-t-bat-h-5-8-master-pack-v2\/","title":{"rendered":"SolaX Power T-Bat H 5.8 Master Pack V2 5,8 kWh"},"content":{"rendered":"<div>Solax T-BAT H 5.8 master pack V2<\/div>\n<div><\/div>\n<div class=\"product--description\">VIGY\u00c1ZAT:<br \/>\nVesz\u00e9lyes anyag az UN 3480 szerint \/ 9. sz\u00e1ll\u00edt\u00e1si vesz\u00e9lyess\u00e9gi oszt\u00e1ly \/ II. csomagol\u00e1si csoportA SolaX T-BAT H 5.8 akkumul\u00e1tor csatlakoztat\u00e1sakor vegye figyelembe az inverter fesz\u00fclts\u00e9gtartom\u00e1ny\u00e1t.<br \/>\nEz\u00e9rt az X-1 hibrid eszk\u00f6z\u00f6kh\u00f6z legal\u00e1bb 1 f\u0151akkumul\u00e1tor \u00e9s legfeljebb 2 mell\u00e9kakkumul\u00e1tor csatlakoztat\u00e1sa sz\u00fcks\u00e9ges.<br \/>\nAz X-3 hibrid k\u00e9sz\u00fcl\u00e9kekhez legal\u00e1bb 1 f\u0151akkumul\u00e1tornak \u00e9s legal\u00e1bb 1 mell\u00e9kakkumul\u00e1tornak kell csatlakoztatva lennie. Legfeljebb 3 mell\u00e9kakkumul\u00e1tor csatlakoztathat\u00f3.**A V1T-BAT H 5.8 nem kompatibilis a V2 T-BAT H 5.8-zal**.<\/div>\n<div class=\"is--b2b-ajax-panel b2b--ajax-panel b2b--ajax-panel-orderlist\" data-id=\"order-list-remote-box\" data-plugins=\"b2bOrderList\" data-url=\"https:\/\/shop.krannich-solar.com\/de-en\/b2borderlistremote\/remoteList\/referenceNumber\/0152118\/b2b_quantity\/1\/type\/detail\">\n<div class=\"b2b--alert-container\"><\/div>\n<div>\n<form action=\"https:\/\/shop.krannich-solar.com\/de-en\/b2borderlistremote\/processAddProductsToOrderList\" method=\"post\" data-trp-original-action=\"https:\/\/shop.krannich-solar.com\/de-en\/b2borderlistremote\/processAddProductsToOrderList\">\n<div class=\"block-group group--actions\">\n<div class=\"select-field\">\n<p>N\u00e9vleges kapacit\u00e1s (kWh): 5.8<br \/>\nFelhaszn\u00e1lhat\u00f3 kapacit\u00e1s (kWh): 5.1<br \/>\nStandard teljes\u00edtm\u00e9ny (kW): 2,8<\/p>\n<p>Max. Teljes\u00edtm\u00e9ny (kW): 4.0<\/p>\n<p>N\u00e9vleges fesz\u00fclts\u00e9g (V): 115.2<br \/>\nMax. T\u00f6lt\u00e9si \u00e1ram (A): 35<br \/>\nMax. Kis\u00fct\u00e9si \u00e1ram (A): 35<\/p>\n<p><a href=\"https:\/\/storeyourownpower.com\/wp-content\/uploads\/2022\/10\/Datasheet-English-1.pdf\" target=\"_blank\" rel=\"noopener\">Adatlap angol<\/a><br \/>\n<a href=\"https:\/\/storeyourownpower.com\/wp-content\/uploads\/2022\/10\/Datasheet-German.pdf\" target=\"_blank\" rel=\"noopener\">Adatlap n\u00e9met<\/a><br \/>\n<a href=\"https:\/\/storeyourownpower.com\/wp-content\/uploads\/2022\/10\/Mounting-instructions-English-1.pdf\" target=\"_blank\" rel=\"noopener\">\u00d6sszeszerel\u00e9si \u00fatmutat\u00f3 angol<\/a><br \/>\n<a href=\"https:\/\/storeyourownpower.com\/wp-content\/uploads\/2022\/10\/Operations-manual-German.pdf\" target=\"_blank\" rel=\"noopener\">Haszn\u00e1lati \u00fatmutat\u00f3 n\u00e9met\u00fcl<\/a><br \/>\n<a href=\"https:\/\/storeyourownpower.com\/wp-content\/uploads\/2022\/10\/Warranty-terms-English.pdf\" target=\"_blank\" rel=\"noopener\">J\u00f3t\u00e1ll\u00e1si felt\u00e9telek angol<\/a><br \/>\n<a href=\"https:\/\/storeyourownpower.com\/wp-content\/uploads\/2022\/10\/Warranty-terms-Germany.pdf\" target=\"_blank\" rel=\"noopener\">J\u00f3t\u00e1ll\u00e1si felt\u00e9telek N\u00e9metorsz\u00e1g<\/a><\/p>\n<\/div>\n<\/div>\n<input type=\"hidden\" name=\"trp-form-language\" value=\"hu\"\/><\/form>\n<\/div>\n<\/div>","protected":false},"excerpt":{"rendered":"<p>Solax T-BAT H 5.8 master pack V2 VIGY\u00c1ZAT: Vesz\u00e9lyes anyag az UN 3480 szerint \/ 9. sz\u00e1ll\u00edt\u00e1si vesz\u00e9lyess\u00e9gi oszt\u00e1ly \/ II. csomagol\u00e1si csoportA SolaX T-BAT H 5.8 akkumul\u00e1tor csatlakoztat\u00e1sakor [...]<\/p>","protected":false},"featured_media":432,"template":"","meta":{"_seopress_robots_primary_cat":"none","_seopress_titles_title":"","_seopress_titles_desc":"","_seopress_robots_index":"","_kad_blocks_custom_css":"","_kad_blocks_head_custom_js":"","_kad_blocks_body_custom_js":"","_kad_blocks_footer_custom_js":""},"product_cat":[17],"product_tag":[],"class_list":{"0":"post-431","1":"product","2":"type-product","3":"status-publish","4":"has-post-thumbnail","6":"product_cat-home-batteries","8":"first","9":"instock","10":"sale","11":"taxable","12":"shipping-taxable","13":"purchasable","14":"product-type-simple"},"taxonomy_info":{"product_cat":[{"value":17,"label":"Home batteries"}]},"featured_image_src_large":["https:\/\/ownpowr.com\/wp-content\/uploads\/2022\/11\/huts-1.jpeg",600,540,false],"author_info":[],"comment_info":"","_links":{"self":[{"href":"https:\/\/ownpowr.com\/hu\/wp-json\/wp\/v2\/product\/431","targetHints":{"allow":["GET"]}}],"collection":[{"href":"https:\/\/ownpowr.com\/hu\/wp-json\/wp\/v2\/product"}],"about":[{"href":"https:\/\/ownpowr.com\/hu\/wp-json\/wp\/v2\/types\/product"}],"wp:featuredmedia":[{"embeddable":true,"href":"https:\/\/ownpowr.com\/hu\/wp-json\/wp\/v2\/media\/432"}],"wp:attachment":[{"href":"https:\/\/ownpowr.com\/hu\/wp-json\/wp\/v2\/media?parent=431"}],"wp:term":[{"taxonomy":"product_cat","embeddable":true,"href":"https:\/\/ownpowr.com\/hu\/wp-json\/wp\/v2\/product_cat?post=431"},{"taxonomy":"product_tag","embeddable":true,"href":"https:\/\/ownpowr.com\/hu\/wp-json\/wp\/v2\/product_tag?post=431"}],"curies":[{"name":"wp","href":"https:\/\/api.w.org\/{rel}","templated":true}]}}