{"id":441,"date":"2022-11-11T10:09:58","date_gmt":"2022-11-11T08:09:58","guid":{"rendered":"https:\/\/ownpowr.com\/product\/solax-triple-power-battery-t30\/"},"modified":"2025-07-21T08:10:39","modified_gmt":"2025-07-21T06:10:39","slug":"solax-triple-power-battery-t30","status":"publish","type":"product","link":"https:\/\/ownpowr.com\/hu\/product\/solax-tripla-teljesitmenyu-akkumulator-t30\/","title":{"rendered":"SolaX Power Triple Power 3.0 3kWh SolarStorage 3.0 3kWh SolarStorage"},"content":{"rendered":"<p>Az Solax tripla teljes\u00edtm\u00e9ny\u0171 T30 3,0 kWh V2 akkumul\u00e1tor csak az akkumul\u00e1tor, akkumul\u00e1tor-kezel\u0151 rendszer n\u00e9lk\u00fcl.<\/p>\n<p>Inform\u00e1ci\u00f3k:<\/p>\n<p>N\u00e9vleges kapacit\u00e1s (kWh): 3.1<br \/>\nHasznos energia (kWh): 2.79<br \/>\nMax. Teljes\u00edtm\u00e9ny (kW): 3.1<br \/>\nFesz\u00fclts\u00e9g (V): 102.4<br \/>\nMax. T\u00f6lt\u00e9si \u00e1ram (A): 30<br \/>\nMax. Kis\u00fct\u00e9si \u00e1ram (A): 30<\/p>\n<p><a href=\"https:\/\/storeyourownpower.com\/wp-content\/uploads\/2022\/08\/Datasheet-English.pdf\" target=\"_blank\" rel=\"noopener\">Adatlap angol<\/a><br \/>\n<a href=\"https:\/\/storeyourownpower.com\/wp-content\/uploads\/2022\/08\/Datasheet-German.pdf\" target=\"_blank\" rel=\"noopener\">Adatlap n\u00e9met<\/a><br \/>\n<a href=\"https:\/\/storeyourownpower.com\/wp-content\/uploads\/2022\/08\/Mounting-instructions-English.pdf\" target=\"_blank\" rel=\"noopener\">\u00d6sszeszerel\u00e9si \u00fatmutat\u00f3 angol<\/a><br \/>\n<a href=\"https:\/\/storeyourownpower.com\/wp-content\/uploads\/2022\/08\/Mounting-instructions-German.pdf\" target=\"_blank\" rel=\"noopener\">\u00d6sszeszerel\u00e9si \u00fatmutat\u00f3 n\u00e9met<\/a><br \/>\n<a href=\"https:\/\/storeyourownpower.com\/wp-content\/uploads\/2022\/08\/Operations-manual-English.pdf\" target=\"_blank\" rel=\"noopener\">Haszn\u00e1lati \u00fatmutat\u00f3 angol<\/a><br \/>\n<a href=\"https:\/\/storeyourownpower.com\/wp-content\/uploads\/2022\/08\/Operations-manual-German.pdf\" target=\"_blank\" rel=\"noopener\">Haszn\u00e1lati \u00fatmutat\u00f3 n\u00e9met\u00fcl<\/a><br \/>\n<a href=\"https:\/\/storeyourownpower.com\/wp-content\/uploads\/2022\/08\/Warranty-terms-English.pdf\" target=\"_blank\" rel=\"noopener\">J\u00f3t\u00e1ll\u00e1si felt\u00e9telek angol<\/a><\/p>","protected":false},"excerpt":{"rendered":"<p>Az Solax tripla teljes\u00edtm\u00e9ny\u0171 T30 3,0 kWh V2 akkumul\u00e1tor csak az akkumul\u00e1tor, akkumul\u00e1tor-kezel\u0151 rendszer n\u00e9lk\u00fcl. Inform\u00e1ci\u00f3k: N\u00e9vleges kapacit\u00e1s (kWh): 3,1 Hasznos teljes\u00edtm\u00e9ny (kWh): 2,79 Max. Teljes\u00edtm\u00e9ny (kW): [...]<\/p>","protected":false},"featured_media":442,"template":"","meta":{"_seopress_robots_primary_cat":"none","_seopress_titles_title":"","_seopress_titles_desc":"","_seopress_robots_index":"","_kad_blocks_custom_css":"","_kad_blocks_head_custom_js":"","_kad_blocks_body_custom_js":"","_kad_blocks_footer_custom_js":""},"product_cat":[17],"product_tag":[],"class_list":{"0":"post-441","1":"product","2":"type-product","3":"status-publish","4":"has-post-thumbnail","6":"product_cat-home-batteries","8":"first","9":"outofstock","10":"sale","11":"taxable","12":"shipping-taxable","13":"purchasable","14":"product-type-simple"},"taxonomy_info":{"product_cat":[{"value":17,"label":"Home batteries"}]},"featured_image_src_large":["https:\/\/ownpowr.com\/wp-content\/uploads\/2022\/11\/huts.jpeg",600,540,false],"author_info":[],"comment_info":"","_links":{"self":[{"href":"https:\/\/ownpowr.com\/hu\/wp-json\/wp\/v2\/product\/441","targetHints":{"allow":["GET"]}}],"collection":[{"href":"https:\/\/ownpowr.com\/hu\/wp-json\/wp\/v2\/product"}],"about":[{"href":"https:\/\/ownpowr.com\/hu\/wp-json\/wp\/v2\/types\/product"}],"wp:featuredmedia":[{"embeddable":true,"href":"https:\/\/ownpowr.com\/hu\/wp-json\/wp\/v2\/media\/442"}],"wp:attachment":[{"href":"https:\/\/ownpowr.com\/hu\/wp-json\/wp\/v2\/media?parent=441"}],"wp:term":[{"taxonomy":"product_cat","embeddable":true,"href":"https:\/\/ownpowr.com\/hu\/wp-json\/wp\/v2\/product_cat?post=441"},{"taxonomy":"product_tag","embeddable":true,"href":"https:\/\/ownpowr.com\/hu\/wp-json\/wp\/v2\/product_tag?post=441"}],"curies":[{"name":"wp","href":"https:\/\/api.w.org\/{rel}","templated":true}]}}