{"id":4519,"date":"2023-11-01T11:34:21","date_gmt":"2023-11-01T09:34:21","guid":{"rendered":"https:\/\/ownpowr.com\/?post_type=product&#038;p=4519"},"modified":"2025-03-20T16:15:10","modified_gmt":"2025-03-20T14:15:10","slug":"deye-gb-lm4-0-battery-module","status":"publish","type":"product","link":"https:\/\/ownpowr.com\/hu\/product\/deye-gb-lm4-0-akkumulator-modul\/","title":{"rendered":"Deye GB-LM4.0 akkumul\u00e1tor modul"},"content":{"rendered":"<p>Az Deye GB-LM4.0 nagyfesz\u00fclts\u00e9g\u0171 akkumul\u00e1tormodul egym\u00e1sra helyezhet\u0151 (l\u00e1sd az adatlapot) a GB-SL \u00e9s a GB-L deye sorozaton.<\/p>\n<p>GB-LM4.0 Akkumul\u00e1tor modul a klaszter nagyfesz\u00fclts\u00e9g\u0171 akkumul\u00e1torhoz GB-L 4kWh (HV) LiFePO4 | 40ah napelemes akkumul\u00e1torhoz<br \/>\n<strong>Biztons\u00e1g \u00e9s v\u00e9delem<\/strong><br \/>\nBe\u00e9p\u00edtett robban\u00e1skiszell\u0151ztet\u0151 berendez\u00e9s a g\u00e1z ki\u00fcr\u00edt\u00e9s\u00e9hez \u00e9s be\u00e9p\u00edtett t\u0171zv\u00e9delmi berendez\u00e9s a t\u0171zforr\u00e1s 3 m\u00e1sodpercre t\u00f6rt\u00e9n\u0151 le\u00e1ll\u00edt\u00e1s\u00e1hoz<br \/>\n<strong>Nagyfesz\u00fclts\u00e9g\u0171 k\u00f6teg<\/strong><br \/>\nA modulok sorosan, k\u00e1belcsatlakoz\u00e1s n\u00e9lk\u00fcl csatlakoznak egym\u00e1shoz, \u00e9s a nagyfesz\u00fclts\u00e9g\u0171 platform jav\u00edtja a rendszer hat\u00e9konys\u00e1g\u00e1t.<br \/>\n<strong>H\u0151gazd\u00e1lkod\u00e1s<\/strong><br \/>\nA kulcsfontoss\u00e1g\u00fa alkatr\u00e9szek, cell\u00e1k, t\u00e1pcsatlakoz\u00f3k stb. h\u0151m\u00e9rs\u00e9klet\u00e9nek \u00e9rz\u00e9kel\u00e9se.<br \/>\n<strong>Sz\u00e9les h\u0151m\u00e9rs\u00e9kleti tartom\u00e1nyban val\u00f3 m\u0171k\u00f6d\u00e9s<\/strong><br \/>\nA f\u0171t\u00e9si funkci\u00f3 opcion\u00e1lis, hogy megfeleljen az alacsony h\u0151m\u00e9rs\u00e9klet\u0171 \u00e9s nosense alkalmaz\u00e1si forgat\u00f3k\u00f6nyveknek.<br \/>\n<strong>K\u00f6rnyezetbar\u00e1ts\u00e1g<\/strong><br \/>\nIP v\u00e9delmi fokozat 65, korr\u00f3zi\u00f3v\u00e9delmi fokozat \u2265C2, k\u00f6rnyezetv\u00e9delmi elem<br \/>\n<strong>Intelligens \u00e9s vizu\u00e1lis<\/strong><br \/>\nT\u00e1mogatja a t\u00e1voli friss\u00edt\u00e9st, a val\u00f3s idej\u0171 akkumul\u00e1tor figyelmeztet\u0151 inform\u00e1ci\u00f3kat \u00e9s az LCD adatmegjelen\u00edt\u00e9st.<\/p>\n<p>\u00c1ltal\u00e1nos inform\u00e1ci\u00f3k:<\/p>\n<p>Akkumul\u00e1tor t\u00edpusa: Akkumul\u00e1tor t\u00edpusa: LiFePO4 (LFP)<br \/>\nN\u00e9vleges fesz\u00fclts\u00e9g: 102.4Vdc<br \/>\nN\u00e9vleges kapacit\u00e1s: 40Ah<br \/>\nN\u00e9vleges energia: 4.09kWh<br \/>\nMax. T\u00f6lt\u00e9si\/kis\u00fcl\u00e9si \u00e1ram: 40A<br \/>\nCs\u00facst\u00f6lt\u00e9si\/kis\u00fcl\u00e9si \u00e1ram: 50A<br \/>\nT\u00f6lt\u00e9si h\u0151m\u00e9rs\u00e9klet: 0~55\u00b0C<br \/>\nKi\u00fcr\u00edt\u00e9si h\u0151m\u00e9rs\u00e9klet: -20\u00b0C~55\u00b0C<br \/>\nT\u00e1rol\u00e1si h\u0151m\u00e9rs\u00e9klet: \u00b0C~35 \u00b0C<br \/>\nBehatol\u00e1s elleni v\u00e9delem: IP65<br \/>\nM\u00e9ret (Sz\/T\/H): 540*385*220mm<br \/>\nHozz\u00e1vet\u0151leges s\u00faly: 39kg<\/p>\n<p><a href=\"https:\/\/ownpowr.com\/wp-content\/uploads\/2023\/11\/datasheet-gb-sl-eu.pdf\" target=\"_blank\" rel=\"noopener\">Adatlap GB-SL-EU<\/a><\/p>\n<p>&nbsp;<\/p>","protected":false},"excerpt":{"rendered":"<p>Az Deye GB-LM4.0 nagyfesz\u00fclts\u00e9g\u0171 akkumul\u00e1tormodul egym\u00e1sra helyezhet\u0151 (l\u00e1sd az adatlapot) a GB-SL \u00e9s a GB-L deye sorozaton. GB-LM4.0 Akkumul\u00e1tormodul a GB-L 4kWh (HV) LiFePO4 f\u00fcrt\u00f6s nagyfesz\u00fclts\u00e9g\u0171 akkumul\u00e1torhoz [...]<\/p>","protected":false},"featured_media":4528,"template":"","meta":{"_seopress_robots_primary_cat":"none","_seopress_titles_title":"Deye GB-LM4.0 High Voltage, Stackable LiFePO4 Battery Module","_seopress_titles_desc":"Discover the stackable high-voltage GB-LM4.0 battery module by Deye featuring LiFePO4(LFP) type, 102.4Vdc voltage, 40Ah capacity, and 4.09kWh energy.","_seopress_robots_index":"","_kad_blocks_custom_css":"","_kad_blocks_head_custom_js":"","_kad_blocks_body_custom_js":"","_kad_blocks_footer_custom_js":""},"product_cat":[17],"product_tag":[],"class_list":{"0":"post-4519","1":"product","2":"type-product","3":"status-publish","4":"has-post-thumbnail","6":"product_cat-home-batteries","8":"first","9":"instock","10":"sale","11":"taxable","12":"shipping-taxable","13":"purchasable","14":"product-type-simple"},"taxonomy_info":{"product_cat":[{"value":17,"label":"Home batteries"}]},"featured_image_src_large":["https:\/\/ownpowr.com\/wp-content\/uploads\/2023\/11\/gb-lm4.0.jpg",550,322,false],"author_info":[],"comment_info":"","_links":{"self":[{"href":"https:\/\/ownpowr.com\/hu\/wp-json\/wp\/v2\/product\/4519","targetHints":{"allow":["GET"]}}],"collection":[{"href":"https:\/\/ownpowr.com\/hu\/wp-json\/wp\/v2\/product"}],"about":[{"href":"https:\/\/ownpowr.com\/hu\/wp-json\/wp\/v2\/types\/product"}],"wp:featuredmedia":[{"embeddable":true,"href":"https:\/\/ownpowr.com\/hu\/wp-json\/wp\/v2\/media\/4528"}],"wp:attachment":[{"href":"https:\/\/ownpowr.com\/hu\/wp-json\/wp\/v2\/media?parent=4519"}],"wp:term":[{"taxonomy":"product_cat","embeddable":true,"href":"https:\/\/ownpowr.com\/hu\/wp-json\/wp\/v2\/product_cat?post=4519"},{"taxonomy":"product_tag","embeddable":true,"href":"https:\/\/ownpowr.com\/hu\/wp-json\/wp\/v2\/product_tag?post=4519"}],"curies":[{"name":"wp","href":"https:\/\/api.w.org\/{rel}","templated":true}]}}