{"id":4584,"date":"2023-11-01T15:23:32","date_gmt":"2023-11-01T13:23:32","guid":{"rendered":"https:\/\/ownpowr.com\/?post_type=product&#038;p=4584"},"modified":"2025-02-27T11:22:21","modified_gmt":"2025-02-27T09:22:21","slug":"deye-gb-l-12-24kwh","status":"publish","type":"product","link":"https:\/\/ownpowr.com\/hu\/product\/deye-gb-l-12-24kwh\/","title":{"rendered":"Deye GB-L-12.24kWh"},"content":{"rendered":"<p>Az Deye GB-L-12,24 kWh egy otthoni akkumul\u00e1tor a nagyfesz\u00fclts\u00e9g\u0171 GB-L deye sorozatb\u00f3l.<\/p>\n<p>A k\u00e9szlet a k\u00f6vetkez\u0151ket tartalmazza:<br \/>\n3x GB-LM4.0<br \/>\n1x GB-LBS<br \/>\n1x GB-LBase<\/p>\n<p>GB-LM12.0 Akkumul\u00e1tormodul a klaszter nagyfesz\u00fclts\u00e9g\u0171 akkumul\u00e1tor\u00e1hoz GB-L 4kWh (HV) LiFePO4 | 40ah napelem akkumul\u00e1torhoz<br \/>\n<strong>Biztons\u00e1g \u00e9s v\u00e9delem<\/strong><br \/>\nBe\u00e9p\u00edtett robban\u00e1skiszell\u0151ztet\u0151 berendez\u00e9s a g\u00e1z ki\u00fcr\u00edt\u00e9s\u00e9hez \u00e9s be\u00e9p\u00edtett t\u0171zv\u00e9delmi berendez\u00e9s a t\u0171zforr\u00e1s 3 m\u00e1sodpercre t\u00f6rt\u00e9n\u0151 le\u00e1ll\u00edt\u00e1s\u00e1hoz<br \/>\n<strong>Nagyfesz\u00fclts\u00e9g\u0171 k\u00f6teg<\/strong><br \/>\nA modulok sorosan, k\u00e1belcsatlakoz\u00e1s n\u00e9lk\u00fcl csatlakoznak egym\u00e1shoz, \u00e9s a nagyfesz\u00fclts\u00e9g\u0171 platform jav\u00edtja a rendszer hat\u00e9konys\u00e1g\u00e1t.<br \/>\n<strong>H\u0151gazd\u00e1lkod\u00e1s<\/strong><br \/>\nA kulcsfontoss\u00e1g\u00fa alkatr\u00e9szek, cell\u00e1k, t\u00e1pcsatlakoz\u00f3k stb. h\u0151m\u00e9rs\u00e9klet\u00e9nek \u00e9rz\u00e9kel\u00e9se.<br \/>\n<strong>Sz\u00e9les h\u0151m\u00e9rs\u00e9kleti tartom\u00e1nyban val\u00f3 m\u0171k\u00f6d\u00e9s<\/strong><br \/>\nA f\u0171t\u00e9si funkci\u00f3 opcion\u00e1lis, hogy megfeleljen az alacsony h\u0151m\u00e9rs\u00e9klet\u0171 \u00e9s nosense alkalmaz\u00e1si forgat\u00f3k\u00f6nyveknek.<br \/>\n<strong>K\u00f6rnyezetbar\u00e1ts\u00e1g<\/strong><br \/>\nIP v\u00e9delmi fokozat 65, korr\u00f3zi\u00f3v\u00e9delmi fokozat \u2265C2, k\u00f6rnyezetv\u00e9delmi elem<br \/>\n<strong>Intelligens \u00e9s vizu\u00e1lis<\/strong><br \/>\nT\u00e1mogatja a t\u00e1voli friss\u00edt\u00e9st, a val\u00f3s idej\u0171 akkumul\u00e1tor figyelmeztet\u0151 inform\u00e1ci\u00f3kat \u00e9s az LCD adatmegjelen\u00edt\u00e9st.<\/p>\n<p>&nbsp;<\/p>\n<p><a href=\"https:\/\/ownpowr.com\/wp-content\/uploads\/2023\/11\/gb-l-v1.3.pdf\" target=\"_blank\" rel=\"noopener\">GB-L-V1.3<\/a><\/p>","protected":false},"excerpt":{"rendered":"<p>Az Deye GB-L-12,24 kWh egy otthoni akkumul\u00e1tor a nagyfesz\u00fclts\u00e9g\u0171 GB-L deye sorozatb\u00f3l. A k\u00e9szlet a k\u00f6vetkez\u0151ket tartalmazza: Az akkumul\u00e1tor modulja: 3x GB-LM4.0 1x GB-LBS 1x GB-LBase GB-LM12.0 Akkumul\u00e1tormodul [...]<\/p>","protected":false},"featured_media":4587,"template":"","meta":{"_seopress_robots_primary_cat":"none","_seopress_titles_title":"Deye GB-L-12.24 kWh: High-Efficiency Home Battery System","_seopress_titles_desc":"Experience high-efficiency with the Deye GB-L-12.24 kWh home battery. Featuring built-in safety measures, thermal management, and eco-friendly design. Supports remote upgrades.","_seopress_robots_index":"","_kad_blocks_custom_css":"","_kad_blocks_head_custom_js":"","_kad_blocks_body_custom_js":"","_kad_blocks_footer_custom_js":""},"product_cat":[17],"product_tag":[],"class_list":{"0":"post-4584","1":"product","2":"type-product","3":"status-publish","4":"has-post-thumbnail","6":"product_cat-home-batteries","8":"first","9":"instock","10":"sale","11":"taxable","12":"shipping-taxable","13":"purchasable","14":"product-type-simple"},"taxonomy_info":{"product_cat":[{"value":17,"label":"Home batteries"}]},"featured_image_src_large":["https:\/\/ownpowr.com\/wp-content\/uploads\/2023\/11\/gb-l-12.24.jpg",1000,1000,false],"author_info":[],"comment_info":"","_links":{"self":[{"href":"https:\/\/ownpowr.com\/hu\/wp-json\/wp\/v2\/product\/4584","targetHints":{"allow":["GET"]}}],"collection":[{"href":"https:\/\/ownpowr.com\/hu\/wp-json\/wp\/v2\/product"}],"about":[{"href":"https:\/\/ownpowr.com\/hu\/wp-json\/wp\/v2\/types\/product"}],"wp:featuredmedia":[{"embeddable":true,"href":"https:\/\/ownpowr.com\/hu\/wp-json\/wp\/v2\/media\/4587"}],"wp:attachment":[{"href":"https:\/\/ownpowr.com\/hu\/wp-json\/wp\/v2\/media?parent=4584"}],"wp:term":[{"taxonomy":"product_cat","embeddable":true,"href":"https:\/\/ownpowr.com\/hu\/wp-json\/wp\/v2\/product_cat?post=4584"},{"taxonomy":"product_tag","embeddable":true,"href":"https:\/\/ownpowr.com\/hu\/wp-json\/wp\/v2\/product_tag?post=4584"}],"curies":[{"name":"wp","href":"https:\/\/api.w.org\/{rel}","templated":true}]}}