{"id":4635,"date":"2023-11-01T16:57:06","date_gmt":"2023-11-01T14:57:06","guid":{"rendered":"https:\/\/ownpowr.com\/?post_type=product&#038;p=4635"},"modified":"2025-02-27T10:38:40","modified_gmt":"2025-02-27T08:38:40","slug":"deye-3u-lrack-system","status":"publish","type":"product","link":"https:\/\/ownpowr.com\/hu\/product\/deye-3u-lrack-rendszer\/","title":{"rendered":"Deye 3U-LRack rendszer"},"content":{"rendered":"<p>Az Deye 3U-LRack egy szabv\u00e1nyos 19 h\u00fcvelykes rack, 8 db akkumul\u00e1tort \u00e9s 1 db nagyfesz\u00fclts\u00e9g\u0171 akkumul\u00e1tor-klaszter vez\u00e9rl\u0151dobozt tud telep\u00edteni.<\/p>\n<p><a href=\"https:\/\/storeyourownpower.com\/wp-content\/uploads\/2023\/04\/BOS-G-V1.4.pdf\" target=\"_blank\" rel=\"noopener\">Adatlap BOS-G-V1.4<\/a><\/p>","protected":false},"excerpt":{"rendered":"<p>Az Deye 3U-LRack egy szabv\u00e1nyos 19 h\u00fcvelykes rack, 8 db akkumul\u00e1tort \u00e9s 1 db nagyfesz\u00fclts\u00e9g\u0171 akkumul\u00e1tor-klaszter vez\u00e9rl\u0151dobozt tud telep\u00edteni. Adatlap BOS-G-V1.4<\/p>","protected":false},"featured_media":4624,"template":"","meta":{"_seopress_robots_primary_cat":"none","_seopress_titles_title":"Enhance Power Management with Deye 3U-LRack Battery Cluster","_seopress_titles_desc":"Maximize storage with the 19inch Deye 3U-LRack. Install up to 8 batteries and 1 High Voltage Battery cluster control box.","_seopress_robots_index":"","_kad_blocks_custom_css":"","_kad_blocks_head_custom_js":"","_kad_blocks_body_custom_js":"","_kad_blocks_footer_custom_js":""},"product_cat":[33,17],"product_tag":[],"class_list":{"0":"post-4635","1":"product","2":"type-product","3":"status-publish","4":"has-post-thumbnail","6":"product_cat-accessories","7":"product_cat-home-batteries","9":"first","10":"instock","11":"taxable","12":"shipping-taxable","13":"purchasable","14":"product-type-simple"},"taxonomy_info":{"product_cat":[{"value":33,"label":"Accessories"},{"value":17,"label":"Home batteries"}]},"featured_image_src_large":["https:\/\/ownpowr.com\/wp-content\/uploads\/2023\/11\/deye-3u-lrack.jpeg",259,195,false],"author_info":[],"comment_info":"","_links":{"self":[{"href":"https:\/\/ownpowr.com\/hu\/wp-json\/wp\/v2\/product\/4635","targetHints":{"allow":["GET"]}}],"collection":[{"href":"https:\/\/ownpowr.com\/hu\/wp-json\/wp\/v2\/product"}],"about":[{"href":"https:\/\/ownpowr.com\/hu\/wp-json\/wp\/v2\/types\/product"}],"wp:featuredmedia":[{"embeddable":true,"href":"https:\/\/ownpowr.com\/hu\/wp-json\/wp\/v2\/media\/4624"}],"wp:attachment":[{"href":"https:\/\/ownpowr.com\/hu\/wp-json\/wp\/v2\/media?parent=4635"}],"wp:term":[{"taxonomy":"product_cat","embeddable":true,"href":"https:\/\/ownpowr.com\/hu\/wp-json\/wp\/v2\/product_cat?post=4635"},{"taxonomy":"product_tag","embeddable":true,"href":"https:\/\/ownpowr.com\/hu\/wp-json\/wp\/v2\/product_tag?post=4635"}],"curies":[{"name":"wp","href":"https:\/\/api.w.org\/{rel}","templated":true}]}}