{"id":4749,"date":"2023-12-15T10:25:25","date_gmt":"2023-12-15T08:25:25","guid":{"rendered":"https:\/\/ownpowr.com\/?post_type=product&#038;p=4749"},"modified":"2024-10-16T15:40:57","modified_gmt":"2024-10-16T13:40:57","slug":"deye-gb-sl-12k-hybrid-inverter-and-16-36kwh-gb-lm4-0-battery-module","status":"publish","type":"product","link":"https:\/\/ownpowr.com\/hu\/product\/deye-gb-sl-12k-hibrid-inverter-es-16-36kwh-gb-lm4-0-akkumulatormodul\/","title":{"rendered":"Deye GB-SL 12K hibrid inverter+16,36 kWh GB-LM4.0 akkumul\u00e1tor modul"},"content":{"rendered":"<p>Az Deye GB-SL 12K hibrid inverter \u00e9s a 16,63 GB-LM4.0 akkumul\u00e1tor modul egy komplett k\u00e9szlet.<\/p>\n<p>A k\u00e9szlet tartalmazza:<br \/>\n1 x GB-S12K<br \/>\n4 x GB-LM4.0<br \/>\n1 x GB-LB<br \/>\n1 x GB-LBase<\/p>\n<p>GB-SL(HV)<br \/>\nALL IN ONE<br \/>\nIntegr\u00e1lt kialak\u00edt\u00e1s, gy\u00f6ny\u00f6r\u0171 megjelen\u00e9s \u00e9s jelenet-integr\u00e1ci\u00f3<br \/>\nMaxim\u00e1lis kimenet :100% szimmetrikus kimenet, f\u00e1zisonk\u00e9nt; Max. kimenet 50% n\u00e9vleges teljes\u00edtm\u00e9nyig<br \/>\nMaxim\u00e1lis csatlakoz\u00e1s :Max. 10db p\u00e1rhuzamos h\u00e1l\u00f3zati \u00e9s h\u00e1l\u00f3zaton k\u00edv\u00fcli m\u0171k\u00f6d\u00e9shez<br \/>\nTov\u00e1bbi t\u00e1mogat\u00e1s: T\u00e1mogat\u00e1s a d\u00edzelgener\u00e1torb\u00f3l sz\u00e1rmaz\u00f3 energia t\u00e1rol\u00e1s\u00e1ra<br \/>\nNagyfesz\u00fclts\u00e9g\u0171 halom: A modulok sorba vannak k\u00f6tve k\u00e1belcsatlakoz\u00e1s n\u00e9lk\u00fcl, \u00e9s a nagyfesz\u00fclts\u00e9g\u0171 platform jav\u00edtja a rendszer hat\u00e9konys\u00e1g\u00e1t.<br \/>\nH\u0151gazd\u00e1lkod\u00e1s: A kulcsfontoss\u00e1g\u00fa alkatr\u00e9szek, a cella, a t\u00e1pegys\u00e9g stb. h\u0151m\u00e9rs\u00e9klet\u00e9nek \u00e9rz\u00e9kel\u00e9se<br \/>\nSz\u00e9les h\u0151m\u00e9rs\u00e9klet\u0171 m\u0171k\u00f6d\u00e9s: A f\u0171t\u00e9si funkci\u00f3 opcion\u00e1lis, hogy megfeleljen az alacsony h\u0151m\u00e9rs\u00e9klet\u0171 \u00e9s \u00e9rz\u00e9ketlen alkalmaz\u00e1si forgat\u00f3k\u00f6nyveknek.<\/p>\n<p><a href=\"https:\/\/ownpowr.com\/wp-content\/uploads\/2023\/11\/datasheet-gb-sl-eu.pdf\" target=\"_blank\" rel=\"noopener\">Adatlap GB-SL-EU<\/a><\/p>","protected":false},"excerpt":{"rendered":"<p>Az Deye GB-SL 12K hibrid inverter \u00e9s a 16,63 GB-LM4.0 akkumul\u00e1tor modul egy komplett k\u00e9szlet. A k\u00e9szlet a k\u00f6vetkez\u0151ket tartalmazza: 1 x GB-S12K 4 x GB-LM4.0 1 x GB-LB 1 x [...]<\/p>","protected":false},"featured_media":4752,"template":"","meta":{"_seopress_robots_primary_cat":"none","_seopress_titles_title":"Deye GB-SL 12K Hybrid Inverter and 16.36 kWh GB-LM4.0 Battery","_seopress_titles_desc":"Get an all-in-one energy solution with our Deye GB-SL 12K hybrid inverter and 16.63 GB-LM4.0 battery module set, offering 100% unbalanced output and support for diesel generator energy storage.","_seopress_robots_index":"","_kad_blocks_custom_css":"","_kad_blocks_head_custom_js":"","_kad_blocks_body_custom_js":"","_kad_blocks_footer_custom_js":""},"product_cat":[17,19],"product_tag":[],"class_list":{"0":"post-4749","1":"product","2":"type-product","3":"status-publish","4":"has-post-thumbnail","6":"product_cat-home-batteries","7":"product_cat-sets-with-inverters","9":"first","10":"instock","11":"sale","12":"taxable","13":"shipping-taxable","14":"purchasable","15":"product-type-simple"},"taxonomy_info":{"product_cat":[{"value":17,"label":"Home batteries"},{"value":19,"label":"Sets with inverters"}]},"featured_image_src_large":["https:\/\/ownpowr.com\/wp-content\/uploads\/2023\/11\/deye-gb-sl-16.36.jpeg",300,300,false],"author_info":[],"comment_info":"","_links":{"self":[{"href":"https:\/\/ownpowr.com\/hu\/wp-json\/wp\/v2\/product\/4749","targetHints":{"allow":["GET"]}}],"collection":[{"href":"https:\/\/ownpowr.com\/hu\/wp-json\/wp\/v2\/product"}],"about":[{"href":"https:\/\/ownpowr.com\/hu\/wp-json\/wp\/v2\/types\/product"}],"wp:featuredmedia":[{"embeddable":true,"href":"https:\/\/ownpowr.com\/hu\/wp-json\/wp\/v2\/media\/4752"}],"wp:attachment":[{"href":"https:\/\/ownpowr.com\/hu\/wp-json\/wp\/v2\/media?parent=4749"}],"wp:term":[{"taxonomy":"product_cat","embeddable":true,"href":"https:\/\/ownpowr.com\/hu\/wp-json\/wp\/v2\/product_cat?post=4749"},{"taxonomy":"product_tag","embeddable":true,"href":"https:\/\/ownpowr.com\/hu\/wp-json\/wp\/v2\/product_tag?post=4749"}],"curies":[{"name":"wp","href":"https:\/\/api.w.org\/{rel}","templated":true}]}}